{"id":5604,"date":"2022-12-01T08:08:06","date_gmt":"2022-12-01T08:08:06","guid":{"rendered":"http:\/\/1139313165.test.prositehosting.co.uk\/terms-of-use\/"},"modified":"2022-12-23T10:10:10","modified_gmt":"2022-12-23T10:10:10","slug":"terms-of-use","status":"publish","type":"page","link":"https:\/\/www.nhsgp.net\/pt-br\/terms-of-use\/","title":{"rendered":"Termos de uso"},"content":{"rendered":"<div class=\"vce-row-container\" data-vce-boxed-width=\"true\"><div class=\"vce-row vce-row--col-gap-30 page-section vce-row-equal-height vce-row-content--top\" id=\"el-e60b6cf1\" data-vce-do-apply=\"all el-e60b6cf1\"><div class=\"vce-row-content\" data-vce-element-content=\"true\"><div class=\"vce-col vce-col--md-auto vce-col--xs-1 vce-col--xs-last vce-col--xs-first vce-col--sm-last vce-col--sm-first vce-col--md-last vce-col--lg-last vce-col--xl-last vce-col--md-first vce-col--lg-first vce-col--xl-first\" id=\"el-ce9b422c\"><div class=\"vce-col-inner\" data-vce-do-apply=\"border margin background  el-ce9b422c\"><div class=\"vce-col-content\" data-vce-element-content=\"true\" data-vce-do-apply=\"padding el-ce9b422c\"><div class=\"vce-raw-html\"><div class=\"vce-raw-html-wrapper\" id=\"el-56b05bf3\" data-vce-do-apply=\"all el-56b05bf3\"><h1 style=\"text-align: center;\">Termos de uso<\/h1>\n<div class=\"space\"><\/div>\n<div class=\"space\"><\/div><\/div><\/div><div class=\"vce-raw-html\"><div class=\"vce-raw-html-wrapper\" id=\"el-a0efa1fe\" data-vce-do-apply=\"all el-a0efa1fe\"><h2>1. Introdu\u00e7\u00e3o<\/h2>\n<p><strong>1.1<\/strong> Este site (\u201c<strong>nosso Site<\/strong>\u201d) promove os neg\u00f3cios mencionados nele. Nesses\ncondi\u00e7\u00f5es, a empresa ser\u00e1 referida como 'n\u00f3s' e\/ou 'nosso'.<\/p>\n\n<p><strong>1.2<\/strong> O uso de nosso Site est\u00e1 de acordo com os seguintes termos (os \u201c<strong>Termos de Uso<\/strong>\u201d). Se voc\u00ea n\u00e3o\nconcorda com estes Termos de Uso, pare de usar nosso Site imediatamente. Ao acessar e usar nosso Site, voc\u00ea est\u00e1 indicando\nsua aceita\u00e7\u00e3o em estar vinculado a estes Termos de Uso. Eles s\u00e3o um acordo legal entre voc\u00ea e n\u00f3s e s\u00f3 podem ser alterados\ncom o nosso consentimento. Eles devem ser lidos em conjunto com quaisquer detalhes fornecidos em nosso Site sobre como nosso Site opera\ne os servi\u00e7os que est\u00e3o dispon\u00edveis, incluindo nossa Pol\u00edtica de privacidade e privacidade. Pol\u00edtica de Cookies e Termos de Negocia\u00e7\u00e3o (se aplic\u00e1vel).<\/p>\n\n<p><strong>1.3<\/strong> Reservamos o direito de alterar estes Termos de Uso de tempos em tempos sem aviso pr\u00e9vio por\nalterando-os em nosso Site.<\/p>\n<div class=\"space\"><\/div>\n<h2>2. Acessando nosso Site<\/h2>\n<p><strong>2.1<\/strong> N\u00e3o podemos garantir que nosso Site funcionar\u00e1 continuamente ou sem interrup\u00e7\u00f5es ou ser\u00e1\nlivre de erros. Voc\u00ea n\u00e3o deve tentar interferir no bom funcionamento do nosso Site e, em particular, n\u00e3o deve\ntentar burlar a seguran\u00e7a, adulterar, invadir ou interromper nosso Site ou qualquer sistema de computador, servidor,\nroteador ou qualquer outro dispositivo conectado \u00e0 Internet.<\/p>\n\n<p><strong>2.2<\/strong> Voc\u00ea \u00e9 respons\u00e1vel por garantir que seu sistema de computador atenda a todos os requisitos t\u00e9cnicos relevantes\nespecifica\u00e7\u00f5es necess\u00e1rias para usar nosso Site e \u00e9 compat\u00edvel com nosso Site. Voc\u00ea tamb\u00e9m entende que n\u00e3o podemos e n\u00e3o\ngarantir ou garantir que qualquer conte\u00fado em nosso Site estar\u00e1 livre de infec\u00e7\u00e3o, v\u00edrus e\/ou outro c\u00f3digo que tenha\npropriedades contaminantes ou destrutivas. Voc\u00ea \u00e9 respons\u00e1vel por implementar procedimentos suficientes e verifica\u00e7\u00f5es de v\u00edrus\n(incluindo antiv\u00edrus e outras verifica\u00e7\u00f5es de seguran\u00e7a) para satisfazer seus requisitos espec\u00edficos de seguran\u00e7a e confiabilidade\nde entrada e sa\u00edda de dados.<\/p>\n\n<p><strong>2.3<\/strong> De tempos em tempos, podemos restringir o acesso a determinados recursos ou partes de nosso Site, ou todo o nosso\nSite, para usu\u00e1rios que se registraram conosco. Se voc\u00ea escolher ou receber um c\u00f3digo de identifica\u00e7\u00e3o do usu\u00e1rio,\nsenha ou qualquer outra informa\u00e7\u00e3o como parte de nossos procedimentos de seguran\u00e7a, voc\u00ea deve tratar tais informa\u00e7\u00f5es como\nconfidenciais e voc\u00ea n\u00e3o deve divulg\u00e1-los a terceiros. Temos o direito de desabilitar qualquer c\u00f3digo de identifica\u00e7\u00e3o do usu\u00e1rio\nou senha, escolhida por voc\u00ea ou alocada por n\u00f3s, a qualquer momento, se em nossa opini\u00e3o voc\u00ea n\u00e3o cumpriu qualquer\ndas disposi\u00e7\u00f5es destes Termos de Uso.<\/p>\n\n<p><strong>2.4<\/strong> Reservamos o direito, a nosso crit\u00e9rio, de retirar, suspender ou modificar nosso Site ou determinados\nrecursos ou partes de nosso Site com ou sem aviso a voc\u00ea, quando tivermos motivos para faz\u00ea-lo. Tamb\u00e9m pode haver momentos em que\nnosso Site ou certos recursos ou partes de nosso Site ficam indispon\u00edveis, seja de forma programada ou n\u00e3o programada. Voc\u00eas\nconcorda que n\u00e3o seremos respons\u00e1veis \u200b\u200bperante voc\u00ea ou terceiros por qualquer retirada, modifica\u00e7\u00e3o, indisponibilidade,\nsuspens\u00e3o ou descontinua\u00e7\u00e3o de nosso Site ou de qualquer servi\u00e7o dispon\u00edvel em nosso Site ou por meio dele.<\/p>\n<div class=\"space\"><\/div>\n<h2>3. Usando nosso Site<\/h2>\n<p><strong>3.1<\/strong> Voc\u00ea deve usar nosso Site e as informa\u00e7\u00f5es dispon\u00edveis em nosso Site de forma respons\u00e1vel. Nenhuma dessas informa\u00e7\u00f5es\npode ser usado para ou em conex\u00e3o com qualquer prop\u00f3sito ilegal, imoral ou anti-social, ou de uma maneira que seja ou possa ser\nprejudicial ao nosso nome ou reputa\u00e7\u00e3o.<\/p>\n\n<strong>3.2<\/strong> Voc\u00ea n\u00e3o pode usar nosso Site:\n<ol type=\"a\">\n<li>para qualquer finalidade ilegal;<\/li>\n<li>para enviar spam;<\/li>\n<li>para prejudicar, amea\u00e7ar, abusar ou assediar outra pessoa, ou de uma forma que invada a privacidade de algu\u00e9m ou seja (em nosso\nopini\u00e3o razo\u00e1vel) ofensivo ou inaceit\u00e1vel ou prejudicial para n\u00f3s, nossos clientes ou fornecedores;<\/li>\n<li>para criar, verificar, confirmar, atualizar ou alterar seus pr\u00f3prios bancos de dados, registros, diret\u00f3rios, clientes\nlistas, mailing ou listas de prospec\u00e7\u00e3o;<\/li>\n<li>para adulterar, atualizar ou alterar qualquer parte do nosso Site;<\/li>\n<li>de uma forma que afete como ele \u00e9 executado;<\/li>\n<li>de uma forma que imponha uma carga irracional ou desproporcionalmente grande sobre n\u00f3s ou sobre as comunica\u00e7\u00f5es de nossos fornecedores\ne sistemas t\u00e9cnicos conforme determinado por n\u00f3s; ou<\/li>\n<li>usar qualquer meio automatizado para monitorar ou copiar nosso Site ou seu conte\u00fado, ou para interferir ou tentar\ninterferir no funcionamento do nosso Site.<\/li>\n<\/ol>\n<div class=\"space\"><\/div>\n<h2>4. Direitos de propriedade intelectual<\/h2>\n<p><strong>4.1 <\/strong> Todo o conte\u00fado do nosso Site, incluindo, entre outros, texto, software, fotografias e gr\u00e1ficos \u00e9\nprotegido por direitos autorais. N\u00f3s, ou nossos licenciadores, possu\u00edmos direitos autorais e\/ou direitos de banco de dados na sele\u00e7\u00e3o, coordena\u00e7\u00e3o,\narranjo e aprimoramento de tal conte\u00fado, bem como no conte\u00fado original. Exceto conforme expressamente estabelecido nestes\nTermos de Uso, nada nestes Termos de Uso lhe dar\u00e1 quaisquer direitos em rela\u00e7\u00e3o a qualquer propriedade intelectual de propriedade de\nn\u00f3s ou nossos licenciadores. Voc\u00ea n\u00e3o deve reivindicar ou tentar obter tais direitos e n\u00e3o deve usar, copiar, reproduzir,\nmodificar, publicar, transmitir, participar na transfer\u00eancia ou venda, criar trabalhos derivados ou de qualquer forma explorar,\nnosso nome, marcas registradas, logotipos ou outras marcas propriet\u00e1rias, ou qualquer conte\u00fado de nosso Site, no todo ou em parte, exceto\nconforme disposto nestes Termos de Uso.<\/p>\n<div class=\"space\"><\/div>\n<h2>5. Se voc\u00ea fornecer conte\u00fado para nosso Site<\/h2>\n<p><strong>5.1 <\/strong>Se voc\u00ea fornecer qualquer material ao nosso Site (por exemplo, fornecendo avalia\u00e7\u00f5es e cr\u00edticas, coment\u00e1rios,\nartigos ou fazer upload de qualquer outro conte\u00fado em qualquer formato (incluindo v\u00eddeo) (cada \u201c<strong>Conte\u00fado do usu\u00e1rio<\/strong>\u201d) voc\u00ea concorda\npara nos conceder permiss\u00e3o, de forma irrevog\u00e1vel e gratuita, para usar o Conte\u00fado do Usu\u00e1rio (incluindo adapt\u00e1-lo para fins operacionais\nou raz\u00f5es editoriais) em qualquer m\u00eddia em todo o mundo, para nossas pr\u00f3prias atividades de marketing, pesquisa e promo\u00e7\u00e3o e nosso\nprop\u00f3sitos comerciais internos que podem incluir o fornecimento do Conte\u00fado do Usu\u00e1rio a parceiros terceirizados selecionados, servi\u00e7os\nprovedores, m\u00eddias sociais e sites de relacionamento.<\/p>\n\n<p><strong>5.2 <\/strong>Voc\u00ea \u00e9 o propriet\u00e1rio do seu Conte\u00fado do Usu\u00e1rio em todos os momentos e continua a ter o direito de us\u00e1-lo da maneira que desejar\nescolha.<\/p>\n\n<p><strong>5.3 <\/strong>Ao fornecer qualquer Conte\u00fado do Usu\u00e1rio ao nosso Site, voc\u00ea confirma que tal Conte\u00fado do Usu\u00e1rio:<\/p>\n<ol type=\"a\">\n<li>\u00e9 seu pr\u00f3prio trabalho original ou voc\u00ea est\u00e1 autorizado a fornec\u00ea-lo ao nosso Site e que voc\u00ea tem o direito de nos fornecer\npermiss\u00e3o para us\u00e1-lo para os fins estabelecidos nestes Termos de Uso;<\/li>\n<li>n\u00e3o conter\u00e1 ou promover\u00e1 nada ilegal, prejudicial, enganoso, abusivo, difamat\u00f3rio (ou seja, n\u00e3o\nprejudicar a boa reputa\u00e7\u00e3o de algu\u00e9m) ou qualquer outra coisa que possa causar ofensa generalizada ou trazer a n\u00f3s ou aos nossos\nparceiros de neg\u00f3cios em descr\u00e9dito;<\/li>\n<li>n\u00e3o retira nem afeta os direitos de privacidade, direitos contratuais ou quaisquer outros direitos de qualquer outra pessoa;<\/li>\n<li>n\u00e3o cont\u00e9m nenhum v\u00edrus ou outro c\u00f3digo que possa danificar, interferir ou afetar adversamente o\nopera\u00e7\u00e3o do nosso Site;<\/li>\n<li>ir\u00e1, se usado para promover seu pr\u00f3prio neg\u00f3cio ou servi\u00e7os, declarar clara e abertamente sua associa\u00e7\u00e3o com o\ndeterminado neg\u00f3cio expressamente; e<\/li>\n<li>n\u00e3o conter\u00e1 nenhuma forma de envio em massa ou spam.<\/li>\n<\/ol>\n<p><strong>5.4 <\/strong>Se voc\u00ea n\u00e3o deseja nos conceder as permiss\u00f5es definidas acima, n\u00e3o forne\u00e7a nenhum material para\nnosso Site.<\/p>\n\n<p><strong>5.5 <\/strong>N\u00e3o temos obriga\u00e7\u00e3o de publicar seu Conte\u00fado de usu\u00e1rio em nosso Site e nos reservamos o direito de remover\nqualquer Conte\u00fado do Usu\u00e1rio a qualquer momento e por qualquer motivo.<\/p>\n\n<p><strong>5.6 <\/strong>N\u00e3o editamos, examinamos ou revisamos nenhum Conte\u00fado do Usu\u00e1rio exibido em nosso Site. Se voc\u00ea acredita que algum\nO Conte\u00fado do Usu\u00e1rio n\u00e3o cumpre os requisitos estabelecidos neste par\u00e1grafo, por favor, avise-nos imediatamente. N\u00f3s iremos ent\u00e3o\nrevisar o Conte\u00fado do Usu\u00e1rio e, quando julgarmos apropriado, remov\u00ea-lo dentro de um prazo razo\u00e1vel.<\/p>\n<div class=\"space\"><\/div>\n<h2>6. Nossa responsabilidade<\/h2>\n<p><strong>6.1 <\/strong>Embora esperemos que nosso Site seja do interesse dos usu\u00e1rios, n\u00e3o assumimos nenhuma responsabilidade e n\u00e3o oferecemos\ngarantias ou condi\u00e7\u00f5es em rela\u00e7\u00e3o ao nosso Site ou seu conte\u00fado, na medida em que tal responsabilidade pode ser exclu\u00edda por\nlei.<\/p>\n\n<p><strong>6.2 <\/strong>N\u00e3o h\u00e1 limite para o que n\u00f3s e as pessoas que prestam nossos servi\u00e7os ser\u00e3o respons\u00e1veis \u200b\u200bse algu\u00e9m\nmorre ou \u00e9 ferido devido \u00e0 nossa neglig\u00eancia ou porque cometemos fraude.<\/p>\n\n<p><strong>6.3 <\/strong>Sob nenhuma circunst\u00e2ncia n\u00f3s, o propriet\u00e1rio ou operador do nosso Site, ou qualquer outra organiza\u00e7\u00e3o\nenvolvidos na cria\u00e7\u00e3o, produ\u00e7\u00e3o, manuten\u00e7\u00e3o ou distribui\u00e7\u00e3o de nosso Site ser\u00e3o respons\u00e1veis, seja por contrato, ato il\u00edcito (incluindo\nneglig\u00eancia), viola\u00e7\u00e3o de um dever estatut\u00e1rio, mesmo que previs\u00edvel, por qualquer perda de:<\/p>\n<ol type=\"a\">\n<li>lucros, vendas, neg\u00f3cios ou receita;<\/li>\n<li>interrup\u00e7\u00e3o dos neg\u00f3cios;<\/li>\n<li>economia antecipada;<\/li>\n<li>oportunidade de neg\u00f3cios, boa vontade ou reputa\u00e7\u00e3o;<\/li>\n<li>uso ou corrup\u00e7\u00e3o de informa\u00e7\u00f5es; ou<\/li>\n<li>informa\u00e7\u00f5es.<\/li>\n<\/ol>\n<p><strong>6.4 <\/strong>Se n\u00e3o cumprirmos essas condi\u00e7\u00f5es, seremos respons\u00e1veis \u200b\u200bapenas pelas perdas que voc\u00ea sofreu como\num resultado direto. N\u00e3o somos respons\u00e1veis \u200b\u200bperante voc\u00ea por quaisquer outras perdas, sejam tais perdas porque n\u00e3o cumprimos nossos\nobriga\u00e7\u00f5es ou contrato, por causa de algo que fizemos ou deixamos de fazer por neglig\u00eancia, devido a declara\u00e7\u00f5es difamat\u00f3rias ou\nresponsabilidade por um produto ou de outra forma como resultado de:<\/p>\n<ol type=\"a\">\n\t<li>uso ou incapacidade de usar nosso Site;<\/li>\n<li>uso ou confian\u00e7a em qualquer conte\u00fado exibido em nosso Site; qualquer erro, falha, falha em fazer algo, falta\ninforma\u00e7\u00f5es ou v\u00edrus em nosso Site ou se n\u00e3o funcionar corretamente devido a incidentes fora de nosso controle\ntais como (mas n\u00e3o limitado a) interrup\u00e7\u00f5es de comunica\u00e7\u00e3o e redes e circunst\u00e2ncias fora do nosso controle;\n<\/li>\n<li>roubo, destrui\u00e7\u00e3o de informa\u00e7\u00f5es ou algu\u00e9m obtendo acesso aos nossos registros, programas ou servi\u00e7os sem o nosso\npermiss\u00e3o; ou<\/li>\n<li>bens, produtos, servi\u00e7os ou informa\u00e7\u00f5es recebidas ou anunciadas em qualquer site ao qual tenhamos um link em nosso\nLocal.<\/li>\n<\/ol>\n<div class=\"space\"><\/div>\n<h2><strong>7. Geral<\/strong><\/h2>\n<p><strong>7.1 <\/strong>Nos casos em que nosso Site cont\u00e9m links para outros sites e recursos fornecidos por terceiros, estes\nos links s\u00e3o fornecidos apenas para sua informa\u00e7\u00e3o. N\u00e3o temos controle sobre o conte\u00fado desses sites ou recursos.<\/p>\n\n<p><strong>7.2 <\/strong>Quaisquer avisos legais formais devem ser enviados a n\u00f3s usando os detalhes estabelecidos em nosso Site.<\/p>\n\n<p><strong>7.3<\/strong> A nossa falha em fazer valer um direito n\u00e3o resulta na ren\u00fancia de tal direito. Voc\u00ea n\u00e3o pode atribuir ou\ntransfira seus direitos sob estes Termos de Uso.<\/p>\n\n<p><strong>7.4<\/strong> Se qualquer parte destes Termos de Uso for considerada inexequ\u00edvel por lei, todas as outras partes\ndestes Termos de Uso n\u00e3o ser\u00e3o afetados3. e permanecer\u00e1 em vigor.<\/p>\n<div class=\"space\"><\/div>\n<h2>8. Lei Aplic\u00e1vel e Jurisdi\u00e7\u00e3o<\/h2>\n<p><strong>8.1 <\/strong>Estas condi\u00e7\u00f5es comp\u00f5em todo o acordo entre voc\u00ea e n\u00f3s sobre como voc\u00ea usa nosso Site. Se um tribunal\ndecidir que uma condi\u00e7\u00e3o n\u00e3o \u00e9 v\u00e1lida, o restante das condi\u00e7\u00f5es ainda se aplicar\u00e1.<\/p>\n\n<p><strong>8.2<\/strong> As leis da Inglaterra e do Pa\u00eds de Gales se aplicam ao seu uso de nosso Site e a estas condi\u00e7\u00f5es. N\u00f3s controlamos nosso\nSite de dentro do Reino Unido. No entanto, voc\u00ea pode obter acesso ao nosso Site de outros lugares ao redor do mundo.\nEmbora esses lugares possam ter leis diferentes das leis da Inglaterra e do Pa\u00eds de Gales, ao usar nosso Site, voc\u00ea concorda que o\nas leis da Inglaterra e do Pa\u00eds de Gales se aplicar\u00e3o a tudo relacionado a voc\u00ea usando nosso Site e voc\u00ea concorda em cumprir essas leis.\nTemos o direito de process\u00e1-lo no tribunal do pa\u00eds em que voc\u00ea mora.<\/p>\n<div class=\"space\"><\/div>\n<h2>9. Como entrar em contato conosco<\/h2>\n<p><strong>9.1 <\/strong>Se voc\u00ea tiver problemas com nosso Site ou quiser comentar sobre ele, sinta-se \u00e0 vontade para\nentre em contato conosco usando os detalhes fornecidos em nosso Site.<\/p><\/div><\/div><\/div><\/div><\/div><\/div><\/div><\/div>\n","protected":false},"excerpt":{"rendered":"<p>Termos de uso 1. Introdu\u00e7\u00e3o 1.1 Este site (\u201cnosso Site\u201d) promove os neg\u00f3cios mencionados nele. Nesses condi\u00e7\u00f5es, a empresa ser\u00e1 referida como &#8216;n\u00f3s&#8217; e\/ou &#8216;nosso&#8217;. 1.2 O uso de nosso Site est\u00e1 de acordo com os seguintes termos (os \u201cTermos de Uso\u201d). Se voc\u00ea n\u00e3o concorda com estes Termos de Uso, pare de usar nosso [&hellip;]<\/p>\n","protected":false},"author":4,"featured_media":0,"parent":0,"menu_order":0,"comment_status":"closed","ping_status":"closed","template":"","meta":{"_acf_changed":false,"footnotes":""},"class_list":["post-5604","page","type-page","status-publish","hentry"],"acf":[],"yoast_head":"<!-- This site is optimized with the Yoast SEO plugin v22.6 - https:\/\/yoast.com\/wordpress\/plugins\/seo\/ -->\n<title>Termos de uso - NHS GP<\/title>\n<meta name=\"robots\" content=\"index, follow, max-snippet:-1, max-image-preview:large, max-video-preview:-1\" \/>\n<link rel=\"canonical\" href=\"https:\/\/www.nhsgp.net\/pt-br\/terms-of-use\/\" \/>\n<meta property=\"og:locale\" content=\"pt_BR\" \/>\n<meta property=\"og:type\" content=\"article\" \/>\n<meta property=\"og:title\" content=\"Termos de uso - NHS GP\" \/>\n<meta property=\"og:description\" content=\"Termos de uso 1. Introdu\u00e7\u00e3o 1.1 Este site (\u201cnosso Site\u201d) promove os neg\u00f3cios mencionados nele. Nesses condi\u00e7\u00f5es, a empresa ser\u00e1 referida como &#039;n\u00f3s&#039; e\/ou &#039;nosso&#039;. 1.2 O uso de nosso Site est\u00e1 de acordo com os seguintes termos (os \u201cTermos de Uso\u201d). Se voc\u00ea n\u00e3o concorda com estes Termos de Uso, pare de usar nosso [&hellip;]\" \/>\n<meta property=\"og:url\" content=\"https:\/\/www.nhsgp.net\/pt-br\/terms-of-use\/\" \/>\n<meta property=\"og:site_name\" content=\"NHS GP\" \/>\n<meta property=\"article:modified_time\" content=\"2022-12-23T10:10:10+00:00\" \/>\n<meta name=\"twitter:card\" content=\"summary_large_image\" \/>\n<meta name=\"twitter:label1\" content=\"Est. tempo de leitura\" \/>\n\t<meta name=\"twitter:data1\" content=\"10 minutos\" \/>\n<script type=\"application\/ld+json\" class=\"yoast-schema-graph\">{\"@context\":\"https:\/\/schema.org\",\"@graph\":[{\"@type\":\"WebPage\",\"@id\":\"https:\/\/www.nhsgp.net\/pt-br\/terms-of-use\/\",\"url\":\"https:\/\/www.nhsgp.net\/pt-br\/terms-of-use\/\",\"name\":\"Termos de uso - NHS GP\",\"isPartOf\":{\"@id\":\"https:\/\/www.nhsgp.net\/#website\"},\"datePublished\":\"2022-12-01T08:08:06+00:00\",\"dateModified\":\"2022-12-23T10:10:10+00:00\",\"breadcrumb\":{\"@id\":\"https:\/\/www.nhsgp.net\/pt-br\/terms-of-use\/#breadcrumb\"},\"inLanguage\":\"pt-BR\",\"potentialAction\":[{\"@type\":\"ReadAction\",\"target\":[\"https:\/\/www.nhsgp.net\/pt-br\/terms-of-use\/\"]}]},{\"@type\":\"BreadcrumbList\",\"@id\":\"https:\/\/www.nhsgp.net\/pt-br\/terms-of-use\/#breadcrumb\",\"itemListElement\":[{\"@type\":\"ListItem\",\"position\":1,\"name\":\"Home\",\"item\":\"https:\/\/www.nhsgp.net\/\"},{\"@type\":\"ListItem\",\"position\":2,\"name\":\"Termos de uso\"}]},{\"@type\":\"WebSite\",\"@id\":\"https:\/\/www.nhsgp.net\/#website\",\"url\":\"https:\/\/www.nhsgp.net\/\",\"name\":\"NHS GP\",\"description\":\"GP Pathfinder Clinics\",\"publisher\":{\"@id\":\"https:\/\/www.nhsgp.net\/#organization\"},\"potentialAction\":[{\"@type\":\"SearchAction\",\"target\":{\"@type\":\"EntryPoint\",\"urlTemplate\":\"https:\/\/www.nhsgp.net\/?s={search_term_string}\"},\"query-input\":\"required name=search_term_string\"}],\"inLanguage\":\"pt-BR\"},{\"@type\":\"Organization\",\"@id\":\"https:\/\/www.nhsgp.net\/#organization\",\"name\":\"NHS GP\",\"url\":\"https:\/\/www.nhsgp.net\/\",\"logo\":{\"@type\":\"ImageObject\",\"inLanguage\":\"pt-BR\",\"@id\":\"https:\/\/www.nhsgp.net\/#\/schema\/logo\/image\/\",\"url\":\"https:\/\/www.nhsgp.net\/wp-content\/uploads\/2025\/02\/NHS_LOGO.png\",\"contentUrl\":\"https:\/\/www.nhsgp.net\/wp-content\/uploads\/2025\/02\/NHS_LOGO.png\",\"width\":354,\"height\":143,\"caption\":\"NHS GP\"},\"image\":{\"@id\":\"https:\/\/www.nhsgp.net\/#\/schema\/logo\/image\/\"}}]}<\/script>\n<!-- \/ Yoast SEO plugin. -->","yoast_head_json":{"title":"Termos de uso - NHS GP","robots":{"index":"index","follow":"follow","max-snippet":"max-snippet:-1","max-image-preview":"max-image-preview:large","max-video-preview":"max-video-preview:-1"},"canonical":"https:\/\/www.nhsgp.net\/pt-br\/terms-of-use\/","og_locale":"pt_BR","og_type":"article","og_title":"Termos de uso - NHS GP","og_description":"Termos de uso 1. Introdu\u00e7\u00e3o 1.1 Este site (\u201cnosso Site\u201d) promove os neg\u00f3cios mencionados nele. Nesses condi\u00e7\u00f5es, a empresa ser\u00e1 referida como 'n\u00f3s' e\/ou 'nosso'. 1.2 O uso de nosso Site est\u00e1 de acordo com os seguintes termos (os \u201cTermos de Uso\u201d). Se voc\u00ea n\u00e3o concorda com estes Termos de Uso, pare de usar nosso [&hellip;]","og_url":"https:\/\/www.nhsgp.net\/pt-br\/terms-of-use\/","og_site_name":"NHS GP","article_modified_time":"2022-12-23T10:10:10+00:00","twitter_card":"summary_large_image","twitter_misc":{"Est. tempo de leitura":"10 minutos"},"schema":{"@context":"https:\/\/schema.org","@graph":[{"@type":"WebPage","@id":"https:\/\/www.nhsgp.net\/pt-br\/terms-of-use\/","url":"https:\/\/www.nhsgp.net\/pt-br\/terms-of-use\/","name":"Termos de uso - NHS GP","isPartOf":{"@id":"https:\/\/www.nhsgp.net\/#website"},"datePublished":"2022-12-01T08:08:06+00:00","dateModified":"2022-12-23T10:10:10+00:00","breadcrumb":{"@id":"https:\/\/www.nhsgp.net\/pt-br\/terms-of-use\/#breadcrumb"},"inLanguage":"pt-BR","potentialAction":[{"@type":"ReadAction","target":["https:\/\/www.nhsgp.net\/pt-br\/terms-of-use\/"]}]},{"@type":"BreadcrumbList","@id":"https:\/\/www.nhsgp.net\/pt-br\/terms-of-use\/#breadcrumb","itemListElement":[{"@type":"ListItem","position":1,"name":"Home","item":"https:\/\/www.nhsgp.net\/"},{"@type":"ListItem","position":2,"name":"Termos de uso"}]},{"@type":"WebSite","@id":"https:\/\/www.nhsgp.net\/#website","url":"https:\/\/www.nhsgp.net\/","name":"NHS GP","description":"GP Pathfinder Clinics","publisher":{"@id":"https:\/\/www.nhsgp.net\/#organization"},"potentialAction":[{"@type":"SearchAction","target":{"@type":"EntryPoint","urlTemplate":"https:\/\/www.nhsgp.net\/?s={search_term_string}"},"query-input":"required name=search_term_string"}],"inLanguage":"pt-BR"},{"@type":"Organization","@id":"https:\/\/www.nhsgp.net\/#organization","name":"NHS GP","url":"https:\/\/www.nhsgp.net\/","logo":{"@type":"ImageObject","inLanguage":"pt-BR","@id":"https:\/\/www.nhsgp.net\/#\/schema\/logo\/image\/","url":"https:\/\/www.nhsgp.net\/wp-content\/uploads\/2025\/02\/NHS_LOGO.png","contentUrl":"https:\/\/www.nhsgp.net\/wp-content\/uploads\/2025\/02\/NHS_LOGO.png","width":354,"height":143,"caption":"NHS GP"},"image":{"@id":"https:\/\/www.nhsgp.net\/#\/schema\/logo\/image\/"}}]}},"jetpack_sharing_enabled":true,"_links":{"self":[{"href":"https:\/\/www.nhsgp.net\/pt-br\/wp-json\/wp\/v2\/pages\/5604","targetHints":{"allow":["GET"]}}],"collection":[{"href":"https:\/\/www.nhsgp.net\/pt-br\/wp-json\/wp\/v2\/pages"}],"about":[{"href":"https:\/\/www.nhsgp.net\/pt-br\/wp-json\/wp\/v2\/types\/page"}],"author":[{"embeddable":true,"href":"https:\/\/www.nhsgp.net\/pt-br\/wp-json\/wp\/v2\/users\/4"}],"replies":[{"embeddable":true,"href":"https:\/\/www.nhsgp.net\/pt-br\/wp-json\/wp\/v2\/comments?post=5604"}],"version-history":[{"count":2,"href":"https:\/\/www.nhsgp.net\/pt-br\/wp-json\/wp\/v2\/pages\/5604\/revisions"}],"predecessor-version":[{"id":5606,"href":"https:\/\/www.nhsgp.net\/pt-br\/wp-json\/wp\/v2\/pages\/5604\/revisions\/5606"}],"wp:attachment":[{"href":"https:\/\/www.nhsgp.net\/pt-br\/wp-json\/wp\/v2\/media?parent=5604"}],"curies":[{"name":"wp","href":"https:\/\/api.w.org\/{rel}","templated":true}]}}