{"id":4692,"date":"2022-10-21T06:52:22","date_gmt":"2022-10-21T06:52:22","guid":{"rendered":"http:\/\/1139313165.test.prositehosting.co.uk\/nhs-gp-news\/"},"modified":"2022-12-22T06:19:26","modified_gmt":"2022-12-22T06:19:26","slug":"nhs-gp-news","status":"publish","type":"page","link":"https:\/\/www.nhsgp.net\/pt-br\/nhs-gp-news\/","title":{"rendered":"NHS GP Not\u00edcias"},"content":{"rendered":"<div class=\"vce-row-container\" data-vce-boxed-width=\"true\"><div class=\"vce-row vce-row--col-gap-30 page-section vce-row-equal-height vce-row-content--top\" id=\"el-4ee8a78e\" data-vce-do-apply=\"all el-4ee8a78e\"><div class=\"vce-row-content\" data-vce-element-content=\"true\"><div class=\"vce-col vce-col--md-auto vce-col--xs-1 vce-col--xs-last vce-col--xs-first vce-col--sm-last vce-col--sm-first vce-col--md-last vce-col--lg-last vce-col--xl-last vce-col--md-first vce-col--lg-first vce-col--xl-first\" id=\"el-4f92589d\"><div class=\"vce-col-inner\" data-vce-do-apply=\"border margin background  el-4f92589d\"><div class=\"vce-col-content\" data-vce-element-content=\"true\" data-vce-do-apply=\"padding el-4f92589d\"><div class=\"vce-shortcode\"><div class=\"vce-shortcode-wrapper vce\" id=\"el-f1e55215\" data-vce-do-apply=\"all el-f1e55215\"><div class=\"all-post-wrap\"><div id=\"post-7119\" class=\"post-wrap\"><div class=\"post-img\"><a href=\"https:\/\/www.nhsgp.net\/pt-br\/quatro-beneficios-dos-servicos-de-gp-on-line\/\" title=\"Quatro benef\u00edcios dos servi\u00e7os de GP on-line\"><img width=\"1920\" height=\"1280\" src=\"https:\/\/www.nhsgp.net\/wp-content\/uploads\/2022\/11\/GettyImages-1.jpg\" class=\"img-responsive aligncenter wp-post-image\" alt=\"\" srcset=\"https:\/\/www.nhsgp.net\/wp-content\/uploads\/2022\/11\/GettyImages-1.jpg 1920w, https:\/\/www.nhsgp.net\/wp-content\/uploads\/2022\/11\/GettyImages-1-300x200.jpg 300w, https:\/\/www.nhsgp.net\/wp-content\/uploads\/2022\/11\/GettyImages-1-1024x683.jpg 1024w, https:\/\/www.nhsgp.net\/wp-content\/uploads\/2022\/11\/GettyImages-1-768x512.jpg 768w, https:\/\/www.nhsgp.net\/wp-content\/uploads\/2022\/11\/GettyImages-1-1536x1024.jpg 1536w, https:\/\/www.nhsgp.net\/wp-content\/uploads\/2022\/11\/GettyImages-1-320x213.jpg 320w, https:\/\/www.nhsgp.net\/wp-content\/uploads\/2022\/11\/GettyImages-1-480x320.jpg 480w, https:\/\/www.nhsgp.net\/wp-content\/uploads\/2022\/11\/GettyImages-1-800x533.jpg 800w\" sizes=\"(max-width: 1920px) 100vw, 1920px\" \/><\/a><\/div><div class=\"post-content\"><h4 class=\"post-title\"><a href=\"https:\/\/www.nhsgp.net\/pt-br\/quatro-beneficios-dos-servicos-de-gp-on-line\/\" title=\"Quatro benef\u00edcios dos servi\u00e7os de GP on-line\">Quatro benef\u00edcios dos servi\u00e7os de GP on-line<\/a><\/h4><div class=\"post-info text-light\"><span>By Jahan<\/span><span> . <\/span><span>21 novembro, 2022<\/span><\/div><p class=\"post-excerpt\">Pensando em marcar uma consulta de GP online? Descubra alguns dos muitos benef\u00edcios, incluindo servi\u00e7o de prescri\u00e7\u00e3o conveniente e acesso 24 horas por dia, 7 dias por semana.<\/p><div class=\"post-permalink\"><a href=\"https:\/\/www.nhsgp.net\/pt-br\/quatro-beneficios-dos-servicos-de-gp-on-line\/\" title=\"Quatro benef\u00edcios dos servi\u00e7os de GP on-line\">Read More<\/a><\/div><\/div><\/div><div id=\"post-7125\" class=\"post-wrap\"><div class=\"post-img\"><a href=\"https:\/\/www.nhsgp.net\/pt-br\/how-to-tell-if-you-have-diabetes\/\" title=\"Como saber se voc\u00ea tem diabetes\"><img width=\"1191\" height=\"788\" src=\"https:\/\/www.nhsgp.net\/wp-content\/uploads\/2022\/11\/blog-img-1.jpg\" class=\"img-responsive aligncenter wp-post-image\" alt=\"\" srcset=\"https:\/\/www.nhsgp.net\/wp-content\/uploads\/2022\/11\/blog-img-1.jpg 1191w, https:\/\/www.nhsgp.net\/wp-content\/uploads\/2022\/11\/blog-img-1-300x198.jpg 300w, https:\/\/www.nhsgp.net\/wp-content\/uploads\/2022\/11\/blog-img-1-1024x678.jpg 1024w, https:\/\/www.nhsgp.net\/wp-content\/uploads\/2022\/11\/blog-img-1-768x508.jpg 768w, https:\/\/www.nhsgp.net\/wp-content\/uploads\/2022\/11\/blog-img-1-320x212.jpg 320w, https:\/\/www.nhsgp.net\/wp-content\/uploads\/2022\/11\/blog-img-1-480x318.jpg 480w, https:\/\/www.nhsgp.net\/wp-content\/uploads\/2022\/11\/blog-img-1-800x529.jpg 800w\" sizes=\"(max-width: 1191px) 100vw, 1191px\" \/><\/a><\/div><div class=\"post-content\"><h4 class=\"post-title\"><a href=\"https:\/\/www.nhsgp.net\/pt-br\/how-to-tell-if-you-have-diabetes\/\" title=\"Como saber se voc\u00ea tem diabetes\">Como saber se voc\u00ea tem diabetes<\/a><\/h4><div class=\"post-info text-light\"><span>By Jahan<\/span><span> . <\/span><span>28 setembro, 2022<\/span><\/div><p class=\"post-excerpt\">O diabetes n\u00e3o \u00e9 uma doen\u00e7a incomum, mas pode ser grave e resultar na necessidade de mudar seu estilo de vida. Existem dois tipos diferentes de diabetes, e a principal diferen\u00e7a entre eles \u00e9 que o tipo 1 \u00e9 gen\u00e9tico, enquanto o diabetes tipo 2 pode ser devido ao seu estilo de vida e se desenvolver\u00e1 com o tempo.<\/p><div class=\"post-permalink\"><a href=\"https:\/\/www.nhsgp.net\/pt-br\/how-to-tell-if-you-have-diabetes\/\" title=\"Como saber se voc\u00ea tem diabetes\">Read More<\/a><\/div><\/div><\/div><div id=\"post-7134\" class=\"post-wrap\"><div class=\"post-img\"><a href=\"https:\/\/www.nhsgp.net\/pt-br\/middlesex-university-unihub\/\" title=\"Universidade de Middlesex UniHub\"><img width=\"960\" height=\"379\" src=\"https:\/\/www.nhsgp.net\/wp-content\/uploads\/2022\/11\/MiddlesexLogo-960w.webp\" class=\"img-responsive aligncenter wp-post-image\" alt=\"\" srcset=\"https:\/\/www.nhsgp.net\/wp-content\/uploads\/2022\/11\/MiddlesexLogo-960w.webp 960w, https:\/\/www.nhsgp.net\/wp-content\/uploads\/2022\/11\/MiddlesexLogo-960w-300x118.webp 300w, https:\/\/www.nhsgp.net\/wp-content\/uploads\/2022\/11\/MiddlesexLogo-960w-768x303.webp 768w, https:\/\/www.nhsgp.net\/wp-content\/uploads\/2022\/11\/MiddlesexLogo-960w-320x126.webp 320w, https:\/\/www.nhsgp.net\/wp-content\/uploads\/2022\/11\/MiddlesexLogo-960w-480x190.webp 480w, https:\/\/www.nhsgp.net\/wp-content\/uploads\/2022\/11\/MiddlesexLogo-960w-800x316.webp 800w\" sizes=\"(max-width: 960px) 100vw, 960px\" \/><\/a><\/div><div class=\"post-content\"><h4 class=\"post-title\"><a href=\"https:\/\/www.nhsgp.net\/pt-br\/middlesex-university-unihub\/\" title=\"Universidade de Middlesex UniHub\">Universidade de Middlesex UniHub<\/a><\/h4><div class=\"post-info text-light\"><span>By Jahan<\/span><span> . <\/span><span>06 setembro, 2022<\/span><\/div><p class=\"post-excerpt\">Voc\u00ea deve se registrar na \u00e1rea que voc\u00ea mora. Se voc\u00ea estiver em Halls of Residences, clique aqui para se registrar com um m\u00e9dico online. \u00c9 muito importante que voc\u00ea se registre com um m\u00e9dico local enquanto estiver na universidade. N\u00e3o espere at\u00e9 ficar doente para fazer isso! Voc\u00ea pode se registrar com qualquer m\u00e9dico em<\/p><div class=\"post-permalink\"><a href=\"https:\/\/www.nhsgp.net\/pt-br\/middlesex-university-unihub\/\" title=\"Universidade de Middlesex UniHub\">Read More<\/a><\/div><\/div><\/div><div id=\"post-7137\" class=\"post-wrap\"><div class=\"post-img\"><a href=\"https:\/\/www.nhsgp.net\/pt-br\/what-are-the-symptoms-of-ptsd\/\" title=\"Quais s\u00e3o os sintomas do TEPT?\"><img width=\"1191\" height=\"788\" src=\"https:\/\/www.nhsgp.net\/wp-content\/uploads\/2022\/11\/blog-img-2.jpg\" class=\"img-responsive aligncenter wp-post-image\" alt=\"\" srcset=\"https:\/\/www.nhsgp.net\/wp-content\/uploads\/2022\/11\/blog-img-2.jpg 1191w, https:\/\/www.nhsgp.net\/wp-content\/uploads\/2022\/11\/blog-img-2-300x198.jpg 300w, https:\/\/www.nhsgp.net\/wp-content\/uploads\/2022\/11\/blog-img-2-1024x678.jpg 1024w, https:\/\/www.nhsgp.net\/wp-content\/uploads\/2022\/11\/blog-img-2-768x508.jpg 768w, https:\/\/www.nhsgp.net\/wp-content\/uploads\/2022\/11\/blog-img-2-320x212.jpg 320w, https:\/\/www.nhsgp.net\/wp-content\/uploads\/2022\/11\/blog-img-2-480x318.jpg 480w, https:\/\/www.nhsgp.net\/wp-content\/uploads\/2022\/11\/blog-img-2-800x529.jpg 800w\" sizes=\"(max-width: 1191px) 100vw, 1191px\" \/><\/a><\/div><div class=\"post-content\"><h4 class=\"post-title\"><a href=\"https:\/\/www.nhsgp.net\/pt-br\/what-are-the-symptoms-of-ptsd\/\" title=\"Quais s\u00e3o os sintomas do TEPT?\">Quais s\u00e3o os sintomas do TEPT?<\/a><\/h4><div class=\"post-info text-light\"><span>By Jahan<\/span><span> . <\/span><span>25 agosto, 2022<\/span><\/div><p class=\"post-excerpt\">O que \u00e9 TEPT? Aprenda sobre os sintomas do TEPT e o que fazer se achar que voc\u00ea ou um ente querido tem esse transtorno psiqui\u00e1trico. PTSD, que significa transtorno de estresse p\u00f3s-traum\u00e1tico, \u00e9 um transtorno psiqui\u00e1trico que ocorre ap\u00f3s um evento traum\u00e1tico ou trauma prolongado ao longo do tempo. Historicamente, tornou-se<\/p><div class=\"post-permalink\"><a href=\"https:\/\/www.nhsgp.net\/pt-br\/what-are-the-symptoms-of-ptsd\/\" title=\"Quais s\u00e3o os sintomas do TEPT?\">Read More<\/a><\/div><\/div><\/div><div id=\"post-7151\" class=\"post-wrap\"><div class=\"post-img\"><a href=\"https:\/\/www.nhsgp.net\/pt-br\/how-to-improve-student-mental-health\/\" title=\"Como melhorar a sa\u00fade mental do aluno\"><img width=\"1191\" height=\"788\" src=\"https:\/\/www.nhsgp.net\/wp-content\/uploads\/2022\/11\/blog-img-3.jpg\" class=\"img-responsive aligncenter wp-post-image\" alt=\"\" srcset=\"https:\/\/www.nhsgp.net\/wp-content\/uploads\/2022\/11\/blog-img-3.jpg 1191w, https:\/\/www.nhsgp.net\/wp-content\/uploads\/2022\/11\/blog-img-3-300x198.jpg 300w, https:\/\/www.nhsgp.net\/wp-content\/uploads\/2022\/11\/blog-img-3-1024x678.jpg 1024w, https:\/\/www.nhsgp.net\/wp-content\/uploads\/2022\/11\/blog-img-3-768x508.jpg 768w, https:\/\/www.nhsgp.net\/wp-content\/uploads\/2022\/11\/blog-img-3-320x212.jpg 320w, https:\/\/www.nhsgp.net\/wp-content\/uploads\/2022\/11\/blog-img-3-480x318.jpg 480w, https:\/\/www.nhsgp.net\/wp-content\/uploads\/2022\/11\/blog-img-3-800x529.jpg 800w\" sizes=\"(max-width: 1191px) 100vw, 1191px\" \/><\/a><\/div><div class=\"post-content\"><h4 class=\"post-title\"><a href=\"https:\/\/www.nhsgp.net\/pt-br\/how-to-improve-student-mental-health\/\" title=\"Como melhorar a sa\u00fade mental do aluno\">Como melhorar a sa\u00fade mental do aluno<\/a><\/h4><div class=\"post-info text-light\"><span>By Jahan<\/span><span> . <\/span><span>18 agosto, 2022<\/span><\/div><p class=\"post-excerpt\">A vida de estudante pode ser dif\u00edcil. Se voc\u00ea sente que sua sa\u00fade mental est\u00e1 come\u00e7ando a sofrer, aqui est\u00e3o algumas dicas que podem ajudar.<\/p><div class=\"post-permalink\"><a href=\"https:\/\/www.nhsgp.net\/pt-br\/how-to-improve-student-mental-health\/\" title=\"Como melhorar a sa\u00fade mental do aluno\">Read More<\/a><\/div><\/div><\/div><div id=\"post-7160\" class=\"post-wrap\"><div class=\"post-img\"><a href=\"https:\/\/www.nhsgp.net\/pt-br\/os-5-principais-beneficios-do-exercicio-regular\/\" title=\"Os 5 principais benef\u00edcios do exerc\u00edcio regular\"><img width=\"1191\" height=\"788\" src=\"https:\/\/www.nhsgp.net\/wp-content\/uploads\/2022\/11\/Regularexerciseblogcoverimage.jpg\" class=\"img-responsive aligncenter wp-post-image\" alt=\"\" srcset=\"https:\/\/www.nhsgp.net\/wp-content\/uploads\/2022\/11\/Regularexerciseblogcoverimage.jpg 1191w, https:\/\/www.nhsgp.net\/wp-content\/uploads\/2022\/11\/Regularexerciseblogcoverimage-300x198.jpg 300w, https:\/\/www.nhsgp.net\/wp-content\/uploads\/2022\/11\/Regularexerciseblogcoverimage-1024x678.jpg 1024w, https:\/\/www.nhsgp.net\/wp-content\/uploads\/2022\/11\/Regularexerciseblogcoverimage-768x508.jpg 768w, https:\/\/www.nhsgp.net\/wp-content\/uploads\/2022\/11\/Regularexerciseblogcoverimage-320x212.jpg 320w, https:\/\/www.nhsgp.net\/wp-content\/uploads\/2022\/11\/Regularexerciseblogcoverimage-480x318.jpg 480w, https:\/\/www.nhsgp.net\/wp-content\/uploads\/2022\/11\/Regularexerciseblogcoverimage-800x529.jpg 800w\" sizes=\"(max-width: 1191px) 100vw, 1191px\" \/><\/a><\/div><div class=\"post-content\"><h4 class=\"post-title\"><a href=\"https:\/\/www.nhsgp.net\/pt-br\/os-5-principais-beneficios-do-exercicio-regular\/\" title=\"Os 5 principais benef\u00edcios do exerc\u00edcio regular\">Os 5 principais benef\u00edcios do exerc\u00edcio regular<\/a><\/h4><div class=\"post-info text-light\"><span>By Jahan<\/span><span> . <\/span><span>27 julho, 2022<\/span><\/div><p class=\"post-excerpt\">O exerc\u00edcio regular \u00e9 uma parte crucial do que \u00e9 preciso para manter uma vida feliz e saud\u00e1vel. Desde o fortalecimento de sua sa\u00fade mental at\u00e9 a redu\u00e7\u00e3o do risco de doen\u00e7as graves, o exerc\u00edcio \u00e9, em muitos aspectos, um rem\u00e9dio pr\u00f3prio. Embora o exerc\u00edcio fa\u00e7a parte da vida de muitas pessoas por padr\u00e3o, ou seja, caminhar para o trabalho ou para a escola,<\/p><div class=\"post-permalink\"><a href=\"https:\/\/www.nhsgp.net\/pt-br\/os-5-principais-beneficios-do-exercicio-regular\/\" title=\"Os 5 principais benef\u00edcios do exerc\u00edcio regular\">Read More<\/a><\/div><\/div><\/div><div id=\"post-7161\" class=\"post-wrap\"><div class=\"post-img\"><a href=\"https:\/\/www.nhsgp.net\/pt-br\/breathing-exercises-for-students\/\" title=\"Exerc\u00edcios de respira\u00e7\u00e3o para estudantes\"><img width=\"1191\" height=\"788\" src=\"https:\/\/www.nhsgp.net\/wp-content\/uploads\/2022\/11\/Breathingexercises.jpg\" class=\"img-responsive aligncenter wp-post-image\" alt=\"\" srcset=\"https:\/\/www.nhsgp.net\/wp-content\/uploads\/2022\/11\/Breathingexercises.jpg 1191w, https:\/\/www.nhsgp.net\/wp-content\/uploads\/2022\/11\/Breathingexercises-300x198.jpg 300w, https:\/\/www.nhsgp.net\/wp-content\/uploads\/2022\/11\/Breathingexercises-1024x678.jpg 1024w, https:\/\/www.nhsgp.net\/wp-content\/uploads\/2022\/11\/Breathingexercises-768x508.jpg 768w, https:\/\/www.nhsgp.net\/wp-content\/uploads\/2022\/11\/Breathingexercises-320x212.jpg 320w, https:\/\/www.nhsgp.net\/wp-content\/uploads\/2022\/11\/Breathingexercises-480x318.jpg 480w, https:\/\/www.nhsgp.net\/wp-content\/uploads\/2022\/11\/Breathingexercises-800x529.jpg 800w\" sizes=\"(max-width: 1191px) 100vw, 1191px\" \/><\/a><\/div><div class=\"post-content\"><h4 class=\"post-title\"><a href=\"https:\/\/www.nhsgp.net\/pt-br\/breathing-exercises-for-students\/\" title=\"Exerc\u00edcios de respira\u00e7\u00e3o para estudantes\">Exerc\u00edcios de respira\u00e7\u00e3o para estudantes<\/a><\/h4><div class=\"post-info text-light\"><span>By Jahan<\/span><span> . <\/span><span>20 julho, 2022<\/span><\/div><p class=\"post-excerpt\">O estresse \u00e9 comum para os alunos, mas existem maneiras de se sentir mais \u00e0 vontade por meio dos exerc\u00edcios respirat\u00f3rios regulares mostrados neste guia. Medita\u00e7\u00e3o, aten\u00e7\u00e3o plena e respira\u00e7\u00e3o profunda h\u00e1 muito s\u00e3o associadas \u00e0 melhoria da sa\u00fade mental. Para os estudantes, cuidar da sa\u00fade mental \u00e9 um<\/p><div class=\"post-permalink\"><a href=\"https:\/\/www.nhsgp.net\/pt-br\/breathing-exercises-for-students\/\" title=\"Exerc\u00edcios de respira\u00e7\u00e3o para estudantes\">Read More<\/a><\/div><\/div><\/div><div id=\"post-7162\" class=\"post-wrap\"><div class=\"post-img\"><a href=\"https:\/\/www.nhsgp.net\/pt-br\/why-is-sleep-important\/\" title=\"Por que o sono \u00e9 importante?\"><img width=\"1191\" height=\"788\" src=\"https:\/\/www.nhsgp.net\/wp-content\/uploads\/2022\/11\/Whyissleepimportant.jpg\" class=\"img-responsive aligncenter wp-post-image\" alt=\"\" srcset=\"https:\/\/www.nhsgp.net\/wp-content\/uploads\/2022\/11\/Whyissleepimportant.jpg 1191w, https:\/\/www.nhsgp.net\/wp-content\/uploads\/2022\/11\/Whyissleepimportant-300x198.jpg 300w, https:\/\/www.nhsgp.net\/wp-content\/uploads\/2022\/11\/Whyissleepimportant-1024x678.jpg 1024w, https:\/\/www.nhsgp.net\/wp-content\/uploads\/2022\/11\/Whyissleepimportant-768x508.jpg 768w, https:\/\/www.nhsgp.net\/wp-content\/uploads\/2022\/11\/Whyissleepimportant-320x212.jpg 320w, https:\/\/www.nhsgp.net\/wp-content\/uploads\/2022\/11\/Whyissleepimportant-480x318.jpg 480w, https:\/\/www.nhsgp.net\/wp-content\/uploads\/2022\/11\/Whyissleepimportant-800x529.jpg 800w\" sizes=\"(max-width: 1191px) 100vw, 1191px\" \/><\/a><\/div><div class=\"post-content\"><h4 class=\"post-title\"><a href=\"https:\/\/www.nhsgp.net\/pt-br\/why-is-sleep-important\/\" title=\"Por que o sono \u00e9 importante?\">Por que o sono \u00e9 importante?<\/a><\/h4><div class=\"post-info text-light\"><span>By Jahan<\/span><span> . <\/span><span>29 junho, 2022<\/span><\/div><p class=\"post-excerpt\">N\u00e3o dormir o suficiente pode prejudicar seu bem-estar f\u00edsico e mental ao longo do tempo. Felizmente, nunca \u00e9 tarde para come\u00e7ar h\u00e1bitos de sono saud\u00e1veis \u200b\u200bpara melhorar sua sa\u00fade!\ufeff Em um mundo cada vez mais agitado, com maior demanda por implementa\u00e7\u00e3o de tecnologia e a maioria das pessoas usando tecnologia<\/p><div class=\"post-permalink\"><a href=\"https:\/\/www.nhsgp.net\/pt-br\/why-is-sleep-important\/\" title=\"Por que o sono \u00e9 importante?\">Read More<\/a><\/div><\/div><\/div><div id=\"post-7163\" class=\"post-wrap\"><div class=\"post-img\"><a href=\"https:\/\/www.nhsgp.net\/pt-br\/how-has-the-pandemic-affected-students-mental-health\/\" title=\"Como a pandemia afetou a sa\u00fade mental dos alunos?\"><img width=\"1191\" height=\"788\" src=\"https:\/\/www.nhsgp.net\/wp-content\/uploads\/2022\/11\/Pandemic.jpg\" class=\"img-responsive aligncenter wp-post-image\" alt=\"\" srcset=\"https:\/\/www.nhsgp.net\/wp-content\/uploads\/2022\/11\/Pandemic.jpg 1191w, https:\/\/www.nhsgp.net\/wp-content\/uploads\/2022\/11\/Pandemic-300x198.jpg 300w, https:\/\/www.nhsgp.net\/wp-content\/uploads\/2022\/11\/Pandemic-1024x678.jpg 1024w, https:\/\/www.nhsgp.net\/wp-content\/uploads\/2022\/11\/Pandemic-768x508.jpg 768w, https:\/\/www.nhsgp.net\/wp-content\/uploads\/2022\/11\/Pandemic-320x212.jpg 320w, https:\/\/www.nhsgp.net\/wp-content\/uploads\/2022\/11\/Pandemic-480x318.jpg 480w, https:\/\/www.nhsgp.net\/wp-content\/uploads\/2022\/11\/Pandemic-800x529.jpg 800w\" sizes=\"(max-width: 1191px) 100vw, 1191px\" \/><\/a><\/div><div class=\"post-content\"><h4 class=\"post-title\"><a href=\"https:\/\/www.nhsgp.net\/pt-br\/how-has-the-pandemic-affected-students-mental-health\/\" title=\"Como a pandemia afetou a sa\u00fade mental dos alunos?\">Como a pandemia afetou a sa\u00fade mental dos alunos?<\/a><\/h4><div class=\"post-info text-light\"><span>By Jahan<\/span><span> . <\/span><span>08 junho, 2022<\/span><\/div><p class=\"post-excerpt\">De muitas maneiras, a pandemia exacerbou os piores medos de muitos estudantes: solid\u00e3o, isolamento, volatilidade no mercado de trabalho e in\u00fameros outros. O efeito que isso teve na sa\u00fade mental coletiva da comunidade estudantil \u00e9 predominante e de amplo alcance, e mesmo agora, muitos meses<\/p><div class=\"post-permalink\"><a href=\"https:\/\/www.nhsgp.net\/pt-br\/how-has-the-pandemic-affected-students-mental-health\/\" title=\"Como a pandemia afetou a sa\u00fade mental dos alunos?\">Read More<\/a><\/div><\/div><\/div><\/div><div class=\"post-nav\"><span aria-current=\"page\" class=\"page-numbers current\">1<\/span>\n<a class=\"page-numbers\" href=\"\/pt-br\/wp-json\/wp\/v2\/pages\/4692?paged=2\">2<\/a>\n<a class=\"page-numbers\" href=\"\/pt-br\/wp-json\/wp\/v2\/pages\/4692?paged=3\">3<\/a>\n<span class=\"page-numbers dots\">&hellip;<\/span>\n<a class=\"page-numbers\" href=\"\/pt-br\/wp-json\/wp\/v2\/pages\/4692?paged=8\">8<\/a>\n<a class=\"next page-numbers\" href=\"\/pt-br\/wp-json\/wp\/v2\/pages\/4692?paged=2\">Pr\u00f3ximo &raquo;<\/a><\/div><\/div><\/div><\/div><\/div><\/div><\/div><\/div><\/div><div class=\"vce-row-container\" data-vce-boxed-width=\"true\"><div class=\"vce-row vce-row--col-gap-30 vce-row-equal-height vce-row-content--top\" id=\"el-5b217c4e\" data-vce-do-apply=\"all el-5b217c4e\"><div class=\"vce-row-content\" data-vce-element-content=\"true\"><div class=\"vce-col vce-col--md-auto vce-col--xs-1 vce-col--xs-last vce-col--xs-first vce-col--sm-last vce-col--sm-first vce-col--md-last vce-col--lg-last vce-col--xl-last vce-col--md-first vce-col--lg-first vce-col--xl-first\" id=\"el-4882ea0f\"><div class=\"vce-col-inner\" data-vce-do-apply=\"border margin background  el-4882ea0f\"><div class=\"vce-col-content\" data-vce-element-content=\"true\" data-vce-do-apply=\"padding el-4882ea0f\"><div><\/div><\/div><\/div><\/div><\/div><\/div><\/div>","protected":false},"excerpt":{"rendered":"","protected":false},"author":4,"featured_media":0,"parent":0,"menu_order":0,"comment_status":"closed","ping_status":"closed","template":"","meta":{"_acf_changed":false,"footnotes":""},"class_list":["post-4692","page","type-page","status-publish","hentry"],"acf":[],"yoast_head":"<!-- This site is optimized with the Yoast SEO plugin v22.6 - https:\/\/yoast.com\/wordpress\/plugins\/seo\/ -->\n<title>NHS GP Not\u00edcias - NHS GP<\/title>\n<meta name=\"robots\" content=\"index, follow, max-snippet:-1, max-image-preview:large, max-video-preview:-1\" \/>\n<link rel=\"canonical\" href=\"https:\/\/www.nhsgp.net\/pt-br\/nhs-gp-news\/\" \/>\n<meta property=\"og:locale\" content=\"pt_BR\" \/>\n<meta property=\"og:type\" content=\"article\" \/>\n<meta property=\"og:title\" content=\"NHS GP Not\u00edcias - NHS GP\" \/>\n<meta property=\"og:url\" content=\"https:\/\/www.nhsgp.net\/pt-br\/nhs-gp-news\/\" \/>\n<meta property=\"og:site_name\" content=\"NHS GP\" \/>\n<meta property=\"article:modified_time\" content=\"2022-12-22T06:19:26+00:00\" \/>\n<meta name=\"twitter:card\" content=\"summary_large_image\" \/>\n<script type=\"application\/ld+json\" class=\"yoast-schema-graph\">{\"@context\":\"https:\/\/schema.org\",\"@graph\":[{\"@type\":\"WebPage\",\"@id\":\"https:\/\/www.nhsgp.net\/pt-br\/nhs-gp-news\/\",\"url\":\"https:\/\/www.nhsgp.net\/pt-br\/nhs-gp-news\/\",\"name\":\"NHS GP Not\u00edcias - NHS GP\",\"isPartOf\":{\"@id\":\"https:\/\/www.nhsgp.net\/#website\"},\"datePublished\":\"2022-10-21T06:52:22+00:00\",\"dateModified\":\"2022-12-22T06:19:26+00:00\",\"breadcrumb\":{\"@id\":\"https:\/\/www.nhsgp.net\/pt-br\/nhs-gp-news\/#breadcrumb\"},\"inLanguage\":\"pt-BR\",\"potentialAction\":[{\"@type\":\"ReadAction\",\"target\":[\"https:\/\/www.nhsgp.net\/pt-br\/nhs-gp-news\/\"]}]},{\"@type\":\"BreadcrumbList\",\"@id\":\"https:\/\/www.nhsgp.net\/pt-br\/nhs-gp-news\/#breadcrumb\",\"itemListElement\":[{\"@type\":\"ListItem\",\"position\":1,\"name\":\"Home\",\"item\":\"https:\/\/www.nhsgp.net\/\"},{\"@type\":\"ListItem\",\"position\":2,\"name\":\"NHS GP Not\u00edcias\"}]},{\"@type\":\"WebSite\",\"@id\":\"https:\/\/www.nhsgp.net\/#website\",\"url\":\"https:\/\/www.nhsgp.net\/\",\"name\":\"NHS GP\",\"description\":\"GP Pathfinder Clinics\",\"publisher\":{\"@id\":\"https:\/\/www.nhsgp.net\/#organization\"},\"potentialAction\":[{\"@type\":\"SearchAction\",\"target\":{\"@type\":\"EntryPoint\",\"urlTemplate\":\"https:\/\/www.nhsgp.net\/?s={search_term_string}\"},\"query-input\":\"required name=search_term_string\"}],\"inLanguage\":\"pt-BR\"},{\"@type\":\"Organization\",\"@id\":\"https:\/\/www.nhsgp.net\/#organization\",\"name\":\"NHS GP\",\"url\":\"https:\/\/www.nhsgp.net\/\",\"logo\":{\"@type\":\"ImageObject\",\"inLanguage\":\"pt-BR\",\"@id\":\"https:\/\/www.nhsgp.net\/#\/schema\/logo\/image\/\",\"url\":\"https:\/\/www.nhsgp.net\/wp-content\/uploads\/2025\/02\/NHS_LOGO.png\",\"contentUrl\":\"https:\/\/www.nhsgp.net\/wp-content\/uploads\/2025\/02\/NHS_LOGO.png\",\"width\":354,\"height\":143,\"caption\":\"NHS GP\"},\"image\":{\"@id\":\"https:\/\/www.nhsgp.net\/#\/schema\/logo\/image\/\"}}]}<\/script>\n<!-- \/ Yoast SEO plugin. -->","yoast_head_json":{"title":"NHS GP Not\u00edcias - NHS GP","robots":{"index":"index","follow":"follow","max-snippet":"max-snippet:-1","max-image-preview":"max-image-preview:large","max-video-preview":"max-video-preview:-1"},"canonical":"https:\/\/www.nhsgp.net\/pt-br\/nhs-gp-news\/","og_locale":"pt_BR","og_type":"article","og_title":"NHS GP Not\u00edcias - NHS GP","og_url":"https:\/\/www.nhsgp.net\/pt-br\/nhs-gp-news\/","og_site_name":"NHS GP","article_modified_time":"2022-12-22T06:19:26+00:00","twitter_card":"summary_large_image","schema":{"@context":"https:\/\/schema.org","@graph":[{"@type":"WebPage","@id":"https:\/\/www.nhsgp.net\/pt-br\/nhs-gp-news\/","url":"https:\/\/www.nhsgp.net\/pt-br\/nhs-gp-news\/","name":"NHS GP Not\u00edcias - NHS GP","isPartOf":{"@id":"https:\/\/www.nhsgp.net\/#website"},"datePublished":"2022-10-21T06:52:22+00:00","dateModified":"2022-12-22T06:19:26+00:00","breadcrumb":{"@id":"https:\/\/www.nhsgp.net\/pt-br\/nhs-gp-news\/#breadcrumb"},"inLanguage":"pt-BR","potentialAction":[{"@type":"ReadAction","target":["https:\/\/www.nhsgp.net\/pt-br\/nhs-gp-news\/"]}]},{"@type":"BreadcrumbList","@id":"https:\/\/www.nhsgp.net\/pt-br\/nhs-gp-news\/#breadcrumb","itemListElement":[{"@type":"ListItem","position":1,"name":"Home","item":"https:\/\/www.nhsgp.net\/"},{"@type":"ListItem","position":2,"name":"NHS GP Not\u00edcias"}]},{"@type":"WebSite","@id":"https:\/\/www.nhsgp.net\/#website","url":"https:\/\/www.nhsgp.net\/","name":"NHS GP","description":"GP Pathfinder Clinics","publisher":{"@id":"https:\/\/www.nhsgp.net\/#organization"},"potentialAction":[{"@type":"SearchAction","target":{"@type":"EntryPoint","urlTemplate":"https:\/\/www.nhsgp.net\/?s={search_term_string}"},"query-input":"required name=search_term_string"}],"inLanguage":"pt-BR"},{"@type":"Organization","@id":"https:\/\/www.nhsgp.net\/#organization","name":"NHS GP","url":"https:\/\/www.nhsgp.net\/","logo":{"@type":"ImageObject","inLanguage":"pt-BR","@id":"https:\/\/www.nhsgp.net\/#\/schema\/logo\/image\/","url":"https:\/\/www.nhsgp.net\/wp-content\/uploads\/2025\/02\/NHS_LOGO.png","contentUrl":"https:\/\/www.nhsgp.net\/wp-content\/uploads\/2025\/02\/NHS_LOGO.png","width":354,"height":143,"caption":"NHS GP"},"image":{"@id":"https:\/\/www.nhsgp.net\/#\/schema\/logo\/image\/"}}]}},"jetpack_sharing_enabled":true,"_links":{"self":[{"href":"https:\/\/www.nhsgp.net\/pt-br\/wp-json\/wp\/v2\/pages\/4692","targetHints":{"allow":["GET"]}}],"collection":[{"href":"https:\/\/www.nhsgp.net\/pt-br\/wp-json\/wp\/v2\/pages"}],"about":[{"href":"https:\/\/www.nhsgp.net\/pt-br\/wp-json\/wp\/v2\/types\/page"}],"author":[{"embeddable":true,"href":"https:\/\/www.nhsgp.net\/pt-br\/wp-json\/wp\/v2\/users\/4"}],"replies":[{"embeddable":true,"href":"https:\/\/www.nhsgp.net\/pt-br\/wp-json\/wp\/v2\/comments?post=4692"}],"version-history":[{"count":3,"href":"https:\/\/www.nhsgp.net\/pt-br\/wp-json\/wp\/v2\/pages\/4692\/revisions"}],"predecessor-version":[{"id":4696,"href":"https:\/\/www.nhsgp.net\/pt-br\/wp-json\/wp\/v2\/pages\/4692\/revisions\/4696"}],"wp:attachment":[{"href":"https:\/\/www.nhsgp.net\/pt-br\/wp-json\/wp\/v2\/media?parent=4692"}],"curies":[{"name":"wp","href":"https:\/\/api.w.org\/{rel}","templated":true}]}}