{"id":4638,"date":"2022-11-16T04:04:22","date_gmt":"2022-11-16T04:04:22","guid":{"rendered":"http:\/\/1139313165.test.prositehosting.co.uk\/safe-surgery\/"},"modified":"2025-05-28T09:20:13","modified_gmt":"2025-05-28T09:20:13","slug":"safe-surgery","status":"publish","type":"page","link":"https:\/\/www.nhsgp.net\/pt-br\/safe-surgery\/","title":{"rendered":"Cirurgia Segura"},"content":{"rendered":"<div class=\"vce-row-container\" data-vce-boxed-width=\"true\"><div class=\"vce-row vce-row--col-gap-30 page-section vce-row-equal-height vce-row-content--top\" id=\"el-9491b4fa\" data-vce-do-apply=\"all el-9491b4fa\"><div class=\"vce-content-background-container\"><\/div><div class=\"vce-row-content\" data-vce-element-content=\"true\"><div class=\"vce-col vce-col--md-auto vce-col--xs-1 vce-col--xs-last vce-col--xs-first vce-col--sm-last vce-col--sm-first vce-col--md-last vce-col--lg-last vce-col--xl-last vce-col--md-first vce-col--lg-first vce-col--xl-first\" id=\"el-fc884ac5\"><div class=\"vce-col-inner\" data-vce-do-apply=\"border margin background  el-fc884ac5\"><div class=\"vce-col-content\" data-vce-element-content=\"true\" data-vce-do-apply=\"padding el-fc884ac5\"><div class=\"vce-raw-html\"><div class=\"vce-raw-html-wrapper\" id=\"el-39a96ae0\" data-vce-do-apply=\"all el-39a96ae0\"><h2 style=\"text-align: center;\">Orgulho de ser um<\/h2>\n<div class=\"space\"><\/div>\n<img decoding=\"async\" src=\"\/wp-content\/uploads\/2022\/11\/SafeSurgery.png\" alt=\"\" style=\"margin: 0 auto; display: block;max-width:100%;\">\n<div class=\"space\"><\/div>\n<div class=\"space\"><\/div>\n<div style=\"text-align: center;\"><a class=\"btn btn-lg\" href=\"https:\/\/www.nhsgp.net\/area\/\">Clique aqui para se cadastrar<\/a><\/div>\n<\/div><\/div><\/div><\/div><\/div><\/div><\/div><\/div><div class=\"vce-row-container\"><div class=\"vce-row vce-element--has-background vce-row--col-gap-30 top-page-section vce-row-equal-height vce-row-content--top\" data-vce-full-width=\"true\" id=\"el-4fb43c38\" data-vce-do-apply=\"all el-4fb43c38\"><div class=\"vce-content-background-container\"><\/div><div class=\"vce-row-content\" data-vce-element-content=\"true\"><div class=\"vce-col vce-col--md-auto vce-col--xs-1 vce-col--xs-last vce-col--xs-first vce-col--sm-last vce-col--sm-first vce-col--md-last vce-col--lg-last vce-col--xl-last vce-col--md-first vce-col--lg-first vce-col--xl-first\" id=\"el-85f4047b\"><div class=\"vce-col-inner\" data-vce-do-apply=\"border margin background  el-85f4047b\"><div class=\"vce-col-content\" data-vce-element-content=\"true\" data-vce-do-apply=\"padding el-85f4047b\"><div class=\"vce-raw-html\"><div class=\"vce-raw-html-wrapper\" id=\"el-502e0a8e\" data-vce-do-apply=\"all el-502e0a8e\"><h2 style=\"text-align: center;\">Nossa equipe cl\u00ednica<\/h2>\n<div class=\"space\"><\/div><\/div><\/div><\/div><\/div><\/div><\/div><\/div><\/div><div class=\"vce-row-container\"><div class=\"vce-row vce-element--has-background vce-row--col-gap-30  online-book-section page-section pt-0 vce-row-equal-height vce-row-content--top\" data-vce-full-width=\"true\" id=\"el-8b527857\" data-vce-do-apply=\"all el-8b527857\"><div class=\"vce-content-background-container\"><\/div><div class=\"vce-row-content\" data-vce-element-content=\"true\"><div class=\"vce-col vce-col--md-auto vce-col--xs-1 vce-col--xs-last vce-col--xs-first vce-col--sm-last vce-col--sm-first vce-col--md-first vce-col--lg-first vce-col--xl-first\" id=\"el-a61618e6\"><div class=\"vce-col-inner\" data-vce-do-apply=\"border margin background  el-a61618e6\"><div class=\"vce-col-content\" data-vce-element-content=\"true\" data-vce-do-apply=\"padding el-a61618e6\"><div class=\"vce-single-image-container vce-single-image--align-left\"><div class=\"vce vce-single-image-wrapper\" id=\"el-43676554\" data-vce-do-apply=\"all el-43676554\"><figure><div class=\"vce-single-image-figure-inner\" style=\"width: 755px;\"><div class=\"vce-single-image-inner vce-single-image--absolute\" style=\"width: 100%; padding-bottom: 135.629%;\"><img loading=\"lazy\" decoding=\"async\" class=\"vce-single-image\"  width=\"755\" height=\"1024\" srcset=\"\/wp-content\/uploads\/2022\/11\/what-we-can-do-755x1024.jpg 755w, \/wp-content\/uploads\/2022\/11\/what-we-can-do-320x434.jpg 320w, \/wp-content\/uploads\/2022\/11\/what-we-can-do-480x651.jpg 480w, \/wp-content\/uploads\/2022\/11\/what-we-can-do-800x1085.jpg 800w\" src=\"\/wp-content\/uploads\/2022\/11\/what-we-can-do-755x1024.jpg\" data-img-src=\"\/wp-content\/uploads\/2022\/11\/what-we-can-do.jpg\" data-attachment-id=\"661\"  alt=\"\" title=\"what-we-can-do\" \/><\/div><\/div><figcaption hidden=\"\"><\/figcaption><\/figure><\/div><\/div><\/div><\/div><\/div><div class=\"vce-col vce-col--md-auto vce-col--xs-1 vce-col--xs-last vce-col--xs-first vce-col--sm-last vce-col--sm-first vce-col--md-last vce-col--lg-last vce-col--xl-last\" id=\"el-d74e23ab\"><div class=\"vce-col-inner\" data-vce-do-apply=\"border margin background  el-d74e23ab\"><div class=\"vce-col-content\" data-vce-element-content=\"true\" data-vce-do-apply=\"padding el-d74e23ab\"><div class=\"vce-raw-html br-none\"><div class=\"vce-raw-html-wrapper\" id=\"el-b46c4751\" data-vce-do-apply=\"all el-b46c4751\"><p>\nEm reconhecimento \u00e0s barreiras ao acesso \u00e0 sa\u00fade enfrentadas por pessoas em situa\u00e7\u00e3o de vulnerabilidade<br>\ncircunst\u00e2ncias, incluindo migrantes, nos comprometemos a proteger o direito humano \u00e0 sa\u00fade.<br>\nTomaremos medidas para garantir que todos em nossa comunidade possam cumprir seus<br>\ndireito a cuidados de sa\u00fade de qualidade.\n<\/p>\n<p>\nEm parceria com a Doctors of the World UK, garantiremos que nossa pr\u00e1tica ofere\u00e7a um<br>\nespa\u00e7o acolhedor para todos que procuram utilizar nossos servi\u00e7os.\n<\/p>\n<p>\nConscientes de nossos deveres de defender a igualdade e a lei dos direitos humanos, implementaremos<br>\npol\u00edticas de registro de pacientes que n\u00e3o discriminam com base em ra\u00e7a, sexo, sexo<br>\norienta\u00e7\u00e3o, situa\u00e7\u00e3o imigrat\u00f3ria ou qualquer outra caracter\u00edstica.\n<\/p>\n<p>\nCom o apoio da iniciativa Safe Surgeries, garantiremos que nossa equipe entenda<br>\nas barreiras espec\u00edficas enfrentadas pelos migrantes em circunst\u00e2ncias vulner\u00e1veis \u200b\u200be que eles s\u00e3o<br>\ncom poderes para mitigar essas barreiras, sempre que poss\u00edvel.<br>\n<\/p>\n<p>\nGarantiremos que a falta de identifica\u00e7\u00e3o ou comprovante de endere\u00e7o, status de imigra\u00e7\u00e3o ou<br>\nlinguagem n\u00e3o impede o registro do paciente.\n<\/p>\n<p class=\"br-none\">\nComo membro da comunidade Safe Surgeries, nos esfor\u00e7aremos para apoiar outras<br>\nCirurgias seguras e, quando apropriado, fornecer feedback para Doctors of the World UK<br>\npara apoiar o desenvolvimento da rede.\n<\/p>\n\n<div class=\"md-space\"><\/div>\n<div style=\"text-align: left;\" class=\"btn-center\"><a href=\"\/wp-content\/uploads\/2022\/11\/Safe-Surgeries-Declaration.pdf\" target=\"_blank\" class=\"btn btn-lg \" rel=\"noopener\">Veja nossa Declara\u00e7\u00e3o de Cirurgias Seguras<\/a><\/div>\n<\/div><\/div><\/div><\/div><\/div><\/div><\/div><\/div><div class=\"vce-row-container\"><div class=\"vce-row vce-element--has-background vce-row--col-gap-30 page-section vce-row-equal-height vce-row-content--top\" data-vce-full-width=\"true\" id=\"el-c50f04b3\" data-vce-do-apply=\"all el-c50f04b3\"><div class=\"vce-content-background-container\"><\/div><div class=\"vce-row-content\" data-vce-element-content=\"true\"><div class=\"vce-col vce-col--md-auto vce-col--xs-1 vce-col--xs-last vce-col--xs-first vce-col--sm-last vce-col--sm-first vce-col--md-last vce-col--lg-last vce-col--xl-last vce-col--md-first vce-col--lg-first vce-col--xl-first\" id=\"el-f9e195aa\"><div class=\"vce-col-inner\" data-vce-do-apply=\"border margin background  el-f9e195aa\"><div class=\"vce-col-content\" data-vce-element-content=\"true\" data-vce-do-apply=\"padding el-f9e195aa\"><div class=\"vce-raw-html\"><div class=\"vce-raw-html-wrapper\" id=\"el-9d474a5e\" data-vce-do-apply=\"all el-9d474a5e\"><h2 style=\"text-align: center;\">Registre-se conosco para uma consulta m\u00e9dica online hoje<\/h2><div class=\"space\"><\/div>\n<p class=\"blue\" style=\"text-align: center;\">O registro geralmente leva menos de dois minutos<\/p>\n<p style=\"text-align: center;\">Nosso sistema de agendamento e servi\u00e7o de prescri\u00e7\u00e3o de repeti\u00e7\u00e3o do NHS on-line \u00e9 r\u00e1pido e f\u00e1cil de usar. Registre-se on-line hoje.<\/p>\n<div class=\"md-space\"><\/div>\n<div style=\"text-align: center;\"><a class=\"btn btn-lg\" href=\"https:\/\/www.nhsgp.net\/area\/\" target=\"_blank\" rel=\"noopener\">Clique aqui para se cadastrar<\/a><\/div><\/div><\/div><\/div><\/div><\/div><\/div><\/div><\/div>\n","protected":false},"excerpt":{"rendered":"<p>Orgulho de ser um Clique aqui para se cadastrar Nossa equipe cl\u00ednica Em reconhecimento \u00e0s barreiras ao acesso \u00e0 sa\u00fade enfrentadas por pessoas em situa\u00e7\u00e3o de vulnerabilidade circunst\u00e2ncias, incluindo migrantes, nos comprometemos a proteger o direito humano \u00e0 sa\u00fade. Tomaremos medidas para garantir que todos em nossa comunidade possam cumprir seus direito a cuidados de [&hellip;]<\/p>\n","protected":false},"author":4,"featured_media":0,"parent":0,"menu_order":0,"comment_status":"closed","ping_status":"closed","template":"","meta":{"_acf_changed":false,"footnotes":""},"class_list":["post-4638","page","type-page","status-publish","hentry"],"acf":[],"yoast_head":"<!-- This site is optimized with the Yoast SEO plugin v22.6 - https:\/\/yoast.com\/wordpress\/plugins\/seo\/ -->\n<title>Cirurgia Segura - NHS GP<\/title>\n<meta name=\"robots\" content=\"index, follow, max-snippet:-1, max-image-preview:large, max-video-preview:-1\" \/>\n<link rel=\"canonical\" href=\"https:\/\/www.nhsgp.net\/safe-surgery\/\" \/>\n<meta property=\"og:locale\" content=\"pt_BR\" \/>\n<meta property=\"og:type\" content=\"article\" \/>\n<meta property=\"og:title\" content=\"Cirurgia Segura - NHS GP\" \/>\n<meta property=\"og:description\" content=\"Orgulho de ser um Clique aqui para se cadastrar Nossa equipe cl\u00ednica Em reconhecimento \u00e0s barreiras ao acesso \u00e0 sa\u00fade enfrentadas por pessoas em situa\u00e7\u00e3o de vulnerabilidade circunst\u00e2ncias, incluindo migrantes, nos comprometemos a proteger o direito humano \u00e0 sa\u00fade. Tomaremos medidas para garantir que todos em nossa comunidade possam cumprir seus direito a cuidados de [&hellip;]\" \/>\n<meta property=\"og:url\" content=\"https:\/\/www.nhsgp.net\/safe-surgery\/\" \/>\n<meta property=\"og:site_name\" content=\"NHS GP\" \/>\n<meta property=\"article:modified_time\" content=\"2025-05-28T09:20:13+00:00\" \/>\n<meta name=\"twitter:card\" content=\"summary_large_image\" \/>\n<meta name=\"twitter:label1\" content=\"Est. tempo de leitura\" \/>\n\t<meta name=\"twitter:data1\" content=\"1 minuto\" \/>\n<script type=\"application\/ld+json\" class=\"yoast-schema-graph\">{\"@context\":\"https:\/\/schema.org\",\"@graph\":[{\"@type\":\"WebPage\",\"@id\":\"https:\/\/www.nhsgp.net\/safe-surgery\/\",\"url\":\"https:\/\/www.nhsgp.net\/safe-surgery\/\",\"name\":\"Cirurgia Segura - NHS GP\",\"isPartOf\":{\"@id\":\"https:\/\/www.nhsgp.net\/#website\"},\"datePublished\":\"2022-11-16T04:04:22+00:00\",\"dateModified\":\"2025-05-28T09:20:13+00:00\",\"breadcrumb\":{\"@id\":\"https:\/\/www.nhsgp.net\/safe-surgery\/#breadcrumb\"},\"inLanguage\":\"pt-BR\",\"potentialAction\":[{\"@type\":\"ReadAction\",\"target\":[\"https:\/\/www.nhsgp.net\/safe-surgery\/\"]}]},{\"@type\":\"BreadcrumbList\",\"@id\":\"https:\/\/www.nhsgp.net\/safe-surgery\/#breadcrumb\",\"itemListElement\":[{\"@type\":\"ListItem\",\"position\":1,\"name\":\"Home\",\"item\":\"https:\/\/www.nhsgp.net\/\"},{\"@type\":\"ListItem\",\"position\":2,\"name\":\"Cirurgia Segura\"}]},{\"@type\":\"WebSite\",\"@id\":\"https:\/\/www.nhsgp.net\/#website\",\"url\":\"https:\/\/www.nhsgp.net\/\",\"name\":\"NHS GP\",\"description\":\"GP Pathfinder Clinics\",\"publisher\":{\"@id\":\"https:\/\/www.nhsgp.net\/#organization\"},\"potentialAction\":[{\"@type\":\"SearchAction\",\"target\":{\"@type\":\"EntryPoint\",\"urlTemplate\":\"https:\/\/www.nhsgp.net\/?s={search_term_string}\"},\"query-input\":\"required name=search_term_string\"}],\"inLanguage\":\"pt-BR\"},{\"@type\":\"Organization\",\"@id\":\"https:\/\/www.nhsgp.net\/#organization\",\"name\":\"NHS GP\",\"url\":\"https:\/\/www.nhsgp.net\/\",\"logo\":{\"@type\":\"ImageObject\",\"inLanguage\":\"pt-BR\",\"@id\":\"https:\/\/www.nhsgp.net\/#\/schema\/logo\/image\/\",\"url\":\"https:\/\/www.nhsgp.net\/wp-content\/uploads\/2025\/02\/NHS_LOGO.png\",\"contentUrl\":\"https:\/\/www.nhsgp.net\/wp-content\/uploads\/2025\/02\/NHS_LOGO.png\",\"width\":354,\"height\":143,\"caption\":\"NHS GP\"},\"image\":{\"@id\":\"https:\/\/www.nhsgp.net\/#\/schema\/logo\/image\/\"}}]}<\/script>\n<!-- \/ Yoast SEO plugin. -->","yoast_head_json":{"title":"Cirurgia Segura - NHS GP","robots":{"index":"index","follow":"follow","max-snippet":"max-snippet:-1","max-image-preview":"max-image-preview:large","max-video-preview":"max-video-preview:-1"},"canonical":"https:\/\/www.nhsgp.net\/safe-surgery\/","og_locale":"pt_BR","og_type":"article","og_title":"Cirurgia Segura - NHS GP","og_description":"Orgulho de ser um Clique aqui para se cadastrar Nossa equipe cl\u00ednica Em reconhecimento \u00e0s barreiras ao acesso \u00e0 sa\u00fade enfrentadas por pessoas em situa\u00e7\u00e3o de vulnerabilidade circunst\u00e2ncias, incluindo migrantes, nos comprometemos a proteger o direito humano \u00e0 sa\u00fade. Tomaremos medidas para garantir que todos em nossa comunidade possam cumprir seus direito a cuidados de [&hellip;]","og_url":"https:\/\/www.nhsgp.net\/safe-surgery\/","og_site_name":"NHS GP","article_modified_time":"2025-05-28T09:20:13+00:00","twitter_card":"summary_large_image","twitter_misc":{"Est. tempo de leitura":"1 minuto"},"schema":{"@context":"https:\/\/schema.org","@graph":[{"@type":"WebPage","@id":"https:\/\/www.nhsgp.net\/safe-surgery\/","url":"https:\/\/www.nhsgp.net\/safe-surgery\/","name":"Cirurgia Segura - NHS GP","isPartOf":{"@id":"https:\/\/www.nhsgp.net\/#website"},"datePublished":"2022-11-16T04:04:22+00:00","dateModified":"2025-05-28T09:20:13+00:00","breadcrumb":{"@id":"https:\/\/www.nhsgp.net\/safe-surgery\/#breadcrumb"},"inLanguage":"pt-BR","potentialAction":[{"@type":"ReadAction","target":["https:\/\/www.nhsgp.net\/safe-surgery\/"]}]},{"@type":"BreadcrumbList","@id":"https:\/\/www.nhsgp.net\/safe-surgery\/#breadcrumb","itemListElement":[{"@type":"ListItem","position":1,"name":"Home","item":"https:\/\/www.nhsgp.net\/"},{"@type":"ListItem","position":2,"name":"Cirurgia Segura"}]},{"@type":"WebSite","@id":"https:\/\/www.nhsgp.net\/#website","url":"https:\/\/www.nhsgp.net\/","name":"NHS GP","description":"GP Pathfinder Clinics","publisher":{"@id":"https:\/\/www.nhsgp.net\/#organization"},"potentialAction":[{"@type":"SearchAction","target":{"@type":"EntryPoint","urlTemplate":"https:\/\/www.nhsgp.net\/?s={search_term_string}"},"query-input":"required name=search_term_string"}],"inLanguage":"pt-BR"},{"@type":"Organization","@id":"https:\/\/www.nhsgp.net\/#organization","name":"NHS GP","url":"https:\/\/www.nhsgp.net\/","logo":{"@type":"ImageObject","inLanguage":"pt-BR","@id":"https:\/\/www.nhsgp.net\/#\/schema\/logo\/image\/","url":"https:\/\/www.nhsgp.net\/wp-content\/uploads\/2025\/02\/NHS_LOGO.png","contentUrl":"https:\/\/www.nhsgp.net\/wp-content\/uploads\/2025\/02\/NHS_LOGO.png","width":354,"height":143,"caption":"NHS GP"},"image":{"@id":"https:\/\/www.nhsgp.net\/#\/schema\/logo\/image\/"}}]}},"jetpack_sharing_enabled":true,"_links":{"self":[{"href":"https:\/\/www.nhsgp.net\/pt-br\/wp-json\/wp\/v2\/pages\/4638","targetHints":{"allow":["GET"]}}],"collection":[{"href":"https:\/\/www.nhsgp.net\/pt-br\/wp-json\/wp\/v2\/pages"}],"about":[{"href":"https:\/\/www.nhsgp.net\/pt-br\/wp-json\/wp\/v2\/types\/page"}],"author":[{"embeddable":true,"href":"https:\/\/www.nhsgp.net\/pt-br\/wp-json\/wp\/v2\/users\/4"}],"replies":[{"embeddable":true,"href":"https:\/\/www.nhsgp.net\/pt-br\/wp-json\/wp\/v2\/comments?post=4638"}],"version-history":[{"count":4,"href":"https:\/\/www.nhsgp.net\/pt-br\/wp-json\/wp\/v2\/pages\/4638\/revisions"}],"predecessor-version":[{"id":7845,"href":"https:\/\/www.nhsgp.net\/pt-br\/wp-json\/wp\/v2\/pages\/4638\/revisions\/7845"}],"wp:attachment":[{"href":"https:\/\/www.nhsgp.net\/pt-br\/wp-json\/wp\/v2\/media?parent=4638"}],"curies":[{"name":"wp","href":"https:\/\/api.w.org\/{rel}","templated":true}]}}