{"id":4612,"date":"2022-10-21T06:25:46","date_gmt":"2022-10-21T06:25:46","guid":{"rendered":"https:\/\/sweet-satoshi.77-68-103-63.plesk.page\/nhs-coronavirus-test\/"},"modified":"2023-01-24T15:46:33","modified_gmt":"2023-01-24T15:46:33","slug":"nhs-coronavirus-test","status":"publish","type":"page","link":"https:\/\/www.nhsgp.net\/pt-br\/nhs-coronavirus-test\/","title":{"rendered":"Teste de coronav\u00edrus do NHS"},"content":{"rendered":"<div class=\"vce-row-container\" data-vce-boxed-width=\"true\"><div class=\"vce-row vce-row--col-gap-30 vce-row-equal-height vce-row-content--top\" id=\"el-f12bfd6c\" data-vce-do-apply=\"all el-f12bfd6c\"><div class=\"vce-row-content\" data-vce-element-content=\"true\"><div class=\"vce-col vce-col--md-auto vce-col--xs-1 vce-col--xs-last vce-col--xs-first vce-col--sm-last vce-col--sm-first vce-col--md-last vce-col--lg-last vce-col--xl-last vce-col--md-first vce-col--lg-first vce-col--xl-first\" id=\"el-bdc0f93b\"><div class=\"vce-col-inner\" data-vce-do-apply=\"border margin background  el-bdc0f93b\"><div class=\"vce-col-content\" data-vce-element-content=\"true\" data-vce-do-apply=\"padding el-bdc0f93b\"><div class=\"vce-row-container\" data-vce-boxed-width=\"true\"><div class=\"vce-row vce-row--col-gap-30 page-section vce-row-equal-height vce-row-content--top\" id=\"el-1c42ae21\" data-vce-do-apply=\"all el-1c42ae21\"><div class=\"vce-row-content\" data-vce-element-content=\"true\"><div class=\"vce-col vce-col--md-auto vce-col--xs-1 vce-col--xs-last vce-col--xs-first vce-col--sm-last vce-col--sm-first vce-col--md-last vce-col--lg-last vce-col--xl-last vce-col--md-first vce-col--lg-first vce-col--xl-first\" id=\"el-517b4c91\"><div class=\"vce-col-inner\" data-vce-do-apply=\"border margin background  el-517b4c91\"><div class=\"vce-col-content\" data-vce-element-content=\"true\" data-vce-do-apply=\"padding el-517b4c91\"><div class=\"vce-raw-html\"><div class=\"vce-raw-html-wrapper\" id=\"el-a34f9a8d\" data-vce-do-apply=\"all el-a34f9a8d\"><h1 style=\"text-align: center;\">teste de coronav\u00edrus<\/h1>\n<div class=\"space\"><\/div>\n<p style=\"text-align: center;\">Minimize a dissemina\u00e7\u00e3o do COVID-19 hoje mesmo, solicitando um kit de teste de coronav\u00edrus assim que sentir os sintomas. Tosse persistente, aumento da temperatura e dores de cabe\u00e7a s\u00e3o apenas alguns dos sinais de que voc\u00ea pode ter COVID-19 - mesmo para quem est\u00e1 vacinado. Encomende um kit para sua casa hoje e mantenha voc\u00ea e outras pessoas seguras.<\/p>\n<div class=\"md-space\"><\/div>\n<p style=\"text-align: center;\" class=\"text-light\"><small>*Para se registrar, voc\u00ea precisar\u00e1 mudar de sua cl\u00ednica de GP atual. Ap\u00f3s a inscri\u00e7\u00e3o, um per\u00edodo de registro ser\u00e1 aplicado antes que voc\u00ea possa acessar o servi\u00e7o. Dispon\u00edvel para pessoas que moram ou trabalham na \u00e1rea de abrang\u00eancia de uma de nossas cl\u00ednicas.<\/small><\/p>\n<div class=\"md-space\"><\/div>\n<div style=\"text-align: center;\"><a class=\"btn btn-lg\" href=\"https:\/\/www.nhsgp.net\/area\/\" target=\"_blank\" rel=\"noopener\">Clique aqui para se cadastrar<\/a><\/div>\n\n<\/div><\/div><\/div><\/div><\/div><\/div><\/div><\/div><\/div><\/div><\/div><\/div><\/div><\/div><div class=\"vce-row-container\" data-vce-boxed-width=\"true\"><div class=\"vce-row vce-element--has-background vce-row--col-gap-30 vce-row-equal-height vce-row-content--top\" id=\"el-16dc2c4d\" data-vce-do-apply=\"all el-16dc2c4d\"><div class=\"vce-content-background-container\"><\/div><div class=\"vce-row-content\" data-vce-element-content=\"true\"><div class=\"vce-col vce-col--md-auto vce-col--xs-1 vce-col--xs-last vce-col--xs-first vce-col--sm-last vce-col--sm-first vce-col--md-last vce-col--lg-last vce-col--xl-last vce-col--md-first vce-col--lg-first vce-col--xl-first\" id=\"el-a14afb59\"><div class=\"vce-col-inner\" data-vce-do-apply=\"border margin background  el-a14afb59\"><div class=\"vce-col-content\" data-vce-element-content=\"true\" data-vce-do-apply=\"padding el-a14afb59\"><div class=\"vce-row-container\"><div class=\"vce-row vce-element--has-background vce-row--col-gap-30 page-section mb-0 vce-row-equal-height vce-row-content--top\" data-vce-full-width=\"true\" id=\"el-08d305f7\" data-vce-do-apply=\"all el-08d305f7\"><div class=\"vce-content-background-container\"><\/div><div class=\"vce-row-content\" data-vce-element-content=\"true\"><div class=\"vce-col vce-col--md-auto vce-col--xs-1 vce-col--xs-last vce-col--xs-first vce-col--sm-last vce-col--sm-first vce-col--md-last vce-col--lg-last vce-col--xl-last vce-col--md-first vce-col--lg-first vce-col--xl-first\" id=\"el-78ef159d\"><div class=\"vce-col-inner\" data-vce-do-apply=\"border margin background  el-78ef159d\"><div class=\"vce-col-content\" data-vce-element-content=\"true\" data-vce-do-apply=\"padding el-78ef159d\"><div class=\"vce-raw-html\"><div class=\"vce-raw-html-wrapper\" id=\"el-346e0a15\" data-vce-do-apply=\"all el-346e0a15\"><h2 style=\"text-align: center;\">Obtenha ajuda on-line do NHS Coronavirus\n<\/h2><div class=\"md-space\"><\/div>\n<p style=\"text-align: center;\">\nSe voc\u00ea est\u00e1 preocupado com o COVID-19 e deseja aconselhamento profissional, use nosso portal online de teste de coronav\u00edrus hoje mesmo. No NHS GP, voc\u00ea pode obter ajuda especializada por meio de nossas quatro cirurgias no noroeste de Londres em Wembley, Alperton, Willesden e Queen's Park. Cuide da sua sa\u00fade hoje e utilize a ajuda dispon\u00edvel do NHS para o coronav\u00edrus.\n<\/p>\n<p style=\"text-align: center;\">\n\tPor favor, escolha o servi\u00e7o desejado abaixo\n<\/p>\n<div class=\"space\"><\/div><\/div><\/div><div class=\"vce-raw-html\"><div class=\"vce-raw-html-wrapper\" id=\"el-3e7bfb80\" data-vce-do-apply=\"all el-3e7bfb80\"><div class=\"tabbedPanels\">  \n<ul class=\"tabs\">\n<li><a href=\"#panel1\">Consulta Online Tosse<\/a><\/li>\n<li><a href=\"#panel2\">Mais ajuda sobre o Covid-19<\/a><\/li>\n<\/ul>\n\n<div class=\"panelContainer\">\n<div id=\"panel1\" class=\"panel\">\n\n<ol class=\"rteBlock defaultList\">\n<li>\n<a href=\"https:\/\/hazeldenegps.webgp.com\/react-consult-coughs?codeName=BRP_CGH#EC\" target=\"_blank\" rel=\"noopener\">\nConsulte-nos sobre a sua tosse e pe\u00e7a um Teste Covid\n<\/a>\n<\/li>\n<li>\n<a href=\"https:\/\/test-for-coronavirus.service.gov.uk\/register-kit\" target=\"_blank\" rel=\"noopener\">\nRegistre seu c\u00f3digo de barras de teste\n<\/a>\n<\/li>\n<\/ol>    \n<\/div>  <!-- end panel 1 -->\n\n\n<div id=\"panel2\" class=\"panel\">\n\n<ol class=\"rteBlock defaultList\">\n<li>\n<a href=\"\/wp-content\/uploads\/2022\/11\/23rd-September-PHE-letter-to-parents-and-guardians.pdf\" target=\"_blank\" rel=\"noopener\">\n23 de setembro - Carta do PHE aos pais e respons\u00e1veis\n<\/a>\n<\/li>\n<li>\n<button type=\"button\" data-bs-toggle=\"modal\" data-bs-target=\"#myModal3\" class=\"no-btn\">\n    Clique aqui para os \u00faltimos testes e outros recursos\n  <\/button>\t\n<\/li>\n<li>\n<a href=\"https:\/\/www.yourcovidrecovery.nhs.uk\/\" target=\"_blank\" rel=\"noopener\">\nClique aqui para apoiar sua recupera\u00e7\u00e3o ap\u00f3s o COVID-19\n<\/a>\n<\/li>\n<\/ol>   \n<\/div> <!-- end panel 2 -->\n\n\n<\/div> <!-- end div class=\"panelContainer\" or panel wrapper -->\n\n<\/div> <!-- ends the tabbed panels \/ wrapper--><\/div><\/div><\/div><\/div><\/div><\/div><\/div><\/div><\/div><\/div><\/div><\/div><\/div><\/div><div class=\"vce-row-container\" data-vce-boxed-width=\"true\"><div class=\"vce-row vce-row--col-gap-30 vce-row-equal-height vce-row-content--top\" id=\"el-e00fce14\" data-vce-do-apply=\"all el-e00fce14\"><div class=\"vce-row-content\" data-vce-element-content=\"true\"><div class=\"vce-col vce-col--md-auto vce-col--xs-1 vce-col--xs-last vce-col--xs-first vce-col--sm-last vce-col--sm-first vce-col--md-last vce-col--lg-last vce-col--xl-last vce-col--md-first vce-col--lg-first vce-col--xl-first\" id=\"el-2f93beae\"><div class=\"vce-col-inner\" data-vce-do-apply=\"border margin background  el-2f93beae\"><div class=\"vce-col-content\" data-vce-element-content=\"true\" data-vce-do-apply=\"padding el-2f93beae\"><div class=\"vce-row-container\"><div class=\"vce-row vce-element--has-background vce-row--col-gap-30 page-section mb-0 vce-row-equal-height vce-row-content--middle\" data-vce-full-width=\"true\" id=\"el-2b6db660\" data-vce-do-apply=\"all el-2b6db660\"><div class=\"vce-content-background-container\"><\/div><div class=\"vce-row-content\" data-vce-element-content=\"true\"><div class=\"vce-col vce-col--md-auto vce-col--xs-1 vce-col--xs-last vce-col--xs-first vce-col--sm-last vce-col--sm-first vce-col--md-last vce-col--lg-last vce-col--xl-last vce-col--md-first vce-col--lg-first vce-col--xl-first\" id=\"el-892387d4\"><div class=\"vce-col-inner\" data-vce-do-apply=\"border margin background  el-892387d4\"><div class=\"vce-col-content\" data-vce-element-content=\"true\" data-vce-do-apply=\"padding el-892387d4\"><div class=\"vce-raw-html\"><div class=\"vce-raw-html-wrapper\" id=\"el-8b21ec28\" data-vce-do-apply=\"all el-8b21ec28\"><h2 style=\"text-align: center;\">Fique seguro com a ajuda do NHS Coronavirus<\/h2><div class=\"space\"><\/div>\n<div class=\"space\"><\/div><\/div><\/div><div class=\"vce-row-container\" data-vce-boxed-width=\"true\"><div class=\"vce-row vce-row--col-gap-30 vce-row-equal-height vce-row-content--middle\" id=\"el-63ddddb7\" data-vce-do-apply=\"all el-63ddddb7\"><div class=\"vce-row-content\" data-vce-element-content=\"true\"><div class=\"vce-col vce-col--md-47p vce-col--xs-1 vce-col--xs-last vce-col--xs-first vce-col--sm-last vce-col--sm-first vce-col--md-first vce-col--lg-first vce-col--xl-first\" id=\"el-3c408f06\"><div class=\"vce-col-inner\" data-vce-do-apply=\"border margin background  el-3c408f06\"><div class=\"vce-col-content\" data-vce-element-content=\"true\" data-vce-do-apply=\"padding el-3c408f06\"><div class=\"vce-yt-video-player vce-yt-video-player--align-left vce-yt-video-player--size-custom\"><div class=\"vce vce-yt-video-player-wrapper\" id=\"el-8d033064\" data-vce-do-apply=\"all el-8d033064\" style=\"width: 100%;\"><div class=\"vce-yt-video-player-inner\"><iframe loading=\"lazy\" class=\"vce-yt-video-player-iframe\" src=\"https:\/\/www.youtube.com\/embed\/7fEwvO695XE?autoplay=0&amp;mute=0&amp;color=red&amp;controls=1&amp;loop=0&amp;rel=0&amp;start=0&amp;cc_load_policy=0&amp;iv_load_policy=3&amp;enablejsapi=1\" width=\"640\" height=\"390\" allowfullscreen=\"\" title=\"YouTube video\"><\/iframe><\/div><\/div><\/div><\/div><\/div><\/div><div class=\"vce-col vce-col--md-6p vce-col--xs-1 vce-col--xs-last vce-col--xs-first vce-col--sm-last vce-col--sm-first\" id=\"el-c773289a\"><div class=\"vce-col-inner\" data-vce-do-apply=\"border margin background  el-c773289a\"><div class=\"vce-col-content\" data-vce-element-content=\"true\" data-vce-do-apply=\"padding el-c773289a\"><div><\/div><\/div><\/div><\/div><div class=\"vce-col vce-col--md-47p vce-col--xs-1 vce-col--xs-last vce-col--xs-first vce-col--sm-last vce-col--sm-first vce-col--md-last vce-col--lg-last vce-col--xl-last\" id=\"el-dd1db93d\"><div class=\"vce-col-inner\" data-vce-do-apply=\"border margin background  el-dd1db93d\"><div class=\"vce-col-content\" data-vce-element-content=\"true\" data-vce-do-apply=\"padding el-dd1db93d\"><div class=\"vce-raw-html\"><div class=\"vce-raw-html-wrapper\" id=\"el-c9d55a64\" data-vce-do-apply=\"all el-c9d55a64\"><p>Se voc\u00ea est\u00e1 preocupado com a COVID-19, acha que pode ter a doen\u00e7a ou precisa de conselhos sobre como fazer o teste, registre-se conosco hoje e podemos fornecer uma variedade de servi\u00e7os \u00fateis.<\/p>\n\n<p>N\u00e3o corra riscos quando se trata da doen\u00e7a do Coronav\u00edrus. Nossa equipe profissional est\u00e1 \u00e0 disposi\u00e7\u00e3o para fornecer conselhos sobre o COVID-19 se voc\u00ea estiver em contato com algu\u00e9m que testou positivo para o coronav\u00edrus. Tamb\u00e9m podemos fornecer kits de teste caseiro de coronav\u00edrus para que voc\u00ea possa ter certeza se tem COVID-19, bem como uma consulta on-line para tosse para ajud\u00e1-lo a determinar se sua tosse \u00e9 motivo de preocupa\u00e7\u00e3o.<\/p>\n\n<p>Ao se registrar conosco, voc\u00ea tem acesso a quatro cirurgias no noroeste de Londres em Wembley, Alperton, Willesden e Queen's Park. Registre-se hoje para o teste de coronav\u00edrus do NHS e muito mais.<\/p><\/div><\/div><\/div><\/div><\/div><\/div><\/div><\/div><div class=\"vce-row-container\" data-vce-boxed-width=\"true\"><div class=\"vce-row vce-row--col-gap-30 page-section pb-0 all-btn-wrap vce-row-equal-height vce-row-content--top\" id=\"el-3a4764e7\" data-vce-do-apply=\"all el-3a4764e7\"><div class=\"vce-row-content\" data-vce-element-content=\"true\"><div class=\"vce-col vce-col--md-auto vce-col--xs-1 vce-col--xs-last vce-col--xs-first vce-col--sm-last vce-col--sm-first vce-col--md-first vce-col--lg-first vce-col--xl-first\" id=\"el-b9e1c69b\"><div class=\"vce-col-inner\" data-vce-do-apply=\"border margin background  el-b9e1c69b\"><div class=\"vce-col-content\" data-vce-element-content=\"true\" data-vce-do-apply=\"padding el-b9e1c69b\"><div class=\"vce-raw-html\"><div class=\"vce-raw-html-wrapper\" id=\"el-85922e4c\" data-vce-do-apply=\"all el-85922e4c\"><a class=\"btn btn-lg btn-full-width\" href=\"https:\/\/www.youtube.com\/watch?v=Xaw8DsF2Igc\" target=\"_blank\" rel=\"noopener\">V\u00eddeo de instru\u00e7\u00e3o de teste<\/a><\/div><\/div><\/div><\/div><\/div><div class=\"vce-col vce-col--md-auto vce-col--xs-1 vce-col--xs-last vce-col--xs-first vce-col--sm-last vce-col--sm-first\" id=\"el-d8d5dfbd\"><div class=\"vce-col-inner\" data-vce-do-apply=\"border margin background  el-d8d5dfbd\"><div class=\"vce-col-content\" data-vce-element-content=\"true\" data-vce-do-apply=\"padding el-d8d5dfbd\"><div class=\"vce-raw-html\"><div class=\"vce-raw-html-wrapper\" id=\"el-53ae56da\" data-vce-do-apply=\"all el-53ae56da\"><a class=\"btn btn-lg btn-full-width\" href=\"https:\/\/www.youtube.com\/watch?v=w9NOIwzq7x0\" target=\"_blank\" rel=\"noopener\">Assista \u00e0s perguntas frequentes do BAME sobre a vacina\u00e7\u00e3o contra a Covid-19<\/a><\/div><\/div><\/div><\/div><\/div><div class=\"vce-col vce-col--md-auto vce-col--xs-1 vce-col--xs-last vce-col--xs-first vce-col--sm-last vce-col--sm-first vce-col--md-last vce-col--lg-last vce-col--xl-last\" id=\"el-c54ffd85\"><div class=\"vce-col-inner\" data-vce-do-apply=\"border margin background  el-c54ffd85\"><div class=\"vce-col-content\" data-vce-element-content=\"true\" data-vce-do-apply=\"padding el-c54ffd85\"><div class=\"vce-raw-html\"><div class=\"vce-raw-html-wrapper\" id=\"el-9db00d6b\" data-vce-do-apply=\"all el-9db00d6b\"><a target=\"_blank\" class=\"btn btn-lg btn-full-width\" href=\"https:\/\/www.youtube.com\/watch?v=rzpZSTd48rQ&amp;feature=youtu.be\" rel=\"noopener\">Por que a vacina COVID \u00e9 segura e eficaz para todos<\/a><\/div><\/div><\/div><\/div><\/div><\/div><\/div><\/div><\/div><\/div><\/div><\/div><\/div><\/div><\/div><\/div><\/div><\/div><\/div><\/div><div class=\"vce-row-container\" data-vce-boxed-width=\"true\"><div class=\"vce-row vce-row--col-gap-30 vce-row-equal-height vce-row-content--top\" id=\"el-b642f6b0\" data-vce-do-apply=\"all el-b642f6b0\"><div class=\"vce-row-content\" data-vce-element-content=\"true\"><div class=\"vce-col vce-col--md-auto vce-col--xs-1 vce-col--xs-last vce-col--xs-first vce-col--sm-last vce-col--sm-first vce-col--md-last vce-col--lg-last vce-col--xl-last vce-col--md-first vce-col--lg-first vce-col--xl-first\" id=\"el-202c4107\"><div class=\"vce-col-inner\" data-vce-do-apply=\"border margin background  el-202c4107\"><div class=\"vce-col-content\" data-vce-element-content=\"true\" data-vce-do-apply=\"padding el-202c4107\"><div class=\"vce-row-container\"><div class=\"vce-row vce-element--has-background vce-row--col-gap-30 page-section mb-0 vce-row-equal-height vce-row-content--top\" data-vce-full-width=\"true\" id=\"el-8397c9d9\" data-vce-do-apply=\"all el-8397c9d9\"><div class=\"vce-content-background-container\"><\/div><div class=\"vce-row-content\" data-vce-element-content=\"true\"><div class=\"vce-col vce-col--md-auto vce-col--xs-1 vce-col--xs-last vce-col--xs-first vce-col--sm-last vce-col--sm-first vce-col--md-last vce-col--lg-last vce-col--xl-last vce-col--md-first vce-col--lg-first vce-col--xl-first\" id=\"el-c1002d09\"><div class=\"vce-col-inner\" data-vce-do-apply=\"border margin background  el-c1002d09\"><div class=\"vce-col-content\" data-vce-element-content=\"true\" data-vce-do-apply=\"padding el-c1002d09\"><div class=\"vce-raw-html\"><div class=\"vce-raw-html-wrapper\" id=\"el-487dfebb\" data-vce-do-apply=\"all el-487dfebb\"><h2 style=\"text-align: center;\">Registre-se conosco para uma consulta m\u00e9dica online hoje<\/h2><div class=\"space\"><\/div>\n<p class=\"blue\" style=\"text-align: center;\">O registro geralmente leva menos de dois minutos<\/p>\n<p style=\"text-align: center;\">Nosso sistema de agendamento e servi\u00e7o de prescri\u00e7\u00e3o de repeti\u00e7\u00e3o do NHS on-line \u00e9 r\u00e1pido e f\u00e1cil de usar. Registre-se on-line hoje.<\/p>\n<div class=\"md-space\"><\/div>\n<div style=\"text-align: center;\"><a class=\"btn btn-lg\" href=\"https:\/\/www.nhsgp.net\/area\/\" target=\"_blank\" rel=\"noopener\">Clique aqui para se cadastrar<\/a><\/div><\/div><\/div><\/div><\/div><\/div><\/div><\/div><\/div><\/div><\/div><\/div><\/div><\/div><\/div>","protected":false},"excerpt":{"rendered":"<p>teste de coronav\u00edrus Minimize a dissemina\u00e7\u00e3o do COVID-19 hoje mesmo, solicitando um kit de teste de coronav\u00edrus assim que sentir os sintomas. Tosse persistente, aumento da temperatura e dores de cabe\u00e7a s\u00e3o apenas alguns dos sinais de que voc\u00ea pode ter COVID-19 &#8211; mesmo para quem est\u00e1 vacinado. Encomende um kit para sua casa hoje [&hellip;]<\/p>\n","protected":false},"author":4,"featured_media":0,"parent":0,"menu_order":0,"comment_status":"closed","ping_status":"closed","template":"","meta":{"_acf_changed":false,"footnotes":""},"class_list":["post-4612","page","type-page","status-publish","hentry"],"acf":[],"yoast_head":"<!-- This site is optimized with the Yoast SEO plugin v22.6 - https:\/\/yoast.com\/wordpress\/plugins\/seo\/ -->\n<title>Coronavirus Home Test Kit - Covid 19 Test | NHS GP<\/title>\n<meta name=\"description\" content=\"Minimise the spread of COVID-19 today by ordering a Coronavirus testing kit as soon as you experience symptoms. Get your test today!\" \/>\n<meta name=\"robots\" content=\"index, follow, max-snippet:-1, max-image-preview:large, max-video-preview:-1\" \/>\n<link rel=\"canonical\" href=\"https:\/\/www.nhsgp.net\/pt-br\/nhs-coronavirus-test\/\" \/>\n<meta property=\"og:locale\" content=\"pt_BR\" \/>\n<meta property=\"og:type\" content=\"article\" \/>\n<meta property=\"og:title\" content=\"Coronavirus Home Test Kit - Covid 19 Test | NHS GP\" \/>\n<meta property=\"og:description\" content=\"Minimise the spread of COVID-19 today by ordering a Coronavirus testing kit as soon as you experience symptoms. Get your test today!\" \/>\n<meta property=\"og:url\" content=\"https:\/\/www.nhsgp.net\/pt-br\/nhs-coronavirus-test\/\" \/>\n<meta property=\"og:site_name\" content=\"NHS GP\" \/>\n<meta property=\"article:modified_time\" content=\"2023-01-24T15:46:33+00:00\" \/>\n<meta name=\"twitter:card\" content=\"summary_large_image\" \/>\n<meta name=\"twitter:label1\" content=\"Est. tempo de leitura\" \/>\n\t<meta name=\"twitter:data1\" content=\"2 minutos\" \/>\n<script type=\"application\/ld+json\" class=\"yoast-schema-graph\">{\"@context\":\"https:\/\/schema.org\",\"@graph\":[{\"@type\":\"WebPage\",\"@id\":\"https:\/\/www.nhsgp.net\/pt-br\/nhs-coronavirus-test\/\",\"url\":\"https:\/\/www.nhsgp.net\/pt-br\/nhs-coronavirus-test\/\",\"name\":\"Coronavirus Home Test Kit - Covid 19 Test | NHS GP\",\"isPartOf\":{\"@id\":\"https:\/\/www.nhsgp.net\/#website\"},\"datePublished\":\"2022-10-21T06:25:46+00:00\",\"dateModified\":\"2023-01-24T15:46:33+00:00\",\"description\":\"Minimise the spread of COVID-19 today by ordering a Coronavirus testing kit as soon as you experience symptoms. Get your test today!\",\"breadcrumb\":{\"@id\":\"https:\/\/www.nhsgp.net\/pt-br\/nhs-coronavirus-test\/#breadcrumb\"},\"inLanguage\":\"pt-BR\",\"potentialAction\":[{\"@type\":\"ReadAction\",\"target\":[\"https:\/\/www.nhsgp.net\/pt-br\/nhs-coronavirus-test\/\"]}]},{\"@type\":\"BreadcrumbList\",\"@id\":\"https:\/\/www.nhsgp.net\/pt-br\/nhs-coronavirus-test\/#breadcrumb\",\"itemListElement\":[{\"@type\":\"ListItem\",\"position\":1,\"name\":\"Home\",\"item\":\"https:\/\/www.nhsgp.net\/\"},{\"@type\":\"ListItem\",\"position\":2,\"name\":\"Teste de coronav\u00edrus do NHS\"}]},{\"@type\":\"WebSite\",\"@id\":\"https:\/\/www.nhsgp.net\/#website\",\"url\":\"https:\/\/www.nhsgp.net\/\",\"name\":\"NHS GP\",\"description\":\"GP Pathfinder Clinics\",\"publisher\":{\"@id\":\"https:\/\/www.nhsgp.net\/#organization\"},\"potentialAction\":[{\"@type\":\"SearchAction\",\"target\":{\"@type\":\"EntryPoint\",\"urlTemplate\":\"https:\/\/www.nhsgp.net\/?s={search_term_string}\"},\"query-input\":\"required name=search_term_string\"}],\"inLanguage\":\"pt-BR\"},{\"@type\":\"Organization\",\"@id\":\"https:\/\/www.nhsgp.net\/#organization\",\"name\":\"NHS GP\",\"url\":\"https:\/\/www.nhsgp.net\/\",\"logo\":{\"@type\":\"ImageObject\",\"inLanguage\":\"pt-BR\",\"@id\":\"https:\/\/www.nhsgp.net\/#\/schema\/logo\/image\/\",\"url\":\"https:\/\/www.nhsgp.net\/wp-content\/uploads\/2025\/02\/NHS_LOGO.png\",\"contentUrl\":\"https:\/\/www.nhsgp.net\/wp-content\/uploads\/2025\/02\/NHS_LOGO.png\",\"width\":354,\"height\":143,\"caption\":\"NHS GP\"},\"image\":{\"@id\":\"https:\/\/www.nhsgp.net\/#\/schema\/logo\/image\/\"}}]}<\/script>\n<!-- \/ Yoast SEO plugin. -->","yoast_head_json":{"title":"Coronavirus Home Test Kit - Covid 19 Test | NHS GP","description":"Minimise the spread of COVID-19 today by ordering a Coronavirus testing kit as soon as you experience symptoms. Get your test today!","robots":{"index":"index","follow":"follow","max-snippet":"max-snippet:-1","max-image-preview":"max-image-preview:large","max-video-preview":"max-video-preview:-1"},"canonical":"https:\/\/www.nhsgp.net\/pt-br\/nhs-coronavirus-test\/","og_locale":"pt_BR","og_type":"article","og_title":"Coronavirus Home Test Kit - Covid 19 Test | NHS GP","og_description":"Minimise the spread of COVID-19 today by ordering a Coronavirus testing kit as soon as you experience symptoms. Get your test today!","og_url":"https:\/\/www.nhsgp.net\/pt-br\/nhs-coronavirus-test\/","og_site_name":"NHS GP","article_modified_time":"2023-01-24T15:46:33+00:00","twitter_card":"summary_large_image","twitter_misc":{"Est. tempo de leitura":"2 minutos"},"schema":{"@context":"https:\/\/schema.org","@graph":[{"@type":"WebPage","@id":"https:\/\/www.nhsgp.net\/pt-br\/nhs-coronavirus-test\/","url":"https:\/\/www.nhsgp.net\/pt-br\/nhs-coronavirus-test\/","name":"Coronavirus Home Test Kit - Covid 19 Test | NHS GP","isPartOf":{"@id":"https:\/\/www.nhsgp.net\/#website"},"datePublished":"2022-10-21T06:25:46+00:00","dateModified":"2023-01-24T15:46:33+00:00","description":"Minimise the spread of COVID-19 today by ordering a Coronavirus testing kit as soon as you experience symptoms. Get your test today!","breadcrumb":{"@id":"https:\/\/www.nhsgp.net\/pt-br\/nhs-coronavirus-test\/#breadcrumb"},"inLanguage":"pt-BR","potentialAction":[{"@type":"ReadAction","target":["https:\/\/www.nhsgp.net\/pt-br\/nhs-coronavirus-test\/"]}]},{"@type":"BreadcrumbList","@id":"https:\/\/www.nhsgp.net\/pt-br\/nhs-coronavirus-test\/#breadcrumb","itemListElement":[{"@type":"ListItem","position":1,"name":"Home","item":"https:\/\/www.nhsgp.net\/"},{"@type":"ListItem","position":2,"name":"Teste de coronav\u00edrus do NHS"}]},{"@type":"WebSite","@id":"https:\/\/www.nhsgp.net\/#website","url":"https:\/\/www.nhsgp.net\/","name":"NHS GP","description":"GP Pathfinder Clinics","publisher":{"@id":"https:\/\/www.nhsgp.net\/#organization"},"potentialAction":[{"@type":"SearchAction","target":{"@type":"EntryPoint","urlTemplate":"https:\/\/www.nhsgp.net\/?s={search_term_string}"},"query-input":"required name=search_term_string"}],"inLanguage":"pt-BR"},{"@type":"Organization","@id":"https:\/\/www.nhsgp.net\/#organization","name":"NHS GP","url":"https:\/\/www.nhsgp.net\/","logo":{"@type":"ImageObject","inLanguage":"pt-BR","@id":"https:\/\/www.nhsgp.net\/#\/schema\/logo\/image\/","url":"https:\/\/www.nhsgp.net\/wp-content\/uploads\/2025\/02\/NHS_LOGO.png","contentUrl":"https:\/\/www.nhsgp.net\/wp-content\/uploads\/2025\/02\/NHS_LOGO.png","width":354,"height":143,"caption":"NHS GP"},"image":{"@id":"https:\/\/www.nhsgp.net\/#\/schema\/logo\/image\/"}}]}},"jetpack_sharing_enabled":true,"_links":{"self":[{"href":"https:\/\/www.nhsgp.net\/pt-br\/wp-json\/wp\/v2\/pages\/4612","targetHints":{"allow":["GET"]}}],"collection":[{"href":"https:\/\/www.nhsgp.net\/pt-br\/wp-json\/wp\/v2\/pages"}],"about":[{"href":"https:\/\/www.nhsgp.net\/pt-br\/wp-json\/wp\/v2\/types\/page"}],"author":[{"embeddable":true,"href":"https:\/\/www.nhsgp.net\/pt-br\/wp-json\/wp\/v2\/users\/4"}],"replies":[{"embeddable":true,"href":"https:\/\/www.nhsgp.net\/pt-br\/wp-json\/wp\/v2\/comments?post=4612"}],"version-history":[{"count":6,"href":"https:\/\/www.nhsgp.net\/pt-br\/wp-json\/wp\/v2\/pages\/4612\/revisions"}],"predecessor-version":[{"id":7698,"href":"https:\/\/www.nhsgp.net\/pt-br\/wp-json\/wp\/v2\/pages\/4612\/revisions\/7698"}],"wp:attachment":[{"href":"https:\/\/www.nhsgp.net\/pt-br\/wp-json\/wp\/v2\/media?parent=4612"}],"curies":[{"name":"wp","href":"https:\/\/api.w.org\/{rel}","templated":true}]}}