{"id":4608,"date":"2022-11-10T12:57:53","date_gmt":"2022-11-10T12:57:53","guid":{"rendered":"https:\/\/sweet-satoshi.77-68-103-63.plesk.page\/nhs-app\/"},"modified":"2025-05-27T11:46:08","modified_gmt":"2025-05-27T11:46:08","slug":"nhs-app","status":"publish","type":"page","link":"https:\/\/www.nhsgp.net\/pt-br\/nhs-app\/","title":{"rendered":"Aplicativo do NHS"},"content":{"rendered":"<div class=\"vce-row-container\" data-vce-boxed-width=\"true\"><div class=\"vce-row vce-row--col-gap-30 page-section vce-row-equal-height vce-row-content--top\" id=\"el-9491b4fa\" data-vce-do-apply=\"all el-9491b4fa\"><div class=\"vce-row-content\" data-vce-element-content=\"true\"><div class=\"vce-col vce-col--md-auto vce-col--xs-1 vce-col--xs-last vce-col--xs-first vce-col--sm-last vce-col--sm-first vce-col--md-last vce-col--lg-last vce-col--xl-last vce-col--md-first vce-col--lg-first vce-col--xl-first\" id=\"el-fc884ac5\"><div class=\"vce-col-inner\" data-vce-do-apply=\"border margin background  el-fc884ac5\"><div class=\"vce-col-content\" data-vce-element-content=\"true\" data-vce-do-apply=\"padding el-fc884ac5\"><div class=\"vce-single-image-container vce-single-image--align-center\"><div class=\"vce vce-single-image-wrapper\" id=\"el-f61c485a\" data-vce-do-apply=\"all el-f61c485a\"><figure><div class=\"vce-single-image-figure-inner\" style=\"width: 73px;\"><div class=\"vce-single-image-inner vce-single-image--absolute\" style=\"width: 100%; padding-bottom: 100%;\"><img loading=\"lazy\" decoding=\"async\" class=\"vce-single-image\"  width=\"73\" height=\"73\" srcset=\"\/wp-content\/uploads\/2022\/12\/nhs-73x73.png 73w\" src=\"\/wp-content\/uploads\/2022\/12\/nhs-73x73.png\" data-img-src=\"\/wp-content\/uploads\/2022\/11\/nhs.png\" data-attachment-id=\"185\"  alt=\"\" title=\"nhs\" \/><\/div><\/div><figcaption hidden=\"\"><\/figcaption><\/figure><\/div><\/div><div class=\"vce-raw-html\"><div class=\"vce-raw-html-wrapper\" id=\"el-39a96ae0\" data-vce-do-apply=\"all el-39a96ae0\"><h1 style=\"text-align: center;\">Aplicativo do NHS<\/h1>\n<div class=\"md-space\"><\/div>\n<p style=\"text-align: center;\">Os registros de login do aplicativo do NHS s\u00e3o processados \u200b\u200bo mais r\u00e1pido poss\u00edvel, mas podem demorar mais do que o normal quando h\u00e1 um grande n\u00famero de solicita\u00e7\u00f5es de servi\u00e7os on-line de GP.\n<\/p>\n<\/div><\/div><\/div><\/div><\/div><\/div><\/div><\/div><div class=\"vce-row-container\"><div class=\"vce-row vce-element--has-background vce-row--col-gap-30 top-page-section vce-row-equal-height vce-row-content--top\" data-vce-full-width=\"true\" id=\"el-4fb43c38\" data-vce-do-apply=\"all el-4fb43c38\"><div class=\"vce-content-background-container\"><\/div><div class=\"vce-row-content\" data-vce-element-content=\"true\"><div class=\"vce-col vce-col--md-auto vce-col--xs-1 vce-col--xs-last vce-col--xs-first vce-col--sm-last vce-col--sm-first vce-col--md-last vce-col--lg-last vce-col--xl-last vce-col--md-first vce-col--lg-first vce-col--xl-first\" id=\"el-85f4047b\"><div class=\"vce-col-inner\" data-vce-do-apply=\"border margin background  el-85f4047b\"><div class=\"vce-col-content\" data-vce-element-content=\"true\" data-vce-do-apply=\"padding el-85f4047b\"><div class=\"vce-raw-html\"><div class=\"vce-raw-html-wrapper\" id=\"el-502e0a8e\" data-vce-do-apply=\"all el-502e0a8e\"><h2 style=\"text-align: center;\">Para que voc\u00ea pode usar o aplicativo do NHS?<\/h2>\n<div class=\"space\"><\/div><\/div><\/div><\/div><\/div><\/div><\/div><\/div><\/div><div class=\"vce-row-container\"><div class=\"vce-row vce-element--has-background vce-row--col-gap-30  online-book-section vce-row-equal-height vce-row-content--top\" data-vce-full-width=\"true\" id=\"el-8b527857\" data-vce-do-apply=\"all el-8b527857\"><div class=\"vce-content-background-container\"><\/div><div class=\"vce-row-content\" data-vce-element-content=\"true\"><div class=\"vce-col vce-col--md-auto vce-col--xs-1 vce-col--xs-last vce-col--xs-first vce-col--sm-last vce-col--sm-first vce-col--md-first vce-col--lg-first vce-col--xl-first\" id=\"el-a61618e6\"><div class=\"vce-col-inner\" data-vce-do-apply=\"border margin background  el-a61618e6\"><div class=\"vce-col-content\" data-vce-element-content=\"true\" data-vce-do-apply=\"padding el-a61618e6\"><div class=\"vce-single-image-container vce-single-image--align-left\"><div class=\"vce vce-single-image-wrapper\" id=\"el-43676554\" data-vce-do-apply=\"all el-43676554\"><figure><div class=\"vce-single-image-figure-inner\" style=\"width: 546px;\"><div class=\"vce-single-image-inner vce-single-image--absolute\" style=\"width: 100%; padding-bottom: 156.41%;\"><img decoding=\"async\" class=\"vce-single-image\" src=\"\/wp-content\/uploads\/2022\/11\/home-left-img.png\" data-img-src=\"\/wp-content\/uploads\/2022\/11\/home-left-img.png\" data-attachment-id=\"384\" alt=\"\" title=\"home-left-img\"><\/div><\/div><figcaption hidden=\"\"><\/figcaption><\/figure><\/div><\/div><\/div><\/div><\/div><div class=\"vce-col vce-col--md-auto vce-col--xs-1 vce-col--xs-last vce-col--xs-first vce-col--sm-last vce-col--sm-first vce-col--md-last vce-col--lg-last vce-col--xl-last\" id=\"el-d74e23ab\"><div class=\"vce-col-inner\" data-vce-do-apply=\"border margin background  el-d74e23ab\"><div class=\"vce-col-content\" data-vce-element-content=\"true\" data-vce-do-apply=\"padding el-d74e23ab\"><div class=\"vce-raw-html\"><div class=\"vce-raw-html-wrapper\" id=\"el-b46c4751\" data-vce-do-apply=\"all el-b46c4751\"><p>O aplicativo NHS \u00e9 uma maneira pr\u00e1tica de gerenciar suas necessidades de sa\u00fade. Organize o agendamento de consultas de GP, visualize seu hist\u00f3rico m\u00e9dico e acesse seu NHS Covid Pass com o toque de um bot\u00e3o.<\/p>\n<p>\nVoc\u00ea pode usar o NHS App para:\n<\/p>\n<div class=\"md-space\"><\/div>\n<div class=\"mba-0\">\n\t<ul>\n    <li>Encontre e visualize seu n\u00famero do NHS rapidamente<\/li>\n    <li>Pesquise, marque e cancele consultas em seu consult\u00f3rio m\u00e9dico usando o sistema de agendamento de consultas do NHS<\/li>\n    <li>Pedir uma nova receita de repeti\u00e7\u00e3o, reordenar receitas de repeti\u00e7\u00e3o, ver os medicamentos dispon\u00edveis e escolher uma farm\u00e1cia para onde enviar a receita<\/li>\n    <li>Conselhos gerais de sa\u00fade est\u00e3o dispon\u00edveis com especialistas do NHS sobre centenas de condi\u00e7\u00f5es. Voc\u00ea tamb\u00e9m pode responder a perguntas para encontrar aconselhamento instant\u00e2neo ou ajuda m\u00e9dica perto de voc\u00ea<\/li>\n    <li>Envie uma mensagem diretamente ao seu m\u00e9dico de fam\u00edlia ou a um profissional de sa\u00fade<\/li>\n    <li>Ver e gerenciar planos de cuidados<\/li>\n    <li>Veja seu registro de sa\u00fade, com informa\u00e7\u00f5es sobre suas alergias e qualquer medica\u00e7\u00e3o atual ou passada.<\/li>\n    <li>Se o seu m\u00e9dico de fam\u00edlia lhe deu acesso ao seu registro m\u00e9dico detalhado, voc\u00ea pode ver informa\u00e7\u00f5es sobre resultados de testes e detalhes de suas consultas<\/li>\n    <li>Obtenha seu NHS Covid Pass e acesse conselhos sobre o coronav\u00edrus, como ajuda para isolamento e muito mais<\/li>\n    <li>Registre-se se quiser doar alguns, todos ou nenhum dos seus \u00f3rg\u00e3os<\/li>\n    <li>Prote\u00e7\u00e3o de dados do NHS - escolha se os dados de seus registros de sa\u00fade s\u00e3o compartilhados para pesquisa e planejamento<\/li>\n<\/ul>\n<\/div>\n<\/div><\/div><\/div><\/div><\/div><\/div><\/div><\/div><div class=\"vce-row-container\" data-vce-boxed-width=\"true\"><div class=\"vce-row vce-row--col-gap-30 page-section left-img-mr vce-row-equal-height vce-row-content--top\" id=\"el-80789114\" data-vce-do-apply=\"all el-80789114\"><div class=\"vce-row-content\" data-vce-element-content=\"true\"><div class=\"vce-col vce-col--md-auto vce-col--xs-1 vce-col--xs-last vce-col--xs-first vce-col--sm-last vce-col--sm-first vce-col--md-last vce-col--lg-last vce-col--xl-last vce-col--md-first vce-col--lg-first vce-col--xl-first\" id=\"el-9ba18526\"><div class=\"vce-col-inner\" data-vce-do-apply=\"border margin background  el-9ba18526\"><div class=\"vce-col-content\" data-vce-element-content=\"true\" data-vce-do-apply=\"padding el-9ba18526\"><div class=\"vce-row-container\" data-vce-boxed-width=\"true\"><div class=\"vce-row vce-row--col-gap-30 vce-row-equal-height vce-row-content--middle\" id=\"el-06e3931c\" data-vce-do-apply=\"all el-06e3931c\"><div class=\"vce-row-content\" data-vce-element-content=\"true\"><div class=\"vce-col vce-col--md-auto vce-col--xs-1 vce-col--xs-last vce-col--xs-first vce-col--sm-last vce-col--sm-first vce-col--md-first vce-col--lg-first vce-col--xl-first\" id=\"el-0e049354\"><div class=\"vce-col-inner\" data-vce-do-apply=\"border margin background  el-0e049354\"><div class=\"vce-col-content\" data-vce-element-content=\"true\" data-vce-do-apply=\"padding el-0e049354\"><div class=\"vce-single-image-container vce-single-image--align-left\"><div class=\"vce vce-single-image-wrapper\" id=\"el-d18613e6\" data-vce-do-apply=\"all el-d18613e6\"><figure><div class=\"vce-single-image-figure-inner\" style=\"width: 1024px;\"><div class=\"vce-single-image-inner vce-single-image--absolute\" style=\"width: 100%; padding-bottom: 84.9609%;\"><img loading=\"lazy\" decoding=\"async\" class=\"vce-single-image\"  width=\"1024\" height=\"870\" srcset=\"\/wp-content\/uploads\/2022\/11\/NEW-NHS-GP-Book-appointment-online-1024x871.jpg 1024w, \/wp-content\/uploads\/2022\/11\/NEW-NHS-GP-Book-appointment-online-320x272.jpg 320w, \/wp-content\/uploads\/2022\/11\/NEW-NHS-GP-Book-appointment-online-480x408.jpg 480w, \/wp-content\/uploads\/2022\/11\/NEW-NHS-GP-Book-appointment-online-800x680.jpg 800w\" src=\"\/wp-content\/uploads\/2022\/11\/NEW-NHS-GP-Book-appointment-online-1024x871.jpg\" data-img-src=\"\/wp-content\/uploads\/2022\/11\/NEW-NHS-GP-Book-appointment-online.jpg\" data-attachment-id=\"2573\"  alt=\"\" title=\"Booking,Meeting,Appointment,On,Laptop,Computer,Online\" \/><\/div><\/div><figcaption hidden=\"\"><\/figcaption><\/figure><\/div><\/div><\/div><\/div><\/div><div class=\"vce-col vce-col--md-auto vce-col--xs-1 vce-col--xs-last vce-col--xs-first vce-col--sm-last vce-col--sm-first vce-col--md-last vce-col--lg-last vce-col--xl-last\" id=\"el-93bb1349\"><div class=\"vce-col-inner\" data-vce-do-apply=\"border margin background  el-93bb1349\"><div class=\"vce-col-content\" data-vce-element-content=\"true\" data-vce-do-apply=\"padding el-93bb1349\"><div class=\"vce-raw-html\"><div class=\"vce-raw-html-wrapper\" id=\"el-f4bcb491\" data-vce-do-apply=\"all el-f4bcb491\"><h2>Acesse seu NHS Covid Pass\n<\/h2><div class=\"md-space\"><\/div>\n<p>\n\tSe voc\u00ea est\u00e1 totalmente vacinado ou em processo de vacina\u00e7\u00e3o, pode acessar seu NHS COVID Pass por meio do aplicativo. Visualize e compartilhe seu passe para testes de eventos na Inglaterra e viagens internacionais.\n<\/p>\n<div class=\"space\"><\/div>\n<h2>Mantendo seus dados seguros<\/h2>\n<div class=\"md-space\"><\/div>\n<p>\nDepois de baixar o aplicativo, voc\u00ea precisar\u00e1 configurar um login do NHS e provar quem voc\u00ea \u00e9. O aplicativo ent\u00e3o se conecta com seguran\u00e7a \u00e0s informa\u00e7\u00f5es de sua cirurgia GP.\n<\/p>\n<p>\nSe o seu dispositivo suportar detec\u00e7\u00e3o de impress\u00e3o digital ou reconhecimento facial, voc\u00ea poder\u00e1 us\u00e1-lo para fazer login no NHS App todas as vezes, em vez de usar uma senha e c\u00f3digo de seguran\u00e7a.\n<\/p>\n<\/div><\/div><\/div><\/div><\/div><\/div><\/div><\/div><\/div><\/div><\/div><\/div><\/div><\/div>\n","protected":false},"excerpt":{"rendered":"<p>Aplicativo do NHS Os registros de login do aplicativo do NHS s\u00e3o processados \u200b\u200bo mais r\u00e1pido poss\u00edvel, mas podem demorar mais do que o normal quando h\u00e1 um grande n\u00famero de solicita\u00e7\u00f5es de servi\u00e7os on-line de GP. Para que voc\u00ea pode usar o aplicativo do NHS? O aplicativo NHS \u00e9 uma maneira pr\u00e1tica de gerenciar [&hellip;]<\/p>\n","protected":false},"author":4,"featured_media":0,"parent":0,"menu_order":0,"comment_status":"closed","ping_status":"closed","template":"","meta":{"_acf_changed":false,"footnotes":""},"class_list":["post-4608","page","type-page","status-publish","hentry"],"acf":[],"yoast_head":"<!-- This site is optimized with the Yoast SEO plugin v22.6 - https:\/\/yoast.com\/wordpress\/plugins\/seo\/ -->\n<title>Download the NHS App | NHS GP<\/title>\n<meta name=\"description\" content=\"The NHS app is a handy way of managing your healthcare needs. Organise GP appointment booking, view your medical record and more!\" \/>\n<meta name=\"robots\" content=\"index, follow, max-snippet:-1, max-image-preview:large, max-video-preview:-1\" \/>\n<link rel=\"canonical\" href=\"https:\/\/www.nhsgp.net\/nhs-app\/\" \/>\n<meta property=\"og:locale\" content=\"pt_BR\" \/>\n<meta property=\"og:type\" content=\"article\" \/>\n<meta property=\"og:title\" content=\"Download the NHS App | NHS GP\" \/>\n<meta property=\"og:description\" content=\"The NHS app is a handy way of managing your healthcare needs. Organise GP appointment booking, view your medical record and more!\" \/>\n<meta property=\"og:url\" content=\"https:\/\/www.nhsgp.net\/nhs-app\/\" \/>\n<meta property=\"og:site_name\" content=\"NHS GP\" \/>\n<meta property=\"article:modified_time\" content=\"2025-05-27T11:46:08+00:00\" \/>\n<meta name=\"twitter:card\" content=\"summary_large_image\" \/>\n<meta name=\"twitter:label1\" content=\"Est. tempo de leitura\" \/>\n\t<meta name=\"twitter:data1\" content=\"2 minutos\" \/>\n<script type=\"application\/ld+json\" class=\"yoast-schema-graph\">{\"@context\":\"https:\/\/schema.org\",\"@graph\":[{\"@type\":\"WebPage\",\"@id\":\"https:\/\/www.nhsgp.net\/nhs-app\/\",\"url\":\"https:\/\/www.nhsgp.net\/nhs-app\/\",\"name\":\"Download the NHS App | NHS GP\",\"isPartOf\":{\"@id\":\"https:\/\/www.nhsgp.net\/#website\"},\"datePublished\":\"2022-11-10T12:57:53+00:00\",\"dateModified\":\"2025-05-27T11:46:08+00:00\",\"description\":\"The NHS app is a handy way of managing your healthcare needs. Organise GP appointment booking, view your medical record and more!\",\"breadcrumb\":{\"@id\":\"https:\/\/www.nhsgp.net\/nhs-app\/#breadcrumb\"},\"inLanguage\":\"pt-BR\",\"potentialAction\":[{\"@type\":\"ReadAction\",\"target\":[\"https:\/\/www.nhsgp.net\/nhs-app\/\"]}]},{\"@type\":\"BreadcrumbList\",\"@id\":\"https:\/\/www.nhsgp.net\/nhs-app\/#breadcrumb\",\"itemListElement\":[{\"@type\":\"ListItem\",\"position\":1,\"name\":\"Home\",\"item\":\"https:\/\/www.nhsgp.net\/\"},{\"@type\":\"ListItem\",\"position\":2,\"name\":\"Aplicativo do NHS\"}]},{\"@type\":\"WebSite\",\"@id\":\"https:\/\/www.nhsgp.net\/#website\",\"url\":\"https:\/\/www.nhsgp.net\/\",\"name\":\"NHS GP\",\"description\":\"GP Pathfinder Clinics\",\"publisher\":{\"@id\":\"https:\/\/www.nhsgp.net\/#organization\"},\"potentialAction\":[{\"@type\":\"SearchAction\",\"target\":{\"@type\":\"EntryPoint\",\"urlTemplate\":\"https:\/\/www.nhsgp.net\/?s={search_term_string}\"},\"query-input\":\"required name=search_term_string\"}],\"inLanguage\":\"pt-BR\"},{\"@type\":\"Organization\",\"@id\":\"https:\/\/www.nhsgp.net\/#organization\",\"name\":\"NHS GP\",\"url\":\"https:\/\/www.nhsgp.net\/\",\"logo\":{\"@type\":\"ImageObject\",\"inLanguage\":\"pt-BR\",\"@id\":\"https:\/\/www.nhsgp.net\/#\/schema\/logo\/image\/\",\"url\":\"https:\/\/www.nhsgp.net\/wp-content\/uploads\/2025\/02\/NHS_LOGO.png\",\"contentUrl\":\"https:\/\/www.nhsgp.net\/wp-content\/uploads\/2025\/02\/NHS_LOGO.png\",\"width\":354,\"height\":143,\"caption\":\"NHS GP\"},\"image\":{\"@id\":\"https:\/\/www.nhsgp.net\/#\/schema\/logo\/image\/\"}}]}<\/script>\n<!-- \/ Yoast SEO plugin. -->","yoast_head_json":{"title":"Download the NHS App | NHS GP","description":"The NHS app is a handy way of managing your healthcare needs. Organise GP appointment booking, view your medical record and more!","robots":{"index":"index","follow":"follow","max-snippet":"max-snippet:-1","max-image-preview":"max-image-preview:large","max-video-preview":"max-video-preview:-1"},"canonical":"https:\/\/www.nhsgp.net\/nhs-app\/","og_locale":"pt_BR","og_type":"article","og_title":"Download the NHS App | NHS GP","og_description":"The NHS app is a handy way of managing your healthcare needs. Organise GP appointment booking, view your medical record and more!","og_url":"https:\/\/www.nhsgp.net\/nhs-app\/","og_site_name":"NHS GP","article_modified_time":"2025-05-27T11:46:08+00:00","twitter_card":"summary_large_image","twitter_misc":{"Est. tempo de leitura":"2 minutos"},"schema":{"@context":"https:\/\/schema.org","@graph":[{"@type":"WebPage","@id":"https:\/\/www.nhsgp.net\/nhs-app\/","url":"https:\/\/www.nhsgp.net\/nhs-app\/","name":"Download the NHS App | NHS GP","isPartOf":{"@id":"https:\/\/www.nhsgp.net\/#website"},"datePublished":"2022-11-10T12:57:53+00:00","dateModified":"2025-05-27T11:46:08+00:00","description":"The NHS app is a handy way of managing your healthcare needs. Organise GP appointment booking, view your medical record and more!","breadcrumb":{"@id":"https:\/\/www.nhsgp.net\/nhs-app\/#breadcrumb"},"inLanguage":"pt-BR","potentialAction":[{"@type":"ReadAction","target":["https:\/\/www.nhsgp.net\/nhs-app\/"]}]},{"@type":"BreadcrumbList","@id":"https:\/\/www.nhsgp.net\/nhs-app\/#breadcrumb","itemListElement":[{"@type":"ListItem","position":1,"name":"Home","item":"https:\/\/www.nhsgp.net\/"},{"@type":"ListItem","position":2,"name":"Aplicativo do NHS"}]},{"@type":"WebSite","@id":"https:\/\/www.nhsgp.net\/#website","url":"https:\/\/www.nhsgp.net\/","name":"NHS GP","description":"GP Pathfinder Clinics","publisher":{"@id":"https:\/\/www.nhsgp.net\/#organization"},"potentialAction":[{"@type":"SearchAction","target":{"@type":"EntryPoint","urlTemplate":"https:\/\/www.nhsgp.net\/?s={search_term_string}"},"query-input":"required name=search_term_string"}],"inLanguage":"pt-BR"},{"@type":"Organization","@id":"https:\/\/www.nhsgp.net\/#organization","name":"NHS GP","url":"https:\/\/www.nhsgp.net\/","logo":{"@type":"ImageObject","inLanguage":"pt-BR","@id":"https:\/\/www.nhsgp.net\/#\/schema\/logo\/image\/","url":"https:\/\/www.nhsgp.net\/wp-content\/uploads\/2025\/02\/NHS_LOGO.png","contentUrl":"https:\/\/www.nhsgp.net\/wp-content\/uploads\/2025\/02\/NHS_LOGO.png","width":354,"height":143,"caption":"NHS GP"},"image":{"@id":"https:\/\/www.nhsgp.net\/#\/schema\/logo\/image\/"}}]}},"jetpack_sharing_enabled":true,"_links":{"self":[{"href":"https:\/\/www.nhsgp.net\/pt-br\/wp-json\/wp\/v2\/pages\/4608","targetHints":{"allow":["GET"]}}],"collection":[{"href":"https:\/\/www.nhsgp.net\/pt-br\/wp-json\/wp\/v2\/pages"}],"about":[{"href":"https:\/\/www.nhsgp.net\/pt-br\/wp-json\/wp\/v2\/types\/page"}],"author":[{"embeddable":true,"href":"https:\/\/www.nhsgp.net\/pt-br\/wp-json\/wp\/v2\/users\/4"}],"replies":[{"embeddable":true,"href":"https:\/\/www.nhsgp.net\/pt-br\/wp-json\/wp\/v2\/comments?post=4608"}],"version-history":[{"count":3,"href":"https:\/\/www.nhsgp.net\/pt-br\/wp-json\/wp\/v2\/pages\/4608\/revisions"}],"predecessor-version":[{"id":4611,"href":"https:\/\/www.nhsgp.net\/pt-br\/wp-json\/wp\/v2\/pages\/4608\/revisions\/4611"}],"wp:attachment":[{"href":"https:\/\/www.nhsgp.net\/pt-br\/wp-json\/wp\/v2\/media?parent=4608"}],"curies":[{"name":"wp","href":"https:\/\/api.w.org\/{rel}","templated":true}]}}