{"id":4507,"date":"2022-10-21T06:51:48","date_gmt":"2022-10-21T06:51:48","guid":{"rendered":"https:\/\/sweet-satoshi.77-68-103-63.plesk.page\/cqc-inspection\/"},"modified":"2023-01-25T14:30:34","modified_gmt":"2023-01-25T14:30:34","slug":"cqc-inspection","status":"publish","type":"page","link":"https:\/\/www.nhsgp.net\/pt-br\/cqc-inspection\/","title":{"rendered":"Inspe\u00e7\u00e3o CQC"},"content":{"rendered":"<div class=\"vce-row-container\"><div class=\"vce-row vce-element--has-background vce-row--col-gap-30 page-section vce-row-equal-height vce-row-content--top\" data-vce-full-width=\"true\" id=\"el-28f25717\" data-vce-do-apply=\"all el-28f25717\"><div class=\"vce-content-background-container\"><\/div><div class=\"vce-row-content\" data-vce-element-content=\"true\"><div class=\"vce-col vce-col--md-auto vce-col--xs-1 vce-col--xs-last vce-col--xs-first vce-col--sm-last vce-col--sm-first vce-col--md-last vce-col--lg-last vce-col--xl-last vce-col--md-first vce-col--lg-first vce-col--xl-first\" id=\"el-5b537be5\"><div class=\"vce-col-inner\" data-vce-do-apply=\"border margin background  el-5b537be5\"><div class=\"vce-col-content\" data-vce-element-content=\"true\" data-vce-do-apply=\"padding el-5b537be5\"><div class=\"vce-raw-html\"><div class=\"vce-raw-html-wrapper\" id=\"el-feac4cd4\" data-vce-do-apply=\"all el-feac4cd4\"><h1 style=\"text-align: center;\">Inspe\u00e7\u00e3o CQC<\/h1><div class=\"space\"><\/div>\n<p class=\"blue\" style=\"text-align: center;\">O registro geralmente leva menos de dois minutos<\/p>\n<p style=\"text-align: center;\">Se houver necessidade cl\u00ednica de agendar uma consulta presencial, voc\u00ea receber\u00e1 uma consulta pr\u00e1tica em um de nossos consult\u00f3rios m\u00e9dicos.<\/p>\n<div class=\"md-space\"><\/div>\n<div style=\"text-align: center;\"><a class=\"btn btn-lg\" href=\"https:\/\/www.nhsgp.net\/area\/\" target=\"_blank\" rel=\"noopener\">Clique aqui para se cadastrar<\/a><\/div>\n<\/div><\/div><\/div><\/div><\/div><\/div><\/div><\/div>\n","protected":false},"excerpt":{"rendered":"<p>Inspe\u00e7\u00e3o CQC O registro geralmente leva menos de dois minutos Se houver necessidade cl\u00ednica de agendar uma consulta presencial, voc\u00ea receber\u00e1 uma consulta pr\u00e1tica em um de nossos consult\u00f3rios m\u00e9dicos. Clique aqui para se cadastrar<\/p>\n","protected":false},"author":4,"featured_media":0,"parent":0,"menu_order":0,"comment_status":"closed","ping_status":"closed","template":"","meta":{"_acf_changed":false,"footnotes":""},"class_list":["post-4507","page","type-page","status-publish","hentry"],"acf":[],"yoast_head":"<!-- This site is optimized with the Yoast SEO plugin v22.6 - https:\/\/yoast.com\/wordpress\/plugins\/seo\/ -->\n<title>CQC Inspection - Care Quality Commission | NHS GP<\/title>\n<meta name=\"description\" content=\"Check out our scores that we received as a healthcare practice from the Care Quality Commission here!\" \/>\n<meta name=\"robots\" content=\"index, follow, max-snippet:-1, max-image-preview:large, max-video-preview:-1\" \/>\n<link rel=\"canonical\" href=\"https:\/\/www.nhsgp.net\/pt-br\/cqc-inspection\/\" \/>\n<meta property=\"og:locale\" content=\"pt_BR\" \/>\n<meta property=\"og:type\" content=\"article\" \/>\n<meta property=\"og:title\" content=\"CQC Inspection - Care Quality Commission | NHS GP\" \/>\n<meta property=\"og:description\" content=\"Check out our scores that we received as a healthcare practice from the Care Quality Commission here!\" \/>\n<meta property=\"og:url\" content=\"https:\/\/www.nhsgp.net\/pt-br\/cqc-inspection\/\" \/>\n<meta property=\"og:site_name\" content=\"NHS GP\" \/>\n<meta property=\"article:modified_time\" content=\"2023-01-25T14:30:34+00:00\" \/>\n<meta name=\"twitter:card\" content=\"summary_large_image\" \/>\n<script type=\"application\/ld+json\" class=\"yoast-schema-graph\">{\"@context\":\"https:\/\/schema.org\",\"@graph\":[{\"@type\":\"WebPage\",\"@id\":\"https:\/\/www.nhsgp.net\/pt-br\/cqc-inspection\/\",\"url\":\"https:\/\/www.nhsgp.net\/pt-br\/cqc-inspection\/\",\"name\":\"CQC Inspection - Care Quality Commission | NHS GP\",\"isPartOf\":{\"@id\":\"https:\/\/www.nhsgp.net\/#website\"},\"datePublished\":\"2022-10-21T06:51:48+00:00\",\"dateModified\":\"2023-01-25T14:30:34+00:00\",\"description\":\"Check out our scores that we received as a healthcare practice from the Care Quality Commission here!\",\"breadcrumb\":{\"@id\":\"https:\/\/www.nhsgp.net\/pt-br\/cqc-inspection\/#breadcrumb\"},\"inLanguage\":\"pt-BR\",\"potentialAction\":[{\"@type\":\"ReadAction\",\"target\":[\"https:\/\/www.nhsgp.net\/pt-br\/cqc-inspection\/\"]}]},{\"@type\":\"BreadcrumbList\",\"@id\":\"https:\/\/www.nhsgp.net\/pt-br\/cqc-inspection\/#breadcrumb\",\"itemListElement\":[{\"@type\":\"ListItem\",\"position\":1,\"name\":\"Home\",\"item\":\"https:\/\/www.nhsgp.net\/\"},{\"@type\":\"ListItem\",\"position\":2,\"name\":\"Inspe\u00e7\u00e3o CQC\"}]},{\"@type\":\"WebSite\",\"@id\":\"https:\/\/www.nhsgp.net\/#website\",\"url\":\"https:\/\/www.nhsgp.net\/\",\"name\":\"NHS GP\",\"description\":\"GP Pathfinder Clinics\",\"publisher\":{\"@id\":\"https:\/\/www.nhsgp.net\/#organization\"},\"potentialAction\":[{\"@type\":\"SearchAction\",\"target\":{\"@type\":\"EntryPoint\",\"urlTemplate\":\"https:\/\/www.nhsgp.net\/?s={search_term_string}\"},\"query-input\":\"required name=search_term_string\"}],\"inLanguage\":\"pt-BR\"},{\"@type\":\"Organization\",\"@id\":\"https:\/\/www.nhsgp.net\/#organization\",\"name\":\"NHS GP\",\"url\":\"https:\/\/www.nhsgp.net\/\",\"logo\":{\"@type\":\"ImageObject\",\"inLanguage\":\"pt-BR\",\"@id\":\"https:\/\/www.nhsgp.net\/#\/schema\/logo\/image\/\",\"url\":\"https:\/\/www.nhsgp.net\/wp-content\/uploads\/2025\/02\/NHS_LOGO.png\",\"contentUrl\":\"https:\/\/www.nhsgp.net\/wp-content\/uploads\/2025\/02\/NHS_LOGO.png\",\"width\":354,\"height\":143,\"caption\":\"NHS GP\"},\"image\":{\"@id\":\"https:\/\/www.nhsgp.net\/#\/schema\/logo\/image\/\"}}]}<\/script>\n<!-- \/ Yoast SEO plugin. -->","yoast_head_json":{"title":"CQC Inspection - Care Quality Commission | NHS GP","description":"Check out our scores that we received as a healthcare practice from the Care Quality Commission here!","robots":{"index":"index","follow":"follow","max-snippet":"max-snippet:-1","max-image-preview":"max-image-preview:large","max-video-preview":"max-video-preview:-1"},"canonical":"https:\/\/www.nhsgp.net\/pt-br\/cqc-inspection\/","og_locale":"pt_BR","og_type":"article","og_title":"CQC Inspection - Care Quality Commission | NHS GP","og_description":"Check out our scores that we received as a healthcare practice from the Care Quality Commission here!","og_url":"https:\/\/www.nhsgp.net\/pt-br\/cqc-inspection\/","og_site_name":"NHS GP","article_modified_time":"2023-01-25T14:30:34+00:00","twitter_card":"summary_large_image","schema":{"@context":"https:\/\/schema.org","@graph":[{"@type":"WebPage","@id":"https:\/\/www.nhsgp.net\/pt-br\/cqc-inspection\/","url":"https:\/\/www.nhsgp.net\/pt-br\/cqc-inspection\/","name":"CQC Inspection - Care Quality Commission | NHS GP","isPartOf":{"@id":"https:\/\/www.nhsgp.net\/#website"},"datePublished":"2022-10-21T06:51:48+00:00","dateModified":"2023-01-25T14:30:34+00:00","description":"Check out our scores that we received as a healthcare practice from the Care Quality Commission here!","breadcrumb":{"@id":"https:\/\/www.nhsgp.net\/pt-br\/cqc-inspection\/#breadcrumb"},"inLanguage":"pt-BR","potentialAction":[{"@type":"ReadAction","target":["https:\/\/www.nhsgp.net\/pt-br\/cqc-inspection\/"]}]},{"@type":"BreadcrumbList","@id":"https:\/\/www.nhsgp.net\/pt-br\/cqc-inspection\/#breadcrumb","itemListElement":[{"@type":"ListItem","position":1,"name":"Home","item":"https:\/\/www.nhsgp.net\/"},{"@type":"ListItem","position":2,"name":"Inspe\u00e7\u00e3o CQC"}]},{"@type":"WebSite","@id":"https:\/\/www.nhsgp.net\/#website","url":"https:\/\/www.nhsgp.net\/","name":"NHS GP","description":"GP Pathfinder Clinics","publisher":{"@id":"https:\/\/www.nhsgp.net\/#organization"},"potentialAction":[{"@type":"SearchAction","target":{"@type":"EntryPoint","urlTemplate":"https:\/\/www.nhsgp.net\/?s={search_term_string}"},"query-input":"required name=search_term_string"}],"inLanguage":"pt-BR"},{"@type":"Organization","@id":"https:\/\/www.nhsgp.net\/#organization","name":"NHS GP","url":"https:\/\/www.nhsgp.net\/","logo":{"@type":"ImageObject","inLanguage":"pt-BR","@id":"https:\/\/www.nhsgp.net\/#\/schema\/logo\/image\/","url":"https:\/\/www.nhsgp.net\/wp-content\/uploads\/2025\/02\/NHS_LOGO.png","contentUrl":"https:\/\/www.nhsgp.net\/wp-content\/uploads\/2025\/02\/NHS_LOGO.png","width":354,"height":143,"caption":"NHS GP"},"image":{"@id":"https:\/\/www.nhsgp.net\/#\/schema\/logo\/image\/"}}]}},"jetpack_sharing_enabled":true,"_links":{"self":[{"href":"https:\/\/www.nhsgp.net\/pt-br\/wp-json\/wp\/v2\/pages\/4507","targetHints":{"allow":["GET"]}}],"collection":[{"href":"https:\/\/www.nhsgp.net\/pt-br\/wp-json\/wp\/v2\/pages"}],"about":[{"href":"https:\/\/www.nhsgp.net\/pt-br\/wp-json\/wp\/v2\/types\/page"}],"author":[{"embeddable":true,"href":"https:\/\/www.nhsgp.net\/pt-br\/wp-json\/wp\/v2\/users\/4"}],"replies":[{"embeddable":true,"href":"https:\/\/www.nhsgp.net\/pt-br\/wp-json\/wp\/v2\/comments?post=4507"}],"version-history":[{"count":4,"href":"https:\/\/www.nhsgp.net\/pt-br\/wp-json\/wp\/v2\/pages\/4507\/revisions"}],"predecessor-version":[{"id":7842,"href":"https:\/\/www.nhsgp.net\/pt-br\/wp-json\/wp\/v2\/pages\/4507\/revisions\/7842"}],"wp:attachment":[{"href":"https:\/\/www.nhsgp.net\/pt-br\/wp-json\/wp\/v2\/media?parent=4507"}],"curies":[{"name":"wp","href":"https:\/\/api.w.org\/{rel}","templated":true}]}}