{"id":4494,"date":"2022-11-16T04:46:57","date_gmt":"2022-11-16T04:46:57","guid":{"rendered":"https:\/\/sweet-satoshi.77-68-103-63.plesk.page\/careers\/"},"modified":"2023-01-25T14:30:55","modified_gmt":"2023-01-25T14:30:55","slug":"careers","status":"publish","type":"page","link":"https:\/\/www.nhsgp.net\/pt-br\/careers\/","title":{"rendered":"Carreiras"},"content":{"rendered":"<div class=\"vce-row-container\" data-vce-boxed-width=\"true\"><div class=\"vce-row vce-row--col-gap-30 page-section vce-row-equal-height vce-row-content--top\" id=\"el-9491b4fa\" data-vce-do-apply=\"all el-9491b4fa\"><div class=\"vce-row-content\" data-vce-element-content=\"true\"><div class=\"vce-col vce-col--md-auto vce-col--xs-1 vce-col--xs-last vce-col--xs-first vce-col--sm-last vce-col--sm-first vce-col--md-last vce-col--lg-last vce-col--xl-last vce-col--md-first vce-col--lg-first vce-col--xl-first\" id=\"el-fc884ac5\"><div class=\"vce-col-inner\" data-vce-do-apply=\"border margin background  el-fc884ac5\"><div class=\"vce-col-content\" data-vce-element-content=\"true\" data-vce-do-apply=\"padding el-fc884ac5\"><div class=\"vce-raw-html\"><div class=\"vce-raw-html-wrapper\" id=\"el-39a96ae0\" data-vce-do-apply=\"all el-39a96ae0\"><h1 style=\"text-align: center;\">JUNTE-SE \u00c0 NOSSA EQUIPA<\/h1><div class=\"space\"><\/div>\n<p style=\"text-align: center;\">Somos apaixonados por nutrir e apoiar nossa equipe a oferecer a mais alta qualidade de atendimento para todos os nossos pacientes.<\/p>\n<div class=\"md-space\"><\/div>\n<div style=\"text-align: center;\"><a class=\"btn btn-lg\" href=\"https:\/\/www.nhsgp.net\/area\/\" target=\"_blank\" rel=\"noopener\">Clique aqui para se inscrever<\/a><\/div>\n<\/div><\/div><\/div><\/div><\/div><\/div><\/div><\/div><div class=\"vce-row-container\"><div class=\"vce-row vce-element--has-background vce-row--col-gap-30 page-section vce-row-equal-height vce-row-content--top\" data-vce-full-width=\"true\" id=\"el-0e84e561\" data-vce-do-apply=\"all el-0e84e561\"><div class=\"vce-content-background-container\"><\/div><div class=\"vce-row-content\" data-vce-element-content=\"true\"><div class=\"vce-col vce-col--md-auto vce-col--xs-1 vce-col--xs-last vce-col--xs-first vce-col--sm-last vce-col--sm-first vce-col--md-last vce-col--lg-last vce-col--xl-last vce-col--md-first vce-col--lg-first vce-col--xl-first\" id=\"el-1d930998\"><div class=\"vce-col-inner\" data-vce-do-apply=\"border margin background  el-1d930998\"><div class=\"vce-col-content\" data-vce-element-content=\"true\" data-vce-do-apply=\"padding el-1d930998\"><div class=\"vce-raw-html\"><div class=\"vce-raw-html-wrapper\" id=\"el-617460bf\" data-vce-do-apply=\"all el-617460bf\"><h2 style=\"text-align: center;\">Carreiras <\/h2><div class=\"space\"><\/div>\n<div class=\"space\"><\/div><\/div><\/div><div class=\"vce-raw-html\"><div class=\"vce-raw-html-wrapper\" id=\"el-1b4f3c63\" data-vce-do-apply=\"all el-1b4f3c63\"><div class=\"tabbedPanels\">\n    <ul class=\"tabs\">\n        <li><a href=\"#panel1\">Recepcionista M\u00e9dica<\/a><\/li>\n        <li><a href=\"#panel2\">Doctors<\/a><\/li>\n        <li><a href=\"#panel3\">Farmac\u00eauticos Cl\u00ednicos<\/a><\/li>\n        <li><a href=\"#panel4\">Analista de Casos<\/a><\/li>\n    <\/ul>\n\n    <div class=\"panelContainer\">\n        <div id=\"panel1\" class=\"panel\">\n            <p>\n            Hazeldene Medical Center est\u00e1 \u00e0 procura de um GP Recepcionista \/ Administrador para se juntar \u00e0 sua equipe, experi\u00eancia no mesmo ou\n            papel semelhante \u00e9 desejado e o conhecimento do EMIS Web n\u00e3o \u00e9 essencial, pois o treinamento ser\u00e1 dado.\n            <\/p>\n            <p>\n            Estamos \u00e0 procura de algu\u00e9m que entenda a import\u00e2ncia de ser sens\u00edvel, manter a confidencialidade e ser um\n            defensor de patentes. Quem \u00e9 capaz de manter uma perspectiva calma e focada ao lidar com dificuldades e estressantes\n            Situa\u00e7\u00f5es.\n            <\/p>\n            <p>\n            A pr\u00e1tica foi classificada como BOA pela Comiss\u00e3o de Qualidade do Cuidado (CQC).\n            <\/p>\n            <p>\n            A pr\u00e1tica opera a partir de 4 locais Hazeldene Medical Center, The Eagle Eye, Crest Medical Centre &amp; Chamberlayne Road\n            Cirurgia.\n            <\/p>\n            <p>\n            Todos os funcion\u00e1rios s\u00e3o empregados em toda a pr\u00e1tica e podem ser solicitados a trabalhar em qualquer local\n            <\/p>\n            <p class=\"text-large\"><strong> Responsabilidades:<\/strong><\/p>\n            <ul>\n            <li>Servi\u00e7os de recep\u00e7\u00e3o da frente da casa.<\/li>\n            <li>Atenda chamadas telef\u00f4nicas de maneira educada e profissional.<\/li>\n            <li>Reserve, altere e cancele compromissos usando o EMIS Web.<\/li>\n            <li>Gerencie solicita\u00e7\u00f5es de pacientes e terceiros em tempo h\u00e1bil.<\/li>\n            <li>Contato com o corpo cl\u00ednico, GPs e ger\u00eancia para atender \u00e0s necessidades dos pacientes.<\/li>\n            <li>Insira informa\u00e7\u00f5es do paciente com precis\u00e3o usando sistemas internos.<\/li>\n            <li>Revis\u00e3o, processamento e digitaliza\u00e7\u00e3o de documentos.<\/li>\n            <li>Auditorias internas.<\/li>\n            <li>V\u00e1rias fun\u00e7\u00f5es administrativas atribu\u00eddas por quadros superiores.<\/li>\n            <li>Alfabetizado em TI - conhecimento do Microsoft Office.<\/li>\n            <\/ul>\n            <p>ID da efer\u00eancia: Hazel05<\/p>\n            <p>Tipos de trabalho: Full-time, Contrato, Permanente<\/p>\n            <p>Sal\u00e1rio: \u00a3 12.566,00-\u00a3 24.132,00 por ano<\/p>\n            <p>hor\u00e1rio:<\/p>\n            <p>\n                Turno<br> de 10 horas\n\nTurno de 8 horas<br>\n\nSegunda a Sexta<br>\n\nHoras extraordin\u00e1rias\n            <\/p>\n            <p>Considera\u00e7\u00f5es sobre a COVID-19:<\/p>\n            <p>Todos s\u00e3o obrigados a usar uma m\u00e1scara e as superf\u00edcies comuns s\u00e3o higienizadas regularmente, etc.<\/p>\n            <p class=\"text-large\"><strong>Capacidade de deslocamento\/realoca\u00e7\u00e3o:<\/strong><\/p>\n            <p>London HA9 6PW: viaje de forma confi\u00e1vel ou planeje se mudar antes de come\u00e7ar a trabalhar (de prefer\u00eancia)<\/p>\n            <p class=\"text-large\"><strong>Experi\u00eancia:<\/strong><\/p>\n            <p>Recepcionista M\u00e9dica: 1 ano (preferencial)<\/p>\n            <p class=\"text-large\"><strong>Disponibilidade para viajar:<\/strong><\/p>\n            <p>25% (de prefer\u00eancia)<\/p>\n            <p class=\"text-large\"><strong>Para se candidatar \u00e0 fun\u00e7\u00e3o, envie os seguintes documentos para<a href=\"mailto:khyati.bhatt@nhs.net\"> khyati.bhatt@nhs.net<\/a>:<\/strong><\/p>\n            <ol>\n                <li>Um CV atualizado<\/li>\n                <li>Uma carta de apresenta\u00e7\u00e3o<\/li>\n            <\/ol>\n        <\/div>\n        <!-- end panel 1 -->\n\n        <div id=\"panel2\" class=\"panel\">\n            <p>\n                Acreditamos que a pr\u00e1tica geral pode ser um ambiente divertido e de apoio para os nossos m\u00e9dicos de cl\u00ednica geral, e garantimos isso atrav\u00e9s de \n                sistemas e processos desenvolvidos, apoio da nossa MDT, incluindo Farmac\u00eauticos Pr\u00e1ticos e M\u00e9dicos Associados e formas inovadoras de trabalho reconhecidas nacionalmente que lhe permitem com:\n            <\/p>\n            <ul>\n            <li>Um foco na presta\u00e7\u00e3o de cuidados de alta qualidade<\/li>\n            <li>Documentos m\u00ednimos para a\u00e7\u00e3o<\/li>\n            <li>Interrup\u00e7\u00f5es m\u00ednimas durante a cl\u00ednica<\/li>\n            <li>Muito poucos scripts para assinar e muito poucas visitas domiciliares<\/li>\n            <li>Agindo apenas os resultados de sangue solicitados<\/li>\n            <li>Tempo remunerado e protegido para recuperar o atraso e ensino\/supervis\u00e3o<\/li>\n            <li>Apoio de pessoal qualificado na conclus\u00e3o de relat\u00f3rios m\u00e9dicos<\/li>\n            <li>Amigo nomeado para ajudar com a carga de trabalho do administrador gerada durante as consultas telef\u00f4nicas<\/li>\n            <\/ul>\n            <p>\n            Somos apaixonados por fornecer servi\u00e7os de cuidados prim\u00e1rios de alta qualidade em Londres. Para o GP certo, esta \u00e9 uma oportunidade fant\u00e1stica para dar o pr\u00f3ximo passo em sua carreira.\n            <\/p>    \n            <p>   \n            Estamos ansiosos para falar com voc\u00ea sobre como podemos acomodar suas necessidades de carreira dentro de nossa vasta rede cl\u00ednica e de ensino. Como uma organiza\u00e7\u00e3o de aprendizagem, estamos empenhados em desenvolver a pr\u00f3xima gera\u00e7\u00e3o de L\u00edderes de Cuidados Prim\u00e1rios.\n            <\/p>\n            <p>\n            Oferecemos uma estrutura clara de desenvolvimento de carreira e somos capazes de moldar o papel e as responsabilidades para as habilidades do GP de sucesso. Portanto, congratulamo-nos com o seu interesse neste papel, independentemente do seu n\u00edvel de experi\u00eancia.\n            <\/p>\n            <p class=\"text-large\"><strong>Para mais informa\u00e7\u00f5es sobre como se juntar a n\u00f3s, por favor envie um e-mail: <a href=\"mailto:dinisha.dhiru@nhs.net\">dinisha.dhiru@nhs.net<\/a><\/strong><\/p>\n        <\/div>\n        <!-- end panel 2 -->\n\n        <div id=\"panel3\" class=\"panel\">\n            <p class=\"rteBlock\">\n                Este \u00e9 um \u00f3timo momento para Farmac\u00eauticos Prescritores que desejam trabalhar em Cl\u00ednica Geral. Temos posts dispon\u00edveis em v\u00e1rias \u00e1reas em Londres e voc\u00ea vai se juntar a um significativo \n                comunidade de Farmac\u00eauticos com grandes n\u00edveis de socializa\u00e7\u00e3o para aprendizagem partilhada. Seu trabalho ser\u00e1 no hor\u00e1rio central do dia GP horas e voc\u00ea vai \n                n\u00e3o ser rotineiramente obrigado a trabalhar depois das 20h ou nos fins de semana. Podemos combin\u00e1-lo com uma pr\u00e1tica na \u00e1rea em que voc\u00ea mora \u2013 minimizando seu tempo de viagem e despesas.\n            <\/p>\n            <p>\n                Estamos \u00e0 procura de farmac\u00eauticos proativos e entusiasmados para se juntar \u00e0 nossa fam\u00edlia. Vamos trein\u00e1-lo para cobrir a maioria dos aspectos dos cuidados prim\u00e1rios, incluindo o exame cl\u00ednico e o manejo de doen\u00e7as menores comuns.\n            <\/p>\n            <p class=\"text-large\"><strong>Para mais informa\u00e7\u00f5es sobre como se juntar \u00e0 nossa equipe, envie um e-mail: <a href=\"mailto:mohammed.harb@nhs.net\">mohammed.harb@nhs.net<\/a><\/strong><\/p>\n        <\/div>\n        <!-- end panel 3 -->\n\n        <div id=\"panel4\" class=\"panel\">\n            <p class=\"rteBlock\">\n                Voc\u00ea quer ajudar a melhorar a qualidade e a seguran\u00e7a dos servi\u00e7os de sa\u00fade, bem como as experi\u00eancias do paciente e do cuidador? No Hazeldene Medical Center, estamos \u00e0 procura de um excepcional Analista de Casos em tempo integral para se juntar \u00e0 nossa equipe. Lidar com reclama\u00e7\u00f5es \u00e9 um papel desafiador e exigente. Estamos \u00e0 procura de uma pessoa dedicada, amig\u00e1vel, confi\u00e1vel, trabalhadora e motivada. \n                Voc\u00ea ser\u00e1 totalmente dedicado aos valores das Organiza\u00e7\u00f5es e demonstrar\u00e1 que esses valores orientam suas intera\u00e7\u00f5es com pacientes e colegas.\n            <\/p>\n            <p>\n                Cada reclama\u00e7\u00e3o \u00e9 uma oportunidade para aprendermos mais sobre os nossos servi\u00e7os e melhor\u00e1-los. Queremos que todos que nos fazem uma queixa possam dizer: \"Eu me senti confiante para falar, \n                e apresentar a minha queixa foi simples.\" Senti-me ouvida e compreendida, e senti que as minhas cr\u00edticas tinham feito a diferen\u00e7a.\"\n            <\/p>\n            <p class=\"text-large\"><strong>Fun\u00e7\u00f5es e Responsabilidades: <\/strong><\/p>\n            <ul>\n            \n            <li>Auxiliar o queixoso atrav\u00e9s do processo formal de reclama\u00e7\u00e3o.<\/li>\n\n\n            <li>Ao se comunicar efetivamente com o reclamante por correio, telefone ou pessoalmente, voc\u00ea est\u00e1 fornecendo um excelente atendimento ao cliente enquanto adere aos nossos padr\u00f5es de servi\u00e7o.<\/li>\n\n\n            <li>Respons\u00e1vel por investigar e resolver todas as etapas das reclama\u00e7\u00f5es de forma justa e imparcial.<\/li>\n\n\n            <li>Reconhe\u00e7a e resolva reclama\u00e7\u00f5es gerenciando respostas de alta qualidade. <\/li>\n\n<li>Respons\u00e1vel por uma grande variedade de casos. \u00c9 desej\u00e1vel que voc\u00ea tenha uma boa compreens\u00e3o dos processos legais para lidar com reclama\u00e7\u00f5es de cuidados de sa\u00fade. <\/li>\n\n\n            <li>Assuma a responsabilidade por uma reclama\u00e7\u00e3o do in\u00edcio ao fim e assegure-se de que o queixoso \u00e9 mantido informado do estado. <\/li>\n\n<li>Analise as queixas para determinar a sua gravidade e complexidade e siga um processo de resolu\u00e7\u00e3o adequado. <\/li>\n\n\n            <li>Garantir que a documenta\u00e7\u00e3o e as provas para auxiliar na investiga\u00e7\u00e3o de reclama\u00e7\u00f5es sejam mantidas em um formato apropriado. <\/li>\n\n<li>Lidar com informa\u00e7\u00f5es sens\u00edveis e confidenciais. <\/li>\n\n<li>Trabalhe bem sob press\u00e3o, priorize uma carga de trabalho variada e cumpra prazos rigorosos. <\/li>\n\n\n            <li>Lidar com tarefas de administra\u00e7\u00e3o conforme necess\u00e1rio, garantir documenta\u00e7\u00e3o de alto n\u00edvel e manuten\u00e7\u00e3o de registros, digitalizar e anexar documentos, salvar documentos e garantir que prazos importantes sejam cumpridos. <\/li>\n\n<li>Experi\u00eancia no atendimento de chamados de reclama\u00e7\u00f5es, recebimento de e-mails, boa qualidade de reda\u00e7\u00e3o e acompanhamento de processos administrativos. <\/li>\n\n<li>Investigue e resuma quest\u00f5es complexas. <\/li>\n\n\n            <li>Manuseio de cartas particulares, lidando com formul\u00e1rios de seguro e procedimentos de eventos significativos. <\/li>\n\n<li>Gera\u00e7\u00e3o de faturas e acompanhamento de pagamentos. <\/li>\n\n<li>Registrar, registrar e acompanhar o andamento dos Casos. <\/li>\n\n<li>Voc\u00ea tem experi\u00eancia anterior em sa\u00fade e conhecimento do Processo de Reclama\u00e7\u00e3o do NHS \u00e9 desej\u00e1vel. <\/li>\n\n\n            <li>Dever de escrever cartas precisas e compassivas. <\/li>\n\n<li>Tenha a capacidade de ser assertivo quando necess\u00e1rio, dizer n\u00e3o se necess\u00e1rio e mantenha a calma, seja profissional e sens\u00edvel em todos os momentos. <\/li>\n\n<li>Mais importante ainda, voc\u00ea garante que cada reclama\u00e7\u00e3o seja ouvida, compreendida, considerada, respondida adequadamente e aprendida. <\/li>\n          <\/ul>\n            <p class=\"text-large\"><strong>Voc\u00ea deve se inscrever se:<\/strong><\/p>\n            <ul>\n            <li>\u00c9 residente no Reino Unido e atualmente vive no Reino Unido.<\/li>\n\n\n            <li>Ter o direito de trabalhar no Reino Unido - uma oferta de emprego est\u00e1 sujeita a prova satisfat\u00f3ria disso.<\/li>\n\n<li>S\u00e3o educados para um n\u00edvel de gradua\u00e7\u00e3o em Humanidade, Ci\u00eancias, Literatura Inglesa, Psicologia ou t\u00eam experi\u00eancia equivalente.<\/li>\n\n\n            <li>Ter bom n\u00edvel de literacia inform\u00e1tica, particularmente no uso de documentos word e excel.<\/li>\n\n<li>T\u00eam experi\u00eancia em uma posi\u00e7\u00e3o administrativa ou cl\u00ednica (desej\u00e1vel).<\/li>\n\n<li>S\u00e3o \u00f3timos em explicar as coisas para as pessoas, e t\u00eam um ingl\u00eas escrito impec\u00e1vel.<\/li>\n\n\n            <li>Tenha um excelente servi\u00e7o ao cliente.<\/li>\n\n<li>S\u00e3o bem organizados.<\/li>\n\n<li>Habilidades eficazes de comunica\u00e7\u00e3o e negocia\u00e7\u00e3o escrita, oral e interpessoal.<\/li>\n\n<li>Ter a capacidade de analisar informa\u00e7\u00f5es, escrever relat\u00f3rios e habilidades de apresenta\u00e7\u00e3o.<\/li>\n\n<li>Ser capaz de demonstrar habilidades bem desenvolvidas em negocia\u00e7\u00e3o, resolu\u00e7\u00e3o de problemas e elabora\u00e7\u00e3o.<\/li>\n\n\n            <li>Tenha uma boa gest\u00e3o do tempo.<\/li>\n            <\/ul>\n            <p>Para mais informa\u00e7\u00f5es, n\u00e3o hesite em entrar em contato.<\/p>\n            <p class=\"text-large\" style=\"color:red;\"><strong>Por favor, envie um CV atualizado e uma carta de apresenta\u00e7\u00e3o para ser considerado para esta posi\u00e7\u00e3o.<\/strong><\/p>\n            <p>\n                <a href=\"mailto:recruit.hazel@nhs.net\">recruit.hazel@nhs.net<\/a><br>\n                ID de refer\u00eancia: Caseanalyst01<br>\n                Prazo de inscri\u00e7\u00e3o: 01\/11\/2021<br>\n                Tipos de trabalho: Full-time, Permanente<br>\n                Sal\u00e1rio: \u00a316,380.00-\u00a318,525.00 por ano\n            <\/p>\n            <p>\n                Hor\u00e1rio:<br>\n                Turno de 8 horas\n            <\/p>\n            <p>\n                Considera\u00e7\u00f5es sobre a COVID-19:<br>\n                Todos s\u00e3o obrigados a usar uma m\u00e1scara e as superf\u00edcies comuns s\u00e3o higienizadas regularmente, etc.\n            <\/p>\n            <p>\n                Educa\u00e7\u00e3o:<br>\n                Bacharelado (preferencial)\n            <\/p>\n            <p>\n                Trabalhe remotamente:<br>\n                N\u00e3o\n            <\/p>\n        <\/div>\n        <!-- end panel 4 -->\n    <\/div>\n    <!-- end div class=\"panelContainer\" or panel wrapper -->\n<\/div>\n<!-- ends the tabbed panels \/ wrapper--><\/div><\/div><\/div><\/div><\/div><\/div><\/div><\/div>\n","protected":false},"excerpt":{"rendered":"<p>JUNTE-SE \u00c0 NOSSA EQUIPA Somos apaixonados por nutrir e apoiar nossa equipe a oferecer a mais alta qualidade de atendimento para todos os nossos pacientes. Clique aqui para se inscrever Carreiras Recepcionista M\u00e9dica Doctors Farmac\u00eauticos Cl\u00ednicos Analista de Casos Hazeldene Medical Center est\u00e1 \u00e0 procura de um GP Recepcionista \/ Administrador para se juntar \u00e0 [&hellip;]<\/p>\n","protected":false},"author":4,"featured_media":0,"parent":0,"menu_order":0,"comment_status":"closed","ping_status":"closed","template":"","meta":{"_acf_changed":false,"footnotes":""},"class_list":["post-4494","page","type-page","status-publish","hentry"],"acf":[],"yoast_head":"<!-- This site is optimized with the Yoast SEO plugin v22.6 - https:\/\/yoast.com\/wordpress\/plugins\/seo\/ -->\n<title>Careers With Us - NHS Careers | NHS GP<\/title>\n<meta name=\"description\" content=\"Looking for a new job in the healthcare sector? Then take a look at the roles we have available here today!\" \/>\n<meta name=\"robots\" content=\"index, follow, max-snippet:-1, max-image-preview:large, max-video-preview:-1\" \/>\n<link rel=\"canonical\" href=\"https:\/\/www.nhsgp.net\/pt-br\/careers\/\" \/>\n<meta property=\"og:locale\" content=\"pt_BR\" \/>\n<meta property=\"og:type\" content=\"article\" \/>\n<meta property=\"og:title\" content=\"Careers With Us - NHS Careers | NHS GP\" \/>\n<meta property=\"og:description\" content=\"Looking for a new job in the healthcare sector? Then take a look at the roles we have available here today!\" \/>\n<meta property=\"og:url\" content=\"https:\/\/www.nhsgp.net\/pt-br\/careers\/\" \/>\n<meta property=\"og:site_name\" content=\"NHS GP\" \/>\n<meta property=\"article:modified_time\" content=\"2023-01-25T14:30:55+00:00\" \/>\n<meta name=\"twitter:card\" content=\"summary_large_image\" \/>\n<meta name=\"twitter:label1\" content=\"Est. tempo de leitura\" \/>\n\t<meta name=\"twitter:data1\" content=\"8 minutos\" \/>\n<script type=\"application\/ld+json\" class=\"yoast-schema-graph\">{\"@context\":\"https:\/\/schema.org\",\"@graph\":[{\"@type\":\"WebPage\",\"@id\":\"https:\/\/www.nhsgp.net\/pt-br\/careers\/\",\"url\":\"https:\/\/www.nhsgp.net\/pt-br\/careers\/\",\"name\":\"Careers With Us - NHS Careers | NHS GP\",\"isPartOf\":{\"@id\":\"https:\/\/www.nhsgp.net\/#website\"},\"datePublished\":\"2022-11-16T04:46:57+00:00\",\"dateModified\":\"2023-01-25T14:30:55+00:00\",\"description\":\"Looking for a new job in the healthcare sector? Then take a look at the roles we have available here today!\",\"breadcrumb\":{\"@id\":\"https:\/\/www.nhsgp.net\/pt-br\/careers\/#breadcrumb\"},\"inLanguage\":\"pt-BR\",\"potentialAction\":[{\"@type\":\"ReadAction\",\"target\":[\"https:\/\/www.nhsgp.net\/pt-br\/careers\/\"]}]},{\"@type\":\"BreadcrumbList\",\"@id\":\"https:\/\/www.nhsgp.net\/pt-br\/careers\/#breadcrumb\",\"itemListElement\":[{\"@type\":\"ListItem\",\"position\":1,\"name\":\"Home\",\"item\":\"https:\/\/www.nhsgp.net\/\"},{\"@type\":\"ListItem\",\"position\":2,\"name\":\"Carreiras\"}]},{\"@type\":\"WebSite\",\"@id\":\"https:\/\/www.nhsgp.net\/#website\",\"url\":\"https:\/\/www.nhsgp.net\/\",\"name\":\"NHS GP\",\"description\":\"GP Pathfinder Clinics\",\"publisher\":{\"@id\":\"https:\/\/www.nhsgp.net\/#organization\"},\"potentialAction\":[{\"@type\":\"SearchAction\",\"target\":{\"@type\":\"EntryPoint\",\"urlTemplate\":\"https:\/\/www.nhsgp.net\/?s={search_term_string}\"},\"query-input\":\"required name=search_term_string\"}],\"inLanguage\":\"pt-BR\"},{\"@type\":\"Organization\",\"@id\":\"https:\/\/www.nhsgp.net\/#organization\",\"name\":\"NHS GP\",\"url\":\"https:\/\/www.nhsgp.net\/\",\"logo\":{\"@type\":\"ImageObject\",\"inLanguage\":\"pt-BR\",\"@id\":\"https:\/\/www.nhsgp.net\/#\/schema\/logo\/image\/\",\"url\":\"https:\/\/www.nhsgp.net\/wp-content\/uploads\/2025\/02\/NHS_LOGO.png\",\"contentUrl\":\"https:\/\/www.nhsgp.net\/wp-content\/uploads\/2025\/02\/NHS_LOGO.png\",\"width\":354,\"height\":143,\"caption\":\"NHS GP\"},\"image\":{\"@id\":\"https:\/\/www.nhsgp.net\/#\/schema\/logo\/image\/\"}}]}<\/script>\n<!-- \/ Yoast SEO plugin. -->","yoast_head_json":{"title":"Careers With Us - NHS Careers | NHS GP","description":"Looking for a new job in the healthcare sector? Then take a look at the roles we have available here today!","robots":{"index":"index","follow":"follow","max-snippet":"max-snippet:-1","max-image-preview":"max-image-preview:large","max-video-preview":"max-video-preview:-1"},"canonical":"https:\/\/www.nhsgp.net\/pt-br\/careers\/","og_locale":"pt_BR","og_type":"article","og_title":"Careers With Us - NHS Careers | NHS GP","og_description":"Looking for a new job in the healthcare sector? Then take a look at the roles we have available here today!","og_url":"https:\/\/www.nhsgp.net\/pt-br\/careers\/","og_site_name":"NHS GP","article_modified_time":"2023-01-25T14:30:55+00:00","twitter_card":"summary_large_image","twitter_misc":{"Est. tempo de leitura":"8 minutos"},"schema":{"@context":"https:\/\/schema.org","@graph":[{"@type":"WebPage","@id":"https:\/\/www.nhsgp.net\/pt-br\/careers\/","url":"https:\/\/www.nhsgp.net\/pt-br\/careers\/","name":"Careers With Us - NHS Careers | NHS GP","isPartOf":{"@id":"https:\/\/www.nhsgp.net\/#website"},"datePublished":"2022-11-16T04:46:57+00:00","dateModified":"2023-01-25T14:30:55+00:00","description":"Looking for a new job in the healthcare sector? Then take a look at the roles we have available here today!","breadcrumb":{"@id":"https:\/\/www.nhsgp.net\/pt-br\/careers\/#breadcrumb"},"inLanguage":"pt-BR","potentialAction":[{"@type":"ReadAction","target":["https:\/\/www.nhsgp.net\/pt-br\/careers\/"]}]},{"@type":"BreadcrumbList","@id":"https:\/\/www.nhsgp.net\/pt-br\/careers\/#breadcrumb","itemListElement":[{"@type":"ListItem","position":1,"name":"Home","item":"https:\/\/www.nhsgp.net\/"},{"@type":"ListItem","position":2,"name":"Carreiras"}]},{"@type":"WebSite","@id":"https:\/\/www.nhsgp.net\/#website","url":"https:\/\/www.nhsgp.net\/","name":"NHS GP","description":"GP Pathfinder Clinics","publisher":{"@id":"https:\/\/www.nhsgp.net\/#organization"},"potentialAction":[{"@type":"SearchAction","target":{"@type":"EntryPoint","urlTemplate":"https:\/\/www.nhsgp.net\/?s={search_term_string}"},"query-input":"required name=search_term_string"}],"inLanguage":"pt-BR"},{"@type":"Organization","@id":"https:\/\/www.nhsgp.net\/#organization","name":"NHS GP","url":"https:\/\/www.nhsgp.net\/","logo":{"@type":"ImageObject","inLanguage":"pt-BR","@id":"https:\/\/www.nhsgp.net\/#\/schema\/logo\/image\/","url":"https:\/\/www.nhsgp.net\/wp-content\/uploads\/2025\/02\/NHS_LOGO.png","contentUrl":"https:\/\/www.nhsgp.net\/wp-content\/uploads\/2025\/02\/NHS_LOGO.png","width":354,"height":143,"caption":"NHS GP"},"image":{"@id":"https:\/\/www.nhsgp.net\/#\/schema\/logo\/image\/"}}]}},"jetpack_sharing_enabled":true,"_links":{"self":[{"href":"https:\/\/www.nhsgp.net\/pt-br\/wp-json\/wp\/v2\/pages\/4494","targetHints":{"allow":["GET"]}}],"collection":[{"href":"https:\/\/www.nhsgp.net\/pt-br\/wp-json\/wp\/v2\/pages"}],"about":[{"href":"https:\/\/www.nhsgp.net\/pt-br\/wp-json\/wp\/v2\/types\/page"}],"author":[{"embeddable":true,"href":"https:\/\/www.nhsgp.net\/pt-br\/wp-json\/wp\/v2\/users\/4"}],"replies":[{"embeddable":true,"href":"https:\/\/www.nhsgp.net\/pt-br\/wp-json\/wp\/v2\/comments?post=4494"}],"version-history":[{"count":5,"href":"https:\/\/www.nhsgp.net\/pt-br\/wp-json\/wp\/v2\/pages\/4494\/revisions"}],"predecessor-version":[{"id":7843,"href":"https:\/\/www.nhsgp.net\/pt-br\/wp-json\/wp\/v2\/pages\/4494\/revisions\/7843"}],"wp:attachment":[{"href":"https:\/\/www.nhsgp.net\/pt-br\/wp-json\/wp\/v2\/media?parent=4494"}],"curies":[{"name":"wp","href":"https:\/\/api.w.org\/{rel}","templated":true}]}}