{"id":5597,"date":"2022-12-01T08:08:06","date_gmt":"2022-12-01T08:08:06","guid":{"rendered":"http:\/\/1139313165.test.prositehosting.co.uk\/terms-of-use\/"},"modified":"2022-12-23T09:59:28","modified_gmt":"2022-12-23T09:59:28","slug":"terms-of-use","status":"publish","type":"page","link":"https:\/\/www.nhsgp.net\/pl\/terms-of-use\/","title":{"rendered":"Warunki korzystania"},"content":{"rendered":"<div class=\"vce-row-container\" data-vce-boxed-width=\"true\"><div class=\"vce-row vce-row--col-gap-30 page-section vce-row-equal-height vce-row-content--top\" id=\"el-e60b6cf1\" data-vce-do-apply=\"all el-e60b6cf1\"><div class=\"vce-row-content\" data-vce-element-content=\"true\"><div class=\"vce-col vce-col--md-auto vce-col--xs-1 vce-col--xs-last vce-col--xs-first vce-col--sm-last vce-col--sm-first vce-col--md-last vce-col--lg-last vce-col--xl-last vce-col--md-first vce-col--lg-first vce-col--xl-first\" id=\"el-ce9b422c\"><div class=\"vce-col-inner\" data-vce-do-apply=\"border margin background  el-ce9b422c\"><div class=\"vce-col-content\" data-vce-element-content=\"true\" data-vce-do-apply=\"padding el-ce9b422c\"><div class=\"vce-raw-html\"><div class=\"vce-raw-html-wrapper\" id=\"el-56b05bf3\" data-vce-do-apply=\"all el-56b05bf3\"><h1 style=\"text-align: center;\">Warunki korzystania<\/h1>\n<div class=\"space\"><\/div>\n<div class=\"space\"><\/div><\/div><\/div><div class=\"vce-raw-html\"><div class=\"vce-raw-html-wrapper\" id=\"el-a0efa1fe\" data-vce-do-apply=\"all el-a0efa1fe\"><h2>1. Wprowadzenie<\/h2>\n<p><strong>1.1<\/strong>&nbsp;Ta witryna (\u201e<strong>nasza witryna<\/strong>\u201d) promuje firm\u0119, o kt\u00f3rej mowa. W tych\nwarunki, firma b\u0119dzie okre\u015blana jako \u201emy\u201d i\/lub \u201enasz\u201d.<\/p>\n\n<p><strong>1.2<\/strong>&nbsp;Korzystanie z naszej Witryny podlega nast\u0119puj\u0105cym warunkom (\u201e<strong>Warunki korzystania<\/strong>\u201d). Je\u015bli nie\nzgadzasz si\u0119 z niniejszymi Warunkami u\u017cytkowania, natychmiast przesta\u0144 korzysta\u0107 z naszej Witryny. Uzyskuj\u0105c dost\u0119p do naszej Witryny i korzystaj\u0105c z niej, wyra\u017casz na to zgod\u0119\nTwoja zgoda na zwi\u0105zanie si\u0119 niniejszymi Warunkami u\u017cytkowania. Stanowi\u0105 one prawn\u0105 umow\u0119 mi\u0119dzy Tob\u0105 a nami i mog\u0105 by\u0107 jedynie zmieniane\nza nasz\u0105 zgod\u0105. Nale\u017cy je czyta\u0107 w po\u0142\u0105czeniu z wszelkimi szczeg\u00f3\u0142owymi informacjami podanymi w naszej Witrynie na temat sposobu dzia\u0142ania naszej Witryny\noraz dost\u0119pne us\u0142ugi, w tym nasze Prywatno\u015b\u0107 &amp; Zasady dotycz\u0105ce plik\u00f3w cookie i Warunki handlowe (je\u015bli dotyczy).<\/p>\n\n<p><strong>1.3<\/strong>&nbsp;Zastrzegamy sobie prawo do okresowej zmiany niniejszych Warunk\u00f3w u\u017cytkowania bez wcze\u015bniejszego powiadomienia przez\nzmiany ich w naszej Witrynie.<\/p>\n<div class=\"space\"><\/div>\n<h2>2. Dost\u0119p do naszej Witryny<\/h2>\n<p><strong>2.1<\/strong>&nbsp;Nie mo\u017cemy zagwarantowa\u0107, \u017ce nasza Witryna b\u0119dzie dzia\u0142a\u0107 w spos\u00f3b ci\u0105g\u0142y lub bez przerw\nbez b\u0142\u0119d\u00f3w. Nie wolno Ci pr\u00f3bowa\u0107 ingerowa\u0107 w prawid\u0142owe dzia\u0142anie naszej Witryny, aw szczeg\u00f3lno\u015bci nie wolno Ci tego robi\u0107\npr\u00f3bowa\u0107 obej\u015b\u0107 zabezpieczenia, manipulowa\u0107, w\u0142ama\u0107 si\u0119 lub w inny spos\u00f3b zak\u0142\u00f3ci\u0107 nasz\u0105 Witryn\u0119 lub dowolny system komputerowy, serwer,\nrouter lub inne urz\u0105dzenie pod\u0142\u0105czone do Internetu.<\/p>\n\n<p><strong>2.2<\/strong>&nbsp;Ponosisz odpowiedzialno\u015b\u0107 za zapewnienie, \u017ce Tw\u00f3j system komputerowy spe\u0142nia wszystkie odpowiednie wymagania techniczne\nspecyfikacje niezb\u0119dne do korzystania z naszej Witryny i s\u0105 zgodne z nasz\u0105 Witryn\u0105. Rozumiesz r\u00f3wnie\u017c, \u017ce nie mo\u017cemy i nie robimy\ngwarantuje lub zapewnia, \u017ce \u200b\u200bwszelkie tre\u015bci w naszej Witrynie b\u0119d\u0105 wolne od infekcji, wirus\u00f3w i\/lub innego kodu, kt\u00f3ry ma\nw\u0142a\u015bciwo\u015bci zanieczyszczaj\u0105ce lub niszcz\u0105ce. Jeste\u015b odpowiedzialny za wdro\u017cenie odpowiednich procedur i kontroli antywirusowych\n(w tym testy antywirusowe i inne zabezpieczenia) w celu spe\u0142nienia okre\u015blonych wymaga\u0144 u\u017cytkownika w zakresie bezpiecze\u0144stwa i niezawodno\u015bci\nwprowadzania i wyprowadzania danych.<\/p>\n\n<p><strong>2.3<\/strong>&nbsp;Od czasu do czasu mo\u017cemy ograniczy\u0107 dost\u0119p do niekt\u00f3rych funkcji lub cz\u0119\u015bci naszej Witryny lub ca\u0142ej naszej Witryny\nWitryna dla u\u017cytkownik\u00f3w, kt\u00f3rzy si\u0119 u nas zarejestrowali. Je\u015bli wybierzesz lub otrzymasz kod identyfikacyjny u\u017cytkownika,\nhas\u0142a lub jakiejkolwiek innej informacji w ramach naszych procedur bezpiecze\u0144stwa, musisz traktowa\u0107 takie informacje jako\npoufne i nie wolno ujawnia\u0107 ich osobom trzecim. Mamy prawo do wy\u0142\u0105czenia dowolnego kodu identyfikacyjnego u\u017cytkownika\nlub has\u0142o, wybrane przez Ciebie lub przydzielone przez nas, w dowolnym momencie, je\u015bli naszym zdaniem nie zastosowa\u0142e\u015b si\u0119 do kt\u00f3regokolwiek\npostanowie\u0144 niniejszych Warunk\u00f3w u\u017cytkowania.<\/p>\n\n<p><strong>2.4<\/strong>&nbsp;Zastrzegamy sobie prawo, wed\u0142ug naszego uznania, do wycofania, zawieszenia lub zmodyfikowania naszej Witryny lub niekt\u00f3rych\nfunkcji lub cz\u0119\u015bci naszej Witryny za powiadomieniem lub bez powiadomienia, je\u015bli mamy ku temu pow\u00f3d. Mo\u017ce si\u0119 te\u017c zdarzy\u0107, \u017ce\nnasza Witryna lub niekt\u00f3re funkcje lub cz\u0119\u015bci naszej Witryny stan\u0105 si\u0119 niedost\u0119pne, czy to zgodnie z harmonogramem, czy nie. ty\nzgadzamy si\u0119, \u017ce nie b\u0119dziemy ponosi\u0107 odpowiedzialno\u015bci wobec Ciebie ani \u017cadnej strony trzeciej za jakiekolwiek wycofanie, modyfikacj\u0119, niedost\u0119pno\u015b\u0107,\nzawieszenie lub przerwanie dzia\u0142ania naszej Witryny lub jakiejkolwiek us\u0142ugi dost\u0119pnej w naszej Witrynie lub za jej po\u015brednictwem.<\/p>\n<div class=\"space\"><\/div>\n<h2>3. Korzystanie z naszej Witryny<\/h2>\n<p><strong>3.1<\/strong>&nbsp;Musisz odpowiedzialnie korzysta\u0107 z naszej Witryny i dost\u0119pnych w niej informacji. Brak takich informacji\nmog\u0105 by\u0107 wykorzystywane do lub w zwi\u0105zku z jakimkolwiek niezgodnym z prawem, niemoralnym lub antyspo\u0142ecznym celem lub w spos\u00f3b, kt\u00f3ry jest lub mo\u017ce by\u0107\nszkodliwe dla naszego imienia lub reputacji.<\/p>\n\n<strong>3.2<\/strong>&nbsp;Nie mo\u017cesz korzysta\u0107 z naszej Witryny:\n<ol type=\"a\">\n<li>w jakimkolwiek celu niezgodnym z prawem;<\/li>\n<li>do wysy\u0142ania spamu;<\/li>\n<li>szkodzi\u0107, grozi\u0107, wykorzystywa\u0107 lub n\u0119ka\u0107 inn\u0105 osob\u0119 lub w spos\u00f3b, kt\u00f3ry narusza czyj\u0105\u015b prywatno\u015b\u0107 lub jest (w naszym\nuzasadnionej opinii) obra\u017aliwe, niedopuszczalne lub szkodliwe dla nas, naszych klient\u00f3w lub dostawc\u00f3w;<\/li>\n<li>do tworzenia, sprawdzania, potwierdzania, aktualizowania lub poprawiania w\u0142asnych lub cudzych baz danych, rejestr\u00f3w, katalog\u00f3w, klient\u00f3w\nlisty, listy mailingowe lub listy poszukiwawcze;<\/li>\n<li>ingerowa\u0107, aktualizowa\u0107 lub zmienia\u0107 dowoln\u0105 cz\u0119\u015b\u0107 naszej Witryny;<\/li>\n<li>w spos\u00f3b, kt\u00f3ry wp\u0142ywa na spos\u00f3b jego dzia\u0142ania;<\/li>\n<li>w spos\u00f3b, kt\u00f3ry nak\u0142ada nieuzasadnione lub nieproporcjonalnie du\u017ce obci\u0105\u017cenie na komunikacj\u0119 nasz\u0105 lub naszych dostawc\u00f3w\ni system\u00f3w technicznych okre\u015blonych przez nas; lub<\/li>\n<li>wykorzystywanie jakichkolwiek zautomatyzowanych \u015brodk\u00f3w do monitorowania lub kopiowania naszej Witryny lub jej zawarto\u015bci b\u0105d\u017a ingerowania w ni\u0105 lub podejmowania pr\u00f3b\ningerowa\u0107 w dzia\u0142anie naszej Witryny.<\/li>\n<\/ol>\n<div class=\"space\"><\/div>\n<h2>4. Prawa w\u0142asno\u015bci intelektualnej<\/h2>\n<p><strong>4.1 <\/strong> Ca\u0142a zawarto\u015b\u0107 naszej Witryny, w tym mi\u0119dzy innymi tekst, oprogramowanie, zdj\u0119cia i grafika, jest\nchronione prawem autorskim. My lub nasi licencjodawcy posiadamy prawa autorskie i\/lub prawa do baz danych w zakresie wyboru, koordynacji,\naran\u017cacji i ulepszania takich tre\u015bci, jak r\u00f3wnie\u017c w tre\u015bci oryginalnej. Z wyj\u0105tkiem przypadk\u00f3w wyra\u017anie w nich okre\u015blonych\nWarunk\u00f3w u\u017cytkowania \u017cadne z postanowie\u0144 niniejszych Warunk\u00f3w u\u017cytkowania nie daje u\u017cytkownikowi \u017cadnych praw w odniesieniu do jakiejkolwiek w\u0142asno\u015bci intelektualnej b\u0119d\u0105cej w\u0142asno\u015bci\u0105\nmy lub nasi licencjodawcy. Nie b\u0119dziesz dochodzi\u0107 ani pr\u00f3bowa\u0107 uzyska\u0107 takich praw i nie b\u0119dziesz u\u017cywa\u0107, kopiowa\u0107, powiela\u0107,\nmodyfikowa\u0107, publikowa\u0107, transmitowa\u0107, uczestniczy\u0107 w przekazywaniu lub sprzeda\u017cy, tworzy\u0107 dzie\u0142 pochodnych lub w jakikolwiek spos\u00f3b wykorzystywa\u0107,\nnasz\u0105 nazw\u0119, znaki towarowe, logo lub inne zastrze\u017cone znaki lub jak\u0105kolwiek zawarto\u015b\u0107 naszej Witryny, w ca\u0142o\u015bci lub w cz\u0119\u015bci, z wyj\u0105tkiem\nzgodnie z niniejszymi Warunkami u\u017cytkowania.<\/p>\n<div class=\"space\"><\/div>\n<h2>5. Je\u015bli dostarczasz tre\u015bci do naszej Witryny<\/h2>\n<p><strong>5.1 <\/strong>Je\u015bli dostarczysz jakiekolwiek materia\u0142y do naszej Witryny (na przyk\u0142ad, udost\u0119pniaj\u0105c oceny i recenzje, komentarze,\nartyku\u0142y lub przesy\u0142anie jakichkolwiek innych tre\u015bci w dowolnym formacie (w tym wideo) (ka\u017cda \u201e<strong>Tre\u015b\u0107 u\u017cytkownika<\/strong>\u201d), zgadzasz si\u0119\nnieodwo\u0142alnego i nieodp\u0142atnego udzielenia nam zgody na korzystanie z Tre\u015bci U\u017cytkownika (w tym przystosowanie ich do eksploatacji\nlub z powod\u00f3w redakcyjnych) we wszystkich mediach na ca\u0142ym \u015bwiecie, dla naszych w\u0142asnych dzia\u0142a\u0144 marketingowych, badawczych i promocyjnych oraz dla naszych w\u0142asnych\nwewn\u0119trzne cele biznesowe, kt\u00f3re mog\u0105 obejmowa\u0107 udost\u0119pnianie Tre\u015bci U\u017cytkownika wybranym partnerom zewn\u0119trznym, us\u0142ugi\ndostawc\u00f3w, medi\u00f3w spo\u0142eczno\u015bciowych i witryn sieciowych.<\/p>\n\n<p><strong>5.2 <\/strong>Jeste\u015b w\u0142a\u015bcicielem Tre\u015bci u\u017cytkownika przez ca\u0142y czas i nadal masz prawo do korzystania z nich w dowolny spos\u00f3b\nwybierz.<\/p>\n\n<p><strong>5.3&nbsp;<\/strong>Dostarczaj\u0105c jakiekolwiek Tre\u015bci u\u017cytkownika do naszej Witryny, potwierdzasz, \u017ce takie Tre\u015bci u\u017cytkownika:<\/p>\n<ol type=\"a\">\n<li>jest Twoim w\u0142asnym oryginalnym dzie\u0142em lub jeste\u015b upowa\u017cniony do dostarczenia go do naszej Witryny i masz prawo nam to przekaza\u0107\nzgod\u0119 na korzystanie z nich w celach okre\u015blonych w niniejszych Warunkach u\u017cytkowania;<\/li>\n<li>nie b\u0119dzie zawiera\u0107 ani promowa\u0107 tre\u015bci niezgodnych z prawem, szkodliwych, wprowadzaj\u0105cych w b\u0142\u0105d, obra\u017aliwych, znies\u0142awiaj\u0105cych (tzn.\nzaszkodzi\u0107 czyjej\u015b dobrej reputacji) lub cokolwiek innego, co mog\u0142oby spowodowa\u0107 powszechn\u0105 obraz\u0119 lub przynie\u015b\u0107 nam lub naszym\npartner\u00f3w biznesowych na z\u0142\u0105 reputacj\u0119;<\/li>\n\t<li>nie odbiera ani nie wp\u0142ywa na prawa innych os\u00f3b do prywatno\u015bci, prawa umowne ani \u017cadne inne prawa;<\/li>\n<li>nie zawiera \u017cadnych wirus\u00f3w ani innych kod\u00f3w, kt\u00f3re mog\u0142yby uszkodzi\u0107, zak\u0142\u00f3ci\u0107 lub w inny spos\u00f3b niekorzystnie wp\u0142yn\u0105\u0107 na\ndzia\u0142anie naszej Witryny;<\/li>\n<li>je\u015bli zostanie wykorzystany do promowania w\u0142asnej firmy lub us\u0142ug, jasno i otwarcie okre\u015bli Twoje powi\u0105zania z\nwyra\u017anie okre\u015blony biznes; i<\/li>\n<li>nie b\u0119dzie zawiera\u0107 \u017cadnej formy masowego rozsy\u0142ania ani spamu.<\/li>\n<\/ol>\n<p><strong>5.4&nbsp;<\/strong>Je\u015bli nie chcesz udzieli\u0107 nam uprawnie\u0144 okre\u015blonych powy\u017cej, nie dostarczaj \u017cadnych materia\u0142\u00f3w\nnasza Witryna.<\/p>\n\n<p><strong>5.5&nbsp;<\/strong>Nie mamy obowi\u0105zku publikowania Tre\u015bci u\u017cytkownika w naszej Witrynie i zastrzegamy sobie prawo do usuwania\n\u017cadnych Tre\u015bci U\u017cytkownika w dowolnym momencie i z dowolnego powodu.<\/p>\n\n<p><strong>5.6&nbsp;<\/strong>Nie edytujemy, nie sprawdzamy ani nie sprawdzamy \u017cadnych Tre\u015bci u\u017cytkownika wy\u015bwietlanych w naszej Witrynie. Je\u015bli wierzysz, \u017ce jakikolwiek\nTre\u015bci u\u017cytkownika nie spe\u0142niaj\u0105 wymaga\u0144 okre\u015blonych w niniejszym paragrafie, prosimy o niezw\u0142oczne powiadomienie nas o tym. Wtedy b\u0119dziemy\nprzegl\u0105da\u0107 Tre\u015bci u\u017cytkownika i, je\u015bli uznamy to za stosowne, usuwa\u0107 je w rozs\u0105dnym czasie.<\/p>\n<div class=\"space\"><\/div>\n<h2>6. Nasza odpowiedzialno\u015b\u0107<\/h2>\n<p><strong>6.1 <\/strong>Chocia\u017c mamy nadziej\u0119, \u017ce nasza Witryna b\u0119dzie interesuj\u0105ca dla u\u017cytkownik\u00f3w, nie ponosimy odpowiedzialno\u015bci i nie oferujemy\ngwarancji lub warunk\u00f3w w odniesieniu do naszej Witryny lub jej zawarto\u015bci, w najszerszym zakresie, w jakim taka odpowiedzialno\u015b\u0107 mo\u017ce zosta\u0107 wy\u0142\u0105czona\nprawo.<\/p>\n\n<p><strong>6.2&nbsp;<\/strong>Nie ma ogranicze\u0144 co do tego, za co my i osoby \u015bwiadcz\u0105ce nasze us\u0142ugi b\u0119dziemy odpowiedzialni, je\u015bli kto\u015b\numrze lub zostanie ranny z powodu naszego zaniedbania lub pope\u0142nienia przez nas oszustwa.<\/p>\n\n<p><strong>6.3&nbsp;<\/strong>W \u017cadnym wypadku my, w\u0142a\u015bciciel lub operator naszej Witryny, ani \u017cadna inna organizacja\nzaanga\u017cowani w tworzenie, produkcj\u0119, utrzymywanie lub dystrybucj\u0119 naszej Witryny ponosz\u0105 odpowiedzialno\u015b\u0107 kontraktow\u0105, deliktow\u0105 (w tym\nzaniedbanie), naruszenie ustawowego obowi\u0105zku, nawet je\u015bli mo\u017cna je by\u0142o przewidzie\u0107, za jak\u0105kolwiek strat\u0119:<\/p>\n<ol type=\"a\">\n<li>zyski, sprzeda\u017c, biznes lub przychody;<\/li>\n<li>przerwa w dzia\u0142alno\u015bci;<\/li>\n<li>przewidywane oszcz\u0119dno\u015bci;<\/li>\n<li>mo\u017cliwo\u015b\u0107 biznesowa, dobra wola lub reputacja;<\/li>\n<li>wykorzystanie lub uszkodzenie informacji; lub<\/li>\n<li>informacje.<\/li>\n<\/ol>\n<p><strong>6.4&nbsp;<\/strong>Je\u015bli nie b\u0119dziemy przestrzega\u0107 tych warunk\u00f3w, b\u0119dziemy odpowiedzialni tylko za straty, kt\u00f3re ponios\u0142e\u015b jako\nbezpo\u015bredni wynik. Nie ponosimy odpowiedzialno\u015bci wobec Ciebie za jakiekolwiek inne straty, niezale\u017cnie od tego, czy takie straty wynikaj\u0105 z nieprzestrzegania naszych\nzobowi\u0105za\u0144 lub umowy, z powodu czego\u015b, co zrobili\u015bmy lub czego nie zrobili\u015bmy w wyniku zaniedbania, z powodu znies\u0142awiaj\u0105cych o\u015bwiadcze\u0144 lub\nodpowiedzialno\u015bci za produkt lub w inny spos\u00f3b w wyniku:<\/p>\n<ol type=\"a\">\n<li>korzystanie lub niemo\u017cno\u015b\u0107 korzystania z naszej Witryny;<\/li>\n<li>wykorzystywanie lub poleganie na jakichkolwiek tre\u015bciach wy\u015bwietlanych w naszej Witrynie; jakikolwiek b\u0142\u0105d, wada, niewykonanie czego\u015b, brak\ninformacji lub wirusa w naszej Witrynie lub je\u015bli nie dzia\u0142a ona prawid\u0142owo z powodu incydent\u00f3w pozostaj\u0105cych poza nasz\u0105 kontrol\u0105\ntakie jak (mi\u0119dzy innymi) przerwy w komunikacji i sieciach oraz okoliczno\u015bci pozostaj\u0105ce poza nasz\u0105 kontrol\u0105;\n<\/li>\n<li>kradzie\u017c, zniszczenie informacji lub uzyskanie dost\u0119pu do naszych danych, program\u00f3w lub us\u0142ug bez naszego udzia\u0142u\npozwolenie; lub<\/li>\n<li>towary, produkty, us\u0142ugi lub informacje otrzymane za po\u015brednictwem lub reklamowane na dowolnej stronie internetowej, do kt\u00f3rej prowadzi link z naszej\nWitryna.<\/li>\n<\/ol>\n<div class=\"space\"><\/div>\n<h2><strong>7. Og\u00f3lne<\/strong><\/h2>\n<p><strong>7.1 <\/strong>Je\u017celi nasza Witryna zawiera \u0142\u0105cza do innych witryn i zasob\u00f3w udost\u0119pnianych przez strony trzecie,\nlinki s\u0105 podane wy\u0142\u0105cznie w celach informacyjnych. Nie mamy kontroli nad zawarto\u015bci\u0105 tych stron ani zasob\u00f3w.<\/p>\n\n<p><strong>7.2&nbsp;<\/strong>Wszelkie formalne zawiadomienia prawne nale\u017cy przesy\u0142a\u0107 do nas, korzystaj\u0105c z danych podanych w naszej Witrynie.<\/p>\n\n<p><strong>7.3<\/strong>&nbsp;Nieegzekwowanie przez nas prawa nie oznacza zrzeczenia si\u0119 tego prawa. Nie mo\u017cesz przypisywa\u0107 ani\nprzenie\u015b\u0107 swoje prawa wynikaj\u0105ce z niniejszych Warunk\u00f3w u\u017cytkowania.<\/p>\n\n<p><strong>7.4<\/strong>&nbsp;Je\u015bli jakakolwiek cz\u0119\u015b\u0107 niniejszych Warunk\u00f3w u\u017cytkowania zostanie uznana za niewykonaln\u0105 z punktu widzenia prawa, wszystkie pozosta\u0142e cz\u0119\u015bci\nniniejszych Warunk\u00f3w u\u017cytkowania pozostaj\u0105 nienaruszone3. i pozostaj\u0105 w mocy.<\/p>\n<div class=\"space\"><\/div>\n<h2>8. Obowi\u0105zuj\u0105ce prawo i jurysdykcja<\/h2>\n<p><strong>8.1&nbsp;<\/strong>Niniejsze warunki stanowi\u0105 ca\u0142o\u015b\u0107 umowy mi\u0119dzy Tob\u0105 a nami dotycz\u0105cej sposobu korzystania z naszej Witryny. Je\u015bli s\u0105d\nzdecyduje, \u017ce warunek jest niewa\u017cny, pozosta\u0142e warunki b\u0119d\u0105 nadal obowi\u0105zywa\u0107.<\/p>\n\n<p><strong>8.2<\/strong>&nbsp;Do korzystania z naszej Witryny i niniejszych warunk\u00f3w zastosowanie ma prawo Anglii i Walii. Kontrolujemy nasze\nWitryna z Wielkiej Brytanii. Mo\u017cesz jednak uzyska\u0107 dost\u0119p do naszej Witryny z innych miejsc na \u015bwiecie.\nChocia\u017c w tych miejscach mog\u0105 obowi\u0105zywa\u0107 inne prawa ni\u017c prawa Anglii i Walii, korzystaj\u0105c z naszej Witryny, zgadzasz si\u0119, \u017ce\nprawa Anglii i Walii b\u0119d\u0105 mia\u0142y zastosowanie do wszystkiego, co dotyczy korzystania z naszej Witryny, a u\u017cytkownik zgadza si\u0119 przestrzega\u0107 tych praw.\nMamy prawo pozwa\u0107 Ci\u0119 do s\u0105du w kraju, w kt\u00f3rym mieszkasz.<\/p>\n<div class=\"space\"><\/div>\n<h2>9. Jak si\u0119 z nami skontaktowa\u0107<\/h2>\n<p><strong>9.1 <\/strong>W przypadku problem\u00f3w z nasz\u0105 Witryn\u0105 lub ch\u0119ci skomentowania jej, prosimy o\nskontaktuj si\u0119 z nami, korzystaj\u0105c z danych podanych w naszej Witrynie.<\/p><\/div><\/div><\/div><\/div><\/div><\/div><\/div><\/div>\n","protected":false},"excerpt":{"rendered":"<p>Warunki korzystania 1. Wprowadzenie 1.1&nbsp;Ta witryna (\u201enasza witryna\u201d) promuje firm\u0119, o kt\u00f3rej mowa. W tych warunki, firma b\u0119dzie okre\u015blana jako \u201emy\u201d i\/lub \u201enasz\u201d. 1.2&nbsp;Korzystanie z naszej Witryny podlega nast\u0119puj\u0105cym warunkom (\u201eWarunki korzystania\u201d). Je\u015bli nie zgadzasz si\u0119 z niniejszymi Warunkami u\u017cytkowania, natychmiast przesta\u0144 korzysta\u0107 z naszej Witryny. Uzyskuj\u0105c dost\u0119p do naszej Witryny i korzystaj\u0105c z niej, [&hellip;]<\/p>\n","protected":false},"author":4,"featured_media":0,"parent":0,"menu_order":0,"comment_status":"closed","ping_status":"closed","template":"","meta":{"_acf_changed":false,"footnotes":""},"class_list":["post-5597","page","type-page","status-publish","hentry"],"acf":[],"yoast_head":"<!-- This site is optimized with the Yoast SEO plugin v22.6 - https:\/\/yoast.com\/wordpress\/plugins\/seo\/ -->\n<title>Warunki korzystania - NHS GP<\/title>\n<meta name=\"robots\" content=\"index, follow, max-snippet:-1, max-image-preview:large, max-video-preview:-1\" \/>\n<link rel=\"canonical\" href=\"https:\/\/www.nhsgp.net\/pl\/terms-of-use\/\" \/>\n<meta property=\"og:locale\" content=\"pl_PL\" \/>\n<meta property=\"og:type\" content=\"article\" \/>\n<meta property=\"og:title\" content=\"Warunki korzystania - NHS GP\" \/>\n<meta property=\"og:description\" content=\"Warunki korzystania 1. Wprowadzenie 1.1&nbsp;Ta witryna (\u201enasza witryna\u201d) promuje firm\u0119, o kt\u00f3rej mowa. W tych warunki, firma b\u0119dzie okre\u015blana jako \u201emy\u201d i\/lub \u201enasz\u201d. 1.2&nbsp;Korzystanie z naszej Witryny podlega nast\u0119puj\u0105cym warunkom (\u201eWarunki korzystania\u201d). Je\u015bli nie zgadzasz si\u0119 z niniejszymi Warunkami u\u017cytkowania, natychmiast przesta\u0144 korzysta\u0107 z naszej Witryny. Uzyskuj\u0105c dost\u0119p do naszej Witryny i korzystaj\u0105c z niej, [&hellip;]\" \/>\n<meta property=\"og:url\" content=\"https:\/\/www.nhsgp.net\/pl\/terms-of-use\/\" \/>\n<meta property=\"og:site_name\" content=\"NHS GP\" \/>\n<meta property=\"article:modified_time\" content=\"2022-12-23T09:59:28+00:00\" \/>\n<meta name=\"twitter:card\" content=\"summary_large_image\" \/>\n<meta name=\"twitter:label1\" content=\"Szacowany czas czytania\" \/>\n\t<meta name=\"twitter:data1\" content=\"10 minut\" \/>\n<script type=\"application\/ld+json\" class=\"yoast-schema-graph\">{\"@context\":\"https:\/\/schema.org\",\"@graph\":[{\"@type\":\"WebPage\",\"@id\":\"https:\/\/www.nhsgp.net\/pl\/terms-of-use\/\",\"url\":\"https:\/\/www.nhsgp.net\/pl\/terms-of-use\/\",\"name\":\"Warunki korzystania - NHS GP\",\"isPartOf\":{\"@id\":\"https:\/\/www.nhsgp.net\/#website\"},\"datePublished\":\"2022-12-01T08:08:06+00:00\",\"dateModified\":\"2022-12-23T09:59:28+00:00\",\"breadcrumb\":{\"@id\":\"https:\/\/www.nhsgp.net\/pl\/terms-of-use\/#breadcrumb\"},\"inLanguage\":\"pl-PL\",\"potentialAction\":[{\"@type\":\"ReadAction\",\"target\":[\"https:\/\/www.nhsgp.net\/pl\/terms-of-use\/\"]}]},{\"@type\":\"BreadcrumbList\",\"@id\":\"https:\/\/www.nhsgp.net\/pl\/terms-of-use\/#breadcrumb\",\"itemListElement\":[{\"@type\":\"ListItem\",\"position\":1,\"name\":\"Home\",\"item\":\"https:\/\/www.nhsgp.net\/\"},{\"@type\":\"ListItem\",\"position\":2,\"name\":\"Warunki korzystania\"}]},{\"@type\":\"WebSite\",\"@id\":\"https:\/\/www.nhsgp.net\/#website\",\"url\":\"https:\/\/www.nhsgp.net\/\",\"name\":\"NHS GP\",\"description\":\"GP Pathfinder Clinics\",\"publisher\":{\"@id\":\"https:\/\/www.nhsgp.net\/#organization\"},\"potentialAction\":[{\"@type\":\"SearchAction\",\"target\":{\"@type\":\"EntryPoint\",\"urlTemplate\":\"https:\/\/www.nhsgp.net\/?s={search_term_string}\"},\"query-input\":\"required name=search_term_string\"}],\"inLanguage\":\"pl-PL\"},{\"@type\":\"Organization\",\"@id\":\"https:\/\/www.nhsgp.net\/#organization\",\"name\":\"NHS GP\",\"url\":\"https:\/\/www.nhsgp.net\/\",\"logo\":{\"@type\":\"ImageObject\",\"inLanguage\":\"pl-PL\",\"@id\":\"https:\/\/www.nhsgp.net\/#\/schema\/logo\/image\/\",\"url\":\"https:\/\/www.nhsgp.net\/wp-content\/uploads\/2025\/02\/NHS_LOGO.png\",\"contentUrl\":\"https:\/\/www.nhsgp.net\/wp-content\/uploads\/2025\/02\/NHS_LOGO.png\",\"width\":354,\"height\":143,\"caption\":\"NHS GP\"},\"image\":{\"@id\":\"https:\/\/www.nhsgp.net\/#\/schema\/logo\/image\/\"}}]}<\/script>\n<!-- \/ Yoast SEO plugin. -->","yoast_head_json":{"title":"Warunki korzystania - NHS GP","robots":{"index":"index","follow":"follow","max-snippet":"max-snippet:-1","max-image-preview":"max-image-preview:large","max-video-preview":"max-video-preview:-1"},"canonical":"https:\/\/www.nhsgp.net\/pl\/terms-of-use\/","og_locale":"pl_PL","og_type":"article","og_title":"Warunki korzystania - NHS GP","og_description":"Warunki korzystania 1. Wprowadzenie 1.1&nbsp;Ta witryna (\u201enasza witryna\u201d) promuje firm\u0119, o kt\u00f3rej mowa. W tych warunki, firma b\u0119dzie okre\u015blana jako \u201emy\u201d i\/lub \u201enasz\u201d. 1.2&nbsp;Korzystanie z naszej Witryny podlega nast\u0119puj\u0105cym warunkom (\u201eWarunki korzystania\u201d). Je\u015bli nie zgadzasz si\u0119 z niniejszymi Warunkami u\u017cytkowania, natychmiast przesta\u0144 korzysta\u0107 z naszej Witryny. Uzyskuj\u0105c dost\u0119p do naszej Witryny i korzystaj\u0105c z niej, [&hellip;]","og_url":"https:\/\/www.nhsgp.net\/pl\/terms-of-use\/","og_site_name":"NHS GP","article_modified_time":"2022-12-23T09:59:28+00:00","twitter_card":"summary_large_image","twitter_misc":{"Szacowany czas czytania":"10 minut"},"schema":{"@context":"https:\/\/schema.org","@graph":[{"@type":"WebPage","@id":"https:\/\/www.nhsgp.net\/pl\/terms-of-use\/","url":"https:\/\/www.nhsgp.net\/pl\/terms-of-use\/","name":"Warunki korzystania - NHS GP","isPartOf":{"@id":"https:\/\/www.nhsgp.net\/#website"},"datePublished":"2022-12-01T08:08:06+00:00","dateModified":"2022-12-23T09:59:28+00:00","breadcrumb":{"@id":"https:\/\/www.nhsgp.net\/pl\/terms-of-use\/#breadcrumb"},"inLanguage":"pl-PL","potentialAction":[{"@type":"ReadAction","target":["https:\/\/www.nhsgp.net\/pl\/terms-of-use\/"]}]},{"@type":"BreadcrumbList","@id":"https:\/\/www.nhsgp.net\/pl\/terms-of-use\/#breadcrumb","itemListElement":[{"@type":"ListItem","position":1,"name":"Home","item":"https:\/\/www.nhsgp.net\/"},{"@type":"ListItem","position":2,"name":"Warunki korzystania"}]},{"@type":"WebSite","@id":"https:\/\/www.nhsgp.net\/#website","url":"https:\/\/www.nhsgp.net\/","name":"NHS GP","description":"GP Pathfinder Clinics","publisher":{"@id":"https:\/\/www.nhsgp.net\/#organization"},"potentialAction":[{"@type":"SearchAction","target":{"@type":"EntryPoint","urlTemplate":"https:\/\/www.nhsgp.net\/?s={search_term_string}"},"query-input":"required name=search_term_string"}],"inLanguage":"pl-PL"},{"@type":"Organization","@id":"https:\/\/www.nhsgp.net\/#organization","name":"NHS GP","url":"https:\/\/www.nhsgp.net\/","logo":{"@type":"ImageObject","inLanguage":"pl-PL","@id":"https:\/\/www.nhsgp.net\/#\/schema\/logo\/image\/","url":"https:\/\/www.nhsgp.net\/wp-content\/uploads\/2025\/02\/NHS_LOGO.png","contentUrl":"https:\/\/www.nhsgp.net\/wp-content\/uploads\/2025\/02\/NHS_LOGO.png","width":354,"height":143,"caption":"NHS GP"},"image":{"@id":"https:\/\/www.nhsgp.net\/#\/schema\/logo\/image\/"}}]}},"jetpack_sharing_enabled":true,"_links":{"self":[{"href":"https:\/\/www.nhsgp.net\/pl\/wp-json\/wp\/v2\/pages\/5597","targetHints":{"allow":["GET"]}}],"collection":[{"href":"https:\/\/www.nhsgp.net\/pl\/wp-json\/wp\/v2\/pages"}],"about":[{"href":"https:\/\/www.nhsgp.net\/pl\/wp-json\/wp\/v2\/types\/page"}],"author":[{"embeddable":true,"href":"https:\/\/www.nhsgp.net\/pl\/wp-json\/wp\/v2\/users\/4"}],"replies":[{"embeddable":true,"href":"https:\/\/www.nhsgp.net\/pl\/wp-json\/wp\/v2\/comments?post=5597"}],"version-history":[{"count":4,"href":"https:\/\/www.nhsgp.net\/pl\/wp-json\/wp\/v2\/pages\/5597\/revisions"}],"predecessor-version":[{"id":5603,"href":"https:\/\/www.nhsgp.net\/pl\/wp-json\/wp\/v2\/pages\/5597\/revisions\/5603"}],"wp:attachment":[{"href":"https:\/\/www.nhsgp.net\/pl\/wp-json\/wp\/v2\/media?parent=5597"}],"curies":[{"name":"wp","href":"https:\/\/api.w.org\/{rel}","templated":true}]}}