{"id":5588,"date":"2022-10-21T06:52:22","date_gmt":"2022-10-21T06:52:22","guid":{"rendered":"http:\/\/1139313165.test.prositehosting.co.uk\/nhs-gp-news\/"},"modified":"2022-12-23T09:47:49","modified_gmt":"2022-12-23T09:47:49","slug":"wiadomosci-nhs-gp","status":"publish","type":"page","link":"https:\/\/www.nhsgp.net\/pl\/wiadomosci-nhs-gp\/","title":{"rendered":"Wiadomo\u015bci NHS GP"},"content":{"rendered":"<div class=\"vce-row-container\" data-vce-boxed-width=\"true\"><div class=\"vce-row vce-row--col-gap-30 page-section vce-row-equal-height vce-row-content--top\" id=\"el-4ee8a78e\" data-vce-do-apply=\"all el-4ee8a78e\"><div class=\"vce-row-content\" data-vce-element-content=\"true\"><div class=\"vce-col vce-col--md-auto vce-col--xs-1 vce-col--xs-last vce-col--xs-first vce-col--sm-last vce-col--sm-first vce-col--md-last vce-col--lg-last vce-col--xl-last vce-col--md-first vce-col--lg-first vce-col--xl-first\" id=\"el-4f92589d\"><div class=\"vce-col-inner\" data-vce-do-apply=\"border margin background  el-4f92589d\"><div class=\"vce-col-content\" data-vce-element-content=\"true\" data-vce-do-apply=\"padding el-4f92589d\"><div class=\"vce-shortcode\"><div class=\"vce-shortcode-wrapper vce\" id=\"el-f1e55215\" data-vce-do-apply=\"all el-f1e55215\"><div class=\"all-post-wrap\"><div id=\"post-6628\" class=\"post-wrap\"><div class=\"post-img\"><a href=\"https:\/\/www.nhsgp.net\/pl\/cztery-korzysci-z-internetowych-uslug-gp\/\" title=\"Cztery korzy\u015bci z internetowych us\u0142ug GP\"><img width=\"1920\" height=\"1280\" src=\"https:\/\/www.nhsgp.net\/wp-content\/uploads\/2022\/11\/GettyImages-1.jpg\" class=\"img-responsive aligncenter wp-post-image\" alt=\"\" srcset=\"https:\/\/www.nhsgp.net\/wp-content\/uploads\/2022\/11\/GettyImages-1.jpg 1920w, https:\/\/www.nhsgp.net\/wp-content\/uploads\/2022\/11\/GettyImages-1-300x200.jpg 300w, https:\/\/www.nhsgp.net\/wp-content\/uploads\/2022\/11\/GettyImages-1-1024x683.jpg 1024w, https:\/\/www.nhsgp.net\/wp-content\/uploads\/2022\/11\/GettyImages-1-768x512.jpg 768w, https:\/\/www.nhsgp.net\/wp-content\/uploads\/2022\/11\/GettyImages-1-1536x1024.jpg 1536w, https:\/\/www.nhsgp.net\/wp-content\/uploads\/2022\/11\/GettyImages-1-320x213.jpg 320w, https:\/\/www.nhsgp.net\/wp-content\/uploads\/2022\/11\/GettyImages-1-480x320.jpg 480w, https:\/\/www.nhsgp.net\/wp-content\/uploads\/2022\/11\/GettyImages-1-800x533.jpg 800w\" sizes=\"(max-width: 1920px) 100vw, 1920px\" \/><\/a><\/div><div class=\"post-content\"><h4 class=\"post-title\"><a href=\"https:\/\/www.nhsgp.net\/pl\/cztery-korzysci-z-internetowych-uslug-gp\/\" title=\"Cztery korzy\u015bci z internetowych us\u0142ug GP\">Cztery korzy\u015bci z internetowych us\u0142ug GP<\/a><\/h4><div class=\"post-info text-light\"><span>By Jahan<\/span><span> . <\/span><span>21 listopada, 2022<\/span><\/div><p class=\"post-excerpt\">Zastanawiasz si\u0119 nad rezerwacj\u0105 wizyty u lekarza rodzinnego online? Odkryj niekt\u00f3re z wielu korzy\u015bci, w tym wygodn\u0105 obs\u0142ug\u0119 recept i dost\u0119p 24\/7.<\/p><div class=\"post-permalink\"><a href=\"https:\/\/www.nhsgp.net\/pl\/cztery-korzysci-z-internetowych-uslug-gp\/\" title=\"Cztery korzy\u015bci z internetowych us\u0142ug GP\">Read More<\/a><\/div><\/div><\/div><div id=\"post-6670\" class=\"post-wrap\"><div class=\"post-img\"><a href=\"https:\/\/www.nhsgp.net\/pl\/jak-stwierdzic-czy-masz-cukrzyce\/\" title=\"Jak stwierdzi\u0107, czy masz cukrzyc\u0119\"><img width=\"1191\" height=\"788\" src=\"https:\/\/www.nhsgp.net\/wp-content\/uploads\/2022\/11\/blog-img-1.jpg\" class=\"img-responsive aligncenter wp-post-image\" alt=\"\" srcset=\"https:\/\/www.nhsgp.net\/wp-content\/uploads\/2022\/11\/blog-img-1.jpg 1191w, https:\/\/www.nhsgp.net\/wp-content\/uploads\/2022\/11\/blog-img-1-300x198.jpg 300w, https:\/\/www.nhsgp.net\/wp-content\/uploads\/2022\/11\/blog-img-1-1024x678.jpg 1024w, https:\/\/www.nhsgp.net\/wp-content\/uploads\/2022\/11\/blog-img-1-768x508.jpg 768w, https:\/\/www.nhsgp.net\/wp-content\/uploads\/2022\/11\/blog-img-1-320x212.jpg 320w, https:\/\/www.nhsgp.net\/wp-content\/uploads\/2022\/11\/blog-img-1-480x318.jpg 480w, https:\/\/www.nhsgp.net\/wp-content\/uploads\/2022\/11\/blog-img-1-800x529.jpg 800w\" sizes=\"(max-width: 1191px) 100vw, 1191px\" \/><\/a><\/div><div class=\"post-content\"><h4 class=\"post-title\"><a href=\"https:\/\/www.nhsgp.net\/pl\/jak-stwierdzic-czy-masz-cukrzyce\/\" title=\"Jak stwierdzi\u0107, czy masz cukrzyc\u0119\">Jak stwierdzi\u0107, czy masz cukrzyc\u0119<\/a><\/h4><div class=\"post-info text-light\"><span>By Jahan<\/span><span> . <\/span><span>28 wrze\u015bnia, 2022<\/span><\/div><p class=\"post-excerpt\">Cukrzyca nie jest rzadk\u0105 chorob\u0105, ale mo\u017ce by\u0107 powa\u017cna i spowodowa\u0107 konieczno\u015b\u0107 zmiany stylu \u017cycia. Istniej\u0105 dwa r\u00f3\u017cne rodzaje cukrzycy, a g\u0142\u00f3wna r\u00f3\u017cnica mi\u0119dzy nimi polega na tym, \u017ce typ 1 jest uwarunkowany genetycznie, podczas gdy cukrzyca typu 2 mo\u017ce wynika\u0107 ze stylu \u017cycia i rozwija si\u0119 z czasem,<\/p><div class=\"post-permalink\"><a href=\"https:\/\/www.nhsgp.net\/pl\/jak-stwierdzic-czy-masz-cukrzyce\/\" title=\"Jak stwierdzi\u0107, czy masz cukrzyc\u0119\">Read More<\/a><\/div><\/div><\/div><div id=\"post-6673\" class=\"post-wrap\"><div class=\"post-img\"><a href=\"https:\/\/www.nhsgp.net\/pl\/uniwersytet-middlesex-unihub\/\" title=\"Uniwersytet Middlesex UniHub\"><img width=\"960\" height=\"379\" src=\"https:\/\/www.nhsgp.net\/wp-content\/uploads\/2022\/11\/MiddlesexLogo-960w.webp\" class=\"img-responsive aligncenter wp-post-image\" alt=\"\" srcset=\"https:\/\/www.nhsgp.net\/wp-content\/uploads\/2022\/11\/MiddlesexLogo-960w.webp 960w, https:\/\/www.nhsgp.net\/wp-content\/uploads\/2022\/11\/MiddlesexLogo-960w-300x118.webp 300w, https:\/\/www.nhsgp.net\/wp-content\/uploads\/2022\/11\/MiddlesexLogo-960w-768x303.webp 768w, https:\/\/www.nhsgp.net\/wp-content\/uploads\/2022\/11\/MiddlesexLogo-960w-320x126.webp 320w, https:\/\/www.nhsgp.net\/wp-content\/uploads\/2022\/11\/MiddlesexLogo-960w-480x190.webp 480w, https:\/\/www.nhsgp.net\/wp-content\/uploads\/2022\/11\/MiddlesexLogo-960w-800x316.webp 800w\" sizes=\"(max-width: 960px) 100vw, 960px\" \/><\/a><\/div><div class=\"post-content\"><h4 class=\"post-title\"><a href=\"https:\/\/www.nhsgp.net\/pl\/uniwersytet-middlesex-unihub\/\" title=\"Uniwersytet Middlesex UniHub\">Uniwersytet Middlesex UniHub<\/a><\/h4><div class=\"post-info text-light\"><span>By Jahan<\/span><span> . <\/span><span>06 wrze\u015bnia, 2022<\/span><\/div><p class=\"post-excerpt\">Powiniene\u015b zarejestrowa\u0107 si\u0119 w okolicy, w kt\u00f3rej mieszkasz. Je\u015bli jeste\u015b w akademiku, mo\u017cesz klikn\u0105\u0107 tutaj, aby zarejestrowa\u0107 si\u0119 u lekarza online. Bardzo wa\u017cne jest, aby zarejestrowa\u0107 si\u0119 u miejscowego lekarza, gdy jeste\u015b na uniwersytecie. Nie czekaj, a\u017c zachorujesz, aby to zrobi\u0107! Mo\u017cesz zarejestrowa\u0107 si\u0119 u dowolnego lekarza w woj<\/p><div class=\"post-permalink\"><a href=\"https:\/\/www.nhsgp.net\/pl\/uniwersytet-middlesex-unihub\/\" title=\"Uniwersytet Middlesex UniHub\">Read More<\/a><\/div><\/div><\/div><div id=\"post-6688\" class=\"post-wrap\"><div class=\"post-img\"><a href=\"https:\/\/www.nhsgp.net\/pl\/jakie-sa-objawy-zespolu-stresu-pourazowego\/\" title=\"Jakie s\u0105 objawy zespo\u0142u stresu pourazowego?\"><img width=\"1191\" height=\"788\" src=\"https:\/\/www.nhsgp.net\/wp-content\/uploads\/2022\/11\/blog-img-2.jpg\" class=\"img-responsive aligncenter wp-post-image\" alt=\"\" srcset=\"https:\/\/www.nhsgp.net\/wp-content\/uploads\/2022\/11\/blog-img-2.jpg 1191w, https:\/\/www.nhsgp.net\/wp-content\/uploads\/2022\/11\/blog-img-2-300x198.jpg 300w, https:\/\/www.nhsgp.net\/wp-content\/uploads\/2022\/11\/blog-img-2-1024x678.jpg 1024w, https:\/\/www.nhsgp.net\/wp-content\/uploads\/2022\/11\/blog-img-2-768x508.jpg 768w, https:\/\/www.nhsgp.net\/wp-content\/uploads\/2022\/11\/blog-img-2-320x212.jpg 320w, https:\/\/www.nhsgp.net\/wp-content\/uploads\/2022\/11\/blog-img-2-480x318.jpg 480w, https:\/\/www.nhsgp.net\/wp-content\/uploads\/2022\/11\/blog-img-2-800x529.jpg 800w\" sizes=\"(max-width: 1191px) 100vw, 1191px\" \/><\/a><\/div><div class=\"post-content\"><h4 class=\"post-title\"><a href=\"https:\/\/www.nhsgp.net\/pl\/jakie-sa-objawy-zespolu-stresu-pourazowego\/\" title=\"Jakie s\u0105 objawy zespo\u0142u stresu pourazowego?\">Jakie s\u0105 objawy zespo\u0142u stresu pourazowego?<\/a><\/h4><div class=\"post-info text-light\"><span>By Jahan<\/span><span> . <\/span><span>25 sierpnia, 2022<\/span><\/div><p class=\"post-excerpt\">Co to jest zesp\u00f3\u0142 stresu pourazowego? Dowiedz si\u0119, jakie s\u0105 objawy zespo\u0142u stresu pourazowego i co zrobi\u0107, je\u015bli uwa\u017casz, \u017ce ty lub kto\u015b bliski cierpisz na to zaburzenie psychiczne. PTSD, co oznacza zesp\u00f3\u0142 stresu pourazowego, jest zaburzeniem psychicznym, kt\u00f3re pojawia si\u0119 po traumatycznym zdarzeniu lub d\u0142ugotrwa\u0142ej traumie. Historically, it became<\/p><div class=\"post-permalink\"><a href=\"https:\/\/www.nhsgp.net\/pl\/jakie-sa-objawy-zespolu-stresu-pourazowego\/\" title=\"Jakie s\u0105 objawy zespo\u0142u stresu pourazowego?\">Read More<\/a><\/div><\/div><\/div><div id=\"post-6697\" class=\"post-wrap\"><div class=\"post-img\"><a href=\"https:\/\/www.nhsgp.net\/pl\/jak-poprawic-zdrowie-psychiczne-uczniow\/\" title=\"Jak poprawi\u0107 zdrowie psychiczne uczni\u00f3w\"><img width=\"1191\" height=\"788\" src=\"https:\/\/www.nhsgp.net\/wp-content\/uploads\/2022\/11\/blog-img-3.jpg\" class=\"img-responsive aligncenter wp-post-image\" alt=\"\" srcset=\"https:\/\/www.nhsgp.net\/wp-content\/uploads\/2022\/11\/blog-img-3.jpg 1191w, https:\/\/www.nhsgp.net\/wp-content\/uploads\/2022\/11\/blog-img-3-300x198.jpg 300w, https:\/\/www.nhsgp.net\/wp-content\/uploads\/2022\/11\/blog-img-3-1024x678.jpg 1024w, https:\/\/www.nhsgp.net\/wp-content\/uploads\/2022\/11\/blog-img-3-768x508.jpg 768w, https:\/\/www.nhsgp.net\/wp-content\/uploads\/2022\/11\/blog-img-3-320x212.jpg 320w, https:\/\/www.nhsgp.net\/wp-content\/uploads\/2022\/11\/blog-img-3-480x318.jpg 480w, https:\/\/www.nhsgp.net\/wp-content\/uploads\/2022\/11\/blog-img-3-800x529.jpg 800w\" sizes=\"(max-width: 1191px) 100vw, 1191px\" \/><\/a><\/div><div class=\"post-content\"><h4 class=\"post-title\"><a href=\"https:\/\/www.nhsgp.net\/pl\/jak-poprawic-zdrowie-psychiczne-uczniow\/\" title=\"Jak poprawi\u0107 zdrowie psychiczne uczni\u00f3w\">Jak poprawi\u0107 zdrowie psychiczne uczni\u00f3w<\/a><\/h4><div class=\"post-info text-light\"><span>By Jahan<\/span><span> . <\/span><span>18 sierpnia, 2022<\/span><\/div><p class=\"post-excerpt\">\u017bycie studenckie mo\u017ce by\u0107 ci\u0119\u017ckie. Je\u015bli czujesz, \u017ce twoje zdrowie psychiczne zaczyna cierpie\u0107 z tego powodu, oto kilka wskaz\u00f3wek, kt\u00f3re mog\u0105 ci pom\u00f3c.<\/p><div class=\"post-permalink\"><a href=\"https:\/\/www.nhsgp.net\/pl\/jak-poprawic-zdrowie-psychiczne-uczniow\/\" title=\"Jak poprawi\u0107 zdrowie psychiczne uczni\u00f3w\">Read More<\/a><\/div><\/div><\/div><div id=\"post-6699\" class=\"post-wrap\"><div class=\"post-img\"><a href=\"https:\/\/www.nhsgp.net\/pl\/top-5-benefits-of-regular-exercise\/\" title=\"5 najwa\u017cniejszych korzy\u015bci p\u0142yn\u0105cych z regularnych \u0107wicze\u0144\"><img width=\"1191\" height=\"788\" src=\"https:\/\/www.nhsgp.net\/wp-content\/uploads\/2022\/11\/Regularexerciseblogcoverimage.jpg\" class=\"img-responsive aligncenter wp-post-image\" alt=\"\" srcset=\"https:\/\/www.nhsgp.net\/wp-content\/uploads\/2022\/11\/Regularexerciseblogcoverimage.jpg 1191w, https:\/\/www.nhsgp.net\/wp-content\/uploads\/2022\/11\/Regularexerciseblogcoverimage-300x198.jpg 300w, https:\/\/www.nhsgp.net\/wp-content\/uploads\/2022\/11\/Regularexerciseblogcoverimage-1024x678.jpg 1024w, https:\/\/www.nhsgp.net\/wp-content\/uploads\/2022\/11\/Regularexerciseblogcoverimage-768x508.jpg 768w, https:\/\/www.nhsgp.net\/wp-content\/uploads\/2022\/11\/Regularexerciseblogcoverimage-320x212.jpg 320w, https:\/\/www.nhsgp.net\/wp-content\/uploads\/2022\/11\/Regularexerciseblogcoverimage-480x318.jpg 480w, https:\/\/www.nhsgp.net\/wp-content\/uploads\/2022\/11\/Regularexerciseblogcoverimage-800x529.jpg 800w\" sizes=\"(max-width: 1191px) 100vw, 1191px\" \/><\/a><\/div><div class=\"post-content\"><h4 class=\"post-title\"><a href=\"https:\/\/www.nhsgp.net\/pl\/top-5-benefits-of-regular-exercise\/\" title=\"5 najwa\u017cniejszych korzy\u015bci p\u0142yn\u0105cych z regularnych \u0107wicze\u0144\">5 najwa\u017cniejszych korzy\u015bci p\u0142yn\u0105cych z regularnych \u0107wicze\u0144<\/a><\/h4><div class=\"post-info text-light\"><span>By Jahan<\/span><span> . <\/span><span>27 lipca, 2022<\/span><\/div><p class=\"post-excerpt\">Regularne \u0107wiczenia s\u0105 kluczowym elementem tego, co jest potrzebne do utrzymania szcz\u0119\u015bliwego i zdrowego \u017cycia. Od wzmocnienia zdrowia psychicznego po zmniejszenie ryzyka powa\u017cnej choroby, \u0107wiczenia s\u0105 pod wieloma wzgl\u0119dami lekarstwem samym w sobie. Podczas gdy \u0107wiczenia s\u0105 domy\u015blnie cz\u0119\u015bci\u0105 \u017cycia wielu ludzi, np. chodzeniem do pracy lub szko\u0142y,<\/p><div class=\"post-permalink\"><a href=\"https:\/\/www.nhsgp.net\/pl\/top-5-benefits-of-regular-exercise\/\" title=\"5 najwa\u017cniejszych korzy\u015bci p\u0142yn\u0105cych z regularnych \u0107wicze\u0144\">Read More<\/a><\/div><\/div><\/div><div id=\"post-6700\" class=\"post-wrap\"><div class=\"post-img\"><a href=\"https:\/\/www.nhsgp.net\/pl\/breathing-exercises-for-students\/\" title=\"\u0106wiczenia oddechowe dla student\u00f3w\"><img width=\"1191\" height=\"788\" src=\"https:\/\/www.nhsgp.net\/wp-content\/uploads\/2022\/11\/Breathingexercises.jpg\" class=\"img-responsive aligncenter wp-post-image\" alt=\"\" srcset=\"https:\/\/www.nhsgp.net\/wp-content\/uploads\/2022\/11\/Breathingexercises.jpg 1191w, https:\/\/www.nhsgp.net\/wp-content\/uploads\/2022\/11\/Breathingexercises-300x198.jpg 300w, https:\/\/www.nhsgp.net\/wp-content\/uploads\/2022\/11\/Breathingexercises-1024x678.jpg 1024w, https:\/\/www.nhsgp.net\/wp-content\/uploads\/2022\/11\/Breathingexercises-768x508.jpg 768w, https:\/\/www.nhsgp.net\/wp-content\/uploads\/2022\/11\/Breathingexercises-320x212.jpg 320w, https:\/\/www.nhsgp.net\/wp-content\/uploads\/2022\/11\/Breathingexercises-480x318.jpg 480w, https:\/\/www.nhsgp.net\/wp-content\/uploads\/2022\/11\/Breathingexercises-800x529.jpg 800w\" sizes=\"(max-width: 1191px) 100vw, 1191px\" \/><\/a><\/div><div class=\"post-content\"><h4 class=\"post-title\"><a href=\"https:\/\/www.nhsgp.net\/pl\/breathing-exercises-for-students\/\" title=\"\u0106wiczenia oddechowe dla student\u00f3w\">\u0106wiczenia oddechowe dla student\u00f3w<\/a><\/h4><div class=\"post-info text-light\"><span>By Jahan<\/span><span> . <\/span><span>20 lipca, 2022<\/span><\/div><p class=\"post-excerpt\">Stres jest cz\u0119stym zjawiskiem w\u015br\u00f3d uczni\u00f3w, ale istniej\u0105 sposoby, aby poczu\u0107 si\u0119 bardziej swobodnie dzi\u0119ki regularnym \u0107wiczeniom oddechowym przedstawionym w tym przewodniku. Medytacja, uwa\u017cno\u015b\u0107 i g\u0142\u0119bokie oddychanie od dawna kojarzone s\u0105 z popraw\u0105 zdrowia psychicznego. Dla student\u00f3w dbanie o zdrowie psychiczne jest nie lada wyzwaniem<\/p><div class=\"post-permalink\"><a href=\"https:\/\/www.nhsgp.net\/pl\/breathing-exercises-for-students\/\" title=\"\u0106wiczenia oddechowe dla student\u00f3w\">Read More<\/a><\/div><\/div><\/div><div id=\"post-6701\" class=\"post-wrap\"><div class=\"post-img\"><a href=\"https:\/\/www.nhsgp.net\/pl\/why-is-sleep-important\/\" title=\"Dlaczego sen jest wa\u017cny?\"><img width=\"1191\" height=\"788\" src=\"https:\/\/www.nhsgp.net\/wp-content\/uploads\/2022\/11\/Whyissleepimportant.jpg\" class=\"img-responsive aligncenter wp-post-image\" alt=\"\" srcset=\"https:\/\/www.nhsgp.net\/wp-content\/uploads\/2022\/11\/Whyissleepimportant.jpg 1191w, https:\/\/www.nhsgp.net\/wp-content\/uploads\/2022\/11\/Whyissleepimportant-300x198.jpg 300w, https:\/\/www.nhsgp.net\/wp-content\/uploads\/2022\/11\/Whyissleepimportant-1024x678.jpg 1024w, https:\/\/www.nhsgp.net\/wp-content\/uploads\/2022\/11\/Whyissleepimportant-768x508.jpg 768w, https:\/\/www.nhsgp.net\/wp-content\/uploads\/2022\/11\/Whyissleepimportant-320x212.jpg 320w, https:\/\/www.nhsgp.net\/wp-content\/uploads\/2022\/11\/Whyissleepimportant-480x318.jpg 480w, https:\/\/www.nhsgp.net\/wp-content\/uploads\/2022\/11\/Whyissleepimportant-800x529.jpg 800w\" sizes=\"(max-width: 1191px) 100vw, 1191px\" \/><\/a><\/div><div class=\"post-content\"><h4 class=\"post-title\"><a href=\"https:\/\/www.nhsgp.net\/pl\/why-is-sleep-important\/\" title=\"Dlaczego sen jest wa\u017cny?\">Dlaczego sen jest wa\u017cny?<\/a><\/h4><div class=\"post-info text-light\"><span>By Jahan<\/span><span> . <\/span><span>29 czerwca, 2022<\/span><\/div><p class=\"post-excerpt\">Brak wystarczaj\u0105cej ilo\u015bci snu mo\u017ce z czasem pogorszy\u0107 twoje fizyczne i psychiczne samopoczucie. Na szcz\u0119\u015bcie nigdy nie jest za p\u00f3\u017ano na wprowadzenie zdrowych nawyk\u00f3w zwi\u0105zanych ze snem, aby poprawi\u0107 swoje zdrowie! W \u015bwiecie, kt\u00f3ry staje si\u0119 coraz bardziej gor\u0105czkowy, ze zwi\u0119kszonym zapotrzebowaniem na wdra\u017canie technologii i wi\u0119kszo\u015bci\u0105 ludzi korzystaj\u0105cych z technologii<\/p><div class=\"post-permalink\"><a href=\"https:\/\/www.nhsgp.net\/pl\/why-is-sleep-important\/\" title=\"Dlaczego sen jest wa\u017cny?\">Read More<\/a><\/div><\/div><\/div><div id=\"post-6702\" class=\"post-wrap\"><div class=\"post-img\"><a href=\"https:\/\/www.nhsgp.net\/pl\/how-has-the-pandemic-affected-students-mental-health\/\" title=\"Jak pandemia wp\u0142yn\u0119\u0142a na zdrowie psychiczne uczni\u00f3w?\"><img width=\"1191\" height=\"788\" src=\"https:\/\/www.nhsgp.net\/wp-content\/uploads\/2022\/11\/Pandemic.jpg\" class=\"img-responsive aligncenter wp-post-image\" alt=\"\" srcset=\"https:\/\/www.nhsgp.net\/wp-content\/uploads\/2022\/11\/Pandemic.jpg 1191w, https:\/\/www.nhsgp.net\/wp-content\/uploads\/2022\/11\/Pandemic-300x198.jpg 300w, https:\/\/www.nhsgp.net\/wp-content\/uploads\/2022\/11\/Pandemic-1024x678.jpg 1024w, https:\/\/www.nhsgp.net\/wp-content\/uploads\/2022\/11\/Pandemic-768x508.jpg 768w, https:\/\/www.nhsgp.net\/wp-content\/uploads\/2022\/11\/Pandemic-320x212.jpg 320w, https:\/\/www.nhsgp.net\/wp-content\/uploads\/2022\/11\/Pandemic-480x318.jpg 480w, https:\/\/www.nhsgp.net\/wp-content\/uploads\/2022\/11\/Pandemic-800x529.jpg 800w\" sizes=\"(max-width: 1191px) 100vw, 1191px\" \/><\/a><\/div><div class=\"post-content\"><h4 class=\"post-title\"><a href=\"https:\/\/www.nhsgp.net\/pl\/how-has-the-pandemic-affected-students-mental-health\/\" title=\"Jak pandemia wp\u0142yn\u0119\u0142a na zdrowie psychiczne uczni\u00f3w?\">Jak pandemia wp\u0142yn\u0119\u0142a na zdrowie psychiczne uczni\u00f3w?<\/a><\/h4><div class=\"post-info text-light\"><span>By Jahan<\/span><span> . <\/span><span>08 czerwca, 2022<\/span><\/div><p class=\"post-excerpt\">Pod wieloma wzgl\u0119dami pandemia nasili\u0142a najgorsze obawy wielu uczni\u00f3w: samotno\u015b\u0107, izolacj\u0119, niestabilno\u015b\u0107 na rynku pracy i niezliczone inne. Wp\u0142yw, jaki wywar\u0142o to na zbiorowe zdrowie psychiczne spo\u0142eczno\u015bci studenckiej, jest powszechny i \u200b\u200bszeroko zakrojony, a nawet teraz, przez wiele miesi\u0119cy<\/p><div class=\"post-permalink\"><a href=\"https:\/\/www.nhsgp.net\/pl\/how-has-the-pandemic-affected-students-mental-health\/\" title=\"Jak pandemia wp\u0142yn\u0119\u0142a na zdrowie psychiczne uczni\u00f3w?\">Read More<\/a><\/div><\/div><\/div><\/div><div class=\"post-nav\"><span aria-current=\"page\" class=\"page-numbers current\">1<\/span>\n<a class=\"page-numbers\" href=\"\/pl\/wp-json\/wp\/v2\/pages\/5588?paged=2\">2<\/a>\n<a class=\"page-numbers\" href=\"\/pl\/wp-json\/wp\/v2\/pages\/5588?paged=3\">3<\/a>\n<span class=\"page-numbers dots\">&hellip;<\/span>\n<a class=\"page-numbers\" href=\"\/pl\/wp-json\/wp\/v2\/pages\/5588?paged=8\">8<\/a>\n<a class=\"next page-numbers\" href=\"\/pl\/wp-json\/wp\/v2\/pages\/5588?paged=2\">Nast\u0119pne &raquo;<\/a><\/div><\/div><\/div><\/div><\/div><\/div><\/div><\/div><\/div><div class=\"vce-row-container\" data-vce-boxed-width=\"true\"><div class=\"vce-row vce-row--col-gap-30 vce-row-equal-height vce-row-content--top\" id=\"el-5b217c4e\" data-vce-do-apply=\"all el-5b217c4e\"><div class=\"vce-row-content\" data-vce-element-content=\"true\"><div class=\"vce-col vce-col--md-auto vce-col--xs-1 vce-col--xs-last vce-col--xs-first vce-col--sm-last vce-col--sm-first vce-col--md-last vce-col--lg-last vce-col--xl-last vce-col--md-first vce-col--lg-first vce-col--xl-first\" id=\"el-4882ea0f\"><div class=\"vce-col-inner\" data-vce-do-apply=\"border margin background  el-4882ea0f\"><div class=\"vce-col-content\" data-vce-element-content=\"true\" data-vce-do-apply=\"padding el-4882ea0f\"><div><\/div><\/div><\/div><\/div><\/div><\/div><\/div>","protected":false},"excerpt":{"rendered":"","protected":false},"author":4,"featured_media":0,"parent":0,"menu_order":0,"comment_status":"closed","ping_status":"closed","template":"","meta":{"_acf_changed":false,"footnotes":""},"class_list":["post-5588","page","type-page","status-publish","hentry"],"acf":[],"yoast_head":"<!-- This site is optimized with the Yoast SEO plugin v22.6 - https:\/\/yoast.com\/wordpress\/plugins\/seo\/ -->\n<title>Wiadomo\u015bci NHS GP - NHS GP<\/title>\n<meta name=\"robots\" content=\"index, follow, max-snippet:-1, max-image-preview:large, max-video-preview:-1\" \/>\n<link rel=\"canonical\" href=\"https:\/\/www.nhsgp.net\/it\/nhs-gp-news\/\" \/>\n<meta property=\"og:locale\" content=\"pl_PL\" \/>\n<meta property=\"og:type\" content=\"article\" \/>\n<meta property=\"og:title\" content=\"Wiadomo\u015bci NHS GP - NHS GP\" \/>\n<meta property=\"og:url\" content=\"https:\/\/www.nhsgp.net\/it\/nhs-gp-news\/\" \/>\n<meta property=\"og:site_name\" content=\"NHS GP\" \/>\n<meta property=\"article:modified_time\" content=\"2022-12-23T09:47:49+00:00\" \/>\n<meta name=\"twitter:card\" content=\"summary_large_image\" \/>\n<script type=\"application\/ld+json\" class=\"yoast-schema-graph\">{\"@context\":\"https:\/\/schema.org\",\"@graph\":[{\"@type\":\"WebPage\",\"@id\":\"https:\/\/www.nhsgp.net\/it\/nhs-gp-news\/\",\"url\":\"https:\/\/www.nhsgp.net\/it\/nhs-gp-news\/\",\"name\":\"Wiadomo\u015bci NHS GP - NHS GP\",\"isPartOf\":{\"@id\":\"https:\/\/www.nhsgp.net\/#website\"},\"datePublished\":\"2022-10-21T06:52:22+00:00\",\"dateModified\":\"2022-12-23T09:47:49+00:00\",\"breadcrumb\":{\"@id\":\"https:\/\/www.nhsgp.net\/it\/nhs-gp-news\/#breadcrumb\"},\"inLanguage\":\"pl-PL\",\"potentialAction\":[{\"@type\":\"ReadAction\",\"target\":[\"https:\/\/www.nhsgp.net\/it\/nhs-gp-news\/\"]}]},{\"@type\":\"BreadcrumbList\",\"@id\":\"https:\/\/www.nhsgp.net\/it\/nhs-gp-news\/#breadcrumb\",\"itemListElement\":[{\"@type\":\"ListItem\",\"position\":1,\"name\":\"Home\",\"item\":\"https:\/\/www.nhsgp.net\/\"},{\"@type\":\"ListItem\",\"position\":2,\"name\":\"Wiadomo\u015bci NHS GP\"}]},{\"@type\":\"WebSite\",\"@id\":\"https:\/\/www.nhsgp.net\/#website\",\"url\":\"https:\/\/www.nhsgp.net\/\",\"name\":\"NHS GP\",\"description\":\"GP Pathfinder Clinics\",\"publisher\":{\"@id\":\"https:\/\/www.nhsgp.net\/#organization\"},\"potentialAction\":[{\"@type\":\"SearchAction\",\"target\":{\"@type\":\"EntryPoint\",\"urlTemplate\":\"https:\/\/www.nhsgp.net\/?s={search_term_string}\"},\"query-input\":\"required name=search_term_string\"}],\"inLanguage\":\"pl-PL\"},{\"@type\":\"Organization\",\"@id\":\"https:\/\/www.nhsgp.net\/#organization\",\"name\":\"NHS GP\",\"url\":\"https:\/\/www.nhsgp.net\/\",\"logo\":{\"@type\":\"ImageObject\",\"inLanguage\":\"pl-PL\",\"@id\":\"https:\/\/www.nhsgp.net\/#\/schema\/logo\/image\/\",\"url\":\"https:\/\/www.nhsgp.net\/wp-content\/uploads\/2025\/02\/NHS_LOGO.png\",\"contentUrl\":\"https:\/\/www.nhsgp.net\/wp-content\/uploads\/2025\/02\/NHS_LOGO.png\",\"width\":354,\"height\":143,\"caption\":\"NHS GP\"},\"image\":{\"@id\":\"https:\/\/www.nhsgp.net\/#\/schema\/logo\/image\/\"}}]}<\/script>\n<!-- \/ Yoast SEO plugin. -->","yoast_head_json":{"title":"Wiadomo\u015bci NHS GP - NHS GP","robots":{"index":"index","follow":"follow","max-snippet":"max-snippet:-1","max-image-preview":"max-image-preview:large","max-video-preview":"max-video-preview:-1"},"canonical":"https:\/\/www.nhsgp.net\/it\/nhs-gp-news\/","og_locale":"pl_PL","og_type":"article","og_title":"Wiadomo\u015bci NHS GP - NHS GP","og_url":"https:\/\/www.nhsgp.net\/it\/nhs-gp-news\/","og_site_name":"NHS GP","article_modified_time":"2022-12-23T09:47:49+00:00","twitter_card":"summary_large_image","schema":{"@context":"https:\/\/schema.org","@graph":[{"@type":"WebPage","@id":"https:\/\/www.nhsgp.net\/it\/nhs-gp-news\/","url":"https:\/\/www.nhsgp.net\/it\/nhs-gp-news\/","name":"Wiadomo\u015bci NHS GP - NHS GP","isPartOf":{"@id":"https:\/\/www.nhsgp.net\/#website"},"datePublished":"2022-10-21T06:52:22+00:00","dateModified":"2022-12-23T09:47:49+00:00","breadcrumb":{"@id":"https:\/\/www.nhsgp.net\/it\/nhs-gp-news\/#breadcrumb"},"inLanguage":"pl-PL","potentialAction":[{"@type":"ReadAction","target":["https:\/\/www.nhsgp.net\/it\/nhs-gp-news\/"]}]},{"@type":"BreadcrumbList","@id":"https:\/\/www.nhsgp.net\/it\/nhs-gp-news\/#breadcrumb","itemListElement":[{"@type":"ListItem","position":1,"name":"Home","item":"https:\/\/www.nhsgp.net\/"},{"@type":"ListItem","position":2,"name":"Wiadomo\u015bci NHS GP"}]},{"@type":"WebSite","@id":"https:\/\/www.nhsgp.net\/#website","url":"https:\/\/www.nhsgp.net\/","name":"NHS GP","description":"GP Pathfinder Clinics","publisher":{"@id":"https:\/\/www.nhsgp.net\/#organization"},"potentialAction":[{"@type":"SearchAction","target":{"@type":"EntryPoint","urlTemplate":"https:\/\/www.nhsgp.net\/?s={search_term_string}"},"query-input":"required name=search_term_string"}],"inLanguage":"pl-PL"},{"@type":"Organization","@id":"https:\/\/www.nhsgp.net\/#organization","name":"NHS GP","url":"https:\/\/www.nhsgp.net\/","logo":{"@type":"ImageObject","inLanguage":"pl-PL","@id":"https:\/\/www.nhsgp.net\/#\/schema\/logo\/image\/","url":"https:\/\/www.nhsgp.net\/wp-content\/uploads\/2025\/02\/NHS_LOGO.png","contentUrl":"https:\/\/www.nhsgp.net\/wp-content\/uploads\/2025\/02\/NHS_LOGO.png","width":354,"height":143,"caption":"NHS GP"},"image":{"@id":"https:\/\/www.nhsgp.net\/#\/schema\/logo\/image\/"}}]}},"jetpack_sharing_enabled":true,"_links":{"self":[{"href":"https:\/\/www.nhsgp.net\/pl\/wp-json\/wp\/v2\/pages\/5588","targetHints":{"allow":["GET"]}}],"collection":[{"href":"https:\/\/www.nhsgp.net\/pl\/wp-json\/wp\/v2\/pages"}],"about":[{"href":"https:\/\/www.nhsgp.net\/pl\/wp-json\/wp\/v2\/types\/page"}],"author":[{"embeddable":true,"href":"https:\/\/www.nhsgp.net\/pl\/wp-json\/wp\/v2\/users\/4"}],"replies":[{"embeddable":true,"href":"https:\/\/www.nhsgp.net\/pl\/wp-json\/wp\/v2\/comments?post=5588"}],"version-history":[{"count":3,"href":"https:\/\/www.nhsgp.net\/pl\/wp-json\/wp\/v2\/pages\/5588\/revisions"}],"predecessor-version":[{"id":5593,"href":"https:\/\/www.nhsgp.net\/pl\/wp-json\/wp\/v2\/pages\/5588\/revisions\/5593"}],"wp:attachment":[{"href":"https:\/\/www.nhsgp.net\/pl\/wp-json\/wp\/v2\/media?parent=5588"}],"curies":[{"name":"wp","href":"https:\/\/api.w.org\/{rel}","templated":true}]}}