{"id":5521,"date":"2022-11-16T04:04:22","date_gmt":"2022-11-16T04:04:22","guid":{"rendered":"http:\/\/1139313165.test.prositehosting.co.uk\/safe-surgery\/"},"modified":"2025-05-28T09:20:14","modified_gmt":"2025-05-28T09:20:14","slug":"safe-surgery","status":"publish","type":"page","link":"https:\/\/www.nhsgp.net\/pl\/safe-surgery\/","title":{"rendered":"Bezpieczna operacja"},"content":{"rendered":"<div class=\"vce-row-container\" data-vce-boxed-width=\"true\"><div class=\"vce-row vce-row--col-gap-30 page-section vce-row-equal-height vce-row-content--top\" id=\"el-9491b4fa\" data-vce-do-apply=\"all el-9491b4fa\"><div class=\"vce-content-background-container\"><\/div><div class=\"vce-row-content\" data-vce-element-content=\"true\"><div class=\"vce-col vce-col--md-auto vce-col--xs-1 vce-col--xs-last vce-col--xs-first vce-col--sm-last vce-col--sm-first vce-col--md-last vce-col--lg-last vce-col--xl-last vce-col--md-first vce-col--lg-first vce-col--xl-first\" id=\"el-fc884ac5\"><div class=\"vce-col-inner\" data-vce-do-apply=\"border margin background  el-fc884ac5\"><div class=\"vce-col-content\" data-vce-element-content=\"true\" data-vce-do-apply=\"padding el-fc884ac5\"><div class=\"vce-raw-html\"><div class=\"vce-raw-html-wrapper\" id=\"el-39a96ae0\" data-vce-do-apply=\"all el-39a96ae0\"><h2 style=\"text-align: center;\">Dumny z bycia A<\/h2>\n<div class=\"space\"><\/div>\n<img decoding=\"async\" src=\"\/wp-content\/uploads\/2022\/11\/SafeSurgery.png\" alt=\"\" style=\"margin: 0 auto; display: block;max-width:100%;\">\n<div class=\"space\"><\/div>\n<div class=\"space\"><\/div>\n<div style=\"text-align: center;\"><a class=\"btn btn-lg\" href=\"https:\/\/www.nhsgp.net\/area\/\">Kliknij tutaj aby si\u0119 zarejestrowa\u0107<\/a><\/div>\n<\/div><\/div><\/div><\/div><\/div><\/div><\/div><\/div><div class=\"vce-row-container\"><div class=\"vce-row vce-element--has-background vce-row--col-gap-30 top-page-section vce-row-equal-height vce-row-content--top\" data-vce-full-width=\"true\" id=\"el-4fb43c38\" data-vce-do-apply=\"all el-4fb43c38\"><div class=\"vce-content-background-container\"><\/div><div class=\"vce-row-content\" data-vce-element-content=\"true\"><div class=\"vce-col vce-col--md-auto vce-col--xs-1 vce-col--xs-last vce-col--xs-first vce-col--sm-last vce-col--sm-first vce-col--md-last vce-col--lg-last vce-col--xl-last vce-col--md-first vce-col--lg-first vce-col--xl-first\" id=\"el-85f4047b\"><div class=\"vce-col-inner\" data-vce-do-apply=\"border margin background  el-85f4047b\"><div class=\"vce-col-content\" data-vce-element-content=\"true\" data-vce-do-apply=\"padding el-85f4047b\"><div class=\"vce-raw-html\"><div class=\"vce-raw-html-wrapper\" id=\"el-502e0a8e\" data-vce-do-apply=\"all el-502e0a8e\"><h2 style=\"text-align: center;\">Nasz zesp\u00f3\u0142 kliniczny<\/h2>\n<div class=\"space\"><\/div><\/div><\/div><\/div><\/div><\/div><\/div><\/div><\/div><div class=\"vce-row-container\"><div class=\"vce-row vce-element--has-background vce-row--col-gap-30  online-book-section page-section pt-0 vce-row-equal-height vce-row-content--top\" data-vce-full-width=\"true\" id=\"el-8b527857\" data-vce-do-apply=\"all el-8b527857\"><div class=\"vce-content-background-container\"><\/div><div class=\"vce-row-content\" data-vce-element-content=\"true\"><div class=\"vce-col vce-col--md-auto vce-col--xs-1 vce-col--xs-last vce-col--xs-first vce-col--sm-last vce-col--sm-first vce-col--md-first vce-col--lg-first vce-col--xl-first\" id=\"el-a61618e6\"><div class=\"vce-col-inner\" data-vce-do-apply=\"border margin background  el-a61618e6\"><div class=\"vce-col-content\" data-vce-element-content=\"true\" data-vce-do-apply=\"padding el-a61618e6\"><div class=\"vce-single-image-container vce-single-image--align-left\"><div class=\"vce vce-single-image-wrapper\" id=\"el-43676554\" data-vce-do-apply=\"all el-43676554\"><figure><div class=\"vce-single-image-figure-inner\" style=\"width: 755px;\"><div class=\"vce-single-image-inner vce-single-image--absolute\" style=\"width: 100%; padding-bottom: 135.629%;\"><img loading=\"lazy\" decoding=\"async\" class=\"vce-single-image\"  width=\"755\" height=\"1024\" srcset=\"\/wp-content\/uploads\/2022\/11\/what-we-can-do-755x1024.jpg 755w, \/wp-content\/uploads\/2022\/11\/what-we-can-do-320x434.jpg 320w, \/wp-content\/uploads\/2022\/11\/what-we-can-do-480x651.jpg 480w, \/wp-content\/uploads\/2022\/11\/what-we-can-do-800x1085.jpg 800w\" src=\"\/wp-content\/uploads\/2022\/11\/what-we-can-do-755x1024.jpg\" data-img-src=\"\/wp-content\/uploads\/2022\/11\/what-we-can-do.jpg\" data-attachment-id=\"661\"  alt=\"\" title=\"what-we-can-do\" \/><\/div><\/div><figcaption hidden=\"\"><\/figcaption><\/figure><\/div><\/div><\/div><\/div><\/div><div class=\"vce-col vce-col--md-auto vce-col--xs-1 vce-col--xs-last vce-col--xs-first vce-col--sm-last vce-col--sm-first vce-col--md-last vce-col--lg-last vce-col--xl-last\" id=\"el-d74e23ab\"><div class=\"vce-col-inner\" data-vce-do-apply=\"border margin background  el-d74e23ab\"><div class=\"vce-col-content\" data-vce-element-content=\"true\" data-vce-do-apply=\"padding el-d74e23ab\"><div class=\"vce-raw-html br-none\"><div class=\"vce-raw-html-wrapper\" id=\"el-b46c4751\" data-vce-do-apply=\"all el-b46c4751\"><p>\nW uznaniu barier w dost\u0119pie do opieki zdrowotnej, na jakie napotykaj\u0105 osoby znajduj\u0105ce si\u0119 w trudnej sytuacji<br>\nokoliczno\u015bci, w tym migrant\u00f3w, zobowi\u0105zujemy si\u0119 do ochrony prawa cz\u0142owieka do zdrowia.<br>\nPodejmiemy kroki, aby ka\u017cdy w naszej spo\u0142eczno\u015bci m\u00f3g\u0142 spe\u0142nia\u0107 swoje<br>\nprawo do wysokiej jako\u015bci opieki zdrowotnej.\n<\/p>\n<p>\nWe wsp\u00f3\u0142pracy z Doctors of the World UK zapewnimy, \u017ce nasza praktyka oferuje <br>\nprzyjazna przestrze\u0144 dla wszystkich, kt\u00f3rzy chc\u0105 skorzysta\u0107 z naszych us\u0142ug.\n<\/p>\n<p>\nPami\u0119taj\u0105c o naszych obowi\u0105zkach w zakresie przestrzegania prawa dotycz\u0105cego r\u00f3wno\u015bci i praw cz\u0142owieka, wdro\u017cymy<br>\nzasady rejestracji pacjent\u00f3w, kt\u00f3re nie dyskryminuj\u0105 ze wzgl\u0119du na ras\u0119, p\u0142e\u0107, p\u0142e\u0107<br>\norientacja, status imigracyjny lub jakakolwiek inna cecha.\n<\/p>\n<p>\nWspierani przez inicjatyw\u0119 Safe Surgeries, upewnimy si\u0119, \u017ce nasi pracownicy rozumiej\u0105<br>\nszczeg\u00f3lne bariery napotykane przez migrant\u00f3w w trudnej sytuacji i \u017ce s\u0105<br>\nupowa\u017cniony do \u0142agodzenia tych barier, tam gdzie to mo\u017cliwe.<br>\n<\/p>\n<p>\nZapewnimy, \u017ce brak dokumentu to\u017csamo\u015bci lub dowodu adresu, statusu imigracyjnego lub<br>\nj\u0119zyk nie uniemo\u017cliwiaj\u0105 rejestracji pacjent\u00f3w.\n<\/p>\n<p class=\"br-none\">\nJako cz\u0142onek spo\u0142eczno\u015bci Safe Surgeries b\u0119dziemy stara\u0107 si\u0119 wspiera\u0107 innych<br>\nBezpieczne operacje i, w stosownych przypadkach, przekazywanie opinii lekarzom z Wielkiej Brytanii<br>\nwspiera\u0107 rozw\u00f3j sieci.\n<\/p>\n\n<div class=\"md-space\"><\/div>\n<div style=\"text-align: left;\" class=\"btn-center\"><a href=\"\/wp-content\/uploads\/2022\/11\/Safe-Surgeries-Declaration.pdf\" target=\"_blank\" class=\"btn btn-lg \" rel=\"noopener\">Zapoznaj si\u0119 z nasz\u0105 Deklaracj\u0105 dotycz\u0105c\u0105 bezpiecznych operacji<\/a><\/div>\n<\/div><\/div><\/div><\/div><\/div><\/div><\/div><\/div><div class=\"vce-row-container\"><div class=\"vce-row vce-element--has-background vce-row--col-gap-30 page-section vce-row-equal-height vce-row-content--top\" data-vce-full-width=\"true\" id=\"el-c50f04b3\" data-vce-do-apply=\"all el-c50f04b3\"><div class=\"vce-content-background-container\"><\/div><div class=\"vce-row-content\" data-vce-element-content=\"true\"><div class=\"vce-col vce-col--md-auto vce-col--xs-1 vce-col--xs-last vce-col--xs-first vce-col--sm-last vce-col--sm-first vce-col--md-last vce-col--lg-last vce-col--xl-last vce-col--md-first vce-col--lg-first vce-col--xl-first\" id=\"el-f9e195aa\"><div class=\"vce-col-inner\" data-vce-do-apply=\"border margin background  el-f9e195aa\"><div class=\"vce-col-content\" data-vce-element-content=\"true\" data-vce-do-apply=\"padding el-f9e195aa\"><div class=\"vce-raw-html\"><div class=\"vce-raw-html-wrapper\" id=\"el-9d474a5e\" data-vce-do-apply=\"all el-9d474a5e\"><h2 style=\"text-align: center;\">Zarejestruj si\u0119 u nas na wizyt\u0119 u lekarza online ju\u017c dzi\u015b<\/h2>\n<div class=\"space\"><\/div>\n<p class=\"blue\" style=\"text-align: center;\">Rejestracja zwykle zajmuje mniej ni\u017c dwie minuty<\/p>\n<p style=\"text-align: center;\">Nasz internetowy serwis recept NHS i system umawiania wizyt s\u0105 szybkie i \u0142atwe w u\u017cyciu. Zarejestruj si\u0119 online ju\u017c dzi\u015b.<\/p>\n<div class=\"md-space\"><\/div>\n<div style=\"text-align: center;\"><a class=\"btn btn-lg\" href=\"https:\/\/www.nhsgp.net\/area\/\">Kliknij tutaj aby si\u0119 zarejestrowa\u0107<\/a><\/div>\n<\/div><\/div><\/div><\/div><\/div><\/div><\/div><\/div>\n","protected":false},"excerpt":{"rendered":"<p>Dumny z bycia A Kliknij tutaj aby si\u0119 zarejestrowa\u0107 Nasz zesp\u00f3\u0142 kliniczny W uznaniu barier w dost\u0119pie do opieki zdrowotnej, na jakie napotykaj\u0105 osoby znajduj\u0105ce si\u0119 w trudnej sytuacji okoliczno\u015bci, w tym migrant\u00f3w, zobowi\u0105zujemy si\u0119 do ochrony prawa cz\u0142owieka do zdrowia. Podejmiemy kroki, aby ka\u017cdy w naszej spo\u0142eczno\u015bci m\u00f3g\u0142 spe\u0142nia\u0107 swoje prawo do wysokiej jako\u015bci [&hellip;]<\/p>\n","protected":false},"author":4,"featured_media":0,"parent":0,"menu_order":0,"comment_status":"closed","ping_status":"closed","template":"","meta":{"_acf_changed":false,"footnotes":""},"class_list":["post-5521","page","type-page","status-publish","hentry"],"acf":[],"yoast_head":"<!-- This site is optimized with the Yoast SEO plugin v22.6 - https:\/\/yoast.com\/wordpress\/plugins\/seo\/ -->\n<title>Bezpieczna operacja - NHS GP<\/title>\n<meta name=\"robots\" content=\"index, follow, max-snippet:-1, max-image-preview:large, max-video-preview:-1\" \/>\n<link rel=\"canonical\" href=\"https:\/\/www.nhsgp.net\/safe-surgery\/\" \/>\n<meta property=\"og:locale\" content=\"pl_PL\" \/>\n<meta property=\"og:type\" content=\"article\" \/>\n<meta property=\"og:title\" content=\"Bezpieczna operacja - NHS GP\" \/>\n<meta property=\"og:description\" content=\"Dumny z bycia A Kliknij tutaj aby si\u0119 zarejestrowa\u0107 Nasz zesp\u00f3\u0142 kliniczny W uznaniu barier w dost\u0119pie do opieki zdrowotnej, na jakie napotykaj\u0105 osoby znajduj\u0105ce si\u0119 w trudnej sytuacji okoliczno\u015bci, w tym migrant\u00f3w, zobowi\u0105zujemy si\u0119 do ochrony prawa cz\u0142owieka do zdrowia. Podejmiemy kroki, aby ka\u017cdy w naszej spo\u0142eczno\u015bci m\u00f3g\u0142 spe\u0142nia\u0107 swoje prawo do wysokiej jako\u015bci [&hellip;]\" \/>\n<meta property=\"og:url\" content=\"https:\/\/www.nhsgp.net\/safe-surgery\/\" \/>\n<meta property=\"og:site_name\" content=\"NHS GP\" \/>\n<meta property=\"article:modified_time\" content=\"2025-05-28T09:20:14+00:00\" \/>\n<meta name=\"twitter:card\" content=\"summary_large_image\" \/>\n<meta name=\"twitter:label1\" content=\"Szacowany czas czytania\" \/>\n\t<meta name=\"twitter:data1\" content=\"1 minuta\" \/>\n<script type=\"application\/ld+json\" class=\"yoast-schema-graph\">{\"@context\":\"https:\/\/schema.org\",\"@graph\":[{\"@type\":\"WebPage\",\"@id\":\"https:\/\/www.nhsgp.net\/safe-surgery\/\",\"url\":\"https:\/\/www.nhsgp.net\/safe-surgery\/\",\"name\":\"Bezpieczna operacja - NHS GP\",\"isPartOf\":{\"@id\":\"https:\/\/www.nhsgp.net\/#website\"},\"datePublished\":\"2022-11-16T04:04:22+00:00\",\"dateModified\":\"2025-05-28T09:20:14+00:00\",\"breadcrumb\":{\"@id\":\"https:\/\/www.nhsgp.net\/safe-surgery\/#breadcrumb\"},\"inLanguage\":\"pl-PL\",\"potentialAction\":[{\"@type\":\"ReadAction\",\"target\":[\"https:\/\/www.nhsgp.net\/safe-surgery\/\"]}]},{\"@type\":\"BreadcrumbList\",\"@id\":\"https:\/\/www.nhsgp.net\/safe-surgery\/#breadcrumb\",\"itemListElement\":[{\"@type\":\"ListItem\",\"position\":1,\"name\":\"Home\",\"item\":\"https:\/\/www.nhsgp.net\/\"},{\"@type\":\"ListItem\",\"position\":2,\"name\":\"Bezpieczna operacja\"}]},{\"@type\":\"WebSite\",\"@id\":\"https:\/\/www.nhsgp.net\/#website\",\"url\":\"https:\/\/www.nhsgp.net\/\",\"name\":\"NHS GP\",\"description\":\"GP Pathfinder Clinics\",\"publisher\":{\"@id\":\"https:\/\/www.nhsgp.net\/#organization\"},\"potentialAction\":[{\"@type\":\"SearchAction\",\"target\":{\"@type\":\"EntryPoint\",\"urlTemplate\":\"https:\/\/www.nhsgp.net\/?s={search_term_string}\"},\"query-input\":\"required name=search_term_string\"}],\"inLanguage\":\"pl-PL\"},{\"@type\":\"Organization\",\"@id\":\"https:\/\/www.nhsgp.net\/#organization\",\"name\":\"NHS GP\",\"url\":\"https:\/\/www.nhsgp.net\/\",\"logo\":{\"@type\":\"ImageObject\",\"inLanguage\":\"pl-PL\",\"@id\":\"https:\/\/www.nhsgp.net\/#\/schema\/logo\/image\/\",\"url\":\"https:\/\/www.nhsgp.net\/wp-content\/uploads\/2025\/02\/NHS_LOGO.png\",\"contentUrl\":\"https:\/\/www.nhsgp.net\/wp-content\/uploads\/2025\/02\/NHS_LOGO.png\",\"width\":354,\"height\":143,\"caption\":\"NHS GP\"},\"image\":{\"@id\":\"https:\/\/www.nhsgp.net\/#\/schema\/logo\/image\/\"}}]}<\/script>\n<!-- \/ Yoast SEO plugin. -->","yoast_head_json":{"title":"Bezpieczna operacja - NHS GP","robots":{"index":"index","follow":"follow","max-snippet":"max-snippet:-1","max-image-preview":"max-image-preview:large","max-video-preview":"max-video-preview:-1"},"canonical":"https:\/\/www.nhsgp.net\/safe-surgery\/","og_locale":"pl_PL","og_type":"article","og_title":"Bezpieczna operacja - NHS GP","og_description":"Dumny z bycia A Kliknij tutaj aby si\u0119 zarejestrowa\u0107 Nasz zesp\u00f3\u0142 kliniczny W uznaniu barier w dost\u0119pie do opieki zdrowotnej, na jakie napotykaj\u0105 osoby znajduj\u0105ce si\u0119 w trudnej sytuacji okoliczno\u015bci, w tym migrant\u00f3w, zobowi\u0105zujemy si\u0119 do ochrony prawa cz\u0142owieka do zdrowia. Podejmiemy kroki, aby ka\u017cdy w naszej spo\u0142eczno\u015bci m\u00f3g\u0142 spe\u0142nia\u0107 swoje prawo do wysokiej jako\u015bci [&hellip;]","og_url":"https:\/\/www.nhsgp.net\/safe-surgery\/","og_site_name":"NHS GP","article_modified_time":"2025-05-28T09:20:14+00:00","twitter_card":"summary_large_image","twitter_misc":{"Szacowany czas czytania":"1 minuta"},"schema":{"@context":"https:\/\/schema.org","@graph":[{"@type":"WebPage","@id":"https:\/\/www.nhsgp.net\/safe-surgery\/","url":"https:\/\/www.nhsgp.net\/safe-surgery\/","name":"Bezpieczna operacja - NHS GP","isPartOf":{"@id":"https:\/\/www.nhsgp.net\/#website"},"datePublished":"2022-11-16T04:04:22+00:00","dateModified":"2025-05-28T09:20:14+00:00","breadcrumb":{"@id":"https:\/\/www.nhsgp.net\/safe-surgery\/#breadcrumb"},"inLanguage":"pl-PL","potentialAction":[{"@type":"ReadAction","target":["https:\/\/www.nhsgp.net\/safe-surgery\/"]}]},{"@type":"BreadcrumbList","@id":"https:\/\/www.nhsgp.net\/safe-surgery\/#breadcrumb","itemListElement":[{"@type":"ListItem","position":1,"name":"Home","item":"https:\/\/www.nhsgp.net\/"},{"@type":"ListItem","position":2,"name":"Bezpieczna operacja"}]},{"@type":"WebSite","@id":"https:\/\/www.nhsgp.net\/#website","url":"https:\/\/www.nhsgp.net\/","name":"NHS GP","description":"GP Pathfinder Clinics","publisher":{"@id":"https:\/\/www.nhsgp.net\/#organization"},"potentialAction":[{"@type":"SearchAction","target":{"@type":"EntryPoint","urlTemplate":"https:\/\/www.nhsgp.net\/?s={search_term_string}"},"query-input":"required name=search_term_string"}],"inLanguage":"pl-PL"},{"@type":"Organization","@id":"https:\/\/www.nhsgp.net\/#organization","name":"NHS GP","url":"https:\/\/www.nhsgp.net\/","logo":{"@type":"ImageObject","inLanguage":"pl-PL","@id":"https:\/\/www.nhsgp.net\/#\/schema\/logo\/image\/","url":"https:\/\/www.nhsgp.net\/wp-content\/uploads\/2025\/02\/NHS_LOGO.png","contentUrl":"https:\/\/www.nhsgp.net\/wp-content\/uploads\/2025\/02\/NHS_LOGO.png","width":354,"height":143,"caption":"NHS GP"},"image":{"@id":"https:\/\/www.nhsgp.net\/#\/schema\/logo\/image\/"}}]}},"jetpack_sharing_enabled":true,"_links":{"self":[{"href":"https:\/\/www.nhsgp.net\/pl\/wp-json\/wp\/v2\/pages\/5521","targetHints":{"allow":["GET"]}}],"collection":[{"href":"https:\/\/www.nhsgp.net\/pl\/wp-json\/wp\/v2\/pages"}],"about":[{"href":"https:\/\/www.nhsgp.net\/pl\/wp-json\/wp\/v2\/types\/page"}],"author":[{"embeddable":true,"href":"https:\/\/www.nhsgp.net\/pl\/wp-json\/wp\/v2\/users\/4"}],"replies":[{"embeddable":true,"href":"https:\/\/www.nhsgp.net\/pl\/wp-json\/wp\/v2\/comments?post=5521"}],"version-history":[{"count":5,"href":"https:\/\/www.nhsgp.net\/pl\/wp-json\/wp\/v2\/pages\/5521\/revisions"}],"predecessor-version":[{"id":7822,"href":"https:\/\/www.nhsgp.net\/pl\/wp-json\/wp\/v2\/pages\/5521\/revisions\/7822"}],"wp:attachment":[{"href":"https:\/\/www.nhsgp.net\/pl\/wp-json\/wp\/v2\/media?parent=5521"}],"curies":[{"name":"wp","href":"https:\/\/api.w.org\/{rel}","templated":true}]}}