{"id":5450,"date":"2022-11-16T04:46:57","date_gmt":"2022-11-16T04:46:57","guid":{"rendered":"http:\/\/1139313165.test.prositehosting.co.uk\/careers\/"},"modified":"2023-01-25T14:05:25","modified_gmt":"2023-01-25T14:05:25","slug":"careers","status":"publish","type":"page","link":"https:\/\/www.nhsgp.net\/pl\/careers\/","title":{"rendered":"Kariera"},"content":{"rendered":"<div class=\"vce-row-container\" data-vce-boxed-width=\"true\"><div class=\"vce-row vce-row--col-gap-30 page-section vce-row-equal-height vce-row-content--top\" id=\"el-9491b4fa\" data-vce-do-apply=\"all el-9491b4fa\"><div class=\"vce-row-content\" data-vce-element-content=\"true\"><div class=\"vce-col vce-col--md-auto vce-col--xs-1 vce-col--xs-last vce-col--xs-first vce-col--sm-last vce-col--sm-first vce-col--md-last vce-col--lg-last vce-col--xl-last vce-col--md-first vce-col--lg-first vce-col--xl-first\" id=\"el-fc884ac5\"><div class=\"vce-col-inner\" data-vce-do-apply=\"border margin background  el-fc884ac5\"><div class=\"vce-col-content\" data-vce-element-content=\"true\" data-vce-do-apply=\"padding el-fc884ac5\"><div class=\"vce-raw-html\"><div class=\"vce-raw-html-wrapper\" id=\"el-39a96ae0\" data-vce-do-apply=\"all el-39a96ae0\"><h1 style=\"text-align: center;\">DO\u0141\u0104CZ DO NASZEJ DRU\u017bYNY<\/h1><div class=\"space\"><\/div>\n<p style=\"text-align: center;\">Z pasj\u0105 piel\u0119gnujemy i wspieramy nasz personel, aby zapewni\u0107 najwy\u017csz\u0105 jako\u015b\u0107 opieki wszystkim naszym pacjentom.<\/p>\n<div class=\"md-space\"><\/div>\n<div style=\"text-align: center;\"><a class=\"btn btn-lg\" href=\"https:\/\/www.nhsgp.net\/area\/\" target=\"_blank\" rel=\"noopener\">Kliknij tutaj aby si\u0119 zarejestrowa\u0107<\/a><\/div>\n<\/div><\/div><\/div><\/div><\/div><\/div><\/div><\/div><div class=\"vce-row-container\"><div class=\"vce-row vce-element--has-background vce-row--col-gap-30 page-section vce-row-equal-height vce-row-content--top\" data-vce-full-width=\"true\" id=\"el-0e84e561\" data-vce-do-apply=\"all el-0e84e561\"><div class=\"vce-content-background-container\"><\/div><div class=\"vce-row-content\" data-vce-element-content=\"true\"><div class=\"vce-col vce-col--md-auto vce-col--xs-1 vce-col--xs-last vce-col--xs-first vce-col--sm-last vce-col--sm-first vce-col--md-last vce-col--lg-last vce-col--xl-last vce-col--md-first vce-col--lg-first vce-col--xl-first\" id=\"el-1d930998\"><div class=\"vce-col-inner\" data-vce-do-apply=\"border margin background  el-1d930998\"><div class=\"vce-col-content\" data-vce-element-content=\"true\" data-vce-do-apply=\"padding el-1d930998\"><div class=\"vce-raw-html\"><div class=\"vce-raw-html-wrapper\" id=\"el-617460bf\" data-vce-do-apply=\"all el-617460bf\"><h2 style=\"text-align: center;\">Kariera <\/h2><div class=\"space\"><\/div>\n<div class=\"space\"><\/div><\/div><\/div><div class=\"vce-raw-html\"><div class=\"vce-raw-html-wrapper\" id=\"el-1b4f3c63\" data-vce-do-apply=\"all el-1b4f3c63\"><div class=\"tabbedPanels\">\n    <ul class=\"tabs\">\n        <li><a href=\"#panel1\">Recepcjonista medyczny<\/a><\/li>\n        <li><a href=\"#panel2\">Lekarze<\/a><\/li>\n        <li><a href=\"#panel3\">Farmaceuci kliniczni<\/a><\/li>\n        <li><a href=\"#panel4\">Analityk przypadku<\/a><\/li>\n    <\/ul>\n\n    <div class=\"panelContainer\">\n        <div id=\"panel1\" class=\"panel\">\n            <p>\n            Centrum Medyczne Hazeldene poszukuje Recepcjonistki\/Administratora GP do swojego zespo\u0142u, z do\u015bwiadczeniem w tej samej lub\n            po\u017c\u0105dana jest podobna rola, a znajomo\u015b\u0107 EMIS Web nie jest niezb\u0119dna, poniewa\u017c zostanie przeprowadzone szkolenie.\n            <\/p>\n            <p>\n            Szukamy kogo\u015b, kto rozumie znaczenie bycia wra\u017cliwym, zachowania poufno\u015bci i bycia\n            rzecznik patentowy. Kto jest w stanie zachowa\u0107 spok\u00f3j i skupienie, gdy ma do czynienia z trudnymi i stresuj\u0105cymi sytuacjami\n            sytuacje.\n            <\/p>\n            <p>\n            Praktyka zosta\u0142a oceniona jako DOBRA przez Care Quality Commission (CQC).\n            <\/p>\n            <p>\n            Praktyka dzia\u0142a w 4 lokalizacjach Hazeldene Medical Center, The Eagle Eye, Crest Medical Center i Chamberlayne Road\n            Chirurgia.\n            <\/p>\n            <p>\n            Wszyscy pracownicy s\u0105 zatrudnieni w ca\u0142ej praktyce i mog\u0105 zosta\u0107 poproszeni o prac\u0119 w dowolnym miejscu\n            <\/p>\n            <p class=\"text-large\"><strong> Obowi\u0105zki:<\/strong><\/p>\n            <ul>\n            <li>Us\u0142ugi recepcyjne przed domem.<\/li>\n            <li>Odbieraj telefony w uprzejmy i profesjonalny spos\u00f3b.<\/li>\n            <li>Rezerwuj, zmieniaj i anuluj spotkania za pomoc\u0105 EMIS Web.<\/li>\n            <li>Zarz\u0105dzaj pro\u015bbami pacjent\u00f3w i os\u00f3b trzecich w odpowiednim czasie.<\/li>\n            <li>Wsp\u00f3\u0142pracuj z personelem klinicznym, lekarzami pierwszego kontaktu i kierownictwem, aby sprosta\u0107 potrzebom pacjent\u00f3w.<\/li>\n            <li>Dok\u0142adnie wprowadzaj informacje o pacjencie za pomoc\u0105 wewn\u0119trznych system\u00f3w.<\/li>\n            <li>Przegl\u0105daj, przetwarzaj i skanuj dokumenty.<\/li>\n            <li>Audyty wewn\u0119trzne.<\/li>\n            <li>R\u00f3\u017cne obowi\u0105zki administracyjne przydzielane przez personel wy\u017cszego szczebla.<\/li>\n            <li>Znajomo\u015b\u0107 IT - znajomo\u015b\u0107 pakietu Microsoft Office.<\/li>\n            <\/ul>\n            <p>Identyfikator odniesienia: Hazel05<\/p>\n            <p>Rodzaje pracy: pe\u0142ny etat, umowa, sta\u0142a<\/p>\n            <p>Wynagrodzenie: 12 566,00\u201324 132,00 GBP rocznie<\/p>\n            <p>Harmonogram:<\/p>\n            <p>\n                10-godzinna zmiana<br>\n\n                8-godzinna zmiana<br>\n\n                Od poniedzia\u0142ku do pi\u0105tku<br>\n\n                Z biegiem czasu\n            <\/p>\n            <p>Uwagi dotycz\u0105ce COVID-19:<\/p>\n            <p>Ka\u017cdy jest zobowi\u0105zany do noszenia maseczki, a wsp\u00f3lne powierzchnie s\u0105 regularnie dezynfekowane itp.<\/p>\n            <p class=\"text-large\"><strong>Mo\u017cliwo\u015b\u0107 dojazdu\/przeprowadzki:<\/strong><\/p>\n            <p>Londyn HA9 6PW: niezawodne dojazdy do pracy lub planowana przeprowadzka przed rozpocz\u0119ciem pracy (preferowane)<\/p>\n            <p class=\"text-large\"><strong>Do\u015bwiadczenie:<\/strong><\/p>\n            <p>Recepcjonista medyczny: 1 rok (preferowany)<\/p>\n            <p class=\"text-large\"><strong>Ch\u0119\u0107 podr\u00f3\u017cowania:<\/strong><\/p>\n            <p>25% (preferowane)<\/p>\n            <p class=\"text-large\"><strong>Aby ubiega\u0107 si\u0119 o to stanowisko, prze\u015blij nast\u0119puj\u0105ce dokumenty na adres <a href=\"mailto:khyati.bhatt@nhs.net\"> khyati.bhatt@nhs.net<\/a>:<\/strong><\/p>\n            <ol>\n               <li>Aktualne CV<\/li>\n                <li>List przewodni<\/li>\n            <\/ol>\n        <\/div>\n        <!-- end panel 1 -->\n\n        <div id=\"panel2\" class=\"panel\">\n           <p>\n                Wierzymy, \u017ce og\u00f3lna praktyka mo\u017ce by\u0107 zabawnym i wspieraj\u0105cym \u015brodowiskiem dla naszych lekarzy rodzinnych, i zapewniamy to poprzez bardzo wysokie oceny\n                opracowane systemy i procesy, wsparcie ze strony naszego MDT, w tym praktykuj\u0105cych farmaceut\u00f3w i wsp\u00f3\u0142pracownik\u00f3w lekarzy, oraz uznane w ca\u0142ym kraju innowacyjne metody pracy, kt\u00f3re umo\u017cliwiaj\u0105:\n            <\/p>\n            <ul>\n            <li>Koncentracja na zapewnieniu wysokiej jako\u015bci opieki<\/li>\n            <li>Minimalne dokumenty do dzia\u0142ania<\/li>\n            <li>Minimalne przerwy podczas pobytu w klinice<\/li>\n            <li>Bardzo ma\u0142o skrypt\u00f3w do podpisania i bardzo ma\u0142o wizyt domowych<\/li>\n            <li>Dzia\u0142anie tylko na \u017c\u0105dane wyniki krwi<\/li>\n            <li>P\u0142atny i chroniony czas na nadrabianie zaleg\u0142o\u015bci i nauczanie\/nadz\u00f3r<\/li>\n            <li>Wsparcie wykwalifikowanego personelu przy wype\u0142nianiu raport\u00f3w medycznych<\/li>\n            <li>Wyznaczony znajomy do pomocy przy obci\u0105\u017ceniu administracyjnym generowanym podczas konsultacji telefonicznych<\/li>\n            <\/ul>\n            <p>\n            Jeste\u015bmy pasjonatami dostarczania wysokiej jako\u015bci us\u0142ug podstawowej opieki zdrowotnej w ca\u0142ym Londynie. Dla w\u0142a\u015bciwego lekarza rodzinnego jest to fantastyczna okazja do zrobienia kolejnego kroku w karierze.\n            <\/p>\n            <p>\n            Ch\u0119tnie porozmawiamy z Tob\u0105 o tym, jak mo\u017cemy zaspokoi\u0107 Twoje potrzeby zawodowe w ramach naszej rozleg\u0142ej sieci klinicznej i dydaktycznej. Jako organizacja ucz\u0105ca si\u0119 jeste\u015bmy zaanga\u017cowani w rozw\u00f3j nowej generacji Lider\u00f3w Podstawowej Opieki Zdrowotnej.\n            <\/p>\n            <p>\n            Oferujemy przejrzyst\u0105 struktur\u0119 rozwoju kariery i jeste\u015bmy w stanie kszta\u0142towa\u0107 rol\u0119 i obowi\u0105zki w zale\u017cno\u015bci od umiej\u0119tno\u015bci odnosz\u0105cego sukcesy lekarza rodzinnego. Dlatego cieszymy si\u0119 z Twojego zainteresowania t\u0105 rol\u0105, niezale\u017cnie od Twojego poziomu do\u015bwiadczenia.\n            <\/p>\n            <p class=\"text-large\"><strong>Aby uzyska\u0107 wi\u0119cej informacji na temat do\u0142\u0105czenia do nas, wy\u015blij e-mail: <a href=\"mailto:dinisha.dhiru@nhs.net\">dinisha.dhiru@nhs.net<\/a><\/strong><\/p>\n        <\/div>\n        <!-- end panel 2 -->\n\n        <div id=\"panel3\" class=\"panel\">\n            <p class=\"rteBlock\">\n                To \u015bwietny czas dla farmaceut\u00f3w, kt\u00f3rzy chc\u0105 pracowa\u0107 w praktyce og\u00f3lnej. Mamy dost\u0119pne stanowiska w kilku obszarach w ca\u0142ym Londynie i do\u0142\u0105czysz do znacz\u0105cych\n                spo\u0142eczno\u015b\u0107 farmaceut\u00f3w o wysokim poziomie socjalizacji do wsp\u00f3lnej nauki. Twoja praca b\u0119dzie odbywa\u0107 si\u0119 w podstawowych godzinach dziennych GP i tak b\u0119dzie\n                nie musz\u0105 rutynowo pracowa\u0107 po godzinie 20:00 lub w weekendy. Dopasujemy Ci\u0119 do praktyki w okolicy, w kt\u00f3rej mieszkasz \u2013 minimalizuj\u0105c czas i wydatki zwi\u0105zane z dojazdem.\n            <\/p>\n            <p>\n                Poszukujemy proaktywnych i entuzjastycznych farmaceut\u00f3w, kt\u00f3rzy do\u0142\u0105cz\u0105 do naszej rodziny. Przeszkolimy Ci\u0119 w zakresie wi\u0119kszo\u015bci aspekt\u00f3w podstawowej opieki zdrowotnej, w tym bada\u0144 klinicznych i leczenia typowych drobnych chor\u00f3b.\n            <\/p>\n            <p class=\"text-large\"><strong>Aby uzyska\u0107 wi\u0119cej informacji na temat do\u0142\u0105czenia do naszego zespo\u0142u, wy\u015blij e-mail na adres: <a href=\"mailto:mohammed.harb@nhs.net\">mohammed.harb@nhs.net<\/a><\/strong><\/p>\n        <\/div>\n        <!-- end panel 3 -->\n\n        <div id=\"panel4\" class=\"panel\">\n            <p class=\"rteBlock\">\n                Czy chcesz przyczyni\u0107 si\u0119 do poprawy jako\u015bci i bezpiecze\u0144stwa us\u0142ug medycznych, a tak\u017ce do\u015bwiadcze\u0144 pacjent\u00f3w i opiekun\u00f3w? W Centrum Medycznym Hazeldene poszukujemy wyj\u0105tkowego Analityka ds. Przypadk\u00f3w w pe\u0142nym wymiarze godzin, kt\u00f3ry do\u0142\u0105czy do naszego zespo\u0142u. Zajmowanie si\u0119 reklamacjami to trudne i wymagaj\u0105ce zadanie. Poszukujemy osoby oddanej, przyjaznej, rzetelnej, pracowitej i zmotywowanej.\n                B\u0119dziesz w pe\u0142ni oddany warto\u015bciom Organizacji i poka\u017cesz, \u017ce te warto\u015bci kieruj\u0105 Twoimi interakcjami z pacjentami i wsp\u00f3\u0142pracownikami.\n            <\/p>\n            <p>\n                Ka\u017cda reklamacja jest dla nas okazj\u0105 do lepszego poznania naszych us\u0142ug i ich udoskonalenia. Chcemy, aby ka\u017cdy, kto sk\u0142ada do nas skarg\u0119, m\u00f3g\u0142 powiedzie\u0107: \u201eBy\u0142em pewny, \u017ce mog\u0119 zabra\u0107 g\u0142os,\n                a z\u0142o\u017cenie skargi by\u0142o proste\u201d. Czu\u0142em si\u0119 wys\u0142uchany i zrozumiany, a moja krytyka co\u015b zmieni\u0142a\u201d.\n            <\/p>\n            <p class=\"text-large\"><strong>Role i obowi\u0105zki: <\/strong><\/p>\n            <ul>\n            \n            <li>Pom\u00f3\u017c osobie sk\u0142adaj\u0105cej skarg\u0119 w formalnym procesie sk\u0142adania skargi.<\/li>\n\n\n            <li>Dzi\u0119ki skutecznemu komunikowaniu si\u0119 z osob\u0105 sk\u0142adaj\u0105c\u0105 skarg\u0119 za po\u015brednictwem poczty, telefonu lub osobi\u015bcie zapewniasz doskona\u0142\u0105 obs\u0142ug\u0119 klienta, przestrzegaj\u0105c przy tym naszych standard\u00f3w obs\u0142ugi.<\/li>\n\n\n            <li>Odpowiedzialny za badanie i rozwi\u0105zywanie reklamacji na wszystkich etapach w spos\u00f3b uczciwy i bezstronny.<\/li>\n\n\n            <li>Rozpoznawaj i rozwi\u0105zuj skargi, zarz\u0105dzaj\u0105c wysokiej jako\u015bci odpowiedziami.<\/li>\n\n\n            <li>Odpowiedzialny za wiele r\u00f3\u017cnych spraw. Po\u017c\u0105dana jest dobra znajomo\u015b\u0107 procedur prawnych rozpatrywania skarg dotycz\u0105cych opieki zdrowotnej.<\/li>\n\n\n            <li>We\u017a odpowiedzialno\u015b\u0107 za skarg\u0119 od pocz\u0105tku do ko\u0144ca i upewnij si\u0119, \u017ce osoba sk\u0142adaj\u0105ca skarg\u0119 jest na bie\u017c\u0105co informowana o jej statusie.<\/li>\n\n\n            <li>Analizuj skargi, aby okre\u015bli\u0107 ich dotkliwo\u015b\u0107 i z\u0142o\u017cono\u015b\u0107 oraz post\u0119puj zgodnie z odpowiednim procesem rozwi\u0105zywania.<\/li>\n\n\n            <li>Dopilnuj, aby dokumentacja i dowody pomocne w badaniu reklamacji by\u0142y przechowywane w odpowiednim formacie.<\/li>\n\n\n            <li>Obs\u0142uga wra\u017cliwych i poufnych informacji.<\/li>\n\n\n            <li>Pracuj dobrze pod presj\u0105, ustalaj priorytety dla zr\u00f3\u017cnicowanego obci\u0105\u017cenia prac\u0105 i przestrzegaj \u015bcis\u0142ych termin\u00f3w.<\/li>\n\n\n            <li>Zajmuj si\u0119 zadaniami administracyjnymi zgodnie z wymaganiami, zapewnij dokumentacj\u0119 wysokiego poziomu i prowadzenie rejestr\u00f3w, skanuj i do\u0142\u0105czaj dokumenty, zapisz dokumenty i dotrzymuj wa\u017cnych termin\u00f3w.<\/li>\n\n\n            <li>Do\u015bwiadczenie w odpowiadaniu na telefony reklamacyjne, otrzymywaniu e-maili, dobrej jako\u015bci pisania i monitorowaniu proces\u00f3w administracyjnych.<\/li>\n\n\n            <li>Zbadaj i podsumuj z\u0142o\u017cone problemy.<\/li>\n\n\n            <li>Obs\u0142uga prywatnych list\u00f3w, obs\u0142uga formularzy ubezpieczeniowych i procedur zwi\u0105zanych z wa\u017cnymi wydarzeniami.<\/li>\n\n\n            <li>Generowanie faktur i \u015bledzenie p\u0142atno\u015bci.<\/li>\n\n\n            <li>Nagrywaj, rejestruj i monitoruj post\u0119p spraw.<\/li>\n\n\n            <li>Masz wcze\u015bniejsze do\u015bwiadczenie w opiece zdrowotnej i po\u017c\u0105dana jest znajomo\u015b\u0107 procesu reklamacyjnego NHS.<\/li>\n\n\n            <li>Obowi\u0105zek pisania dok\u0142adnych i pe\u0142nych wsp\u00f3\u0142czucia list\u00f3w.<\/li>\n\n\n            <li>Potrafi by\u0107 asertywny, gdy to konieczne, powiedzie\u0107 \u201enie\u201d, je\u015bli to konieczne i zachowa\u0107 spok\u00f3j, by\u0107 profesjonalnym i wra\u017cliwym przez ca\u0142y czas.<\/li>\n\n\n            <li>Co najwa\u017cniejsze, upewniasz si\u0119, \u017ce ka\u017cda skarga zosta\u0142a wys\u0142uchana, zrozumiana, rozwa\u017cona, odpowiednio udzielona i wyci\u0105gni\u0119ta.<\/li>\n            <\/ul>\n            <p class=\"text-large\"><strong>Powiniene\u015b aplikowa\u0107, je\u015bli:<\/strong><\/p>\n            <ul>\n           <li>Jeste\u015b rezydentem Wielkiej Brytanii i obecnie mieszkasz w Wielkiej Brytanii.<\/li>\n\n\n            <li>Mie\u0107 prawo do pracy w Wielkiej Brytanii \u2013 oferta pracy wymaga zadowalaj\u0105cego potwierdzenia tego.<\/li>\n\n\n            <li>Maj\u0105 wykszta\u0142cenie humanistyczne, naukowe, literatur\u0119 angielsk\u0105, psychologi\u0119 lub maj\u0105 r\u00f3wnowa\u017cne do\u015bwiadczenie.<\/li>\n\n\n            <li>Dobra znajomo\u015b\u0107 obs\u0142ugi komputera, w szczeg\u00f3lno\u015bci dokument\u00f3w Word i Excel.<\/li>\n\n\n            <li>Masz do\u015bwiadczenie na stanowisku administracyjnym lub klinicznym (mile widziane).<\/li>\n\n\n            <li>\u015awietnie wyja\u015bniasz ludziom r\u00f3\u017cne rzeczy i masz bezb\u0142\u0119dny angielski w pi\u015bmie.<\/li>\n\n\n            <li>Miej doskona\u0142\u0105 obs\u0142ug\u0119 klienta.<\/li>\n\n\n            <li>S\u0105 dobrze zorganizowani.<\/li>\n\n\n            <li>Umiej\u0119tno\u015bci skutecznej komunikacji pisemnej, ustnej i interpersonalnej oraz negocjacji.<\/li>\n\n\n            <li>Umiej\u0119tno\u015b\u0107 analizowania informacji, pisania raport\u00f3w i umiej\u0119tno\u015bci prezentacji.<\/li>\n\n\n            <li>B\u0105d\u017a w stanie wykaza\u0107 si\u0119 dobrze rozwini\u0119tymi umiej\u0119tno\u015bciami w negocjacjach, rozwi\u0105zywaniu problem\u00f3w i redagowaniu.<\/li>\n\n\n            <li>Dobrze zarz\u0105dzaj czasem.<\/li>\n            <\/ul>\n            <p>Aby uzyska\u0107 wi\u0119cej informacji, skontaktuj si\u0119 z nami.<\/p>\n            <p class=\"text-large\" style=\"color:red;\"><strong>Prze\u015blij zaktualizowane CV i list motywacyjny, aby m\u00f3c ubiega\u0107 si\u0119 o to stanowisko.<\/strong><\/p>\n            <p>\n                <a href=\"mailto:recruit.hazel@nhs.net\">recruit.hazel@nhs.net<\/a><br>\n                Identyfikator referencyjny: Caseanalyst01<br>\n                Termin sk\u0142adania wniosk\u00f3w: 01.11.2021<br>\n                Rodzaje pracy: pe\u0142ny etat, sta\u0142a<br>\n                Wynagrodzenie: 16 380,00 GBP \u2013 18 525,00 GBP rocznie\n            <\/p>\n            <p>\n                Harmonogram:<br>\n                8 godzinna zmiana\n            <\/p>\n            <p>\n                Uwagi dotycz\u0105ce COVID-19:<br>\n                Ka\u017cdy jest zobowi\u0105zany do noszenia maseczki, a powierzchnie wsp\u00f3lne s\u0105 regularnie dezynfekowane itp.\n            <\/p>\n            <p>\n                Wykszta\u0142cenie:<br>\n                Licencjat (preferowane)\n            <\/p>\n            <p>\n                Pracuj zdalnie:<br>\n                Nie\n            <\/p>\n        <\/div>\n        <!-- end panel 4 -->\n    <\/div>\n    <!-- end div class=\"panelContainer\" or panel wrapper -->\n<\/div>\n<!-- ends the tabbed panels \/ wrapper--><\/div><\/div><\/div><\/div><\/div><\/div><\/div><\/div>\n","protected":false},"excerpt":{"rendered":"<p>DO\u0141\u0104CZ DO NASZEJ DRU\u017bYNY Z pasj\u0105 piel\u0119gnujemy i wspieramy nasz personel, aby zapewni\u0107 najwy\u017csz\u0105 jako\u015b\u0107 opieki wszystkim naszym pacjentom. Kliknij tutaj aby si\u0119 zarejestrowa\u0107 Kariera Recepcjonista medyczny Lekarze Farmaceuci kliniczni Analityk przypadku Centrum Medyczne Hazeldene poszukuje Recepcjonistki\/Administratora GP do swojego zespo\u0142u, z do\u015bwiadczeniem w tej samej lub po\u017c\u0105dana jest podobna rola, a znajomo\u015b\u0107 EMIS Web [&hellip;]<\/p>\n","protected":false},"author":4,"featured_media":0,"parent":0,"menu_order":0,"comment_status":"closed","ping_status":"closed","template":"","meta":{"_acf_changed":false,"footnotes":""},"class_list":["post-5450","page","type-page","status-publish","hentry"],"acf":[],"yoast_head":"<!-- This site is optimized with the Yoast SEO plugin v22.6 - https:\/\/yoast.com\/wordpress\/plugins\/seo\/ -->\n<title>Careers With Us - NHS Careers | NHS GP<\/title>\n<meta name=\"description\" content=\"Looking for a new job in the healthcare sector? Then take a look at the roles we have available here today!\" \/>\n<meta name=\"robots\" content=\"index, follow, max-snippet:-1, max-image-preview:large, max-video-preview:-1\" \/>\n<link rel=\"canonical\" href=\"https:\/\/www.nhsgp.net\/pl\/careers\/\" \/>\n<meta property=\"og:locale\" content=\"pl_PL\" \/>\n<meta property=\"og:type\" content=\"article\" \/>\n<meta property=\"og:title\" content=\"Careers With Us - NHS Careers | NHS GP\" \/>\n<meta property=\"og:description\" content=\"Looking for a new job in the healthcare sector? Then take a look at the roles we have available here today!\" \/>\n<meta property=\"og:url\" content=\"https:\/\/www.nhsgp.net\/pl\/careers\/\" \/>\n<meta property=\"og:site_name\" content=\"NHS GP\" \/>\n<meta property=\"article:modified_time\" content=\"2023-01-25T14:05:25+00:00\" \/>\n<meta name=\"twitter:card\" content=\"summary_large_image\" \/>\n<meta name=\"twitter:label1\" content=\"Szacowany czas czytania\" \/>\n\t<meta name=\"twitter:data1\" content=\"7 minut\" \/>\n<script type=\"application\/ld+json\" class=\"yoast-schema-graph\">{\"@context\":\"https:\/\/schema.org\",\"@graph\":[{\"@type\":\"WebPage\",\"@id\":\"https:\/\/www.nhsgp.net\/pl\/careers\/\",\"url\":\"https:\/\/www.nhsgp.net\/pl\/careers\/\",\"name\":\"Careers With Us - NHS Careers | NHS GP\",\"isPartOf\":{\"@id\":\"https:\/\/www.nhsgp.net\/#website\"},\"datePublished\":\"2022-11-16T04:46:57+00:00\",\"dateModified\":\"2023-01-25T14:05:25+00:00\",\"description\":\"Looking for a new job in the healthcare sector? Then take a look at the roles we have available here today!\",\"breadcrumb\":{\"@id\":\"https:\/\/www.nhsgp.net\/pl\/careers\/#breadcrumb\"},\"inLanguage\":\"pl-PL\",\"potentialAction\":[{\"@type\":\"ReadAction\",\"target\":[\"https:\/\/www.nhsgp.net\/pl\/careers\/\"]}]},{\"@type\":\"BreadcrumbList\",\"@id\":\"https:\/\/www.nhsgp.net\/pl\/careers\/#breadcrumb\",\"itemListElement\":[{\"@type\":\"ListItem\",\"position\":1,\"name\":\"Home\",\"item\":\"https:\/\/www.nhsgp.net\/\"},{\"@type\":\"ListItem\",\"position\":2,\"name\":\"Kariera\"}]},{\"@type\":\"WebSite\",\"@id\":\"https:\/\/www.nhsgp.net\/#website\",\"url\":\"https:\/\/www.nhsgp.net\/\",\"name\":\"NHS GP\",\"description\":\"GP Pathfinder Clinics\",\"publisher\":{\"@id\":\"https:\/\/www.nhsgp.net\/#organization\"},\"potentialAction\":[{\"@type\":\"SearchAction\",\"target\":{\"@type\":\"EntryPoint\",\"urlTemplate\":\"https:\/\/www.nhsgp.net\/?s={search_term_string}\"},\"query-input\":\"required name=search_term_string\"}],\"inLanguage\":\"pl-PL\"},{\"@type\":\"Organization\",\"@id\":\"https:\/\/www.nhsgp.net\/#organization\",\"name\":\"NHS GP\",\"url\":\"https:\/\/www.nhsgp.net\/\",\"logo\":{\"@type\":\"ImageObject\",\"inLanguage\":\"pl-PL\",\"@id\":\"https:\/\/www.nhsgp.net\/#\/schema\/logo\/image\/\",\"url\":\"https:\/\/www.nhsgp.net\/wp-content\/uploads\/2025\/02\/NHS_LOGO.png\",\"contentUrl\":\"https:\/\/www.nhsgp.net\/wp-content\/uploads\/2025\/02\/NHS_LOGO.png\",\"width\":354,\"height\":143,\"caption\":\"NHS GP\"},\"image\":{\"@id\":\"https:\/\/www.nhsgp.net\/#\/schema\/logo\/image\/\"}}]}<\/script>\n<!-- \/ Yoast SEO plugin. -->","yoast_head_json":{"title":"Careers With Us - NHS Careers | NHS GP","description":"Looking for a new job in the healthcare sector? Then take a look at the roles we have available here today!","robots":{"index":"index","follow":"follow","max-snippet":"max-snippet:-1","max-image-preview":"max-image-preview:large","max-video-preview":"max-video-preview:-1"},"canonical":"https:\/\/www.nhsgp.net\/pl\/careers\/","og_locale":"pl_PL","og_type":"article","og_title":"Careers With Us - NHS Careers | NHS GP","og_description":"Looking for a new job in the healthcare sector? Then take a look at the roles we have available here today!","og_url":"https:\/\/www.nhsgp.net\/pl\/careers\/","og_site_name":"NHS GP","article_modified_time":"2023-01-25T14:05:25+00:00","twitter_card":"summary_large_image","twitter_misc":{"Szacowany czas czytania":"7 minut"},"schema":{"@context":"https:\/\/schema.org","@graph":[{"@type":"WebPage","@id":"https:\/\/www.nhsgp.net\/pl\/careers\/","url":"https:\/\/www.nhsgp.net\/pl\/careers\/","name":"Careers With Us - NHS Careers | NHS GP","isPartOf":{"@id":"https:\/\/www.nhsgp.net\/#website"},"datePublished":"2022-11-16T04:46:57+00:00","dateModified":"2023-01-25T14:05:25+00:00","description":"Looking for a new job in the healthcare sector? Then take a look at the roles we have available here today!","breadcrumb":{"@id":"https:\/\/www.nhsgp.net\/pl\/careers\/#breadcrumb"},"inLanguage":"pl-PL","potentialAction":[{"@type":"ReadAction","target":["https:\/\/www.nhsgp.net\/pl\/careers\/"]}]},{"@type":"BreadcrumbList","@id":"https:\/\/www.nhsgp.net\/pl\/careers\/#breadcrumb","itemListElement":[{"@type":"ListItem","position":1,"name":"Home","item":"https:\/\/www.nhsgp.net\/"},{"@type":"ListItem","position":2,"name":"Kariera"}]},{"@type":"WebSite","@id":"https:\/\/www.nhsgp.net\/#website","url":"https:\/\/www.nhsgp.net\/","name":"NHS GP","description":"GP Pathfinder Clinics","publisher":{"@id":"https:\/\/www.nhsgp.net\/#organization"},"potentialAction":[{"@type":"SearchAction","target":{"@type":"EntryPoint","urlTemplate":"https:\/\/www.nhsgp.net\/?s={search_term_string}"},"query-input":"required name=search_term_string"}],"inLanguage":"pl-PL"},{"@type":"Organization","@id":"https:\/\/www.nhsgp.net\/#organization","name":"NHS GP","url":"https:\/\/www.nhsgp.net\/","logo":{"@type":"ImageObject","inLanguage":"pl-PL","@id":"https:\/\/www.nhsgp.net\/#\/schema\/logo\/image\/","url":"https:\/\/www.nhsgp.net\/wp-content\/uploads\/2025\/02\/NHS_LOGO.png","contentUrl":"https:\/\/www.nhsgp.net\/wp-content\/uploads\/2025\/02\/NHS_LOGO.png","width":354,"height":143,"caption":"NHS GP"},"image":{"@id":"https:\/\/www.nhsgp.net\/#\/schema\/logo\/image\/"}}]}},"jetpack_sharing_enabled":true,"_links":{"self":[{"href":"https:\/\/www.nhsgp.net\/pl\/wp-json\/wp\/v2\/pages\/5450","targetHints":{"allow":["GET"]}}],"collection":[{"href":"https:\/\/www.nhsgp.net\/pl\/wp-json\/wp\/v2\/pages"}],"about":[{"href":"https:\/\/www.nhsgp.net\/pl\/wp-json\/wp\/v2\/types\/page"}],"author":[{"embeddable":true,"href":"https:\/\/www.nhsgp.net\/pl\/wp-json\/wp\/v2\/users\/4"}],"replies":[{"embeddable":true,"href":"https:\/\/www.nhsgp.net\/pl\/wp-json\/wp\/v2\/comments?post=5450"}],"version-history":[{"count":4,"href":"https:\/\/www.nhsgp.net\/pl\/wp-json\/wp\/v2\/pages\/5450\/revisions"}],"predecessor-version":[{"id":7819,"href":"https:\/\/www.nhsgp.net\/pl\/wp-json\/wp\/v2\/pages\/5450\/revisions\/7819"}],"wp:attachment":[{"href":"https:\/\/www.nhsgp.net\/pl\/wp-json\/wp\/v2\/media?parent=5450"}],"curies":[{"name":"wp","href":"https:\/\/api.w.org\/{rel}","templated":true}]}}