{"id":5433,"date":"2022-10-21T06:25:46","date_gmt":"2022-10-21T06:25:46","guid":{"rendered":"http:\/\/1139313165.test.prositehosting.co.uk\/nhs-coronavirus-test\/"},"modified":"2023-01-24T15:44:30","modified_gmt":"2023-01-24T15:44:30","slug":"nhs-coronavirus-test","status":"publish","type":"page","link":"https:\/\/www.nhsgp.net\/pl\/nhs-coronavirus-test\/","title":{"rendered":"Test na koronawirusa NHS"},"content":{"rendered":"<div class=\"vce-row-container\" data-vce-boxed-width=\"true\"><div class=\"vce-row vce-row--col-gap-30 vce-row-equal-height vce-row-content--top\" id=\"el-f12bfd6c\" data-vce-do-apply=\"all el-f12bfd6c\"><div class=\"vce-row-content\" data-vce-element-content=\"true\"><div class=\"vce-col vce-col--md-auto vce-col--xs-1 vce-col--xs-last vce-col--xs-first vce-col--sm-last vce-col--sm-first vce-col--md-last vce-col--lg-last vce-col--xl-last vce-col--md-first vce-col--lg-first vce-col--xl-first\" id=\"el-bdc0f93b\"><div class=\"vce-col-inner\" data-vce-do-apply=\"border margin background  el-bdc0f93b\"><div class=\"vce-col-content\" data-vce-element-content=\"true\" data-vce-do-apply=\"padding el-bdc0f93b\"><div class=\"vce-row-container\" data-vce-boxed-width=\"true\"><div class=\"vce-row vce-row--col-gap-30 page-section vce-row-equal-height vce-row-content--top\" id=\"el-1c42ae21\" data-vce-do-apply=\"all el-1c42ae21\"><div class=\"vce-row-content\" data-vce-element-content=\"true\"><div class=\"vce-col vce-col--md-auto vce-col--xs-1 vce-col--xs-last vce-col--xs-first vce-col--sm-last vce-col--sm-first vce-col--md-last vce-col--lg-last vce-col--xl-last vce-col--md-first vce-col--lg-first vce-col--xl-first\" id=\"el-517b4c91\"><div class=\"vce-col-inner\" data-vce-do-apply=\"border margin background  el-517b4c91\"><div class=\"vce-col-content\" data-vce-element-content=\"true\" data-vce-do-apply=\"padding el-517b4c91\"><div class=\"vce-raw-html\"><div class=\"vce-raw-html-wrapper\" id=\"el-a34f9a8d\" data-vce-do-apply=\"all el-a34f9a8d\"><h1 style=\"text-align: center;\">Testy na koronawirusa<\/h1>\n<div class=\"space\"><\/div>\n<p style=\"text-align: center;\">Zminimalizuj rozprzestrzenianie si\u0119 COVID-19 ju\u017c dzi\u015b, zamawiaj\u0105c zestaw testowy na koronawirusa, gdy tylko wyst\u0105pi\u0105 objawy. Uporczywy kaszel, podwy\u017cszona temperatura i b\u00f3le g\u0142owy to tylko niekt\u00f3re z objaw\u00f3w, kt\u00f3re mog\u0105 \u015bwiadczy\u0107 o tym, \u017ce mo\u017cesz mie\u0107 COVID-19 \u2013 nawet u os\u00f3b zaszczepionych. Zam\u00f3w zestaw do swojego domu ju\u017c dzi\u015b i zapewnij sobie i innym bezpiecze\u0144stwo.<\/p>\n<div class=\"md-space\"><\/div>\n<p style=\"text-align: center;\" class=\"text-light\"><small>*Aby si\u0119 zarejestrowa\u0107, musisz zmieni\u0107 swoj\u0105 obecn\u0105 przychodni\u0119 lekarsk\u0105. Po z\u0142o\u017ceniu wniosku, zanim uzyskasz dost\u0119p do us\u0142ugi, obowi\u0105zywa\u0107 b\u0119dzie okres rejestracji. Dost\u0119pne dla os\u00f3b mieszkaj\u0105cych lub pracuj\u0105cych w rejonie jednej z lokalizacji naszych klinik.<\/small><\/p>\n<div class=\"md-space\"><\/div>\n<div style=\"text-align: center;\"><a class=\"btn btn-lg\" href=\"https:\/\/www.nhsgp.net\/area\/\" target=\"_blank\" rel=\"noopener\">Kliknij tutaj aby si\u0119 zarejestrowa\u0107<\/a><\/div>\n\n<\/div><\/div><\/div><\/div><\/div><\/div><\/div><\/div><\/div><\/div><\/div><\/div><\/div><\/div><div class=\"vce-row-container\" data-vce-boxed-width=\"true\"><div class=\"vce-row vce-element--has-background vce-row--col-gap-30 vce-row-equal-height vce-row-content--top\" id=\"el-16dc2c4d\" data-vce-do-apply=\"all el-16dc2c4d\"><div class=\"vce-content-background-container\"><\/div><div class=\"vce-row-content\" data-vce-element-content=\"true\"><div class=\"vce-col vce-col--md-auto vce-col--xs-1 vce-col--xs-last vce-col--xs-first vce-col--sm-last vce-col--sm-first vce-col--md-last vce-col--lg-last vce-col--xl-last vce-col--md-first vce-col--lg-first vce-col--xl-first\" id=\"el-a14afb59\"><div class=\"vce-col-inner\" data-vce-do-apply=\"border margin background  el-a14afb59\"><div class=\"vce-col-content\" data-vce-element-content=\"true\" data-vce-do-apply=\"padding el-a14afb59\"><div class=\"vce-row-container\"><div class=\"vce-row vce-element--has-background vce-row--col-gap-30 page-section mb-0 vce-row-equal-height vce-row-content--top\" data-vce-full-width=\"true\" id=\"el-08d305f7\" data-vce-do-apply=\"all el-08d305f7\"><div class=\"vce-content-background-container\"><\/div><div class=\"vce-row-content\" data-vce-element-content=\"true\"><div class=\"vce-col vce-col--md-auto vce-col--xs-1 vce-col--xs-last vce-col--xs-first vce-col--sm-last vce-col--sm-first vce-col--md-last vce-col--lg-last vce-col--xl-last vce-col--md-first vce-col--lg-first vce-col--xl-first\" id=\"el-78ef159d\"><div class=\"vce-col-inner\" data-vce-do-apply=\"border margin background  el-78ef159d\"><div class=\"vce-col-content\" data-vce-element-content=\"true\" data-vce-do-apply=\"padding el-78ef159d\"><div class=\"vce-raw-html\"><div class=\"vce-raw-html-wrapper\" id=\"el-346e0a15\" data-vce-do-apply=\"all el-346e0a15\"><h2 style=\"text-align: center;\">Uzyskaj pomoc NHS dotycz\u0105c\u0105 koronawirusa online\n<\/h2><div class=\"md-space\"><\/div>\n<p style=\"text-align: center;\">\nJe\u015bli martwisz si\u0119 COVID-19 i potrzebujesz profesjonalnej porady, skorzystaj z naszego internetowego portalu testowego na obecno\u015b\u0107 koronawirusa ju\u017c dzi\u015b. W NHS GP mo\u017cesz uzyska\u0107 pomoc ekspert\u00f3w za po\u015brednictwem naszych czterech gabinet\u00f3w w p\u00f3\u0142nocno-zachodnim Londynie w Wembley, Alperton, Willesden i Queen's Park. Zadbaj o swoje zdrowie ju\u017c dzi\u015b i skorzystaj z dost\u0119pnej pomocy NHS dotycz\u0105cej koronawirusa.\n<\/p>\n<p style=\"text-align: center;\">\n\tWybierz \u017c\u0105dan\u0105 us\u0142ug\u0119 poni\u017cej\n<\/p>\n<div class=\"space\"><\/div><\/div><\/div><div class=\"vce-raw-html\"><div class=\"vce-raw-html-wrapper\" id=\"el-3e7bfb80\" data-vce-do-apply=\"all el-3e7bfb80\"><div class=\"tabbedPanels\">  \n<ul class=\"tabs\">\n<li><a href=\"#panel1\">Konsultacje online dotycz\u0105ce kaszlu<\/a><\/li>\n<li><a href=\"#panel2\">Dodatkowa pomoc dotycz\u0105ca Covid-19<\/a><\/li>\n<\/ul>\n\n<div class=\"panelContainer\">\n<div id=\"panel1\" class=\"panel\">\n\n<ol class=\"rteBlock defaultList\">\n<li>\n<a href=\"https:\/\/hazeldenegps.webgp.com\/react-consult-coughs?codeName=BRP_CGH#EC\" target=\"_blank\" rel=\"noopener\">\nSkonsultuj si\u0119 z nami w sprawie kaszlu i popro\u015b o test Covid\n<\/a>\n<\/li>\n<li>\n<a href=\"https:\/\/test-for-coronavirus.service.gov.uk\/register-kit\" target=\"_blank\" rel=\"noopener\">\nZarejestruj testowy kod kreskowy\n<\/a>\n<\/li>\n<\/ol>    \n<\/div>  <!-- end panel 1 -->\n\n\n<div id=\"panel2\" class=\"panel\">\n\n<ol class=\"rteBlock defaultList\">\n<li>\n<a href=\"\/wp-content\/uploads\/2022\/11\/23rd-September-PHE-letter-to-parents-and-guardians.pdf\" target=\"_blank\" rel=\"noopener\">\n23 wrze\u015bnia - List PHE do rodzic\u00f3w i opiekun\u00f3w\n<\/a>\n<\/li>\n<li>\n<button type=\"button\" data-bs-toggle=\"modal\" data-bs-target=\"#myModal3\" class=\"no-btn\">\n    Kliknij tutaj, aby zapozna\u0107 si\u0119 z najnowszymi testami i innymi zasobami\n  <\/button>\t\n<\/li>\n<li>\n<a href=\"https:\/\/www.yourcovidrecovery.nhs.uk\/\" target=\"_blank\" rel=\"noopener\">\nKliknij tutaj, aby uzyska\u0107 pomoc w powrocie do zdrowia po COVID-19\n<\/a>\n<\/li>\n<\/ol>   \n<\/div> <!-- end panel 2 -->\n\n\n<\/div> <!-- end div class=\"panelContainer\" or panel wrapper -->\n\n<\/div> <!-- ends the tabbed panels \/ wrapper--><\/div><\/div><\/div><\/div><\/div><\/div><\/div><\/div><\/div><\/div><\/div><\/div><\/div><\/div><div class=\"vce-row-container\" data-vce-boxed-width=\"true\"><div class=\"vce-row vce-row--col-gap-30 vce-row-equal-height vce-row-content--top\" id=\"el-e00fce14\" data-vce-do-apply=\"all el-e00fce14\"><div class=\"vce-row-content\" data-vce-element-content=\"true\"><div class=\"vce-col vce-col--md-auto vce-col--xs-1 vce-col--xs-last vce-col--xs-first vce-col--sm-last vce-col--sm-first vce-col--md-last vce-col--lg-last vce-col--xl-last vce-col--md-first vce-col--lg-first vce-col--xl-first\" id=\"el-2f93beae\"><div class=\"vce-col-inner\" data-vce-do-apply=\"border margin background  el-2f93beae\"><div class=\"vce-col-content\" data-vce-element-content=\"true\" data-vce-do-apply=\"padding el-2f93beae\"><div class=\"vce-row-container\"><div class=\"vce-row vce-element--has-background vce-row--col-gap-30 page-section mb-0 vce-row-equal-height vce-row-content--middle\" data-vce-full-width=\"true\" id=\"el-2b6db660\" data-vce-do-apply=\"all el-2b6db660\"><div class=\"vce-content-background-container\"><\/div><div class=\"vce-row-content\" data-vce-element-content=\"true\"><div class=\"vce-col vce-col--md-auto vce-col--xs-1 vce-col--xs-last vce-col--xs-first vce-col--sm-last vce-col--sm-first vce-col--md-last vce-col--lg-last vce-col--xl-last vce-col--md-first vce-col--lg-first vce-col--xl-first\" id=\"el-892387d4\"><div class=\"vce-col-inner\" data-vce-do-apply=\"border margin background  el-892387d4\"><div class=\"vce-col-content\" data-vce-element-content=\"true\" data-vce-do-apply=\"padding el-892387d4\"><div class=\"vce-raw-html\"><div class=\"vce-raw-html-wrapper\" id=\"el-8b21ec28\" data-vce-do-apply=\"all el-8b21ec28\"><h2 style=\"text-align: center;\">B\u0105d\u017a bezpieczny dzi\u0119ki pomocy NHS Coronavirus<\/h2><div class=\"space\"><\/div>\n<div class=\"space\"><\/div><\/div><\/div><div class=\"vce-row-container\" data-vce-boxed-width=\"true\"><div class=\"vce-row vce-row--col-gap-30 vce-row-equal-height vce-row-content--middle\" id=\"el-63ddddb7\" data-vce-do-apply=\"all el-63ddddb7\"><div class=\"vce-row-content\" data-vce-element-content=\"true\"><div class=\"vce-col vce-col--md-47p vce-col--xs-1 vce-col--xs-last vce-col--xs-first vce-col--sm-last vce-col--sm-first vce-col--md-first vce-col--lg-first vce-col--xl-first\" id=\"el-3c408f06\"><div class=\"vce-col-inner\" data-vce-do-apply=\"border margin background  el-3c408f06\"><div class=\"vce-col-content\" data-vce-element-content=\"true\" data-vce-do-apply=\"padding el-3c408f06\"><div class=\"vce-yt-video-player vce-yt-video-player--align-left vce-yt-video-player--size-custom\"><div class=\"vce vce-yt-video-player-wrapper\" id=\"el-8d033064\" data-vce-do-apply=\"all el-8d033064\" style=\"width: 100%;\"><div class=\"vce-yt-video-player-inner\"><iframe loading=\"lazy\" class=\"vce-yt-video-player-iframe\" src=\"https:\/\/www.youtube.com\/embed\/7fEwvO695XE?autoplay=0&amp;mute=0&amp;color=red&amp;controls=1&amp;loop=0&amp;rel=0&amp;start=0&amp;cc_load_policy=0&amp;iv_load_policy=3&amp;enablejsapi=1\" width=\"640\" height=\"390\" allowfullscreen=\"\" title=\"YouTube video\"><\/iframe><\/div><\/div><\/div><\/div><\/div><\/div><div class=\"vce-col vce-col--md-6p vce-col--xs-1 vce-col--xs-last vce-col--xs-first vce-col--sm-last vce-col--sm-first\" id=\"el-c773289a\"><div class=\"vce-col-inner\" data-vce-do-apply=\"border margin background  el-c773289a\"><div class=\"vce-col-content\" data-vce-element-content=\"true\" data-vce-do-apply=\"padding el-c773289a\"><div><\/div><\/div><\/div><\/div><div class=\"vce-col vce-col--md-47p vce-col--xs-1 vce-col--xs-last vce-col--xs-first vce-col--sm-last vce-col--sm-first vce-col--md-last vce-col--lg-last vce-col--xl-last\" id=\"el-dd1db93d\"><div class=\"vce-col-inner\" data-vce-do-apply=\"border margin background  el-dd1db93d\"><div class=\"vce-col-content\" data-vce-element-content=\"true\" data-vce-do-apply=\"padding el-dd1db93d\"><div class=\"vce-raw-html\"><div class=\"vce-raw-html-wrapper\" id=\"el-c9d55a64\" data-vce-do-apply=\"all el-c9d55a64\"><p>Je\u015bli martwisz si\u0119 COVID-19, my\u015blisz, \u017ce mo\u017cesz by\u0107 chory lub potrzebujesz porady, jak si\u0119 przetestowa\u0107, zarejestruj si\u0119 u nas ju\u017c dzi\u015b, a my zapewnimy Ci szereg przydatnych us\u0142ug.<\/p>\n\n<p>Nie podejmuj ryzyka, je\u015bli chodzi o chorob\u0119 koronawirusow\u0105. Nasz profesjonalny zesp\u00f3\u0142 jest do Twojej dyspozycji, aby udzieli\u0107 porad dotycz\u0105cych COVID-19, je\u015bli mia\u0142e\u015b kontakt z osob\u0105, u kt\u00f3rej uzyskano pozytywny wynik testu na obecno\u015b\u0107 koronawirusa. Mo\u017cemy r\u00f3wnie\u017c dostarczy\u0107 Ci domowe zestawy do test\u00f3w na koronawirusa, dzi\u0119ki kt\u00f3rym b\u0119dziesz mie\u0107 pewno\u015b\u0107, czy masz COVID-19, a tak\u017ce konsultacje online na temat kaszlu, kt\u00f3re pomog\u0105 Ci ustali\u0107, czy kaszel jest powodem do zmartwie\u0144.<\/p>\n\n<p>Rejestruj\u0105c si\u0119 u nas, masz dost\u0119p do czterech gabinet\u00f3w w p\u00f3\u0142nocno-zachodnim Londynie: Wembley, Alperton, Willesden i Queen's Park. Zarejestruj si\u0119 ju\u017c dzi\u015b, aby wykona\u0107 testy na koronawirusa NHS i wiele wi\u0119cej.<\/p><\/div><\/div><\/div><\/div><\/div><\/div><\/div><\/div><div class=\"vce-row-container\" data-vce-boxed-width=\"true\"><div class=\"vce-row vce-row--col-gap-30 page-section pb-0 all-btn-wrap vce-row-equal-height vce-row-content--top\" id=\"el-3a4764e7\" data-vce-do-apply=\"all el-3a4764e7\"><div class=\"vce-row-content\" data-vce-element-content=\"true\"><div class=\"vce-col vce-col--md-auto vce-col--xs-1 vce-col--xs-last vce-col--xs-first vce-col--sm-last vce-col--sm-first vce-col--md-first vce-col--lg-first vce-col--xl-first\" id=\"el-b9e1c69b\"><div class=\"vce-col-inner\" data-vce-do-apply=\"border margin background  el-b9e1c69b\"><div class=\"vce-col-content\" data-vce-element-content=\"true\" data-vce-do-apply=\"padding el-b9e1c69b\"><div class=\"vce-raw-html\"><div class=\"vce-raw-html-wrapper\" id=\"el-85922e4c\" data-vce-do-apply=\"all el-85922e4c\"><a class=\"btn btn-lg btn-full-width\" href=\"https:\/\/www.youtube.com\/watch?v=Xaw8DsF2Igc\" target=\"_blank\" rel=\"noopener\">Testowanie filmu instrukta\u017cowego<\/a><\/div><\/div><\/div><\/div><\/div><div class=\"vce-col vce-col--md-auto vce-col--xs-1 vce-col--xs-last vce-col--xs-first vce-col--sm-last vce-col--sm-first\" id=\"el-d8d5dfbd\"><div class=\"vce-col-inner\" data-vce-do-apply=\"border margin background  el-d8d5dfbd\"><div class=\"vce-col-content\" data-vce-element-content=\"true\" data-vce-do-apply=\"padding el-d8d5dfbd\"><div class=\"vce-raw-html\"><div class=\"vce-raw-html-wrapper\" id=\"el-53ae56da\" data-vce-do-apply=\"all el-53ae56da\"><a class=\"btn btn-lg btn-full-width\" href=\"https:\/\/www.youtube.com\/watch?v=w9NOIwzq7x0\" target=\"_blank\" rel=\"noopener\">Obejrzyj cz\u0119sto zadawane pytania BAME na temat szczepie\u0144 przeciwko Covid-19<\/a><\/div><\/div><\/div><\/div><\/div><div class=\"vce-col vce-col--md-auto vce-col--xs-1 vce-col--xs-last vce-col--xs-first vce-col--sm-last vce-col--sm-first vce-col--md-last vce-col--lg-last vce-col--xl-last\" id=\"el-c54ffd85\"><div class=\"vce-col-inner\" data-vce-do-apply=\"border margin background  el-c54ffd85\"><div class=\"vce-col-content\" data-vce-element-content=\"true\" data-vce-do-apply=\"padding el-c54ffd85\"><div class=\"vce-raw-html\"><div class=\"vce-raw-html-wrapper\" id=\"el-9db00d6b\" data-vce-do-apply=\"all el-9db00d6b\"><a target=\"_blank\" class=\"btn btn-lg btn-full-width\" href=\"https:\/\/www.youtube.com\/watch?v=rzpZSTd48rQ&amp;feature=youtu.be\" rel=\"noopener\">Dlaczego szczepionka na COVID jest bezpieczna i skuteczna dla wszystkich<\/a><\/div><\/div><\/div><\/div><\/div><\/div><\/div><\/div><\/div><\/div><\/div><\/div><\/div><\/div><\/div><\/div><\/div><\/div><\/div><\/div><div class=\"vce-row-container\" data-vce-boxed-width=\"true\"><div class=\"vce-row vce-row--col-gap-30 vce-row-equal-height vce-row-content--top\" id=\"el-b642f6b0\" data-vce-do-apply=\"all el-b642f6b0\"><div class=\"vce-row-content\" data-vce-element-content=\"true\"><div class=\"vce-col vce-col--md-auto vce-col--xs-1 vce-col--xs-last vce-col--xs-first vce-col--sm-last vce-col--sm-first vce-col--md-last vce-col--lg-last vce-col--xl-last vce-col--md-first vce-col--lg-first vce-col--xl-first\" id=\"el-202c4107\"><div class=\"vce-col-inner\" data-vce-do-apply=\"border margin background  el-202c4107\"><div class=\"vce-col-content\" data-vce-element-content=\"true\" data-vce-do-apply=\"padding el-202c4107\"><div class=\"vce-row-container\"><div class=\"vce-row vce-element--has-background vce-row--col-gap-30 page-section mb-0 vce-row-equal-height vce-row-content--top\" data-vce-full-width=\"true\" id=\"el-8397c9d9\" data-vce-do-apply=\"all el-8397c9d9\"><div class=\"vce-content-background-container\"><\/div><div class=\"vce-row-content\" data-vce-element-content=\"true\"><div class=\"vce-col vce-col--md-auto vce-col--xs-1 vce-col--xs-last vce-col--xs-first vce-col--sm-last vce-col--sm-first vce-col--md-last vce-col--lg-last vce-col--xl-last vce-col--md-first vce-col--lg-first vce-col--xl-first\" id=\"el-c1002d09\"><div class=\"vce-col-inner\" data-vce-do-apply=\"border margin background  el-c1002d09\"><div class=\"vce-col-content\" data-vce-element-content=\"true\" data-vce-do-apply=\"padding el-c1002d09\"><div class=\"vce-raw-html\"><div class=\"vce-raw-html-wrapper\" id=\"el-487dfebb\" data-vce-do-apply=\"all el-487dfebb\"><h2 style=\"text-align: center;\">Zarejestruj si\u0119 u nas na wizyt\u0119 u lekarza online ju\u017c dzi\u015b<\/h2>\n<div class=\"space\"><\/div>\n<p class=\"blue\" style=\"text-align: center;\">Rejestracja zwykle zajmuje mniej ni\u017c dwie minuty<\/p>\n<p style=\"text-align: center;\">Nasz internetowy serwis recept NHS i system umawiania wizyt s\u0105 szybkie i \u0142atwe w u\u017cyciu. Zarejestruj si\u0119 online ju\u017c dzi\u015b.<\/p>\n<div class=\"md-space\"><\/div>\n<div style=\"text-align: center;\"><a class=\"btn btn-lg\" href=\"https:\/\/www.nhsgp.net\/area\/\" target=\"_blank\" rel=\"noopener\">Kliknij tutaj aby si\u0119 zarejestrowa\u0107<\/a><\/div>\n<\/div><\/div><\/div><\/div><\/div><\/div><\/div><\/div><\/div><\/div><\/div><\/div><\/div><\/div>","protected":false},"excerpt":{"rendered":"<p>Testy na koronawirusa Zminimalizuj rozprzestrzenianie si\u0119 COVID-19 ju\u017c dzi\u015b, zamawiaj\u0105c zestaw testowy na koronawirusa, gdy tylko wyst\u0105pi\u0105 objawy. Uporczywy kaszel, podwy\u017cszona temperatura i b\u00f3le g\u0142owy to tylko niekt\u00f3re z objaw\u00f3w, kt\u00f3re mog\u0105 \u015bwiadczy\u0107 o tym, \u017ce mo\u017cesz mie\u0107 COVID-19 \u2013 nawet u os\u00f3b zaszczepionych. Zam\u00f3w zestaw do swojego domu ju\u017c dzi\u015b i zapewnij sobie i [&hellip;]<\/p>\n","protected":false},"author":4,"featured_media":0,"parent":0,"menu_order":0,"comment_status":"closed","ping_status":"closed","template":"","meta":{"_acf_changed":false,"footnotes":""},"class_list":["post-5433","page","type-page","status-publish","hentry"],"acf":[],"yoast_head":"<!-- This site is optimized with the Yoast SEO plugin v22.6 - https:\/\/yoast.com\/wordpress\/plugins\/seo\/ -->\n<title>Coronavirus Home Test Kit - Covid 19 Test | NHS GP<\/title>\n<meta name=\"description\" content=\"Minimise the spread of COVID-19 today by ordering a Coronavirus testing kit as soon as you experience symptoms. Get your test today!\" \/>\n<meta name=\"robots\" content=\"index, follow, max-snippet:-1, max-image-preview:large, max-video-preview:-1\" \/>\n<link rel=\"canonical\" href=\"https:\/\/www.nhsgp.net\/pl\/nhs-coronavirus-test\/\" \/>\n<meta property=\"og:locale\" content=\"pl_PL\" \/>\n<meta property=\"og:type\" content=\"article\" \/>\n<meta property=\"og:title\" content=\"Coronavirus Home Test Kit - Covid 19 Test | NHS GP\" \/>\n<meta property=\"og:description\" content=\"Minimise the spread of COVID-19 today by ordering a Coronavirus testing kit as soon as you experience symptoms. Get your test today!\" \/>\n<meta property=\"og:url\" content=\"https:\/\/www.nhsgp.net\/pl\/nhs-coronavirus-test\/\" \/>\n<meta property=\"og:site_name\" content=\"NHS GP\" \/>\n<meta property=\"article:modified_time\" content=\"2023-01-24T15:44:30+00:00\" \/>\n<meta name=\"twitter:card\" content=\"summary_large_image\" \/>\n<meta name=\"twitter:label1\" content=\"Szacowany czas czytania\" \/>\n\t<meta name=\"twitter:data1\" content=\"2 minuty\" \/>\n<script type=\"application\/ld+json\" class=\"yoast-schema-graph\">{\"@context\":\"https:\/\/schema.org\",\"@graph\":[{\"@type\":\"WebPage\",\"@id\":\"https:\/\/www.nhsgp.net\/pl\/nhs-coronavirus-test\/\",\"url\":\"https:\/\/www.nhsgp.net\/pl\/nhs-coronavirus-test\/\",\"name\":\"Coronavirus Home Test Kit - Covid 19 Test | NHS GP\",\"isPartOf\":{\"@id\":\"https:\/\/www.nhsgp.net\/#website\"},\"datePublished\":\"2022-10-21T06:25:46+00:00\",\"dateModified\":\"2023-01-24T15:44:30+00:00\",\"description\":\"Minimise the spread of COVID-19 today by ordering a Coronavirus testing kit as soon as you experience symptoms. Get your test today!\",\"breadcrumb\":{\"@id\":\"https:\/\/www.nhsgp.net\/pl\/nhs-coronavirus-test\/#breadcrumb\"},\"inLanguage\":\"pl-PL\",\"potentialAction\":[{\"@type\":\"ReadAction\",\"target\":[\"https:\/\/www.nhsgp.net\/pl\/nhs-coronavirus-test\/\"]}]},{\"@type\":\"BreadcrumbList\",\"@id\":\"https:\/\/www.nhsgp.net\/pl\/nhs-coronavirus-test\/#breadcrumb\",\"itemListElement\":[{\"@type\":\"ListItem\",\"position\":1,\"name\":\"Home\",\"item\":\"https:\/\/www.nhsgp.net\/\"},{\"@type\":\"ListItem\",\"position\":2,\"name\":\"Test na koronawirusa NHS\"}]},{\"@type\":\"WebSite\",\"@id\":\"https:\/\/www.nhsgp.net\/#website\",\"url\":\"https:\/\/www.nhsgp.net\/\",\"name\":\"NHS GP\",\"description\":\"GP Pathfinder Clinics\",\"publisher\":{\"@id\":\"https:\/\/www.nhsgp.net\/#organization\"},\"potentialAction\":[{\"@type\":\"SearchAction\",\"target\":{\"@type\":\"EntryPoint\",\"urlTemplate\":\"https:\/\/www.nhsgp.net\/?s={search_term_string}\"},\"query-input\":\"required name=search_term_string\"}],\"inLanguage\":\"pl-PL\"},{\"@type\":\"Organization\",\"@id\":\"https:\/\/www.nhsgp.net\/#organization\",\"name\":\"NHS GP\",\"url\":\"https:\/\/www.nhsgp.net\/\",\"logo\":{\"@type\":\"ImageObject\",\"inLanguage\":\"pl-PL\",\"@id\":\"https:\/\/www.nhsgp.net\/#\/schema\/logo\/image\/\",\"url\":\"https:\/\/www.nhsgp.net\/wp-content\/uploads\/2025\/02\/NHS_LOGO.png\",\"contentUrl\":\"https:\/\/www.nhsgp.net\/wp-content\/uploads\/2025\/02\/NHS_LOGO.png\",\"width\":354,\"height\":143,\"caption\":\"NHS GP\"},\"image\":{\"@id\":\"https:\/\/www.nhsgp.net\/#\/schema\/logo\/image\/\"}}]}<\/script>\n<!-- \/ Yoast SEO plugin. -->","yoast_head_json":{"title":"Coronavirus Home Test Kit - Covid 19 Test | NHS GP","description":"Minimise the spread of COVID-19 today by ordering a Coronavirus testing kit as soon as you experience symptoms. Get your test today!","robots":{"index":"index","follow":"follow","max-snippet":"max-snippet:-1","max-image-preview":"max-image-preview:large","max-video-preview":"max-video-preview:-1"},"canonical":"https:\/\/www.nhsgp.net\/pl\/nhs-coronavirus-test\/","og_locale":"pl_PL","og_type":"article","og_title":"Coronavirus Home Test Kit - Covid 19 Test | NHS GP","og_description":"Minimise the spread of COVID-19 today by ordering a Coronavirus testing kit as soon as you experience symptoms. Get your test today!","og_url":"https:\/\/www.nhsgp.net\/pl\/nhs-coronavirus-test\/","og_site_name":"NHS GP","article_modified_time":"2023-01-24T15:44:30+00:00","twitter_card":"summary_large_image","twitter_misc":{"Szacowany czas czytania":"2 minuty"},"schema":{"@context":"https:\/\/schema.org","@graph":[{"@type":"WebPage","@id":"https:\/\/www.nhsgp.net\/pl\/nhs-coronavirus-test\/","url":"https:\/\/www.nhsgp.net\/pl\/nhs-coronavirus-test\/","name":"Coronavirus Home Test Kit - Covid 19 Test | NHS GP","isPartOf":{"@id":"https:\/\/www.nhsgp.net\/#website"},"datePublished":"2022-10-21T06:25:46+00:00","dateModified":"2023-01-24T15:44:30+00:00","description":"Minimise the spread of COVID-19 today by ordering a Coronavirus testing kit as soon as you experience symptoms. Get your test today!","breadcrumb":{"@id":"https:\/\/www.nhsgp.net\/pl\/nhs-coronavirus-test\/#breadcrumb"},"inLanguage":"pl-PL","potentialAction":[{"@type":"ReadAction","target":["https:\/\/www.nhsgp.net\/pl\/nhs-coronavirus-test\/"]}]},{"@type":"BreadcrumbList","@id":"https:\/\/www.nhsgp.net\/pl\/nhs-coronavirus-test\/#breadcrumb","itemListElement":[{"@type":"ListItem","position":1,"name":"Home","item":"https:\/\/www.nhsgp.net\/"},{"@type":"ListItem","position":2,"name":"Test na koronawirusa NHS"}]},{"@type":"WebSite","@id":"https:\/\/www.nhsgp.net\/#website","url":"https:\/\/www.nhsgp.net\/","name":"NHS GP","description":"GP Pathfinder Clinics","publisher":{"@id":"https:\/\/www.nhsgp.net\/#organization"},"potentialAction":[{"@type":"SearchAction","target":{"@type":"EntryPoint","urlTemplate":"https:\/\/www.nhsgp.net\/?s={search_term_string}"},"query-input":"required name=search_term_string"}],"inLanguage":"pl-PL"},{"@type":"Organization","@id":"https:\/\/www.nhsgp.net\/#organization","name":"NHS GP","url":"https:\/\/www.nhsgp.net\/","logo":{"@type":"ImageObject","inLanguage":"pl-PL","@id":"https:\/\/www.nhsgp.net\/#\/schema\/logo\/image\/","url":"https:\/\/www.nhsgp.net\/wp-content\/uploads\/2025\/02\/NHS_LOGO.png","contentUrl":"https:\/\/www.nhsgp.net\/wp-content\/uploads\/2025\/02\/NHS_LOGO.png","width":354,"height":143,"caption":"NHS GP"},"image":{"@id":"https:\/\/www.nhsgp.net\/#\/schema\/logo\/image\/"}}]}},"jetpack_sharing_enabled":true,"_links":{"self":[{"href":"https:\/\/www.nhsgp.net\/pl\/wp-json\/wp\/v2\/pages\/5433","targetHints":{"allow":["GET"]}}],"collection":[{"href":"https:\/\/www.nhsgp.net\/pl\/wp-json\/wp\/v2\/pages"}],"about":[{"href":"https:\/\/www.nhsgp.net\/pl\/wp-json\/wp\/v2\/types\/page"}],"author":[{"embeddable":true,"href":"https:\/\/www.nhsgp.net\/pl\/wp-json\/wp\/v2\/users\/4"}],"replies":[{"embeddable":true,"href":"https:\/\/www.nhsgp.net\/pl\/wp-json\/wp\/v2\/comments?post=5433"}],"version-history":[{"count":6,"href":"https:\/\/www.nhsgp.net\/pl\/wp-json\/wp\/v2\/pages\/5433\/revisions"}],"predecessor-version":[{"id":7694,"href":"https:\/\/www.nhsgp.net\/pl\/wp-json\/wp\/v2\/pages\/5433\/revisions\/7694"}],"wp:attachment":[{"href":"https:\/\/www.nhsgp.net\/pl\/wp-json\/wp\/v2\/media?parent=5433"}],"curies":[{"name":"wp","href":"https:\/\/api.w.org\/{rel}","templated":true}]}}