{"id":5417,"date":"2022-11-10T12:57:53","date_gmt":"2022-11-10T12:57:53","guid":{"rendered":"http:\/\/1139313165.test.prositehosting.co.uk\/nhs-app\/"},"modified":"2025-05-27T11:45:29","modified_gmt":"2025-05-27T11:45:29","slug":"nhs-app","status":"publish","type":"page","link":"https:\/\/www.nhsgp.net\/pl\/nhs-app\/","title":{"rendered":"Aplikacja NHS"},"content":{"rendered":"<div class=\"vce-row-container\" data-vce-boxed-width=\"true\"><div class=\"vce-row vce-row--col-gap-30 page-section vce-row-equal-height vce-row-content--top\" id=\"el-9491b4fa\" data-vce-do-apply=\"all el-9491b4fa\"><div class=\"vce-row-content\" data-vce-element-content=\"true\"><div class=\"vce-col vce-col--md-auto vce-col--xs-1 vce-col--xs-last vce-col--xs-first vce-col--sm-last vce-col--sm-first vce-col--md-last vce-col--lg-last vce-col--xl-last vce-col--md-first vce-col--lg-first vce-col--xl-first\" id=\"el-fc884ac5\"><div class=\"vce-col-inner\" data-vce-do-apply=\"border margin background  el-fc884ac5\"><div class=\"vce-col-content\" data-vce-element-content=\"true\" data-vce-do-apply=\"padding el-fc884ac5\"><div class=\"vce-single-image-container vce-single-image--align-center\"><div class=\"vce vce-single-image-wrapper\" id=\"el-f61c485a\" data-vce-do-apply=\"all el-f61c485a\"><figure><div class=\"vce-single-image-figure-inner\"><div class=\"vce-single-image-inner vce-single-image--absolute\" style=\"width: 100%;\"><\/div><\/div><figcaption hidden=\"\"><\/figcaption><\/figure><\/div><\/div><div class=\"vce-raw-html\"><div class=\"vce-raw-html-wrapper\" id=\"el-39a96ae0\" data-vce-do-apply=\"all el-39a96ae0\"><h1 style=\"text-align: center;\">Aplikacja NHS<\/h1>\n<div class=\"md-space\"><\/div>\n<p style=\"text-align: center;\">Rejestracje logowania do aplikacji NHS s\u0105 przetwarzane tak szybko, jak to mo\u017cliwe, ale mo\u017ce to potrwa\u0107 d\u0142u\u017cej ni\u017c zwykle, gdy jest du\u017ca liczba pr\u00f3\u015bb o us\u0142ugi lekarza rodzinnego online.\n<\/p>\n<\/div><\/div><\/div><\/div><\/div><\/div><\/div><\/div><div class=\"vce-row-container\"><div class=\"vce-row vce-element--has-background vce-row--col-gap-30 top-page-section vce-row-equal-height vce-row-content--top\" data-vce-full-width=\"true\" id=\"el-4fb43c38\" data-vce-do-apply=\"all el-4fb43c38\"><div class=\"vce-content-background-container\"><\/div><div class=\"vce-row-content\" data-vce-element-content=\"true\"><div class=\"vce-col vce-col--md-auto vce-col--xs-1 vce-col--xs-last vce-col--xs-first vce-col--sm-last vce-col--sm-first vce-col--md-last vce-col--lg-last vce-col--xl-last vce-col--md-first vce-col--lg-first vce-col--xl-first\" id=\"el-85f4047b\"><div class=\"vce-col-inner\" data-vce-do-apply=\"border margin background  el-85f4047b\"><div class=\"vce-col-content\" data-vce-element-content=\"true\" data-vce-do-apply=\"padding el-85f4047b\"><div class=\"vce-raw-html\"><div class=\"vce-raw-html-wrapper\" id=\"el-502e0a8e\" data-vce-do-apply=\"all el-502e0a8e\"><h2 style=\"text-align: center;\">Do czego mo\u017cesz u\u017cywa\u0107 aplikacji NHS?<\/h2>\n<div class=\"space\"><\/div><\/div><\/div><\/div><\/div><\/div><\/div><\/div><\/div><div class=\"vce-row-container\"><div class=\"vce-row vce-element--has-background vce-row--col-gap-30  online-book-section vce-row-equal-height vce-row-content--top\" data-vce-full-width=\"true\" id=\"el-8b527857\" data-vce-do-apply=\"all el-8b527857\"><div class=\"vce-content-background-container\"><\/div><div class=\"vce-row-content\" data-vce-element-content=\"true\"><div class=\"vce-col vce-col--md-auto vce-col--xs-1 vce-col--xs-last vce-col--xs-first vce-col--sm-last vce-col--sm-first vce-col--md-first vce-col--lg-first vce-col--xl-first\" id=\"el-a61618e6\"><div class=\"vce-col-inner\" data-vce-do-apply=\"border margin background  el-a61618e6\"><div class=\"vce-col-content\" data-vce-element-content=\"true\" data-vce-do-apply=\"padding el-a61618e6\"><div class=\"vce-single-image-container vce-single-image--align-left\"><div class=\"vce vce-single-image-wrapper\" id=\"el-43676554\" data-vce-do-apply=\"all el-43676554\"><figure><div class=\"vce-single-image-figure-inner\" style=\"width: 546px;\"><div class=\"vce-single-image-inner vce-single-image--absolute\" style=\"width: 100%; padding-bottom: 156.41%;\"><img decoding=\"async\" class=\"vce-single-image\" src=\"\/wp-content\/uploads\/2022\/11\/home-left-img.png\" data-img-src=\"\/wp-content\/uploads\/2022\/11\/home-left-img.png\" data-attachment-id=\"384\" alt=\"\" title=\"home-left-img\"><\/div><\/div><figcaption hidden=\"\"><\/figcaption><\/figure><\/div><\/div><\/div><\/div><\/div><div class=\"vce-col vce-col--md-auto vce-col--xs-1 vce-col--xs-last vce-col--xs-first vce-col--sm-last vce-col--sm-first vce-col--md-last vce-col--lg-last vce-col--xl-last\" id=\"el-d74e23ab\"><div class=\"vce-col-inner\" data-vce-do-apply=\"border margin background  el-d74e23ab\"><div class=\"vce-col-content\" data-vce-element-content=\"true\" data-vce-do-apply=\"padding el-d74e23ab\"><div class=\"vce-raw-html\"><div class=\"vce-raw-html-wrapper\" id=\"el-b46c4751\" data-vce-do-apply=\"all el-b46c4751\"><p>Aplikacja NHS to wygodny spos\u00f3b zarz\u0105dzania potrzebami w zakresie opieki zdrowotnej. Organizuj rezerwacj\u0119 wizyt u lekarza rodzinnego, przegl\u0105daj swoj\u0105 dokumentacj\u0119 medyczn\u0105 i uzyskaj dost\u0119p do przepustki NHS Covid Pass za naci\u015bni\u0119ciem jednego przycisku.<\/p>\n<p>\nMo\u017cesz u\u017cy\u0107 aplikacji NHS, aby:\n<\/p>\n<div class=\"md-space\"><\/div>\n<div class=\"mba-0\">\n\t<ul>\n    <li>Szybko znajd\u017a i wy\u015bwietl sw\u00f3j numer NHS<\/li>\n    <li>Wyszukuj, rezerwuj i anuluj wizyty w swojej przychodni, korzystaj\u0105c z systemu rezerwacji wizyt NHS<\/li>\n    <li>Popro\u015b o now\u0105 recept\u0119 powt\u00f3rn\u0105, zmie\u0144 kolejno\u015b\u0107 powtarzaj\u0105cych si\u0119 recept, zobacz dost\u0119pne leki i wybierz aptek\u0119, do kt\u00f3rej ma zosta\u0107 wys\u0142ana recepta<\/li>\n    <li>Og\u00f3lne porady zdrowotne dotycz\u0105ce setek schorze\u0144 s\u0105 dost\u0119pne od ekspert\u00f3w NHS. Mo\u017cesz te\u017c odpowiada\u0107 na pytania, aby znale\u017a\u0107 natychmiastow\u0105 porad\u0119 lub pomoc medyczn\u0105 w pobli\u017cu<\/li>\n    <li>Wy\u015blij wiadomo\u015b\u0107 bezpo\u015brednio do swojej przychodni lekarskiej lub pracownika s\u0142u\u017cby zdrowia<\/li>\n    <li>Wy\u015bwietl plany opieki i zarz\u0105dzaj nimi<\/li>\n    <li>Przejrzyj swoj\u0105 dokumentacj\u0119 medyczn\u0105, zawieraj\u0105c\u0105 informacje o alergiach i aktualnych lub przebytych lekach.<\/li>\n    <li>Je\u015bli Tw\u00f3j lekarz rodzinny da\u0142 Ci dost\u0119p do szczeg\u00f3\u0142owej dokumentacji medycznej, mo\u017cesz przegl\u0105da\u0107 informacje o wynikach bada\u0144 i szczeg\u00f3\u0142y swoich konsultacji<\/li>\n    <li>Zdob\u0105d\u017a przepustk\u0119 NHS Covid Pass i uzyskaj dost\u0119p do porad dotycz\u0105cych koronawirusa, takich jak pomoc w izolacji i nie tylko<\/li>\n    <li>Zarejestruj si\u0119, je\u015bli chcesz odda\u0107 niekt\u00f3re, wszystkie lub \u017cadne narz\u0105dy<\/li>\n    <li>Ochrona danych NHS \u2014 wybierz, czy dane z Twojej dokumentacji medycznej maj\u0105 by\u0107 udost\u0119pniane do bada\u0144 i planowania<\/li>\n<\/ul>\n<\/div>\n<\/div><\/div><\/div><\/div><\/div><\/div><\/div><\/div><div class=\"vce-row-container\" data-vce-boxed-width=\"true\"><div class=\"vce-row vce-row--col-gap-30 page-section left-img-mr vce-row-equal-height vce-row-content--top\" id=\"el-80789114\" data-vce-do-apply=\"all el-80789114\"><div class=\"vce-row-content\" data-vce-element-content=\"true\"><div class=\"vce-col vce-col--md-auto vce-col--xs-1 vce-col--xs-last vce-col--xs-first vce-col--sm-last vce-col--sm-first vce-col--md-last vce-col--lg-last vce-col--xl-last vce-col--md-first vce-col--lg-first vce-col--xl-first\" id=\"el-9ba18526\"><div class=\"vce-col-inner\" data-vce-do-apply=\"border margin background  el-9ba18526\"><div class=\"vce-col-content\" data-vce-element-content=\"true\" data-vce-do-apply=\"padding el-9ba18526\"><div class=\"vce-row-container\" data-vce-boxed-width=\"true\"><div class=\"vce-row vce-row--col-gap-30 vce-row-equal-height vce-row-content--middle\" id=\"el-06e3931c\" data-vce-do-apply=\"all el-06e3931c\"><div class=\"vce-row-content\" data-vce-element-content=\"true\"><div class=\"vce-col vce-col--md-auto vce-col--xs-1 vce-col--xs-last vce-col--xs-first vce-col--sm-last vce-col--sm-first vce-col--md-first vce-col--lg-first vce-col--xl-first\" id=\"el-0e049354\"><div class=\"vce-col-inner\" data-vce-do-apply=\"border margin background  el-0e049354\"><div class=\"vce-col-content\" data-vce-element-content=\"true\" data-vce-do-apply=\"padding el-0e049354\"><div class=\"vce-single-image-container vce-single-image--align-left\"><div class=\"vce vce-single-image-wrapper\" id=\"el-d18613e6\" data-vce-do-apply=\"all el-d18613e6\"><figure><div class=\"vce-single-image-figure-inner\" style=\"width: 1024px;\"><div class=\"vce-single-image-inner vce-single-image--absolute\" style=\"width: 100%; padding-bottom: 84.9609%;\"><img loading=\"lazy\" decoding=\"async\" class=\"vce-single-image\"  width=\"1024\" height=\"870\" srcset=\"\/wp-content\/uploads\/2022\/11\/NEW-NHS-GP-Book-appointment-online-1024x871.jpg 1024w, \/wp-content\/uploads\/2022\/11\/NEW-NHS-GP-Book-appointment-online-320x272.jpg 320w, \/wp-content\/uploads\/2022\/11\/NEW-NHS-GP-Book-appointment-online-480x408.jpg 480w, \/wp-content\/uploads\/2022\/11\/NEW-NHS-GP-Book-appointment-online-800x680.jpg 800w\" src=\"\/wp-content\/uploads\/2022\/11\/NEW-NHS-GP-Book-appointment-online-1024x871.jpg\" data-img-src=\"\/wp-content\/uploads\/2022\/11\/NEW-NHS-GP-Book-appointment-online.jpg\" data-attachment-id=\"2573\"  alt=\"\" title=\"Booking,Meeting,Appointment,On,Laptop,Computer,Online\" \/><\/div><\/div><figcaption hidden=\"\"><\/figcaption><\/figure><\/div><\/div><\/div><\/div><\/div><div class=\"vce-col vce-col--md-auto vce-col--xs-1 vce-col--xs-last vce-col--xs-first vce-col--sm-last vce-col--sm-first vce-col--md-last vce-col--lg-last vce-col--xl-last\" id=\"el-93bb1349\"><div class=\"vce-col-inner\" data-vce-do-apply=\"border margin background  el-93bb1349\"><div class=\"vce-col-content\" data-vce-element-content=\"true\" data-vce-do-apply=\"padding el-93bb1349\"><div class=\"vce-raw-html\"><div class=\"vce-raw-html-wrapper\" id=\"el-f4bcb491\" data-vce-do-apply=\"all el-f4bcb491\"><h2>Uzyskaj dost\u0119p do przepustki NHS Covid Pass\n<\/h2><div class=\"md-space\"><\/div>\n<p>\nJe\u015bli jeste\u015b w pe\u0142ni zaszczepiony lub jeste\u015b w trakcie szczepie\u0144, mo\u017cesz uzyska\u0107 dost\u0119p do swojej przepustki NHS COVID Pass za po\u015brednictwem aplikacji. Zobacz i udost\u0119pnij swoj\u0105 przepustk\u0119 na pr\u00f3by wydarze\u0144 w Anglii i podr\u00f3\u017ce mi\u0119dzynarodowe.\n<\/p>\n<div class=\"space\"><\/div>\n<h2>Zabezpieczanie danych<\/h2>\n<div class=\"md-space\"><\/div>\n<p>\nPo pobraniu aplikacji musisz skonfigurowa\u0107 login NHS i udowodni\u0107, kim jeste\u015b. Nast\u0119pnie aplikacja bezpiecznie \u0142\u0105czy si\u0119 z informacjami z przychodni lekarza rodzinnego.\n<\/p>\n<p>\nJe\u015bli Twoje urz\u0105dzenie obs\u0142uguje wykrywanie odcisk\u00f3w palc\u00f3w lub rozpoznawanie twarzy, mo\u017cesz u\u017cywa\u0107 go do ka\u017cdorazowego logowania si\u0119 do aplikacji NHS, zamiast u\u017cywa\u0107 has\u0142a i kodu zabezpieczaj\u0105cego.\n<\/p><\/div><\/div><\/div><\/div><\/div><\/div><\/div><\/div><\/div><\/div><\/div><\/div><\/div><\/div>\n","protected":false},"excerpt":{"rendered":"<p>Aplikacja NHS Rejestracje logowania do aplikacji NHS s\u0105 przetwarzane tak szybko, jak to mo\u017cliwe, ale mo\u017ce to potrwa\u0107 d\u0142u\u017cej ni\u017c zwykle, gdy jest du\u017ca liczba pr\u00f3\u015bb o us\u0142ugi lekarza rodzinnego online. Do czego mo\u017cesz u\u017cywa\u0107 aplikacji NHS? Aplikacja NHS to wygodny spos\u00f3b zarz\u0105dzania potrzebami w zakresie opieki zdrowotnej. Organizuj rezerwacj\u0119 wizyt u lekarza rodzinnego, przegl\u0105daj [&hellip;]<\/p>\n","protected":false},"author":4,"featured_media":0,"parent":0,"menu_order":0,"comment_status":"closed","ping_status":"closed","template":"","meta":{"_acf_changed":false,"footnotes":""},"class_list":["post-5417","page","type-page","status-publish","hentry"],"acf":[],"yoast_head":"<!-- This site is optimized with the Yoast SEO plugin v22.6 - https:\/\/yoast.com\/wordpress\/plugins\/seo\/ -->\n<title>Download the NHS App | NHS GP<\/title>\n<meta name=\"description\" content=\"The NHS app is a handy way of managing your healthcare needs. Organise GP appointment booking, view your medical record and more!\" \/>\n<meta name=\"robots\" content=\"index, follow, max-snippet:-1, max-image-preview:large, max-video-preview:-1\" \/>\n<link rel=\"canonical\" href=\"https:\/\/www.nhsgp.net\/nhs-app\/\" \/>\n<meta property=\"og:locale\" content=\"pl_PL\" \/>\n<meta property=\"og:type\" content=\"article\" \/>\n<meta property=\"og:title\" content=\"Download the NHS App | NHS GP\" \/>\n<meta property=\"og:description\" content=\"The NHS app is a handy way of managing your healthcare needs. Organise GP appointment booking, view your medical record and more!\" \/>\n<meta property=\"og:url\" content=\"https:\/\/www.nhsgp.net\/nhs-app\/\" \/>\n<meta property=\"og:site_name\" content=\"NHS GP\" \/>\n<meta property=\"article:modified_time\" content=\"2025-05-27T11:45:29+00:00\" \/>\n<meta name=\"twitter:card\" content=\"summary_large_image\" \/>\n<meta name=\"twitter:label1\" content=\"Szacowany czas czytania\" \/>\n\t<meta name=\"twitter:data1\" content=\"2 minuty\" \/>\n<script type=\"application\/ld+json\" class=\"yoast-schema-graph\">{\"@context\":\"https:\/\/schema.org\",\"@graph\":[{\"@type\":\"WebPage\",\"@id\":\"https:\/\/www.nhsgp.net\/nhs-app\/\",\"url\":\"https:\/\/www.nhsgp.net\/nhs-app\/\",\"name\":\"Download the NHS App | NHS GP\",\"isPartOf\":{\"@id\":\"https:\/\/www.nhsgp.net\/#website\"},\"datePublished\":\"2022-11-10T12:57:53+00:00\",\"dateModified\":\"2025-05-27T11:45:29+00:00\",\"description\":\"The NHS app is a handy way of managing your healthcare needs. Organise GP appointment booking, view your medical record and more!\",\"breadcrumb\":{\"@id\":\"https:\/\/www.nhsgp.net\/nhs-app\/#breadcrumb\"},\"inLanguage\":\"pl-PL\",\"potentialAction\":[{\"@type\":\"ReadAction\",\"target\":[\"https:\/\/www.nhsgp.net\/nhs-app\/\"]}]},{\"@type\":\"BreadcrumbList\",\"@id\":\"https:\/\/www.nhsgp.net\/nhs-app\/#breadcrumb\",\"itemListElement\":[{\"@type\":\"ListItem\",\"position\":1,\"name\":\"Home\",\"item\":\"https:\/\/www.nhsgp.net\/\"},{\"@type\":\"ListItem\",\"position\":2,\"name\":\"Aplikacja NHS\"}]},{\"@type\":\"WebSite\",\"@id\":\"https:\/\/www.nhsgp.net\/#website\",\"url\":\"https:\/\/www.nhsgp.net\/\",\"name\":\"NHS GP\",\"description\":\"GP Pathfinder Clinics\",\"publisher\":{\"@id\":\"https:\/\/www.nhsgp.net\/#organization\"},\"potentialAction\":[{\"@type\":\"SearchAction\",\"target\":{\"@type\":\"EntryPoint\",\"urlTemplate\":\"https:\/\/www.nhsgp.net\/?s={search_term_string}\"},\"query-input\":\"required name=search_term_string\"}],\"inLanguage\":\"pl-PL\"},{\"@type\":\"Organization\",\"@id\":\"https:\/\/www.nhsgp.net\/#organization\",\"name\":\"NHS GP\",\"url\":\"https:\/\/www.nhsgp.net\/\",\"logo\":{\"@type\":\"ImageObject\",\"inLanguage\":\"pl-PL\",\"@id\":\"https:\/\/www.nhsgp.net\/#\/schema\/logo\/image\/\",\"url\":\"https:\/\/www.nhsgp.net\/wp-content\/uploads\/2025\/02\/NHS_LOGO.png\",\"contentUrl\":\"https:\/\/www.nhsgp.net\/wp-content\/uploads\/2025\/02\/NHS_LOGO.png\",\"width\":354,\"height\":143,\"caption\":\"NHS GP\"},\"image\":{\"@id\":\"https:\/\/www.nhsgp.net\/#\/schema\/logo\/image\/\"}}]}<\/script>\n<!-- \/ Yoast SEO plugin. -->","yoast_head_json":{"title":"Download the NHS App | NHS GP","description":"The NHS app is a handy way of managing your healthcare needs. Organise GP appointment booking, view your medical record and more!","robots":{"index":"index","follow":"follow","max-snippet":"max-snippet:-1","max-image-preview":"max-image-preview:large","max-video-preview":"max-video-preview:-1"},"canonical":"https:\/\/www.nhsgp.net\/nhs-app\/","og_locale":"pl_PL","og_type":"article","og_title":"Download the NHS App | NHS GP","og_description":"The NHS app is a handy way of managing your healthcare needs. Organise GP appointment booking, view your medical record and more!","og_url":"https:\/\/www.nhsgp.net\/nhs-app\/","og_site_name":"NHS GP","article_modified_time":"2025-05-27T11:45:29+00:00","twitter_card":"summary_large_image","twitter_misc":{"Szacowany czas czytania":"2 minuty"},"schema":{"@context":"https:\/\/schema.org","@graph":[{"@type":"WebPage","@id":"https:\/\/www.nhsgp.net\/nhs-app\/","url":"https:\/\/www.nhsgp.net\/nhs-app\/","name":"Download the NHS App | NHS GP","isPartOf":{"@id":"https:\/\/www.nhsgp.net\/#website"},"datePublished":"2022-11-10T12:57:53+00:00","dateModified":"2025-05-27T11:45:29+00:00","description":"The NHS app is a handy way of managing your healthcare needs. Organise GP appointment booking, view your medical record and more!","breadcrumb":{"@id":"https:\/\/www.nhsgp.net\/nhs-app\/#breadcrumb"},"inLanguage":"pl-PL","potentialAction":[{"@type":"ReadAction","target":["https:\/\/www.nhsgp.net\/nhs-app\/"]}]},{"@type":"BreadcrumbList","@id":"https:\/\/www.nhsgp.net\/nhs-app\/#breadcrumb","itemListElement":[{"@type":"ListItem","position":1,"name":"Home","item":"https:\/\/www.nhsgp.net\/"},{"@type":"ListItem","position":2,"name":"Aplikacja NHS"}]},{"@type":"WebSite","@id":"https:\/\/www.nhsgp.net\/#website","url":"https:\/\/www.nhsgp.net\/","name":"NHS GP","description":"GP Pathfinder Clinics","publisher":{"@id":"https:\/\/www.nhsgp.net\/#organization"},"potentialAction":[{"@type":"SearchAction","target":{"@type":"EntryPoint","urlTemplate":"https:\/\/www.nhsgp.net\/?s={search_term_string}"},"query-input":"required name=search_term_string"}],"inLanguage":"pl-PL"},{"@type":"Organization","@id":"https:\/\/www.nhsgp.net\/#organization","name":"NHS GP","url":"https:\/\/www.nhsgp.net\/","logo":{"@type":"ImageObject","inLanguage":"pl-PL","@id":"https:\/\/www.nhsgp.net\/#\/schema\/logo\/image\/","url":"https:\/\/www.nhsgp.net\/wp-content\/uploads\/2025\/02\/NHS_LOGO.png","contentUrl":"https:\/\/www.nhsgp.net\/wp-content\/uploads\/2025\/02\/NHS_LOGO.png","width":354,"height":143,"caption":"NHS GP"},"image":{"@id":"https:\/\/www.nhsgp.net\/#\/schema\/logo\/image\/"}}]}},"jetpack_sharing_enabled":true,"_links":{"self":[{"href":"https:\/\/www.nhsgp.net\/pl\/wp-json\/wp\/v2\/pages\/5417","targetHints":{"allow":["GET"]}}],"collection":[{"href":"https:\/\/www.nhsgp.net\/pl\/wp-json\/wp\/v2\/pages"}],"about":[{"href":"https:\/\/www.nhsgp.net\/pl\/wp-json\/wp\/v2\/types\/page"}],"author":[{"embeddable":true,"href":"https:\/\/www.nhsgp.net\/pl\/wp-json\/wp\/v2\/users\/4"}],"replies":[{"embeddable":true,"href":"https:\/\/www.nhsgp.net\/pl\/wp-json\/wp\/v2\/comments?post=5417"}],"version-history":[{"count":4,"href":"https:\/\/www.nhsgp.net\/pl\/wp-json\/wp\/v2\/pages\/5417\/revisions"}],"predecessor-version":[{"id":10896,"href":"https:\/\/www.nhsgp.net\/pl\/wp-json\/wp\/v2\/pages\/5417\/revisions\/10896"}],"wp:attachment":[{"href":"https:\/\/www.nhsgp.net\/pl\/wp-json\/wp\/v2\/media?parent=5417"}],"curies":[{"name":"wp","href":"https:\/\/api.w.org\/{rel}","templated":true}]}}