{"id":5549,"date":"2022-12-01T08:08:06","date_gmt":"2022-12-01T08:08:06","guid":{"rendered":"http:\/\/1139313165.test.prositehosting.co.uk\/terms-of-use\/"},"modified":"2022-12-23T09:21:24","modified_gmt":"2022-12-23T09:21:24","slug":"terms-of-use","status":"publish","type":"page","link":"https:\/\/www.nhsgp.net\/it\/terms-of-use\/","title":{"rendered":"Condizioni d&#039;uso"},"content":{"rendered":"<div class=\"vce-row-container\" data-vce-boxed-width=\"true\"><div class=\"vce-row vce-row--col-gap-30 page-section vce-row-equal-height vce-row-content--top\" id=\"el-e60b6cf1\" data-vce-do-apply=\"all el-e60b6cf1\"><div class=\"vce-row-content\" data-vce-element-content=\"true\"><div class=\"vce-col vce-col--md-auto vce-col--xs-1 vce-col--xs-last vce-col--xs-first vce-col--sm-last vce-col--sm-first vce-col--md-last vce-col--lg-last vce-col--xl-last vce-col--md-first vce-col--lg-first vce-col--xl-first\" id=\"el-ce9b422c\"><div class=\"vce-col-inner\" data-vce-do-apply=\"border margin background  el-ce9b422c\"><div class=\"vce-col-content\" data-vce-element-content=\"true\" data-vce-do-apply=\"padding el-ce9b422c\"><div class=\"vce-raw-html\"><div class=\"vce-raw-html-wrapper\" id=\"el-56b05bf3\" data-vce-do-apply=\"all el-56b05bf3\"><h1 style=\"text-align: center;\">Condizioni d'uso<\/h1>\n<div class=\"space\"><\/div>\n<div class=\"space\"><\/div><\/div><\/div><div class=\"vce-raw-html\"><div class=\"vce-raw-html-wrapper\" id=\"el-a0efa1fe\" data-vce-do-apply=\"all el-a0efa1fe\"><h2>1. Introduzione<\/h2>\n<p><strong>1.1<\/strong> Questo sito web (\"<strong>il nostro sito<\/strong>\") promuove l'attivit\u00e0 a cui fa riferimento. In questi\ncondizioni, l'attivit\u00e0 verr\u00e0 indicata come \"noi\" e\/o \"nostro\".<\/p>\n\n<p><strong>1.2<\/strong> L'utilizzo del nostro Sito \u00e8 soggetto ai seguenti termini (i \"<strong>Termini di utilizzo<\/strong>\"). Se non\naccettare le presenti Condizioni d'uso, si prega di interrompere immediatamente l'utilizzo del nostro sito. Accedendo e utilizzando il nostro sito stai indicando\nl'accettazione di essere vincolato dalle presenti Condizioni d'uso. Sono un accordo legale tra te e noi e possono solo essere modificati\ncon il nostro consenso. Dovrebbero essere letti insieme a tutti i dettagli forniti sul nostro sito su come funziona il nostro sito\ne i servizi disponibili, tra cui la nostra Privacy &amp; Politica sui cookie e termini commerciali (se applicabile).<\/p>\n\n<p><strong>1.3<\/strong> Ci riserviamo il diritto di modificare le presenti Condizioni d'uso di volta in volta senza preavviso da parte di\nmodificandoli sul nostro Sito.<\/p>\n<div class=\"space\"><\/div>\n<h2>2. Accesso al nostro sito<\/h2>\n<p><strong>2.1<\/strong> Non possiamo garantire che il nostro Sito funzioner\u00e0 continuamente o senza interruzioni o sar\u00e0\nsenza errori. Non devi tentare di interferire con il corretto funzionamento del nostro Sito e, in particolare, non devi\ntentare di eludere la sicurezza, manomettere, hackerare o interrompere in altro modo il nostro Sito o qualsiasi sistema informatico, server,\nrouter o qualsiasi altro dispositivo connesso a Internet.<\/p>\n\n<p><strong>2.2<\/strong> L'utente \u00e8 responsabile di garantire che il proprio sistema informatico soddisfi tutti i requisiti tecnici pertinenti\nspecifiche necessarie per utilizzare il nostro sito ed \u00e8 compatibile con il nostro sito. Capisci anche che non possiamo e non lo facciamo\ngarantire o garantire che qualsiasi contenuto del nostro sito sar\u00e0 esente da infezioni, virus e\/o altro codice che ha\npropriet\u00e0 contaminanti o distruttive. Sei responsabile dell'implementazione di procedure e controlli antivirus sufficienti\n(compresi antivirus e altri controlli di sicurezza) per soddisfare le vostre particolari esigenze di sicurezza e affidabilit\u00e0\ndi input e output di dati.<\/p>\n\n<p><strong>2.3<\/strong> Di tanto in tanto, potremmo limitare l'accesso a determinate funzioni o parti del nostro Sito, o a tutto il nostro\nSito, agli utenti che si sono registrati con noi. Se scegli, o ti viene fornito, un codice identificativo utente,\npassword o qualsiasi altra informazione come parte delle nostre procedure di sicurezza, \u00e8 necessario trattare tali informazioni come\nconfidenziale e non devi divulgarlo a terzi. Abbiamo il diritto di disabilitare qualsiasi codice di identificazione dell'utente\no password, scelta da te o assegnata da noi, in qualsiasi momento, se a nostro avviso non ne hai rispettato qualcuna\ndelle disposizioni delle presenti Condizioni d'uso.<\/p>\n\n<p><strong>2.4<\/strong> Ci riserviamo il diritto, a nostra discrezione, di ritirare, sospendere o modificare il nostro Sito o alcuni\ncaratteristiche o parti del nostro sito con o senza preavviso, laddove abbiamo motivo di farlo. Potrebbero esserci anche momenti in cui\nil nostro Sito o alcune funzionalit\u00e0 o parti del nostro Sito non sono pi\u00f9 disponibili, sia su base programmata che non programmata. Voi\naccetti che non saremo responsabili nei tuoi confronti o nei confronti di terzi per qualsiasi ritiro, modifica, indisponibilit\u00e0,\nsospensione o interruzione del nostro Sito o di qualsiasi servizio disponibile su o tramite il nostro Sito.<\/p>\n<div class=\"space\"><\/div>\n<h2>3. Utilizzando il nostro sito<\/h2>\n<p><strong>3.1<\/strong> Devi utilizzare il nostro Sito e le informazioni disponibili sul nostro Sito in modo responsabile. Nessuna di queste informazioni\npu\u00f2 essere utilizzato per o in connessione con qualsiasi scopo illegale, immorale o antisociale, o in un modo che \u00e8 o potrebbe essere\ndannoso per il nostro nome o la nostra reputazione.<\/p>\n\n<strong>3.2<\/strong> Non puoi utilizzare il nostro sito:\n<ol type=\"a\">\n\t<li>per qualsiasi scopo illecito;<\/li>\n<li>per inviare spam;<\/li>\n<li>per danneggiare, minacciare, abusare o molestare un'altra persona, o in un modo che invade la privacy di qualcuno o \u00e8 (nel nostro\nparere ragionevole) offensivo o inaccettabile o dannoso per noi, i nostri clienti o fornitori;<\/li>\n<li>per creare, controllare, confermare, aggiornare o modificare database, record, elenchi, elenchi di clienti propri o di qualcun altro\nliste, mailing list o elenchi di potenziali clienti;<\/li>\n<li>per manomettere, aggiornare o modificare qualsiasi parte del nostro Sito;<\/li>\n<li>in un modo che influisce sul modo in cui viene eseguito;<\/li>\n<li>in un modo che imponga un onere irragionevole o sproporzionatamente grande a noi o alle comunicazioni dei nostri fornitori\ne sistemi tecnici come determinato da noi; o<\/li>\n<li>utilizzare qualsiasi mezzo automatizzato per monitorare o copiare il nostro Sito o il suo contenuto, o per interferire o tentare di farlo\ninterferire con il funzionamento del nostro Sito.<\/li>\n<\/ol>\n<div class=\"space\"><\/div>\n<h2>4. Diritti di propriet\u00e0 intellettuale<\/h2>\n<p><strong>4.1 <\/strong> Tutti i contenuti del nostro Sito inclusi, a titolo esemplificativo ma non esaustivo, testo, software, fotografie e grafica sono\nprotetto da diritto d'autore. Noi, o i nostri concessori di licenza, possediamo diritti d'autore e\/o database nella selezione, coordinamento,\ndisposizione e valorizzazione di tali contenuti, nonch\u00e9 nel contenuto originale. Ad eccezione di quanto espressamente stabilito in questi\nCondizioni d'uso, nulla in queste Condizioni d'uso ti dar\u00e0 alcun diritto in relazione a qualsiasi propriet\u00e0 intellettuale di propriet\u00e0 di\nnoi o i nostri licenziatari. Non dovrai far valere o tentare di ottenere tali diritti e non dovrai utilizzare, copiare, riprodurre,\nmodificare, pubblicare, trasmettere, partecipare al trasferimento o alla vendita di, creare opere derivate da, o sfruttare in qualsiasi modo,\nil nostro nome, marchi, loghi o altri marchi di propriet\u00e0, o qualsiasi contenuto del nostro sito, in tutto o in parte, ad eccezione\ncome previsto nelle presenti Condizioni d'uso.<\/p>\n<div class=\"space\"><\/div>\n<h2>5. Se fornisci contenuti per il nostro sito<\/h2>\n<p><strong>5.1 <\/strong>Se fornisci materiale al nostro Sito (ad esempio, fornendo valutazioni e recensioni, commenti,\narticoli o caricare qualsiasi altro contenuto in qualsiasi formato (compresi i video) (ciascuno \"<strong>Contenuto dell'utente<\/strong>\") accetti\ndi concederci il permesso, irrevocabilmente e gratuitamente, di utilizzare i Contenuti dell'utente (incluso l'adattamento per scopi operativi\no motivi editoriali) su qualsiasi media in tutto il mondo, per le nostre attivit\u00e0 di marketing, ricerca e promozione e le nostre\nscopi aziendali interni che possono includere la fornitura del Contenuto dell'utente a partner di terze parti selezionati, servizio\nprovider, social media e siti di networking.<\/p>\n\n<p><strong>5.2 <\/strong>Possiedi i tuoi Contenuti utente in ogni momento e continui ad avere il diritto di utilizzarli in qualsiasi modo tu\nscegli.<\/p>\n\n<p><strong>5.3 <\/strong>Fornendo qualsiasi Contenuto dell'utente al nostro Sito, confermi che tale Contenuto dell'utente:<\/p>\n<ol type=\"a\">\n\t<li>\u00e8 un tuo lavoro originale o sei autorizzato a fornirlo al nostro Sito e che hai il diritto di fornirci\nil permesso di usarlo per gli scopi stabiliti nelle presenti Condizioni d'uso;<\/li>\n<li>non conterr\u00e0 n\u00e9 promuover\u00e0 nulla di illegale, dannoso, fuorviante, offensivo, diffamatorio (ovvero, non\ndanneggiare la buona reputazione di qualcuno) o qualsiasi altra cosa che possa causare offese diffuse o portare noi o i nostri\npartner commerciali in discredito;<\/li>\n<li>non toglie n\u00e9 pregiudica i diritti alla privacy, i diritti contrattuali o qualsiasi altro diritto di altre persone;<\/li>\n<li>non contiene alcun virus o altro codice che possa danneggiare, interferire o altrimenti influire negativamente sul\nfunzionamento del nostro Sito;<\/li>\n<li>se utilizzato per promuovere la tua attivit\u00e0 o i tuoi servizi, dichiarer\u00e0 chiaramente e apertamente la tua associazione con il\nattivit\u00e0 specifica espressamente; e<\/li>\n<li>non conterr\u00e0 alcuna forma di invio di posta in massa o spam.<\/li>\n<\/ol>\n<p><strong>5.4 <\/strong>Se non desideri concederci le autorizzazioni di cui sopra, ti preghiamo di non fornire alcun materiale a\nil nostro sito.<\/p>\n\n<p><strong>5.5 <\/strong>Non abbiamo alcun obbligo di pubblicare i Contenuti dell'utente sul nostro sito e ci riserviamo il diritto di rimuovere\nqualsiasi Contenuto utente in qualsiasi momento e per qualsiasi motivo.<\/p>\n\n<p><strong>5.6 <\/strong>Non modifichiamo, esaminiamo preventivamente o esaminiamo alcun Contenuto dell'utente visualizzato sul nostro sito. Se credi che qualsiasi\nI Contenuti dell'utente non sono conformi ai requisiti di cui al presente paragrafo, si prega di avvisarci immediatamente. Lo faremo allora\nesaminare i Contenuti dell'utente e, ove ritenuto opportuno, rimuoverli entro un termine ragionevole.<\/p>\n<div class=\"space\"><\/div>\n<h2>6. La nostra responsabilit\u00e0<\/h2>\n<p><strong>6.1 <\/strong>Sebbene speriamo che il nostro Sito sia di interesse per gli utenti, non ci assumiamo alcuna responsabilit\u00e0 e non offriamo\ngaranzie o condizioni in relazione al nostro Sito o al suo contenuto, nella misura massima in cui tale responsabilit\u00e0 pu\u00f2 essere esclusa da\nlegge.<\/p>\n\n<p><strong>6.2 <\/strong>Non c'\u00e8 limite a ci\u00f2 di cui noi e le persone che forniscono i nostri servizi saremo responsabili se qualcuno\nmuore o \u00e8 ferito a causa della nostra negligenza o perch\u00e9 abbiamo commesso una frode.<\/p>\n\n<p><strong>6.3 <\/strong>In nessun caso noi, il proprietario o l'operatore del nostro Sito o qualsiasi altra organizzazione\ncoinvolti nella creazione, produzione, manutenzione o distribuzione del nostro Sito saranno responsabili, sia per contratto che per illecito civile (incluso\nnegligenza), violazione di un obbligo legale, anche se prevedibile, per qualsiasi perdita di:<\/p>\n<ol type=\"a\">\n\t<li>profitti, vendite, affari o ricavi;<\/li>\n<li>interruzione dell'attivit\u00e0;<\/li>\n<li>risparmi previsti;<\/li>\n<li>opportunit\u00e0 di affari, buona volont\u00e0 o reputazione;<\/li>\n<li>uso o danneggiamento delle informazioni; o<\/li>\n<li>informazioni.<\/li>\n<\/ol>\n<p><strong>6.4 <\/strong>Se non rispettiamo queste condizioni, saremo responsabili solo per le perdite che hai subito come\nun risultato diretto. Non siamo responsabili nei confronti dell'utente per eventuali altre perdite, indipendentemente dal fatto che tali perdite siano dovute al mancato rispetto dei nostri\nobblighi o contratto, a causa di qualcosa che abbiamo fatto o non fatto per negligenza, a causa di dichiarazioni diffamatorie o\nresponsabilit\u00e0 per un prodotto o altro come conseguenza di:<\/p>\n<ol type=\"a\">\n\t<li>uso o impossibilit\u00e0 di usare il nostro Sito;<\/li>\n<li>uso o affidamento su qualsiasi contenuto visualizzato sul nostro sito; qualsiasi errore, colpa, mancato fare qualcosa, mancante\ninformazioni o virus sul nostro Sito o se non funziona correttamente a causa di incidenti al di fuori del nostro controllo\ncome (ma non limitato a) interruzioni di comunicazione e reti e circostanze al di fuori del nostro controllo;\n<\/li>\n<li>furto, distruzione di informazioni o accesso di qualcuno ai nostri archivi, programmi o servizi senza il nostro\nautorizzazione; o<\/li>\n<li>beni, prodotti, servizi o informazioni ricevuti tramite o pubblicizzati su qualsiasi sito Web a cui ci colleghiamo dal nostro\nSito.<\/li>\n<\/ol>\n<div class=\"space\"><\/div>\n<h2><strong>7. Generale<\/strong><\/h2>\n<p><strong>7.1 <\/strong>Laddove il nostro Sito contenga collegamenti ad altri siti Web e risorse fornite da terze parti, questi\ni collegamenti sono forniti solo per vostra informazione. Non abbiamo alcun controllo sui contenuti di tali siti Web o risorse.<\/p>\n\n<p><strong>7.2 <\/strong>Qualsiasi avviso legale formale deve essere inviato a noi utilizzando i dettagli indicati sul nostro sito.<\/p>\n\n<p><strong>7.3<\/strong> La mancata applicazione di un diritto da parte nostra non comporta la rinuncia a tale diritto. Non puoi assegnare o\ntrasferire i tuoi diritti ai sensi delle presenti Condizioni d'uso.<\/p>\n\n<p><strong>7.4<\/strong> Se una qualsiasi parte delle presenti Condizioni d'uso risultasse inapplicabile per motivi di legge, tutte le altre parti\ndelle presenti Condizioni d'uso non saranno interessate3. e rimarranno in vigore.<\/p>\n<div class=\"space\"><\/div>\n<h2>8. Legge applicabile e giurisdizione<\/h2>\n<p><strong>8.1 <\/strong>Queste condizioni costituiscono l'intero accordo tra te e noi in merito al modo in cui utilizzi il nostro sito. Se un tribunale\ndecide che una condizione non \u00e8 valida, le altre condizioni continueranno ad applicarsi.<\/p>\n\n<p><strong>8.2<\/strong> Le leggi di Inghilterra e Galles si applicano all'utilizzo del nostro Sito e di queste condizioni. Controlliamo il nostro\nSito dal Regno Unito. Tuttavia, puoi accedere al nostro sito da altri luoghi in tutto il mondo.\nSebbene questi luoghi possano avere leggi diverse dalle leggi dell'Inghilterra e del Galles, utilizzando il nostro sito accetti che il\nle leggi dell'Inghilterra e del Galles si applicheranno a tutto ci\u00f2 che riguarda l'utilizzo del nostro Sito e l'utente accetta di attenersi a tali leggi.\nAbbiamo il diritto di portarti in tribunale nel paese in cui vivi.<\/p>\n<div class=\"space\"><\/div>\n<h2>9. Come contattarci<\/h2>\n<p><strong>9.1 <\/strong>Se riscontri problemi con il nostro sito o desideri commentarlo, non esitare a\ncontattaci utilizzando i dettagli indicati sul nostro Sito.<\/p><\/div><\/div><\/div><\/div><\/div><\/div><\/div><\/div>\n","protected":false},"excerpt":{"rendered":"<p>Condizioni d&#8217;uso 1. Introduzione 1.1 Questo sito web (&#8220;il nostro sito&#8221;) promuove l&#8217;attivit\u00e0 a cui fa riferimento. In questi condizioni, l&#8217;attivit\u00e0 verr\u00e0 indicata come &#8220;noi&#8221; e\/o &#8220;nostro&#8221;. 1.2 L&#8217;utilizzo del nostro Sito \u00e8 soggetto ai seguenti termini (i &#8220;Termini di utilizzo&#8221;). Se non accettare le presenti Condizioni d&#8217;uso, si prega di interrompere immediatamente l&#8217;utilizzo del [&hellip;]<\/p>\n","protected":false},"author":4,"featured_media":0,"parent":0,"menu_order":0,"comment_status":"closed","ping_status":"closed","template":"","meta":{"_acf_changed":false,"footnotes":""},"class_list":["post-5549","page","type-page","status-publish","hentry"],"acf":[],"yoast_head":"<!-- This site is optimized with the Yoast SEO plugin v22.6 - https:\/\/yoast.com\/wordpress\/plugins\/seo\/ -->\n<title>Condizioni d&#039;uso - NHS GP<\/title>\n<meta name=\"robots\" content=\"index, follow, max-snippet:-1, max-image-preview:large, max-video-preview:-1\" \/>\n<link rel=\"canonical\" href=\"https:\/\/www.nhsgp.net\/it\/terms-of-use\/\" \/>\n<meta property=\"og:locale\" content=\"it_IT\" \/>\n<meta property=\"og:type\" content=\"article\" \/>\n<meta property=\"og:title\" content=\"Condizioni d&#039;uso - NHS GP\" \/>\n<meta property=\"og:description\" content=\"Condizioni d&#039;uso 1. Introduzione 1.1 Questo sito web (&quot;il nostro sito&quot;) promuove l&#039;attivit\u00e0 a cui fa riferimento. In questi condizioni, l&#039;attivit\u00e0 verr\u00e0 indicata come &quot;noi&quot; e\/o &quot;nostro&quot;. 1.2 L&#039;utilizzo del nostro Sito \u00e8 soggetto ai seguenti termini (i &quot;Termini di utilizzo&quot;). Se non accettare le presenti Condizioni d&#039;uso, si prega di interrompere immediatamente l&#039;utilizzo del [&hellip;]\" \/>\n<meta property=\"og:url\" content=\"https:\/\/www.nhsgp.net\/it\/terms-of-use\/\" \/>\n<meta property=\"og:site_name\" content=\"NHS GP\" \/>\n<meta property=\"article:modified_time\" content=\"2022-12-23T09:21:24+00:00\" \/>\n<meta name=\"twitter:card\" content=\"summary_large_image\" \/>\n<meta name=\"twitter:label1\" content=\"Tempo di lettura stimato\" \/>\n\t<meta name=\"twitter:data1\" content=\"9 minuti\" \/>\n<script type=\"application\/ld+json\" class=\"yoast-schema-graph\">{\"@context\":\"https:\/\/schema.org\",\"@graph\":[{\"@type\":\"WebPage\",\"@id\":\"https:\/\/www.nhsgp.net\/it\/terms-of-use\/\",\"url\":\"https:\/\/www.nhsgp.net\/it\/terms-of-use\/\",\"name\":\"Condizioni d&#039;uso - NHS GP\",\"isPartOf\":{\"@id\":\"https:\/\/www.nhsgp.net\/#website\"},\"datePublished\":\"2022-12-01T08:08:06+00:00\",\"dateModified\":\"2022-12-23T09:21:24+00:00\",\"breadcrumb\":{\"@id\":\"https:\/\/www.nhsgp.net\/it\/terms-of-use\/#breadcrumb\"},\"inLanguage\":\"it-IT\",\"potentialAction\":[{\"@type\":\"ReadAction\",\"target\":[\"https:\/\/www.nhsgp.net\/it\/terms-of-use\/\"]}]},{\"@type\":\"BreadcrumbList\",\"@id\":\"https:\/\/www.nhsgp.net\/it\/terms-of-use\/#breadcrumb\",\"itemListElement\":[{\"@type\":\"ListItem\",\"position\":1,\"name\":\"Home\",\"item\":\"https:\/\/www.nhsgp.net\/\"},{\"@type\":\"ListItem\",\"position\":2,\"name\":\"Condizioni d&#039;uso\"}]},{\"@type\":\"WebSite\",\"@id\":\"https:\/\/www.nhsgp.net\/#website\",\"url\":\"https:\/\/www.nhsgp.net\/\",\"name\":\"NHS GP\",\"description\":\"GP Pathfinder Clinics\",\"publisher\":{\"@id\":\"https:\/\/www.nhsgp.net\/#organization\"},\"potentialAction\":[{\"@type\":\"SearchAction\",\"target\":{\"@type\":\"EntryPoint\",\"urlTemplate\":\"https:\/\/www.nhsgp.net\/?s={search_term_string}\"},\"query-input\":\"required name=search_term_string\"}],\"inLanguage\":\"it-IT\"},{\"@type\":\"Organization\",\"@id\":\"https:\/\/www.nhsgp.net\/#organization\",\"name\":\"NHS GP\",\"url\":\"https:\/\/www.nhsgp.net\/\",\"logo\":{\"@type\":\"ImageObject\",\"inLanguage\":\"it-IT\",\"@id\":\"https:\/\/www.nhsgp.net\/#\/schema\/logo\/image\/\",\"url\":\"https:\/\/www.nhsgp.net\/wp-content\/uploads\/2025\/02\/NHS_LOGO.png\",\"contentUrl\":\"https:\/\/www.nhsgp.net\/wp-content\/uploads\/2025\/02\/NHS_LOGO.png\",\"width\":354,\"height\":143,\"caption\":\"NHS GP\"},\"image\":{\"@id\":\"https:\/\/www.nhsgp.net\/#\/schema\/logo\/image\/\"}}]}<\/script>\n<!-- \/ Yoast SEO plugin. -->","yoast_head_json":{"title":"Condizioni d&#039;uso - NHS GP","robots":{"index":"index","follow":"follow","max-snippet":"max-snippet:-1","max-image-preview":"max-image-preview:large","max-video-preview":"max-video-preview:-1"},"canonical":"https:\/\/www.nhsgp.net\/it\/terms-of-use\/","og_locale":"it_IT","og_type":"article","og_title":"Condizioni d&#039;uso - NHS GP","og_description":"Condizioni d'uso 1. Introduzione 1.1 Questo sito web (\"il nostro sito\") promuove l'attivit\u00e0 a cui fa riferimento. In questi condizioni, l'attivit\u00e0 verr\u00e0 indicata come \"noi\" e\/o \"nostro\". 1.2 L'utilizzo del nostro Sito \u00e8 soggetto ai seguenti termini (i \"Termini di utilizzo\"). Se non accettare le presenti Condizioni d'uso, si prega di interrompere immediatamente l'utilizzo del [&hellip;]","og_url":"https:\/\/www.nhsgp.net\/it\/terms-of-use\/","og_site_name":"NHS GP","article_modified_time":"2022-12-23T09:21:24+00:00","twitter_card":"summary_large_image","twitter_misc":{"Tempo di lettura stimato":"9 minuti"},"schema":{"@context":"https:\/\/schema.org","@graph":[{"@type":"WebPage","@id":"https:\/\/www.nhsgp.net\/it\/terms-of-use\/","url":"https:\/\/www.nhsgp.net\/it\/terms-of-use\/","name":"Condizioni d&#039;uso - NHS GP","isPartOf":{"@id":"https:\/\/www.nhsgp.net\/#website"},"datePublished":"2022-12-01T08:08:06+00:00","dateModified":"2022-12-23T09:21:24+00:00","breadcrumb":{"@id":"https:\/\/www.nhsgp.net\/it\/terms-of-use\/#breadcrumb"},"inLanguage":"it-IT","potentialAction":[{"@type":"ReadAction","target":["https:\/\/www.nhsgp.net\/it\/terms-of-use\/"]}]},{"@type":"BreadcrumbList","@id":"https:\/\/www.nhsgp.net\/it\/terms-of-use\/#breadcrumb","itemListElement":[{"@type":"ListItem","position":1,"name":"Home","item":"https:\/\/www.nhsgp.net\/"},{"@type":"ListItem","position":2,"name":"Condizioni d&#039;uso"}]},{"@type":"WebSite","@id":"https:\/\/www.nhsgp.net\/#website","url":"https:\/\/www.nhsgp.net\/","name":"NHS GP","description":"GP Pathfinder Clinics","publisher":{"@id":"https:\/\/www.nhsgp.net\/#organization"},"potentialAction":[{"@type":"SearchAction","target":{"@type":"EntryPoint","urlTemplate":"https:\/\/www.nhsgp.net\/?s={search_term_string}"},"query-input":"required name=search_term_string"}],"inLanguage":"it-IT"},{"@type":"Organization","@id":"https:\/\/www.nhsgp.net\/#organization","name":"NHS GP","url":"https:\/\/www.nhsgp.net\/","logo":{"@type":"ImageObject","inLanguage":"it-IT","@id":"https:\/\/www.nhsgp.net\/#\/schema\/logo\/image\/","url":"https:\/\/www.nhsgp.net\/wp-content\/uploads\/2025\/02\/NHS_LOGO.png","contentUrl":"https:\/\/www.nhsgp.net\/wp-content\/uploads\/2025\/02\/NHS_LOGO.png","width":354,"height":143,"caption":"NHS GP"},"image":{"@id":"https:\/\/www.nhsgp.net\/#\/schema\/logo\/image\/"}}]}},"jetpack_sharing_enabled":true,"_links":{"self":[{"href":"https:\/\/www.nhsgp.net\/it\/wp-json\/wp\/v2\/pages\/5549","targetHints":{"allow":["GET"]}}],"collection":[{"href":"https:\/\/www.nhsgp.net\/it\/wp-json\/wp\/v2\/pages"}],"about":[{"href":"https:\/\/www.nhsgp.net\/it\/wp-json\/wp\/v2\/types\/page"}],"author":[{"embeddable":true,"href":"https:\/\/www.nhsgp.net\/it\/wp-json\/wp\/v2\/users\/4"}],"replies":[{"embeddable":true,"href":"https:\/\/www.nhsgp.net\/it\/wp-json\/wp\/v2\/comments?post=5549"}],"version-history":[{"count":5,"href":"https:\/\/www.nhsgp.net\/it\/wp-json\/wp\/v2\/pages\/5549\/revisions"}],"predecessor-version":[{"id":5559,"href":"https:\/\/www.nhsgp.net\/it\/wp-json\/wp\/v2\/pages\/5549\/revisions\/5559"}],"wp:attachment":[{"href":"https:\/\/www.nhsgp.net\/it\/wp-json\/wp\/v2\/media?parent=5549"}],"curies":[{"name":"wp","href":"https:\/\/api.w.org\/{rel}","templated":true}]}}