{"id":5376,"date":"2022-10-21T06:52:22","date_gmt":"2022-10-21T06:52:22","guid":{"rendered":"http:\/\/1139313165.test.prositehosting.co.uk\/nhs-gp-news\/"},"modified":"2022-12-23T04:32:03","modified_gmt":"2022-12-23T04:32:03","slug":"nhs-gp-news","status":"publish","type":"page","link":"https:\/\/www.nhsgp.net\/it\/nhs-gp-news\/","title":{"rendered":"Notizie del GP del SSN"},"content":{"rendered":"<div class=\"vce-row-container\" data-vce-boxed-width=\"true\"><div class=\"vce-row vce-row--col-gap-30 page-section vce-row-equal-height vce-row-content--top\" id=\"el-4ee8a78e\" data-vce-do-apply=\"all el-4ee8a78e\"><div class=\"vce-row-content\" data-vce-element-content=\"true\"><div class=\"vce-col vce-col--md-auto vce-col--xs-1 vce-col--xs-last vce-col--xs-first vce-col--sm-last vce-col--sm-first vce-col--md-last vce-col--lg-last vce-col--xl-last vce-col--md-first vce-col--lg-first vce-col--xl-first\" id=\"el-4f92589d\"><div class=\"vce-col-inner\" data-vce-do-apply=\"border margin background  el-4f92589d\"><div class=\"vce-col-content\" data-vce-element-content=\"true\" data-vce-do-apply=\"padding el-4f92589d\"><div class=\"vce-shortcode\"><div class=\"vce-shortcode-wrapper vce\" id=\"el-f1e55215\" data-vce-do-apply=\"all el-f1e55215\"><div class=\"all-post-wrap\"><div id=\"post-6362\" class=\"post-wrap\"><div class=\"post-img\"><a href=\"https:\/\/www.nhsgp.net\/it\/four-benefits-of-online-gp-services\/\" title=\"Quattro vantaggi dei servizi GP online\"><img width=\"1920\" height=\"1280\" src=\"https:\/\/www.nhsgp.net\/wp-content\/uploads\/2022\/11\/GettyImages-1.jpg\" class=\"img-responsive aligncenter wp-post-image\" alt=\"\" srcset=\"https:\/\/www.nhsgp.net\/wp-content\/uploads\/2022\/11\/GettyImages-1.jpg 1920w, https:\/\/www.nhsgp.net\/wp-content\/uploads\/2022\/11\/GettyImages-1-300x200.jpg 300w, https:\/\/www.nhsgp.net\/wp-content\/uploads\/2022\/11\/GettyImages-1-1024x683.jpg 1024w, https:\/\/www.nhsgp.net\/wp-content\/uploads\/2022\/11\/GettyImages-1-768x512.jpg 768w, https:\/\/www.nhsgp.net\/wp-content\/uploads\/2022\/11\/GettyImages-1-1536x1024.jpg 1536w, https:\/\/www.nhsgp.net\/wp-content\/uploads\/2022\/11\/GettyImages-1-320x213.jpg 320w, https:\/\/www.nhsgp.net\/wp-content\/uploads\/2022\/11\/GettyImages-1-480x320.jpg 480w, https:\/\/www.nhsgp.net\/wp-content\/uploads\/2022\/11\/GettyImages-1-800x533.jpg 800w\" sizes=\"(max-width: 1920px) 100vw, 1920px\" \/><\/a><\/div><div class=\"post-content\"><h4 class=\"post-title\"><a href=\"https:\/\/www.nhsgp.net\/it\/four-benefits-of-online-gp-services\/\" title=\"Quattro vantaggi dei servizi GP online\">Quattro vantaggi dei servizi GP online<\/a><\/h4><div class=\"post-info text-light\"><span>By Jahan<\/span><span> . <\/span><span>21 Novembre, 2022<\/span><\/div><p class=\"post-excerpt\">Stai pensando di prenotare un appuntamento medico online? Scopri alcuni dei numerosi vantaggi, tra cui il comodo servizio di prescrizione medica e l'accesso 24 ore su 24, 7 giorni su 7.<\/p><div class=\"post-permalink\"><a href=\"https:\/\/www.nhsgp.net\/it\/four-benefits-of-online-gp-services\/\" title=\"Quattro vantaggi dei servizi GP online\">Read More<\/a><\/div><\/div><\/div><div id=\"post-6363\" class=\"post-wrap\"><div class=\"post-img\"><a href=\"https:\/\/www.nhsgp.net\/it\/how-to-tell-if-you-have-diabetes\/\" title=\"Come sapere se hai il diabete\"><img width=\"1191\" height=\"788\" src=\"https:\/\/www.nhsgp.net\/wp-content\/uploads\/2022\/11\/blog-img-1.jpg\" class=\"img-responsive aligncenter wp-post-image\" alt=\"\" srcset=\"https:\/\/www.nhsgp.net\/wp-content\/uploads\/2022\/11\/blog-img-1.jpg 1191w, https:\/\/www.nhsgp.net\/wp-content\/uploads\/2022\/11\/blog-img-1-300x198.jpg 300w, https:\/\/www.nhsgp.net\/wp-content\/uploads\/2022\/11\/blog-img-1-1024x678.jpg 1024w, https:\/\/www.nhsgp.net\/wp-content\/uploads\/2022\/11\/blog-img-1-768x508.jpg 768w, https:\/\/www.nhsgp.net\/wp-content\/uploads\/2022\/11\/blog-img-1-320x212.jpg 320w, https:\/\/www.nhsgp.net\/wp-content\/uploads\/2022\/11\/blog-img-1-480x318.jpg 480w, https:\/\/www.nhsgp.net\/wp-content\/uploads\/2022\/11\/blog-img-1-800x529.jpg 800w\" sizes=\"(max-width: 1191px) 100vw, 1191px\" \/><\/a><\/div><div class=\"post-content\"><h4 class=\"post-title\"><a href=\"https:\/\/www.nhsgp.net\/it\/how-to-tell-if-you-have-diabetes\/\" title=\"Come sapere se hai il diabete\">Come sapere se hai il diabete<\/a><\/h4><div class=\"post-info text-light\"><span>By Jahan<\/span><span> . <\/span><span>28 Settembre, 2022<\/span><\/div><p class=\"post-excerpt\">Il diabete non \u00e8 una malattia rara, ma pu\u00f2 essere grave e comportare la necessit\u00e0 di cambiare il proprio stile di vita. Esistono due diversi tipi di diabete e la differenza principale tra loro \u00e8 che il tipo 1 \u00e8 genetico, mentre il diabete di tipo 2 pu\u00f2 dipendere dal tuo stile di vita e si svilupper\u00e0 nel tempo,<\/p><div class=\"post-permalink\"><a href=\"https:\/\/www.nhsgp.net\/it\/how-to-tell-if-you-have-diabetes\/\" title=\"Come sapere se hai il diabete\">Read More<\/a><\/div><\/div><\/div><div id=\"post-6364\" class=\"post-wrap\"><div class=\"post-img\"><a href=\"https:\/\/www.nhsgp.net\/it\/middlesex-university-unihub\/\" title=\"Universit\u00e0 UniHub del Middlesex\"><img width=\"960\" height=\"379\" src=\"https:\/\/www.nhsgp.net\/wp-content\/uploads\/2022\/11\/MiddlesexLogo-960w.webp\" class=\"img-responsive aligncenter wp-post-image\" alt=\"\" srcset=\"https:\/\/www.nhsgp.net\/wp-content\/uploads\/2022\/11\/MiddlesexLogo-960w.webp 960w, https:\/\/www.nhsgp.net\/wp-content\/uploads\/2022\/11\/MiddlesexLogo-960w-300x118.webp 300w, https:\/\/www.nhsgp.net\/wp-content\/uploads\/2022\/11\/MiddlesexLogo-960w-768x303.webp 768w, https:\/\/www.nhsgp.net\/wp-content\/uploads\/2022\/11\/MiddlesexLogo-960w-320x126.webp 320w, https:\/\/www.nhsgp.net\/wp-content\/uploads\/2022\/11\/MiddlesexLogo-960w-480x190.webp 480w, https:\/\/www.nhsgp.net\/wp-content\/uploads\/2022\/11\/MiddlesexLogo-960w-800x316.webp 800w\" sizes=\"(max-width: 960px) 100vw, 960px\" \/><\/a><\/div><div class=\"post-content\"><h4 class=\"post-title\"><a href=\"https:\/\/www.nhsgp.net\/it\/middlesex-university-unihub\/\" title=\"Universit\u00e0 UniHub del Middlesex\">Universit\u00e0 UniHub del Middlesex<\/a><\/h4><div class=\"post-info text-light\"><span>By Jahan<\/span><span> . <\/span><span>06 Settembre, 2022<\/span><\/div><p class=\"post-excerpt\">Dovresti registrarti nella zona in cui vivi. Se ti trovi nelle residenze universitarie, puoi fare clic qui per registrarti con un medico online . \u00c8 molto importante che ti registri presso un medico locale mentre sei all'universit\u00e0. Non aspettare di essere malato per farlo! Puoi registrarti con qualsiasi medico in<\/p><div class=\"post-permalink\"><a href=\"https:\/\/www.nhsgp.net\/it\/middlesex-university-unihub\/\" title=\"Universit\u00e0 UniHub del Middlesex\">Read More<\/a><\/div><\/div><\/div><div id=\"post-6365\" class=\"post-wrap\"><div class=\"post-img\"><a href=\"https:\/\/www.nhsgp.net\/it\/what-are-the-symptoms-of-ptsd\/\" title=\"Quali sono i sintomi del disturbo da stress post-traumatico?\"><img width=\"1191\" height=\"788\" src=\"https:\/\/www.nhsgp.net\/wp-content\/uploads\/2022\/11\/blog-img-2.jpg\" class=\"img-responsive aligncenter wp-post-image\" alt=\"\" srcset=\"https:\/\/www.nhsgp.net\/wp-content\/uploads\/2022\/11\/blog-img-2.jpg 1191w, https:\/\/www.nhsgp.net\/wp-content\/uploads\/2022\/11\/blog-img-2-300x198.jpg 300w, https:\/\/www.nhsgp.net\/wp-content\/uploads\/2022\/11\/blog-img-2-1024x678.jpg 1024w, https:\/\/www.nhsgp.net\/wp-content\/uploads\/2022\/11\/blog-img-2-768x508.jpg 768w, https:\/\/www.nhsgp.net\/wp-content\/uploads\/2022\/11\/blog-img-2-320x212.jpg 320w, https:\/\/www.nhsgp.net\/wp-content\/uploads\/2022\/11\/blog-img-2-480x318.jpg 480w, https:\/\/www.nhsgp.net\/wp-content\/uploads\/2022\/11\/blog-img-2-800x529.jpg 800w\" sizes=\"(max-width: 1191px) 100vw, 1191px\" \/><\/a><\/div><div class=\"post-content\"><h4 class=\"post-title\"><a href=\"https:\/\/www.nhsgp.net\/it\/what-are-the-symptoms-of-ptsd\/\" title=\"Quali sono i sintomi del disturbo da stress post-traumatico?\">Quali sono i sintomi del disturbo da stress post-traumatico?<\/a><\/h4><div class=\"post-info text-light\"><span>By Jahan<\/span><span> . <\/span><span>25 Agosto, 2022<\/span><\/div><p class=\"post-excerpt\">Cos'\u00e8 il disturbo da stress post-traumatico? Scopri i sintomi del disturbo da stress post-traumatico e cosa fare se pensi che tu o una persona cara abbia questo disturbo psichiatrico. PTSD, che sta per disturbo da stress post-traumatico, \u00e8 un disturbo psichiatrico che si manifesta dopo un evento traumatico o un trauma prolungato nel tempo. Storicamente, \u00e8 diventato<\/p><div class=\"post-permalink\"><a href=\"https:\/\/www.nhsgp.net\/it\/what-are-the-symptoms-of-ptsd\/\" title=\"Quali sono i sintomi del disturbo da stress post-traumatico?\">Read More<\/a><\/div><\/div><\/div><div id=\"post-6366\" class=\"post-wrap\"><div class=\"post-img\"><a href=\"https:\/\/www.nhsgp.net\/it\/how-to-improve-student-mental-health\/\" title=\"Come migliorare la salute mentale degli studenti\"><img width=\"1191\" height=\"788\" src=\"https:\/\/www.nhsgp.net\/wp-content\/uploads\/2022\/11\/blog-img-3.jpg\" class=\"img-responsive aligncenter wp-post-image\" alt=\"\" srcset=\"https:\/\/www.nhsgp.net\/wp-content\/uploads\/2022\/11\/blog-img-3.jpg 1191w, https:\/\/www.nhsgp.net\/wp-content\/uploads\/2022\/11\/blog-img-3-300x198.jpg 300w, https:\/\/www.nhsgp.net\/wp-content\/uploads\/2022\/11\/blog-img-3-1024x678.jpg 1024w, https:\/\/www.nhsgp.net\/wp-content\/uploads\/2022\/11\/blog-img-3-768x508.jpg 768w, https:\/\/www.nhsgp.net\/wp-content\/uploads\/2022\/11\/blog-img-3-320x212.jpg 320w, https:\/\/www.nhsgp.net\/wp-content\/uploads\/2022\/11\/blog-img-3-480x318.jpg 480w, https:\/\/www.nhsgp.net\/wp-content\/uploads\/2022\/11\/blog-img-3-800x529.jpg 800w\" sizes=\"(max-width: 1191px) 100vw, 1191px\" \/><\/a><\/div><div class=\"post-content\"><h4 class=\"post-title\"><a href=\"https:\/\/www.nhsgp.net\/it\/how-to-improve-student-mental-health\/\" title=\"Come migliorare la salute mentale degli studenti\">Come migliorare la salute mentale degli studenti<\/a><\/h4><div class=\"post-info text-light\"><span>By Jahan<\/span><span> . <\/span><span>18 Agosto, 2022<\/span><\/div><p class=\"post-excerpt\">La vita da studente pu\u00f2 essere dura. Se ritieni che la tua salute mentale stia iniziando a risentirne, ecco alcuni suggerimenti che potrebbero aiutarti.<\/p><div class=\"post-permalink\"><a href=\"https:\/\/www.nhsgp.net\/it\/how-to-improve-student-mental-health\/\" title=\"Come migliorare la salute mentale degli studenti\">Read More<\/a><\/div><\/div><\/div><div id=\"post-6367\" class=\"post-wrap\"><div class=\"post-img\"><a href=\"https:\/\/www.nhsgp.net\/it\/top-5-benefits-of-regular-exercise\/\" title=\"I 5 principali vantaggi dell&#8217;esercizio fisico regolare\"><img width=\"1191\" height=\"788\" src=\"https:\/\/www.nhsgp.net\/wp-content\/uploads\/2022\/11\/Regularexerciseblogcoverimage.jpg\" class=\"img-responsive aligncenter wp-post-image\" alt=\"\" srcset=\"https:\/\/www.nhsgp.net\/wp-content\/uploads\/2022\/11\/Regularexerciseblogcoverimage.jpg 1191w, https:\/\/www.nhsgp.net\/wp-content\/uploads\/2022\/11\/Regularexerciseblogcoverimage-300x198.jpg 300w, https:\/\/www.nhsgp.net\/wp-content\/uploads\/2022\/11\/Regularexerciseblogcoverimage-1024x678.jpg 1024w, https:\/\/www.nhsgp.net\/wp-content\/uploads\/2022\/11\/Regularexerciseblogcoverimage-768x508.jpg 768w, https:\/\/www.nhsgp.net\/wp-content\/uploads\/2022\/11\/Regularexerciseblogcoverimage-320x212.jpg 320w, https:\/\/www.nhsgp.net\/wp-content\/uploads\/2022\/11\/Regularexerciseblogcoverimage-480x318.jpg 480w, https:\/\/www.nhsgp.net\/wp-content\/uploads\/2022\/11\/Regularexerciseblogcoverimage-800x529.jpg 800w\" sizes=\"(max-width: 1191px) 100vw, 1191px\" \/><\/a><\/div><div class=\"post-content\"><h4 class=\"post-title\"><a href=\"https:\/\/www.nhsgp.net\/it\/top-5-benefits-of-regular-exercise\/\" title=\"I 5 principali vantaggi dell&#8217;esercizio fisico regolare\">I 5 principali vantaggi dell&#8217;esercizio fisico regolare<\/a><\/h4><div class=\"post-info text-light\"><span>By Jahan<\/span><span> . <\/span><span>27 Luglio, 2022<\/span><\/div><p class=\"post-excerpt\">L'esercizio fisico regolare \u00e8 una parte cruciale di ci\u00f2 che serve per mantenere una vita felice e sana. Dal rafforzamento della tua salute mentale alla riduzione del rischio di gravi malattie, l'esercizio fisico \u00e8, per molti versi, un rimedio a s\u00e9 stante. Mentre l'esercizio fa parte della vita di molte persone per impostazione predefinita, ad esempio andare a piedi al lavoro o a scuola,<\/p><div class=\"post-permalink\"><a href=\"https:\/\/www.nhsgp.net\/it\/top-5-benefits-of-regular-exercise\/\" title=\"I 5 principali vantaggi dell&#8217;esercizio fisico regolare\">Read More<\/a><\/div><\/div><\/div><div id=\"post-6368\" class=\"post-wrap\"><div class=\"post-img\"><a href=\"https:\/\/www.nhsgp.net\/it\/breathing-exercises-for-students\/\" title=\"Esercizi di respirazione per studenti\"><img width=\"1191\" height=\"788\" src=\"https:\/\/www.nhsgp.net\/wp-content\/uploads\/2022\/11\/Breathingexercises.jpg\" class=\"img-responsive aligncenter wp-post-image\" alt=\"\" srcset=\"https:\/\/www.nhsgp.net\/wp-content\/uploads\/2022\/11\/Breathingexercises.jpg 1191w, https:\/\/www.nhsgp.net\/wp-content\/uploads\/2022\/11\/Breathingexercises-300x198.jpg 300w, https:\/\/www.nhsgp.net\/wp-content\/uploads\/2022\/11\/Breathingexercises-1024x678.jpg 1024w, https:\/\/www.nhsgp.net\/wp-content\/uploads\/2022\/11\/Breathingexercises-768x508.jpg 768w, https:\/\/www.nhsgp.net\/wp-content\/uploads\/2022\/11\/Breathingexercises-320x212.jpg 320w, https:\/\/www.nhsgp.net\/wp-content\/uploads\/2022\/11\/Breathingexercises-480x318.jpg 480w, https:\/\/www.nhsgp.net\/wp-content\/uploads\/2022\/11\/Breathingexercises-800x529.jpg 800w\" sizes=\"(max-width: 1191px) 100vw, 1191px\" \/><\/a><\/div><div class=\"post-content\"><h4 class=\"post-title\"><a href=\"https:\/\/www.nhsgp.net\/it\/breathing-exercises-for-students\/\" title=\"Esercizi di respirazione per studenti\">Esercizi di respirazione per studenti<\/a><\/h4><div class=\"post-info text-light\"><span>By Jahan<\/span><span> . <\/span><span>20 Luglio, 2022<\/span><\/div><p class=\"post-excerpt\">Lo stress \u00e8 comune per gli studenti, ma ci sono modi per sentirsi pi\u00f9 a proprio agio attraverso regolari esercizi di respirazione mostrati in questa guida. La meditazione, la consapevolezza e la respirazione profonda sono state a lungo associate al miglioramento della salute mentale. Per gli studenti, prendersi cura della propria salute mentale \u00e8 un<\/p><div class=\"post-permalink\"><a href=\"https:\/\/www.nhsgp.net\/it\/breathing-exercises-for-students\/\" title=\"Esercizi di respirazione per studenti\">Read More<\/a><\/div><\/div><\/div><div id=\"post-6369\" class=\"post-wrap\"><div class=\"post-img\"><a href=\"https:\/\/www.nhsgp.net\/it\/why-is-sleep-important\/\" title=\"Perch\u00e9 il sonno \u00e8 importante?\"><img width=\"1191\" height=\"788\" src=\"https:\/\/www.nhsgp.net\/wp-content\/uploads\/2022\/11\/Whyissleepimportant.jpg\" class=\"img-responsive aligncenter wp-post-image\" alt=\"\" srcset=\"https:\/\/www.nhsgp.net\/wp-content\/uploads\/2022\/11\/Whyissleepimportant.jpg 1191w, https:\/\/www.nhsgp.net\/wp-content\/uploads\/2022\/11\/Whyissleepimportant-300x198.jpg 300w, https:\/\/www.nhsgp.net\/wp-content\/uploads\/2022\/11\/Whyissleepimportant-1024x678.jpg 1024w, https:\/\/www.nhsgp.net\/wp-content\/uploads\/2022\/11\/Whyissleepimportant-768x508.jpg 768w, https:\/\/www.nhsgp.net\/wp-content\/uploads\/2022\/11\/Whyissleepimportant-320x212.jpg 320w, https:\/\/www.nhsgp.net\/wp-content\/uploads\/2022\/11\/Whyissleepimportant-480x318.jpg 480w, https:\/\/www.nhsgp.net\/wp-content\/uploads\/2022\/11\/Whyissleepimportant-800x529.jpg 800w\" sizes=\"(max-width: 1191px) 100vw, 1191px\" \/><\/a><\/div><div class=\"post-content\"><h4 class=\"post-title\"><a href=\"https:\/\/www.nhsgp.net\/it\/why-is-sleep-important\/\" title=\"Perch\u00e9 il sonno \u00e8 importante?\">Perch\u00e9 il sonno \u00e8 importante?<\/a><\/h4><div class=\"post-info text-light\"><span>By Jahan<\/span><span> . <\/span><span>29 Giugno, 2022<\/span><\/div><p class=\"post-excerpt\">Non dormire a sufficienza pu\u00f2 ostacolare il tuo benessere fisico e mentale nel tempo. Fortunatamente, non \u00e8 mai troppo tardi per iniziare sane abitudini di sonno per migliorare la tua salute!\ufeff In un mondo sempre pi\u00f9 frenetico, con una crescente domanda di implementazione della tecnologia e la maggior parte delle persone utilizza la tecnologia<\/p><div class=\"post-permalink\"><a href=\"https:\/\/www.nhsgp.net\/it\/why-is-sleep-important\/\" title=\"Perch\u00e9 il sonno \u00e8 importante?\">Read More<\/a><\/div><\/div><\/div><div id=\"post-6370\" class=\"post-wrap\"><div class=\"post-img\"><a href=\"https:\/\/www.nhsgp.net\/it\/how-has-the-pandemic-affected-students-mental-health\/\" title=\"In che modo la pandemia ha influito sulla salute mentale degli studenti?\"><img width=\"1191\" height=\"788\" src=\"https:\/\/www.nhsgp.net\/wp-content\/uploads\/2022\/11\/Pandemic.jpg\" class=\"img-responsive aligncenter wp-post-image\" alt=\"\" srcset=\"https:\/\/www.nhsgp.net\/wp-content\/uploads\/2022\/11\/Pandemic.jpg 1191w, https:\/\/www.nhsgp.net\/wp-content\/uploads\/2022\/11\/Pandemic-300x198.jpg 300w, https:\/\/www.nhsgp.net\/wp-content\/uploads\/2022\/11\/Pandemic-1024x678.jpg 1024w, https:\/\/www.nhsgp.net\/wp-content\/uploads\/2022\/11\/Pandemic-768x508.jpg 768w, https:\/\/www.nhsgp.net\/wp-content\/uploads\/2022\/11\/Pandemic-320x212.jpg 320w, https:\/\/www.nhsgp.net\/wp-content\/uploads\/2022\/11\/Pandemic-480x318.jpg 480w, https:\/\/www.nhsgp.net\/wp-content\/uploads\/2022\/11\/Pandemic-800x529.jpg 800w\" sizes=\"(max-width: 1191px) 100vw, 1191px\" \/><\/a><\/div><div class=\"post-content\"><h4 class=\"post-title\"><a href=\"https:\/\/www.nhsgp.net\/it\/how-has-the-pandemic-affected-students-mental-health\/\" title=\"In che modo la pandemia ha influito sulla salute mentale degli studenti?\">In che modo la pandemia ha influito sulla salute mentale degli studenti?<\/a><\/h4><div class=\"post-info text-light\"><span>By Jahan<\/span><span> . <\/span><span>08 Giugno, 2022<\/span><\/div><p class=\"post-excerpt\">In molti modi, la pandemia ha esacerbato le peggiori paure di molti studenti: solitudine, isolamento, volatilit\u00e0 nel mercato del lavoro e innumerevoli altre. L'effetto che ci\u00f2 ha avuto sulla salute mentale collettiva della comunit\u00e0 studentesca \u00e8 prevalente e di vasta portata, e anche adesso, da molti mesi<\/p><div class=\"post-permalink\"><a href=\"https:\/\/www.nhsgp.net\/it\/how-has-the-pandemic-affected-students-mental-health\/\" title=\"In che modo la pandemia ha influito sulla salute mentale degli studenti?\">Read More<\/a><\/div><\/div><\/div><\/div><div class=\"post-nav\"><span aria-current=\"page\" class=\"page-numbers current\">1<\/span>\n<a class=\"page-numbers\" href=\"\/it\/wp-json\/wp\/v2\/pages\/5376?paged=2\">2<\/a>\n<a class=\"page-numbers\" href=\"\/it\/wp-json\/wp\/v2\/pages\/5376?paged=3\">3<\/a>\n<span class=\"page-numbers dots\">&hellip;<\/span>\n<a class=\"page-numbers\" href=\"\/it\/wp-json\/wp\/v2\/pages\/5376?paged=8\">8<\/a>\n<a class=\"next page-numbers\" href=\"\/it\/wp-json\/wp\/v2\/pages\/5376?paged=2\">Successivo &raquo;<\/a><\/div><\/div><\/div><\/div><\/div><\/div><\/div><\/div><\/div><div class=\"vce-row-container\" data-vce-boxed-width=\"true\"><div class=\"vce-row vce-row--col-gap-30 vce-row-equal-height vce-row-content--top\" id=\"el-5b217c4e\" data-vce-do-apply=\"all el-5b217c4e\"><div class=\"vce-row-content\" data-vce-element-content=\"true\"><div class=\"vce-col vce-col--md-auto vce-col--xs-1 vce-col--xs-last vce-col--xs-first vce-col--sm-last vce-col--sm-first vce-col--md-last vce-col--lg-last vce-col--xl-last vce-col--md-first vce-col--lg-first vce-col--xl-first\" id=\"el-4882ea0f\"><div class=\"vce-col-inner\" data-vce-do-apply=\"border margin background  el-4882ea0f\"><div class=\"vce-col-content\" data-vce-element-content=\"true\" data-vce-do-apply=\"padding el-4882ea0f\"><div><\/div><\/div><\/div><\/div><\/div><\/div><\/div>","protected":false},"excerpt":{"rendered":"","protected":false},"author":4,"featured_media":0,"parent":0,"menu_order":0,"comment_status":"closed","ping_status":"closed","template":"","meta":{"_acf_changed":false,"footnotes":""},"class_list":["post-5376","page","type-page","status-publish","hentry"],"acf":[],"yoast_head":"<!-- This site is optimized with the Yoast SEO plugin v22.6 - https:\/\/yoast.com\/wordpress\/plugins\/seo\/ -->\n<title>Notizie del GP del SSN - NHS GP<\/title>\n<meta name=\"robots\" content=\"index, follow, max-snippet:-1, max-image-preview:large, max-video-preview:-1\" \/>\n<link rel=\"canonical\" href=\"https:\/\/www.nhsgp.net\/it\/nhs-gp-news\/\" \/>\n<meta property=\"og:locale\" content=\"it_IT\" \/>\n<meta property=\"og:type\" content=\"article\" \/>\n<meta property=\"og:title\" content=\"Notizie del GP del SSN - NHS GP\" \/>\n<meta property=\"og:url\" content=\"https:\/\/www.nhsgp.net\/it\/nhs-gp-news\/\" \/>\n<meta property=\"og:site_name\" content=\"NHS GP\" \/>\n<meta property=\"article:modified_time\" content=\"2022-12-23T04:32:03+00:00\" \/>\n<meta name=\"twitter:card\" content=\"summary_large_image\" \/>\n<script type=\"application\/ld+json\" class=\"yoast-schema-graph\">{\"@context\":\"https:\/\/schema.org\",\"@graph\":[{\"@type\":\"WebPage\",\"@id\":\"https:\/\/www.nhsgp.net\/it\/nhs-gp-news\/\",\"url\":\"https:\/\/www.nhsgp.net\/it\/nhs-gp-news\/\",\"name\":\"Notizie del GP del SSN - NHS GP\",\"isPartOf\":{\"@id\":\"https:\/\/www.nhsgp.net\/#website\"},\"datePublished\":\"2022-10-21T06:52:22+00:00\",\"dateModified\":\"2022-12-23T04:32:03+00:00\",\"breadcrumb\":{\"@id\":\"https:\/\/www.nhsgp.net\/it\/nhs-gp-news\/#breadcrumb\"},\"inLanguage\":\"it-IT\",\"potentialAction\":[{\"@type\":\"ReadAction\",\"target\":[\"https:\/\/www.nhsgp.net\/it\/nhs-gp-news\/\"]}]},{\"@type\":\"BreadcrumbList\",\"@id\":\"https:\/\/www.nhsgp.net\/it\/nhs-gp-news\/#breadcrumb\",\"itemListElement\":[{\"@type\":\"ListItem\",\"position\":1,\"name\":\"Home\",\"item\":\"https:\/\/www.nhsgp.net\/\"},{\"@type\":\"ListItem\",\"position\":2,\"name\":\"Notizie del GP del SSN\"}]},{\"@type\":\"WebSite\",\"@id\":\"https:\/\/www.nhsgp.net\/#website\",\"url\":\"https:\/\/www.nhsgp.net\/\",\"name\":\"NHS GP\",\"description\":\"GP Pathfinder Clinics\",\"publisher\":{\"@id\":\"https:\/\/www.nhsgp.net\/#organization\"},\"potentialAction\":[{\"@type\":\"SearchAction\",\"target\":{\"@type\":\"EntryPoint\",\"urlTemplate\":\"https:\/\/www.nhsgp.net\/?s={search_term_string}\"},\"query-input\":\"required name=search_term_string\"}],\"inLanguage\":\"it-IT\"},{\"@type\":\"Organization\",\"@id\":\"https:\/\/www.nhsgp.net\/#organization\",\"name\":\"NHS GP\",\"url\":\"https:\/\/www.nhsgp.net\/\",\"logo\":{\"@type\":\"ImageObject\",\"inLanguage\":\"it-IT\",\"@id\":\"https:\/\/www.nhsgp.net\/#\/schema\/logo\/image\/\",\"url\":\"https:\/\/www.nhsgp.net\/wp-content\/uploads\/2025\/02\/NHS_LOGO.png\",\"contentUrl\":\"https:\/\/www.nhsgp.net\/wp-content\/uploads\/2025\/02\/NHS_LOGO.png\",\"width\":354,\"height\":143,\"caption\":\"NHS GP\"},\"image\":{\"@id\":\"https:\/\/www.nhsgp.net\/#\/schema\/logo\/image\/\"}}]}<\/script>\n<!-- \/ Yoast SEO plugin. -->","yoast_head_json":{"title":"Notizie del GP del SSN - NHS GP","robots":{"index":"index","follow":"follow","max-snippet":"max-snippet:-1","max-image-preview":"max-image-preview:large","max-video-preview":"max-video-preview:-1"},"canonical":"https:\/\/www.nhsgp.net\/it\/nhs-gp-news\/","og_locale":"it_IT","og_type":"article","og_title":"Notizie del GP del SSN - NHS GP","og_url":"https:\/\/www.nhsgp.net\/it\/nhs-gp-news\/","og_site_name":"NHS GP","article_modified_time":"2022-12-23T04:32:03+00:00","twitter_card":"summary_large_image","schema":{"@context":"https:\/\/schema.org","@graph":[{"@type":"WebPage","@id":"https:\/\/www.nhsgp.net\/it\/nhs-gp-news\/","url":"https:\/\/www.nhsgp.net\/it\/nhs-gp-news\/","name":"Notizie del GP del SSN - NHS GP","isPartOf":{"@id":"https:\/\/www.nhsgp.net\/#website"},"datePublished":"2022-10-21T06:52:22+00:00","dateModified":"2022-12-23T04:32:03+00:00","breadcrumb":{"@id":"https:\/\/www.nhsgp.net\/it\/nhs-gp-news\/#breadcrumb"},"inLanguage":"it-IT","potentialAction":[{"@type":"ReadAction","target":["https:\/\/www.nhsgp.net\/it\/nhs-gp-news\/"]}]},{"@type":"BreadcrumbList","@id":"https:\/\/www.nhsgp.net\/it\/nhs-gp-news\/#breadcrumb","itemListElement":[{"@type":"ListItem","position":1,"name":"Home","item":"https:\/\/www.nhsgp.net\/"},{"@type":"ListItem","position":2,"name":"Notizie del GP del SSN"}]},{"@type":"WebSite","@id":"https:\/\/www.nhsgp.net\/#website","url":"https:\/\/www.nhsgp.net\/","name":"NHS GP","description":"GP Pathfinder Clinics","publisher":{"@id":"https:\/\/www.nhsgp.net\/#organization"},"potentialAction":[{"@type":"SearchAction","target":{"@type":"EntryPoint","urlTemplate":"https:\/\/www.nhsgp.net\/?s={search_term_string}"},"query-input":"required name=search_term_string"}],"inLanguage":"it-IT"},{"@type":"Organization","@id":"https:\/\/www.nhsgp.net\/#organization","name":"NHS GP","url":"https:\/\/www.nhsgp.net\/","logo":{"@type":"ImageObject","inLanguage":"it-IT","@id":"https:\/\/www.nhsgp.net\/#\/schema\/logo\/image\/","url":"https:\/\/www.nhsgp.net\/wp-content\/uploads\/2025\/02\/NHS_LOGO.png","contentUrl":"https:\/\/www.nhsgp.net\/wp-content\/uploads\/2025\/02\/NHS_LOGO.png","width":354,"height":143,"caption":"NHS GP"},"image":{"@id":"https:\/\/www.nhsgp.net\/#\/schema\/logo\/image\/"}}]}},"jetpack_sharing_enabled":true,"_links":{"self":[{"href":"https:\/\/www.nhsgp.net\/it\/wp-json\/wp\/v2\/pages\/5376","targetHints":{"allow":["GET"]}}],"collection":[{"href":"https:\/\/www.nhsgp.net\/it\/wp-json\/wp\/v2\/pages"}],"about":[{"href":"https:\/\/www.nhsgp.net\/it\/wp-json\/wp\/v2\/types\/page"}],"author":[{"embeddable":true,"href":"https:\/\/www.nhsgp.net\/it\/wp-json\/wp\/v2\/users\/4"}],"replies":[{"embeddable":true,"href":"https:\/\/www.nhsgp.net\/it\/wp-json\/wp\/v2\/comments?post=5376"}],"version-history":[{"count":3,"href":"https:\/\/www.nhsgp.net\/it\/wp-json\/wp\/v2\/pages\/5376\/revisions"}],"predecessor-version":[{"id":5387,"href":"https:\/\/www.nhsgp.net\/it\/wp-json\/wp\/v2\/pages\/5376\/revisions\/5387"}],"wp:attachment":[{"href":"https:\/\/www.nhsgp.net\/it\/wp-json\/wp\/v2\/media?parent=5376"}],"curies":[{"name":"wp","href":"https:\/\/api.w.org\/{rel}","templated":true}]}}