{"id":5357,"date":"2022-11-10T12:57:53","date_gmt":"2022-11-10T12:57:53","guid":{"rendered":"http:\/\/1139313165.test.prositehosting.co.uk\/nhs-app\/"},"modified":"2025-05-27T11:45:29","modified_gmt":"2025-05-27T11:45:29","slug":"nhs-app","status":"publish","type":"page","link":"https:\/\/www.nhsgp.net\/it\/nhs-app\/","title":{"rendered":"App del SSN"},"content":{"rendered":"<div class=\"vce-row-container\" data-vce-boxed-width=\"true\"><div class=\"vce-row vce-row--col-gap-30 page-section vce-row-equal-height vce-row-content--top\" id=\"el-9491b4fa\" data-vce-do-apply=\"all el-9491b4fa\"><div class=\"vce-row-content\" data-vce-element-content=\"true\"><div class=\"vce-col vce-col--md-auto vce-col--xs-1 vce-col--xs-last vce-col--xs-first vce-col--sm-last vce-col--sm-first vce-col--md-last vce-col--lg-last vce-col--xl-last vce-col--md-first vce-col--lg-first vce-col--xl-first\" id=\"el-fc884ac5\"><div class=\"vce-col-inner\" data-vce-do-apply=\"border margin background  el-fc884ac5\"><div class=\"vce-col-content\" data-vce-element-content=\"true\" data-vce-do-apply=\"padding el-fc884ac5\"><div class=\"vce-single-image-container vce-single-image--align-center\"><div class=\"vce vce-single-image-wrapper\" id=\"el-f61c485a\" data-vce-do-apply=\"all el-f61c485a\"><figure><div class=\"vce-single-image-figure-inner\"><div class=\"vce-single-image-inner vce-single-image--absolute\" style=\"width: 100%;\"><\/div><\/div><figcaption hidden=\"\"><\/figcaption><\/figure><\/div><\/div><div class=\"vce-raw-html\"><div class=\"vce-raw-html-wrapper\" id=\"el-39a96ae0\" data-vce-do-apply=\"all el-39a96ae0\"><h1 style=\"text-align: center;\">App del SSN<\/h1>\n<div class=\"md-space\"><\/div>\n<p style=\"text-align: center;\">Le registrazioni di accesso all'app NHS vengono elaborate il prima possibile, ma potrebbero richiedere pi\u00f9 tempo del solito quando c'\u00e8 un numero elevato di richieste di servizi online GP.\n<\/p>\n<\/div><\/div><\/div><\/div><\/div><\/div><\/div><\/div><div class=\"vce-row-container\"><div class=\"vce-row vce-element--has-background vce-row--col-gap-30 top-page-section vce-row-equal-height vce-row-content--top\" data-vce-full-width=\"true\" id=\"el-4fb43c38\" data-vce-do-apply=\"all el-4fb43c38\"><div class=\"vce-content-background-container\"><\/div><div class=\"vce-row-content\" data-vce-element-content=\"true\"><div class=\"vce-col vce-col--md-auto vce-col--xs-1 vce-col--xs-last vce-col--xs-first vce-col--sm-last vce-col--sm-first vce-col--md-last vce-col--lg-last vce-col--xl-last vce-col--md-first vce-col--lg-first vce-col--xl-first\" id=\"el-85f4047b\"><div class=\"vce-col-inner\" data-vce-do-apply=\"border margin background  el-85f4047b\"><div class=\"vce-col-content\" data-vce-element-content=\"true\" data-vce-do-apply=\"padding el-85f4047b\"><div class=\"vce-raw-html\"><div class=\"vce-raw-html-wrapper\" id=\"el-502e0a8e\" data-vce-do-apply=\"all el-502e0a8e\"><h2 style=\"text-align: center;\">Per cosa puoi utilizzare l'app NHS?<\/h2>\n<div class=\"space\"><\/div><\/div><\/div><\/div><\/div><\/div><\/div><\/div><\/div><div class=\"vce-row-container\"><div class=\"vce-row vce-element--has-background vce-row--col-gap-30  online-book-section vce-row-equal-height vce-row-content--top\" data-vce-full-width=\"true\" id=\"el-8b527857\" data-vce-do-apply=\"all el-8b527857\"><div class=\"vce-content-background-container\"><\/div><div class=\"vce-row-content\" data-vce-element-content=\"true\"><div class=\"vce-col vce-col--md-auto vce-col--xs-1 vce-col--xs-last vce-col--xs-first vce-col--sm-last vce-col--sm-first vce-col--md-first vce-col--lg-first vce-col--xl-first\" id=\"el-a61618e6\"><div class=\"vce-col-inner\" data-vce-do-apply=\"border margin background  el-a61618e6\"><div class=\"vce-col-content\" data-vce-element-content=\"true\" data-vce-do-apply=\"padding el-a61618e6\"><div class=\"vce-single-image-container vce-single-image--align-left\"><div class=\"vce vce-single-image-wrapper\" id=\"el-43676554\" data-vce-do-apply=\"all el-43676554\"><figure><div class=\"vce-single-image-figure-inner\" style=\"width: 546px;\"><div class=\"vce-single-image-inner vce-single-image--absolute\" style=\"width: 100%; padding-bottom: 156.41%;\"><img decoding=\"async\" class=\"vce-single-image\" src=\"\/wp-content\/uploads\/2022\/11\/home-left-img.png\" data-img-src=\"\/wp-content\/uploads\/2022\/11\/home-left-img.png\" data-attachment-id=\"384\" alt=\"\" title=\"home-left-img\"><\/div><\/div><figcaption hidden=\"\"><\/figcaption><\/figure><\/div><\/div><\/div><\/div><\/div><div class=\"vce-col vce-col--md-auto vce-col--xs-1 vce-col--xs-last vce-col--xs-first vce-col--sm-last vce-col--sm-first vce-col--md-last vce-col--lg-last vce-col--xl-last\" id=\"el-d74e23ab\"><div class=\"vce-col-inner\" data-vce-do-apply=\"border margin background  el-d74e23ab\"><div class=\"vce-col-content\" data-vce-element-content=\"true\" data-vce-do-apply=\"padding el-d74e23ab\"><div class=\"vce-raw-html\"><div class=\"vce-raw-html-wrapper\" id=\"el-b46c4751\" data-vce-do-apply=\"all el-b46c4751\"><p>L'app NHS \u00e8 un modo pratico per gestire le tue esigenze sanitarie. Organizza la prenotazione degli appuntamenti del medico di base, visualizza la tua cartella clinica e accedi al tuo NHS Covid Pass con il semplice tocco di un pulsante.<\/p>\n<p>\nPuoi utilizzare l'app NHS per:\n<\/p>\n<div class=\"md-space\"><\/div>\n<div class=\"mba-0\">\n\t<ul>\n    <li>Trova e visualizza rapidamente il tuo numero NHS<\/li>\n    <li>Cerca, prenota e annulla gli appuntamenti presso il tuo studio medico utilizzando il sistema di prenotazione degli appuntamenti NHS<\/li>\n    <li>Richiedi una nuova prescrizione ripetuta, riordina le prescrizioni ripetute, visualizza i farmaci disponibili e scegli una farmacia a cui inviare la tua prescrizione<\/li>\n    <li>Gli esperti del SSN possono fornire consigli sanitari generali su centinaia di condizioni. Puoi anche rispondere alle domande per trovare consigli immediati o assistenza medica vicino a te<\/li>\n    <li>Invia un messaggio diretto al tuo medico di base o a un operatore sanitario<\/li>\n    <li>Visualizza e gestisci i piani di assistenza<\/li>\n    <li>Visualizza la tua cartella clinica, con informazioni sulle tue allergie e su eventuali farmaci attuali o passati.<\/li>\n    <li>Se il tuo medico di famiglia ti ha dato accesso alla tua cartella clinica dettagliata, puoi visualizzare le informazioni sui risultati dei test e i dettagli delle tue consultazioni<\/li>\n    <li>Ottieni il tuo NHS Covid Pass e accedi a consigli sul coronavirus come aiuto per l'isolamento e altro<\/li>\n    <li>Registrati se desideri donare alcuni, tutti o nessuno dei tuoi organi<\/li>\n    <li>Protezione dei dati NHS: scegli se i dati delle tue cartelle cliniche sono condivisi per la ricerca e la pianificazione<\/li>\n<\/ul>\n<\/div>\n<\/div><\/div><\/div><\/div><\/div><\/div><\/div><\/div><div class=\"vce-row-container\" data-vce-boxed-width=\"true\"><div class=\"vce-row vce-row--col-gap-30 page-section left-img-mr vce-row-equal-height vce-row-content--top\" id=\"el-80789114\" data-vce-do-apply=\"all el-80789114\"><div class=\"vce-row-content\" data-vce-element-content=\"true\"><div class=\"vce-col vce-col--md-auto vce-col--xs-1 vce-col--xs-last vce-col--xs-first vce-col--sm-last vce-col--sm-first vce-col--md-last vce-col--lg-last vce-col--xl-last vce-col--md-first vce-col--lg-first vce-col--xl-first\" id=\"el-9ba18526\"><div class=\"vce-col-inner\" data-vce-do-apply=\"border margin background  el-9ba18526\"><div class=\"vce-col-content\" data-vce-element-content=\"true\" data-vce-do-apply=\"padding el-9ba18526\"><div class=\"vce-row-container\" data-vce-boxed-width=\"true\"><div class=\"vce-row vce-row--col-gap-30 vce-row-equal-height vce-row-content--middle\" id=\"el-06e3931c\" data-vce-do-apply=\"all el-06e3931c\"><div class=\"vce-row-content\" data-vce-element-content=\"true\"><div class=\"vce-col vce-col--md-auto vce-col--xs-1 vce-col--xs-last vce-col--xs-first vce-col--sm-last vce-col--sm-first vce-col--md-first vce-col--lg-first vce-col--xl-first\" id=\"el-0e049354\"><div class=\"vce-col-inner\" data-vce-do-apply=\"border margin background  el-0e049354\"><div class=\"vce-col-content\" data-vce-element-content=\"true\" data-vce-do-apply=\"padding el-0e049354\"><div class=\"vce-single-image-container vce-single-image--align-left\"><div class=\"vce vce-single-image-wrapper\" id=\"el-d18613e6\" data-vce-do-apply=\"all el-d18613e6\"><figure><div class=\"vce-single-image-figure-inner\" style=\"width: 1024px;\"><div class=\"vce-single-image-inner vce-single-image--absolute\" style=\"width: 100%; padding-bottom: 84.9609%;\"><img loading=\"lazy\" decoding=\"async\" class=\"vce-single-image\"  width=\"1024\" height=\"870\" srcset=\"\/wp-content\/uploads\/2022\/11\/NEW-NHS-GP-Book-appointment-online-1024x871.jpg 1024w, \/wp-content\/uploads\/2022\/11\/NEW-NHS-GP-Book-appointment-online-320x272.jpg 320w, \/wp-content\/uploads\/2022\/11\/NEW-NHS-GP-Book-appointment-online-480x408.jpg 480w, \/wp-content\/uploads\/2022\/11\/NEW-NHS-GP-Book-appointment-online-800x680.jpg 800w\" src=\"\/wp-content\/uploads\/2022\/11\/NEW-NHS-GP-Book-appointment-online-1024x871.jpg\" data-img-src=\"\/wp-content\/uploads\/2022\/11\/NEW-NHS-GP-Book-appointment-online.jpg\" data-attachment-id=\"2573\"  alt=\"\" title=\"Booking,Meeting,Appointment,On,Laptop,Computer,Online\" \/><\/div><\/div><figcaption hidden=\"\"><\/figcaption><\/figure><\/div><\/div><\/div><\/div><\/div><div class=\"vce-col vce-col--md-auto vce-col--xs-1 vce-col--xs-last vce-col--xs-first vce-col--sm-last vce-col--sm-first vce-col--md-last vce-col--lg-last vce-col--xl-last\" id=\"el-93bb1349\"><div class=\"vce-col-inner\" data-vce-do-apply=\"border margin background  el-93bb1349\"><div class=\"vce-col-content\" data-vce-element-content=\"true\" data-vce-do-apply=\"padding el-93bb1349\"><div class=\"vce-raw-html\"><div class=\"vce-raw-html-wrapper\" id=\"el-f4bcb491\" data-vce-do-apply=\"all el-f4bcb491\"><h2>Accedi al tuo NHS Covid Pass\n<\/h2><div class=\"md-space\"><\/div>\n<p>\nSe sei completamente vaccinato o stai per ricevere i tuoi vaccini, puoi accedere al tuo NHS COVID Pass tramite l'app. Visualizza e condividi il tuo pass per prove di eventi in Inghilterra e viaggi internazionali.\n<\/p>\n<div class=\"space\"><\/div>\n<h2>Mantenere i tuoi dati al sicuro<\/h2>\n<div class=\"md-space\"><\/div>\n<p>\nDopo aver scaricato l'app, dovrai configurare un accesso NHS e dimostrare chi sei. L'app si collega quindi in modo sicuro alle informazioni del tuo intervento medico di base.\n<\/p>\n<p>\nSe il tuo dispositivo supporta il rilevamento delle impronte digitali o il riconoscimento facciale, puoi usarlo per accedere ogni volta all'app NHS, invece di utilizzare una password e un codice di sicurezza.\n<\/p>\n<\/div><\/div><\/div><\/div><\/div><\/div><\/div><\/div><\/div><\/div><\/div><\/div><\/div><\/div>\n","protected":false},"excerpt":{"rendered":"<p>App del SSN Le registrazioni di accesso all&#8217;app NHS vengono elaborate il prima possibile, ma potrebbero richiedere pi\u00f9 tempo del solito quando c&#8217;\u00e8 un numero elevato di richieste di servizi online GP. Per cosa puoi utilizzare l&#8217;app NHS? L&#8217;app NHS \u00e8 un modo pratico per gestire le tue esigenze sanitarie. Organizza la prenotazione degli appuntamenti [&hellip;]<\/p>\n","protected":false},"author":4,"featured_media":0,"parent":0,"menu_order":0,"comment_status":"closed","ping_status":"closed","template":"","meta":{"_acf_changed":false,"footnotes":""},"class_list":["post-5357","page","type-page","status-publish","hentry"],"acf":[],"yoast_head":"<!-- This site is optimized with the Yoast SEO plugin v22.6 - https:\/\/yoast.com\/wordpress\/plugins\/seo\/ -->\n<title>Download the NHS App | NHS GP<\/title>\n<meta name=\"description\" content=\"The NHS app is a handy way of managing your healthcare needs. Organise GP appointment booking, view your medical record and more!\" \/>\n<meta name=\"robots\" content=\"index, follow, max-snippet:-1, max-image-preview:large, max-video-preview:-1\" \/>\n<link rel=\"canonical\" href=\"https:\/\/www.nhsgp.net\/nhs-app\/\" \/>\n<meta property=\"og:locale\" content=\"it_IT\" \/>\n<meta property=\"og:type\" content=\"article\" \/>\n<meta property=\"og:title\" content=\"Download the NHS App | NHS GP\" \/>\n<meta property=\"og:description\" content=\"The NHS app is a handy way of managing your healthcare needs. Organise GP appointment booking, view your medical record and more!\" \/>\n<meta property=\"og:url\" content=\"https:\/\/www.nhsgp.net\/nhs-app\/\" \/>\n<meta property=\"og:site_name\" content=\"NHS GP\" \/>\n<meta property=\"article:modified_time\" content=\"2025-05-27T11:45:29+00:00\" \/>\n<meta name=\"twitter:card\" content=\"summary_large_image\" \/>\n<meta name=\"twitter:label1\" content=\"Tempo di lettura stimato\" \/>\n\t<meta name=\"twitter:data1\" content=\"2 minuti\" \/>\n<script type=\"application\/ld+json\" class=\"yoast-schema-graph\">{\"@context\":\"https:\/\/schema.org\",\"@graph\":[{\"@type\":\"WebPage\",\"@id\":\"https:\/\/www.nhsgp.net\/nhs-app\/\",\"url\":\"https:\/\/www.nhsgp.net\/nhs-app\/\",\"name\":\"Download the NHS App | NHS GP\",\"isPartOf\":{\"@id\":\"https:\/\/www.nhsgp.net\/#website\"},\"datePublished\":\"2022-11-10T12:57:53+00:00\",\"dateModified\":\"2025-05-27T11:45:29+00:00\",\"description\":\"The NHS app is a handy way of managing your healthcare needs. Organise GP appointment booking, view your medical record and more!\",\"breadcrumb\":{\"@id\":\"https:\/\/www.nhsgp.net\/nhs-app\/#breadcrumb\"},\"inLanguage\":\"it-IT\",\"potentialAction\":[{\"@type\":\"ReadAction\",\"target\":[\"https:\/\/www.nhsgp.net\/nhs-app\/\"]}]},{\"@type\":\"BreadcrumbList\",\"@id\":\"https:\/\/www.nhsgp.net\/nhs-app\/#breadcrumb\",\"itemListElement\":[{\"@type\":\"ListItem\",\"position\":1,\"name\":\"Home\",\"item\":\"https:\/\/www.nhsgp.net\/\"},{\"@type\":\"ListItem\",\"position\":2,\"name\":\"App del SSN\"}]},{\"@type\":\"WebSite\",\"@id\":\"https:\/\/www.nhsgp.net\/#website\",\"url\":\"https:\/\/www.nhsgp.net\/\",\"name\":\"NHS GP\",\"description\":\"GP Pathfinder Clinics\",\"publisher\":{\"@id\":\"https:\/\/www.nhsgp.net\/#organization\"},\"potentialAction\":[{\"@type\":\"SearchAction\",\"target\":{\"@type\":\"EntryPoint\",\"urlTemplate\":\"https:\/\/www.nhsgp.net\/?s={search_term_string}\"},\"query-input\":\"required name=search_term_string\"}],\"inLanguage\":\"it-IT\"},{\"@type\":\"Organization\",\"@id\":\"https:\/\/www.nhsgp.net\/#organization\",\"name\":\"NHS GP\",\"url\":\"https:\/\/www.nhsgp.net\/\",\"logo\":{\"@type\":\"ImageObject\",\"inLanguage\":\"it-IT\",\"@id\":\"https:\/\/www.nhsgp.net\/#\/schema\/logo\/image\/\",\"url\":\"https:\/\/www.nhsgp.net\/wp-content\/uploads\/2025\/02\/NHS_LOGO.png\",\"contentUrl\":\"https:\/\/www.nhsgp.net\/wp-content\/uploads\/2025\/02\/NHS_LOGO.png\",\"width\":354,\"height\":143,\"caption\":\"NHS GP\"},\"image\":{\"@id\":\"https:\/\/www.nhsgp.net\/#\/schema\/logo\/image\/\"}}]}<\/script>\n<!-- \/ Yoast SEO plugin. -->","yoast_head_json":{"title":"Download the NHS App | NHS GP","description":"The NHS app is a handy way of managing your healthcare needs. Organise GP appointment booking, view your medical record and more!","robots":{"index":"index","follow":"follow","max-snippet":"max-snippet:-1","max-image-preview":"max-image-preview:large","max-video-preview":"max-video-preview:-1"},"canonical":"https:\/\/www.nhsgp.net\/nhs-app\/","og_locale":"it_IT","og_type":"article","og_title":"Download the NHS App | NHS GP","og_description":"The NHS app is a handy way of managing your healthcare needs. Organise GP appointment booking, view your medical record and more!","og_url":"https:\/\/www.nhsgp.net\/nhs-app\/","og_site_name":"NHS GP","article_modified_time":"2025-05-27T11:45:29+00:00","twitter_card":"summary_large_image","twitter_misc":{"Tempo di lettura stimato":"2 minuti"},"schema":{"@context":"https:\/\/schema.org","@graph":[{"@type":"WebPage","@id":"https:\/\/www.nhsgp.net\/nhs-app\/","url":"https:\/\/www.nhsgp.net\/nhs-app\/","name":"Download the NHS App | NHS GP","isPartOf":{"@id":"https:\/\/www.nhsgp.net\/#website"},"datePublished":"2022-11-10T12:57:53+00:00","dateModified":"2025-05-27T11:45:29+00:00","description":"The NHS app is a handy way of managing your healthcare needs. Organise GP appointment booking, view your medical record and more!","breadcrumb":{"@id":"https:\/\/www.nhsgp.net\/nhs-app\/#breadcrumb"},"inLanguage":"it-IT","potentialAction":[{"@type":"ReadAction","target":["https:\/\/www.nhsgp.net\/nhs-app\/"]}]},{"@type":"BreadcrumbList","@id":"https:\/\/www.nhsgp.net\/nhs-app\/#breadcrumb","itemListElement":[{"@type":"ListItem","position":1,"name":"Home","item":"https:\/\/www.nhsgp.net\/"},{"@type":"ListItem","position":2,"name":"App del SSN"}]},{"@type":"WebSite","@id":"https:\/\/www.nhsgp.net\/#website","url":"https:\/\/www.nhsgp.net\/","name":"NHS GP","description":"GP Pathfinder Clinics","publisher":{"@id":"https:\/\/www.nhsgp.net\/#organization"},"potentialAction":[{"@type":"SearchAction","target":{"@type":"EntryPoint","urlTemplate":"https:\/\/www.nhsgp.net\/?s={search_term_string}"},"query-input":"required name=search_term_string"}],"inLanguage":"it-IT"},{"@type":"Organization","@id":"https:\/\/www.nhsgp.net\/#organization","name":"NHS GP","url":"https:\/\/www.nhsgp.net\/","logo":{"@type":"ImageObject","inLanguage":"it-IT","@id":"https:\/\/www.nhsgp.net\/#\/schema\/logo\/image\/","url":"https:\/\/www.nhsgp.net\/wp-content\/uploads\/2025\/02\/NHS_LOGO.png","contentUrl":"https:\/\/www.nhsgp.net\/wp-content\/uploads\/2025\/02\/NHS_LOGO.png","width":354,"height":143,"caption":"NHS GP"},"image":{"@id":"https:\/\/www.nhsgp.net\/#\/schema\/logo\/image\/"}}]}},"jetpack_sharing_enabled":true,"_links":{"self":[{"href":"https:\/\/www.nhsgp.net\/it\/wp-json\/wp\/v2\/pages\/5357","targetHints":{"allow":["GET"]}}],"collection":[{"href":"https:\/\/www.nhsgp.net\/it\/wp-json\/wp\/v2\/pages"}],"about":[{"href":"https:\/\/www.nhsgp.net\/it\/wp-json\/wp\/v2\/types\/page"}],"author":[{"embeddable":true,"href":"https:\/\/www.nhsgp.net\/it\/wp-json\/wp\/v2\/users\/4"}],"replies":[{"embeddable":true,"href":"https:\/\/www.nhsgp.net\/it\/wp-json\/wp\/v2\/comments?post=5357"}],"version-history":[{"count":5,"href":"https:\/\/www.nhsgp.net\/it\/wp-json\/wp\/v2\/pages\/5357\/revisions"}],"predecessor-version":[{"id":10895,"href":"https:\/\/www.nhsgp.net\/it\/wp-json\/wp\/v2\/pages\/5357\/revisions\/10895"}],"wp:attachment":[{"href":"https:\/\/www.nhsgp.net\/it\/wp-json\/wp\/v2\/media?parent=5357"}],"curies":[{"name":"wp","href":"https:\/\/api.w.org\/{rel}","templated":true}]}}