{"id":5066,"date":"2022-11-16T04:46:57","date_gmt":"2022-11-16T04:46:57","guid":{"rendered":"http:\/\/1139313165.test.prositehosting.co.uk\/careers\/"},"modified":"2023-01-25T13:50:51","modified_gmt":"2023-01-25T13:50:51","slug":"careers","status":"publish","type":"page","link":"https:\/\/www.nhsgp.net\/it\/careers\/","title":{"rendered":"Carriere"},"content":{"rendered":"<div class=\"vce-row-container\" data-vce-boxed-width=\"true\"><div class=\"vce-row vce-row--col-gap-30 page-section vce-row-equal-height vce-row-content--top\" id=\"el-9491b4fa\" data-vce-do-apply=\"all el-9491b4fa\"><div class=\"vce-row-content\" data-vce-element-content=\"true\"><div class=\"vce-col vce-col--md-auto vce-col--xs-1 vce-col--xs-last vce-col--xs-first vce-col--sm-last vce-col--sm-first vce-col--md-last vce-col--lg-last vce-col--xl-last vce-col--md-first vce-col--lg-first vce-col--xl-first\" id=\"el-fc884ac5\"><div class=\"vce-col-inner\" data-vce-do-apply=\"border margin background  el-fc884ac5\"><div class=\"vce-col-content\" data-vce-element-content=\"true\" data-vce-do-apply=\"padding el-fc884ac5\"><div class=\"vce-raw-html\"><div class=\"vce-raw-html-wrapper\" id=\"el-39a96ae0\" data-vce-do-apply=\"all el-39a96ae0\"><h1 style=\"text-align: center;\">ENTRA NEL NOSTRO GRUPPO<\/h1><div class=\"space\"><\/div>\n<p style=\"text-align: center;\">Siamo appassionati di nutrire e supportare il nostro personale per fornire la massima qualit\u00e0 di assistenza a tutti i nostri pazienti.<\/p>\n<div class=\"md-space\"><\/div>\n<div style=\"text-align: center;\"><a class=\"btn btn-lg\" href=\"https:\/\/www.nhsgp.net\/area\/\" target=\"_blank\" rel=\"noopener\">Clicca qui per registrarti<\/a><\/div>\n<\/div><\/div><\/div><\/div><\/div><\/div><\/div><\/div><div class=\"vce-row-container\"><div class=\"vce-row vce-element--has-background vce-row--col-gap-30 page-section vce-row-equal-height vce-row-content--top\" data-vce-full-width=\"true\" id=\"el-0e84e561\" data-vce-do-apply=\"all el-0e84e561\"><div class=\"vce-content-background-container\"><\/div><div class=\"vce-row-content\" data-vce-element-content=\"true\"><div class=\"vce-col vce-col--md-auto vce-col--xs-1 vce-col--xs-last vce-col--xs-first vce-col--sm-last vce-col--sm-first vce-col--md-last vce-col--lg-last vce-col--xl-last vce-col--md-first vce-col--lg-first vce-col--xl-first\" id=\"el-1d930998\"><div class=\"vce-col-inner\" data-vce-do-apply=\"border margin background  el-1d930998\"><div class=\"vce-col-content\" data-vce-element-content=\"true\" data-vce-do-apply=\"padding el-1d930998\"><div class=\"vce-raw-html\"><div class=\"vce-raw-html-wrapper\" id=\"el-617460bf\" data-vce-do-apply=\"all el-617460bf\"><h2 style=\"text-align: center;\">Carriere <\/h2><div class=\"space\"><\/div>\n<div class=\"space\"><\/div><\/div><\/div><div class=\"vce-raw-html\"><div class=\"vce-raw-html-wrapper\" id=\"el-1b4f3c63\" data-vce-do-apply=\"all el-1b4f3c63\"><div class=\"tabbedPanels\">\n    <ul class=\"tabs\">\n        <li><a href=\"#panel1\">Receptionist medico<\/a><\/li>\n        <li><a href=\"#panel2\">Medici<\/a><\/li>\n\t\t<li><a href=\"#panel3\">Farmacisti clinici<\/a><\/li>\n        <li><a href=\"#panel4\">Analista di casi<\/a><\/li>\n    <\/ul>\n\n    <div class=\"panelContainer\">\n        <div id=\"panel1\" class=\"panel\">\n            <p>\n            L'Hazeldene Medical Center \u00e8 alla ricerca di un receptionist \/ amministratore di base che si unisca al proprio team, esperienza nello stesso o\n            \u00e8 auspicabile un ruolo simile e la conoscenza di EMIS Web non \u00e8 essenziale in quanto verr\u00e0 fornita formazione.\n            <\/p>\n            <p>\n            Cerchiamo qualcuno che capisca l'importanza di essere sensibile, mantenere la riservatezza ed essere un\n            difensore dei brevetti. Chi \u00e8 in grado di mantenere una visione calma e concentrata quando affronta situazioni difficili e stressanti\n            situazioni.\n            <\/p>\n            <p>\n            La pratica \u00e8 stata valutata come BUONA dalla Care Quality Commission (CQC).\n            <\/p>\n            <p>\n            Lo studio opera da 4 siti Hazeldene Medical Center, The Eagle Eye, Crest Medical Center e Chamberlayne Road\n            Chirurgia.\n            <\/p>\n            <p>\n            Tutto il personale \u00e8 impiegato in tutto lo studio e pu\u00f2 essere invitato a lavorare in entrambi i siti\n            <\/p>\n            <p class=\"text-large\"><strong>Responsabilit\u00e0:<\/strong><\/p>\n            <ul>\n            <li>Servizi di accoglienza front of house.<\/li>\n            <li>Rispondi alle telefonate in modo educato e professionale.<\/li>\n            <li>Prenota, modifica e annulla gli appuntamenti utilizzando EMIS Web.<\/li>\n            <li>Gestire le richieste dei pazienti e di terze parti in modo tempestivo.<\/li>\n            <li>Collaborare con il personale clinico, i medici generici e la direzione per soddisfare le esigenze dei pazienti.<\/li>\n            <li>Inserisci accuratamente le informazioni sui pazienti utilizzando i sistemi interni.<\/li>\n            <li>Rivedi, elabora e scansiona i documenti.<\/li>\n            <li>Audit interni.<\/li>\n            <li>Vari compiti amministrativi assegnati dal personale senior.<\/li>\n            <li>Alfabeto informatico: conoscenza di Microsoft Office.<\/li>\n            <\/ul>\n            <p>ID riferimento: Hazel05<\/p>\n            <p>Tipi di lavoro: tempo pieno, contratto, tempo indeterminato<\/p>\n            <p>Stipendio: \u00a3 12.566,00-\u00a3 24.132,00 all'anno<\/p>\n            <p>Programma:<\/p>\n            <p>\n                Turno di 10 ore<br>\n\n                Turno di 8 ore<br>\n\n                Dal luned\u00ec al venerd\u00ec<br>\n\n                Col tempo\n            <\/p>\n            <p>Considerazioni sul COVID-19:<\/p>\n            <p>Tutti sono tenuti a indossare una maschera e le superfici comuni vengono disinfettate regolarmente, ecc.<\/p>\n            <p class=\"text-large\"><strong>Possibilit\u00e0 di spostarsi\/trasferirsi:<\/strong><\/p>\n            <p>London HA9 6PW: fare il pendolare in modo affidabile o pianificare il trasferimento prima di iniziare a lavorare (preferito)<\/p>\n            <p class=\"text-large\"><strong>Experience:<\/strong><\/p>\n            <p>Receptionist medico: 1 anno (preferito)<\/p>\n            <p class=\"text-large\"><strong>Disponibilit\u00e0 a viaggiare:<\/strong><\/p>\n            <p>25% (preferito)<\/p>\n            <p class=\"text-large\"><strong>Per candidarsi alla posizione, inviare i seguenti documenti a <a href=\"mailto:khyati.bhatt@nhs.net\"> khyati.bhatt@nhs.net<\/a>:<\/strong><\/p>\n            <ol>\n                <li>Un CV aggiornato<\/li>\n                <li>Una lettera di accompagnamento<\/li>\n            <\/ol>\n        <\/div>\n        <!-- end panel 1 -->\n\n        <div id=\"panel2\" class=\"panel\">\n            <p>\n                Riteniamo che la medicina generale possa essere un ambiente divertente e di supporto per i nostri medici di base e lo garantiamo altamente\n                sistemi e processi sviluppati, il supporto del nostro MDT, inclusi i farmacisti dello studio e i medici associati e modalit\u00e0 di lavoro innovative riconosciute a livello nazionale che ti consentono di:\n            <\/p>\n            <ul>\n            <li>Un focus sulla fornitura di cure di alta qualit\u00e0<\/li>\n            <li>Documenti minimi all'azione<\/li>\n            <li>Interruzioni minime in clinica<\/li>\n            <li>Pochissimi copioni da firmare e pochissime visite a domicilio<\/li>\n            <li>Azione solo sui risultati del sangue richiesti<\/li>\n            <li>Tempo retribuito e protetto per recupero e insegnamento\/supervisione<\/li>\n            <li>Supporto da parte di personale qualificato al completamento dei referti medici<\/li>\n            <li>Amico nominato per assistere con il carico di lavoro amministrativo generato durante le consultazioni telefoniche<\/li>\n            <\/ul>\n            <p>\n            Siamo appassionati di fornire servizi di assistenza primaria di alta qualit\u00e0 in tutta Londra. Per il GP giusto, questa \u00e8 una fantastica opportunit\u00e0 per fare il passo successivo nella tua carriera.\n            <\/p>\n            <p>\n            Siamo ansiosi di parlarti di come possiamo soddisfare le tue esigenze di carriera all'interno della nostra vasta rete clinica e di insegnamento. In qualit\u00e0 di organizzazione che apprende, ci impegniamo a sviluppare la prossima generazione di leader dell'assistenza primaria.\n            <\/p>\n            <p>\n            Offriamo una chiara struttura di sviluppo della carriera e siamo in grado di modellare il ruolo e le responsabilit\u00e0 in base alle capacit\u00e0 del medico di famiglia di successo. Accogliamo quindi con favore il tuo interesse per questo ruolo indipendentemente dal tuo livello di esperienza.\n            <\/p>\n            <p class=\"text-large\"><strong>Per ulteriori informazioni su come unirti a noi, invia un'e-mail a: <a href=\"mailto:dinisha.dhiru@nhs.net\">dinisha.dhiru@nhs.net<\/a><\/strong><\/p>\n        <\/div>\n        <!-- end panel 2 -->\n\n        <div id=\"panel3\" class=\"panel\">\n            <p class=\"rteBlock\">\n                Questo \u00e8 un ottimo momento per i farmacisti prescritti che vogliono lavorare nella medicina generale. Abbiamo posti disponibili in diverse aree di Londra e ti unirai a un significativo\n                comunit\u00e0 di Farmacisti con alti livelli di socializzazione per l'apprendimento condiviso. Il tuo lavoro sar\u00e0 nelle ore centrali del GP diurno e lo farai\n                non essere abitualmente tenuto a lavorare oltre le 20:00 o nei fine settimana. Possiamo abbinarti a uno studio nella zona in cui vivi, riducendo al minimo i tempi e le spese di viaggio.\n            <\/p>\n            <p>\n                Cerchiamo farmacisti proattivi ed entusiasti che si uniscano alla nostra famiglia. Ti addestreremo a coprire la maggior parte degli aspetti delle cure primarie, inclusi l'esame clinico e la gestione delle malattie minori comuni.\n            <\/p>\n            <p class=\"text-large\"><strong>Per ulteriori informazioni su come entrare a far parte del nostro team, inviare un'e-mail a: <a href=\"mailto:mohammed.harb@nhs.net\">mohammed.harb@nhs.net<\/a><\/strong><\/p>\n        <\/div>\n        <!-- end panel 3 -->\n\n        <div id=\"panel4\" class=\"panel\">\n            <p class=\"rteBlock\">\n                Vuoi contribuire a migliorare la qualit\u00e0 e la sicurezza dei servizi sanitari, nonch\u00e9 le esperienze dei pazienti e degli assistenti? All'Hazeldene Medical Center, stiamo cercando un analista del caso a tempo pieno eccezionale che si unisca al nostro team. Gestire i reclami \u00e8 un ruolo impegnativo e impegnativo. Cerchiamo una persona dedicata, amichevole, affidabile, laboriosa e motivata.\n                Ti dedicherai completamente ai valori dell'Organizzazione e dimostrerai che questi valori guidano le tue interazioni con pazienti e colleghi.\n            <\/p>\n            <p>\n                Ogni reclamo \u00e8 per noi un'opportunit\u00e0 per conoscere meglio i nostri servizi e migliorarli. Vogliamo che tutti coloro che ci presentano un reclamo possano dire: \"Mi sentivo sicuro di poter parlare,\n                e presentare il mio reclamo \u00e8 stato semplice. \"Mi sono sentito ascoltato e compreso, e ho sentito che le mie critiche avevano fatto la differenza.\"\n            <\/p>\n            <p class=\"text-large\"><strong>Ruoli e responsabilit\u00e0: <\/strong><\/p>\n            <ul>\n            \n            <li>Assistere il denunciante attraverso il processo di reclamo formale.<\/li>\n\n\n            <li>Comunicando efficacemente con l'autore del reclamo per posta, telefono o di persona, fornisci un eccellente servizio clienti rispettando i nostri standard di servizio.<\/li>\n\n\n            <li>Responsabile delle indagini e della risoluzione di tutte le fasi dei reclami in modo equo e imparziale.<\/li>\n\n\n            <li>Riconosci e risolvi i reclami gestendo risposte di alta qualit\u00e0.<\/li>\n\n\n            <li>Responsabile di un'ampia variet\u00e0 di casi. \u00c8 auspicabile che tu abbia una buona conoscenza dei processi legali per la gestione dei reclami sanitari.<\/li>\n\n\n            <li>Assumersi la responsabilit\u00e0 di un reclamo dall'inizio alla fine e assicurarsi che il denunciante sia tenuto informato dello stato.<\/li>\n\n\n            <li>Analizzare i reclami per determinarne la gravit\u00e0 e la complessit\u00e0 e seguire un processo di risoluzione appropriato.<\/li>\n\n\n            <li>Assicurarsi che la documentazione e le prove a supporto delle indagini sui reclami siano conservate in un formato appropriato.<\/li>\n\n\n            <li>Gestire informazioni sensibili e riservate.<\/li>\n\n\n            <li>Lavora bene sotto pressione, dai la priorit\u00e0 a un carico di lavoro vario e rispetta scadenze rigorose.<\/li>\n\n\n            <li>Gestire le attivit\u00e0 amministrative come richiesto, garantire documentazione di alto livello e conservazione dei registri, scansionare e allegare documenti, salvare documenti e garantire il rispetto di scadenze importanti.<\/li>\n\n\n            <li>Esperienza nel rispondere alle chiamate di reclamo, ricevere e-mail, buona qualit\u00e0 di scrittura e monitoraggio dei processi amministrativi.<\/li>\n\n\n            <li>Indagare e riassumere questioni complesse.<\/li>\n\n\n            <li>Gestione delle lettere private, pratiche relative alla modulistica assicurativa e agli eventi rilevanti.<\/li>\n\n\n            <li>Generazione di fatture e monitoraggio dei pagamenti.<\/li>\n\n\n            <li>Registra, registra e monitora l'avanzamento dei casi.<\/li>\n\n\n            <li>Hai una precedente esperienza nel settore sanitario ed \u00e8 auspicabile la conoscenza del processo di reclamo del NHS.<\/li>\n\n\n            <li>Dovere di scrivere lettere accurate e compassionevoli.<\/li>\n\n\n            <li>Avere la capacit\u00e0 di essere assertivo quando necessario, dire di no se necessario e mantenere la calma, essere professionale e sensibile in ogni momento.<\/li>\n\n\n            <li>Ancora pi\u00f9 importante, ti assicuri che ogni reclamo venga ascoltato, compreso, preso in considerazione, risposto in modo appropriato e appreso.<\/li>\n            <\/ul>\n            <p class=\"text-large\"><strong>Dovresti candidarti se:<\/strong><\/p>\n            <ul>\n            <li>Risiedi nel Regno Unito e attualmente vivi nel Regno Unito.<\/li>\n\n\n            <li>Avere il diritto di lavorare nel Regno Unito: un'offerta di lavoro \u00e8 soggetta a una prova soddisfacente di ci\u00f2.<\/li>\n\n\n            <li>Sono istruiti a un livello di laurea in scienze umane, scienze, letteratura inglese, psicologia o hanno un'esperienza equivalente.<\/li>\n\n\n            <li>Avere un buon livello di alfabetizzazione informatica, in particolare nell'uso di documenti word ed excel.<\/li>\n\n\n            <li>Ha esperienza in una posizione amministrativa o clinica (desiderabile).<\/li>\n\n\n            <li>Sono bravissimi a spiegare le cose alle persone e hanno un inglese scritto impeccabile.<\/li>\n\n\n            <li>Avere un servizio clienti eccellente.<\/li>\n\n\n            <li>Sono ben organizzati.<\/li>\n\n\n            <li>Efficaci capacit\u00e0 di comunicazione scritta, orale e interpersonale e di negoziazione.<\/li>\n\n\n            <li>Avere la capacit\u00e0 di analizzare le informazioni, scrivere rapporti e capacit\u00e0 di presentazione.<\/li>\n\n\n            <li>Essere in grado di dimostrare abilit\u00e0 ben sviluppate nella negoziazione, nella risoluzione dei problemi e nella redazione.<\/li>\n\n\n            <li>Buona gestione del tempo.<\/li>\n            <\/ul>\n           <p>Per ulteriori informazioni, non esitare a contattarci.<\/p>\n            <p class=\"text-large\" style=\"color:red;\"><strong>Si prega di inviare un CV aggiornato e una lettera di presentazione per essere presi in considerazione per questa posizione.<\/strong><\/p>\n            <p>\n                <a href=\"mailto:recruit.hazel@nhs.net\">recruit.hazel@nhs.net<\/a><br>\n                ID di riferimento: Caseanalyst01<br>\n                Scadenza della domanda: 01\/11\/2021<br>\n                Tipi di lavoro: a tempo pieno, a tempo indeterminato<br>\n                Stipendio: \u00a3 16.380,00-\u00a3 18.525,00 all'anno\n            <\/p>\n            <p>\n                Programma:<br>\n                Turno di 8 ore\n            <\/p>\n            <p>\n                Considerazioni sul COVID-19:<br>\n                Tutti sono tenuti a indossare una maschera e le superfici comuni vengono disinfettate regolarmente ecc.\n            <\/p>\n            <p>\n                Istruzione:<br>\n                Laurea triennale (preferito)\n            <\/p>\n            <p>\n                Lavora da remoto:<br>\n                No\n            <\/p>\n        <\/div>\n        <!-- end panel 4 -->\n    <\/div>\n    <!-- end div class=\"panelContainer\" or panel wrapper -->\n<\/div>\n<!-- ends the tabbed panels \/ wrapper--><\/div><\/div><\/div><\/div><\/div><\/div><\/div><\/div>\n","protected":false},"excerpt":{"rendered":"<p>ENTRA NEL NOSTRO GRUPPO Siamo appassionati di nutrire e supportare il nostro personale per fornire la massima qualit\u00e0 di assistenza a tutti i nostri pazienti. Clicca qui per registrarti Carriere Receptionist medico Medici Farmacisti clinici Analista di casi L&#8217;Hazeldene Medical Center \u00e8 alla ricerca di un receptionist \/ amministratore di base che si unisca al [&hellip;]<\/p>\n","protected":false},"author":4,"featured_media":0,"parent":0,"menu_order":0,"comment_status":"closed","ping_status":"closed","template":"","meta":{"_acf_changed":false,"footnotes":""},"class_list":["post-5066","page","type-page","status-publish","hentry"],"acf":[],"yoast_head":"<!-- This site is optimized with the Yoast SEO plugin v22.6 - https:\/\/yoast.com\/wordpress\/plugins\/seo\/ -->\n<title>Careers With Us - NHS Careers | NHS GP<\/title>\n<meta name=\"description\" content=\"Looking for a new job in the healthcare sector? Then take a look at the roles we have available here today!\" \/>\n<meta name=\"robots\" content=\"index, follow, max-snippet:-1, max-image-preview:large, max-video-preview:-1\" \/>\n<link rel=\"canonical\" href=\"https:\/\/www.nhsgp.net\/it\/careers\/\" \/>\n<meta property=\"og:locale\" content=\"it_IT\" \/>\n<meta property=\"og:type\" content=\"article\" \/>\n<meta property=\"og:title\" content=\"Careers With Us - NHS Careers | NHS GP\" \/>\n<meta property=\"og:description\" content=\"Looking for a new job in the healthcare sector? Then take a look at the roles we have available here today!\" \/>\n<meta property=\"og:url\" content=\"https:\/\/www.nhsgp.net\/it\/careers\/\" \/>\n<meta property=\"og:site_name\" content=\"NHS GP\" \/>\n<meta property=\"article:modified_time\" content=\"2023-01-25T13:50:51+00:00\" \/>\n<meta name=\"twitter:card\" content=\"summary_large_image\" \/>\n<meta name=\"twitter:label1\" content=\"Tempo di lettura stimato\" \/>\n\t<meta name=\"twitter:data1\" content=\"7 minuti\" \/>\n<script type=\"application\/ld+json\" class=\"yoast-schema-graph\">{\"@context\":\"https:\/\/schema.org\",\"@graph\":[{\"@type\":\"WebPage\",\"@id\":\"https:\/\/www.nhsgp.net\/it\/careers\/\",\"url\":\"https:\/\/www.nhsgp.net\/it\/careers\/\",\"name\":\"Careers With Us - NHS Careers | NHS GP\",\"isPartOf\":{\"@id\":\"https:\/\/www.nhsgp.net\/#website\"},\"datePublished\":\"2022-11-16T04:46:57+00:00\",\"dateModified\":\"2023-01-25T13:50:51+00:00\",\"description\":\"Looking for a new job in the healthcare sector? Then take a look at the roles we have available here today!\",\"breadcrumb\":{\"@id\":\"https:\/\/www.nhsgp.net\/it\/careers\/#breadcrumb\"},\"inLanguage\":\"it-IT\",\"potentialAction\":[{\"@type\":\"ReadAction\",\"target\":[\"https:\/\/www.nhsgp.net\/it\/careers\/\"]}]},{\"@type\":\"BreadcrumbList\",\"@id\":\"https:\/\/www.nhsgp.net\/it\/careers\/#breadcrumb\",\"itemListElement\":[{\"@type\":\"ListItem\",\"position\":1,\"name\":\"Home\",\"item\":\"https:\/\/www.nhsgp.net\/\"},{\"@type\":\"ListItem\",\"position\":2,\"name\":\"Carriere\"}]},{\"@type\":\"WebSite\",\"@id\":\"https:\/\/www.nhsgp.net\/#website\",\"url\":\"https:\/\/www.nhsgp.net\/\",\"name\":\"NHS GP\",\"description\":\"GP Pathfinder Clinics\",\"publisher\":{\"@id\":\"https:\/\/www.nhsgp.net\/#organization\"},\"potentialAction\":[{\"@type\":\"SearchAction\",\"target\":{\"@type\":\"EntryPoint\",\"urlTemplate\":\"https:\/\/www.nhsgp.net\/?s={search_term_string}\"},\"query-input\":\"required name=search_term_string\"}],\"inLanguage\":\"it-IT\"},{\"@type\":\"Organization\",\"@id\":\"https:\/\/www.nhsgp.net\/#organization\",\"name\":\"NHS GP\",\"url\":\"https:\/\/www.nhsgp.net\/\",\"logo\":{\"@type\":\"ImageObject\",\"inLanguage\":\"it-IT\",\"@id\":\"https:\/\/www.nhsgp.net\/#\/schema\/logo\/image\/\",\"url\":\"https:\/\/www.nhsgp.net\/wp-content\/uploads\/2025\/02\/NHS_LOGO.png\",\"contentUrl\":\"https:\/\/www.nhsgp.net\/wp-content\/uploads\/2025\/02\/NHS_LOGO.png\",\"width\":354,\"height\":143,\"caption\":\"NHS GP\"},\"image\":{\"@id\":\"https:\/\/www.nhsgp.net\/#\/schema\/logo\/image\/\"}}]}<\/script>\n<!-- \/ Yoast SEO plugin. -->","yoast_head_json":{"title":"Careers With Us - NHS Careers | NHS GP","description":"Looking for a new job in the healthcare sector? Then take a look at the roles we have available here today!","robots":{"index":"index","follow":"follow","max-snippet":"max-snippet:-1","max-image-preview":"max-image-preview:large","max-video-preview":"max-video-preview:-1"},"canonical":"https:\/\/www.nhsgp.net\/it\/careers\/","og_locale":"it_IT","og_type":"article","og_title":"Careers With Us - NHS Careers | NHS GP","og_description":"Looking for a new job in the healthcare sector? Then take a look at the roles we have available here today!","og_url":"https:\/\/www.nhsgp.net\/it\/careers\/","og_site_name":"NHS GP","article_modified_time":"2023-01-25T13:50:51+00:00","twitter_card":"summary_large_image","twitter_misc":{"Tempo di lettura stimato":"7 minuti"},"schema":{"@context":"https:\/\/schema.org","@graph":[{"@type":"WebPage","@id":"https:\/\/www.nhsgp.net\/it\/careers\/","url":"https:\/\/www.nhsgp.net\/it\/careers\/","name":"Careers With Us - NHS Careers | NHS GP","isPartOf":{"@id":"https:\/\/www.nhsgp.net\/#website"},"datePublished":"2022-11-16T04:46:57+00:00","dateModified":"2023-01-25T13:50:51+00:00","description":"Looking for a new job in the healthcare sector? Then take a look at the roles we have available here today!","breadcrumb":{"@id":"https:\/\/www.nhsgp.net\/it\/careers\/#breadcrumb"},"inLanguage":"it-IT","potentialAction":[{"@type":"ReadAction","target":["https:\/\/www.nhsgp.net\/it\/careers\/"]}]},{"@type":"BreadcrumbList","@id":"https:\/\/www.nhsgp.net\/it\/careers\/#breadcrumb","itemListElement":[{"@type":"ListItem","position":1,"name":"Home","item":"https:\/\/www.nhsgp.net\/"},{"@type":"ListItem","position":2,"name":"Carriere"}]},{"@type":"WebSite","@id":"https:\/\/www.nhsgp.net\/#website","url":"https:\/\/www.nhsgp.net\/","name":"NHS GP","description":"GP Pathfinder Clinics","publisher":{"@id":"https:\/\/www.nhsgp.net\/#organization"},"potentialAction":[{"@type":"SearchAction","target":{"@type":"EntryPoint","urlTemplate":"https:\/\/www.nhsgp.net\/?s={search_term_string}"},"query-input":"required name=search_term_string"}],"inLanguage":"it-IT"},{"@type":"Organization","@id":"https:\/\/www.nhsgp.net\/#organization","name":"NHS GP","url":"https:\/\/www.nhsgp.net\/","logo":{"@type":"ImageObject","inLanguage":"it-IT","@id":"https:\/\/www.nhsgp.net\/#\/schema\/logo\/image\/","url":"https:\/\/www.nhsgp.net\/wp-content\/uploads\/2025\/02\/NHS_LOGO.png","contentUrl":"https:\/\/www.nhsgp.net\/wp-content\/uploads\/2025\/02\/NHS_LOGO.png","width":354,"height":143,"caption":"NHS GP"},"image":{"@id":"https:\/\/www.nhsgp.net\/#\/schema\/logo\/image\/"}}]}},"jetpack_sharing_enabled":true,"_links":{"self":[{"href":"https:\/\/www.nhsgp.net\/it\/wp-json\/wp\/v2\/pages\/5066","targetHints":{"allow":["GET"]}}],"collection":[{"href":"https:\/\/www.nhsgp.net\/it\/wp-json\/wp\/v2\/pages"}],"about":[{"href":"https:\/\/www.nhsgp.net\/it\/wp-json\/wp\/v2\/types\/page"}],"author":[{"embeddable":true,"href":"https:\/\/www.nhsgp.net\/it\/wp-json\/wp\/v2\/users\/4"}],"replies":[{"embeddable":true,"href":"https:\/\/www.nhsgp.net\/it\/wp-json\/wp\/v2\/comments?post=5066"}],"version-history":[{"count":5,"href":"https:\/\/www.nhsgp.net\/it\/wp-json\/wp\/v2\/pages\/5066\/revisions"}],"predecessor-version":[{"id":7798,"href":"https:\/\/www.nhsgp.net\/it\/wp-json\/wp\/v2\/pages\/5066\/revisions\/7798"}],"wp:attachment":[{"href":"https:\/\/www.nhsgp.net\/it\/wp-json\/wp\/v2\/media?parent=5066"}],"curies":[{"name":"wp","href":"https:\/\/api.w.org\/{rel}","templated":true}]}}