{"id":5170,"date":"2022-12-01T08:08:06","date_gmt":"2022-12-01T08:08:06","guid":{"rendered":"http:\/\/1139313165.test.prositehosting.co.uk\/conditions-dutilisation\/"},"modified":"2022-12-22T10:19:47","modified_gmt":"2022-12-22T10:19:47","slug":"terms-of-use","status":"publish","type":"page","link":"https:\/\/www.nhsgp.net\/fr\/terms-of-use\/","title":{"rendered":"Conditions d&#039;utilisation"},"content":{"rendered":"<div class=\"vce-row-container\" data-vce-boxed-width=\"true\"><div class=\"vce-row vce-row--col-gap-30 page-section vce-row-equal-height vce-row-content--top\" id=\"el-e60b6cf1\" data-vce-do-apply=\"all el-e60b6cf1\"><div class=\"vce-row-content\" data-vce-element-content=\"true\"><div class=\"vce-col vce-col--md-auto vce-col--xs-1 vce-col--xs-last vce-col--xs-first vce-col--sm-last vce-col--sm-first vce-col--md-last vce-col--lg-last vce-col--xl-last vce-col--md-first vce-col--lg-first vce-col--xl-first\" id=\"el-ce9b422c\"><div class=\"vce-col-inner\" data-vce-do-apply=\"border margin background  el-ce9b422c\"><div class=\"vce-col-content\" data-vce-element-content=\"true\" data-vce-do-apply=\"padding el-ce9b422c\"><div class=\"vce-raw-html\"><div class=\"vce-raw-html-wrapper\" id=\"el-56b05bf3\" data-vce-do-apply=\"all el-56b05bf3\"><h1 style=\"text-align: center;\">Conditions d'utilisation<\/h1>\n<div class=\"space\"><\/div>\n<div class=\"space\"><\/div><\/div><\/div><div class=\"vce-raw-html\"><div class=\"vce-raw-html-wrapper\" id=\"el-a0efa1fe\" data-vce-do-apply=\"all el-a0efa1fe\"><h2>1. Pr\u00e9sentation<\/h2>\n<p><strong>1.1<\/strong>&nbsp;Ce site Web (\"<strong>notre Site<\/strong>\") fait la promotion de l'entreprise qui y est mentionn\u00e9e. Dans ces\nconditions, l'entreprise sera d\u00e9sign\u00e9e par \"nous\" et\/ou \"notre\".<\/p>\n\n<p><strong>1.2<\/strong>&nbsp;L'utilisation de notre Site est r\u00e9gie par les conditions suivantes (les \"<strong>Conditions d'utilisation<\/strong>\"). Si tu ne le fais pas\nacceptez ces conditions d'utilisation, veuillez cesser imm\u00e9diatement d'utiliser notre site. En acc\u00e9dant et en utilisant notre site, vous indiquez\nvotre acceptation d'\u00eatre li\u00e9 par ces conditions d'utilisation. Ils constituent un accord l\u00e9gal entre vous et nous et ne peuvent \u00eatre modifi\u00e9s\navec notre accord. Ils doivent \u00eatre lus conjointement avec tous les d\u00e9tails fournis sur notre site concernant le fonctionnement de notre site.\net les services disponibles, y compris notre Privacy &amp; Politique relative aux cookies et conditions commerciales (le cas \u00e9ch\u00e9ant).<\/p>\n\n<p><strong>1.3<\/strong>&nbsp;Nous nous r\u00e9servons le droit de modifier ces conditions d'utilisation de temps \u00e0 autre sans pr\u00e9avis en\nles modifier sur notre Site.<\/p>\n<div class=\"espace\"><\/div>\n<h2>2. Acc\u00e9der \u00e0 notre Site<\/h2>\n<p><strong>2.1<\/strong>&nbsp;Nous ne pouvons pas garantir que notre Site fonctionnera en continu ou sans interruption ou qu'il sera\nsans erreur. Vous ne devez pas tenter d'interf\u00e9rer avec le bon fonctionnement de notre Site et, en particulier, vous ne devez pas\ntenter de contourner la s\u00e9curit\u00e9, alt\u00e9rer, pirater ou autrement perturber notre site ou tout syst\u00e8me informatique, serveur,\nrouteur ou tout autre appareil connect\u00e9 \u00e0 Internet.<\/p>\n\n<p><strong>2.2<\/strong>&nbsp;Vous \u00eates responsable de vous assurer que votre syst\u00e8me informatique r\u00e9pond \u00e0 toutes les\nsp\u00e9cifications n\u00e9cessaires \u00e0 l'utilisation de notre Site et est compatible avec notre Site. Vous comprenez \u00e9galement que nous ne pouvons pas et ne devons pas\ngarantir ou garantir que tout contenu de notre site sera exempt d'infection, de virus et \/ ou d'autre code qui a\npropri\u00e9t\u00e9s contaminantes ou destructrices. Vous \u00eates responsable de la mise en \u0153uvre de proc\u00e9dures et de contr\u00f4les antivirus suffisants\n(y compris les antivirus et autres contr\u00f4les de s\u00e9curit\u00e9) pour r\u00e9pondre \u00e0 vos exigences particuli\u00e8res en mati\u00e8re de s\u00e9curit\u00e9 et de fiabilit\u00e9\nd'entr\u00e9e et de sortie de donn\u00e9es.<\/p>\n\n<p><strong>2.3<\/strong>&nbsp;From time to time, we may restrict access to certain features or parts of our Site, or our entire\nSite, to users who have registered with us. If you choose, or you are provided with, a user identification code,\npassword or any other piece of information as part of our security procedures, you must treat such information as\nconfidential, and you must not disclose it to any third party. We have the right to disable any user identification code\nor password, whether chosen by you or allocated by us, at any time, if in our opinion you have failed to comply with any\nof the provisions of these Terms of Use.<\/p>\n\n<p><strong>2.4<\/strong>&nbsp;Nous nous r\u00e9servons le droit, \u00e0 notre discr\u00e9tion, de retirer, suspendre ou modifier notre Site ou certains\nfonctionnalit\u00e9s ou parties de notre site avec ou sans pr\u00e9avis, lorsque nous avons des raisons de le faire. Il peut aussi y avoir des moments o\u00f9\nnotre Site ou certaines fonctionnalit\u00e9s ou parties de notre Site deviennent indisponibles, de mani\u00e8re programm\u00e9e ou non. Toi\nconvenez que nous ne serons pas responsables envers vous ou envers un tiers pour tout retrait, modification, indisponibilit\u00e9,\nsuspension ou interruption de notre Site ou de tout service disponible sur ou via notre Site.<\/p>\n<div class=\"espace\"><\/div>\n<h2>3. Utilisation de notre site<\/h2>\n<p><strong>3.1<\/strong>&nbsp;Vous devez utiliser notre Site et les informations disponibles sur notre Site de mani\u00e8re responsable. Aucune information de ce type\npeut \u00eatre utilis\u00e9 \u00e0 des fins ill\u00e9gales, immorales ou antisociales ou en relation avec ces fins, ou d'une mani\u00e8re qui est ou peut \u00eatre\nnuire \u00e0 notre nom ou \u00e0 notre r\u00e9putation.<\/p>\n\n<strong>3.2<\/strong>&nbsp;Vous ne pouvez pas utiliser notre Site&nbsp;:\n<ol type=\"a\">\n<li>\u00e0 des fins ill\u00e9gales&nbsp;;<\/li>\n<li>pour envoyer des spams&nbsp;;<\/li>\n<li>pour blesser, menacer, abuser ou harceler une autre personne, ou d'une mani\u00e8re qui porte atteinte \u00e0 la vie priv\u00e9e de quelqu'un ou qui est (dans notre\nopinion raisonnable) offensante ou inacceptable ou dommageable pour nous, nos clients ou nos fournisseurs&nbsp;;<\/li>\n<li>pour cr\u00e9er, v\u00e9rifier, confirmer, mettre \u00e0 jour ou modifier vos propres bases de donn\u00e9es, enregistrements, r\u00e9pertoires, clients ou ceux de quelqu'un d'autre\nlistes, listes de diffusion ou de prospection&nbsp;;<\/li>\n<li>pour alt\u00e9rer, mettre \u00e0 jour ou modifier toute partie de notre Site&nbsp;;<\/li>\n<li>d'une mani\u00e8re qui affecte son fonctionnement&nbsp;;<\/li>\n<li>d'une mani\u00e8re qui impose une charge d\u00e9raisonnable ou disproportionn\u00e9e sur nous ou sur les communications de nos fournisseurs\net les syst\u00e8mes techniques d\u00e9termin\u00e9s par nous&nbsp;; ou<\/li>\n<li>utiliser tout moyen automatis\u00e9 pour surveiller ou copier notre Site ou son contenu, ou pour interf\u00e9rer avec ou tenter de\ninterf\u00e9rer avec le fonctionnement de notre Site.<\/li>\n<\/ol>\n<div class=\"space\"><\/div>\n<h2>4. Droits de propri\u00e9t\u00e9 intellectuelle<\/h2>\n<p><strong>4.1&nbsp;<\/strong> Tout le contenu de notre Site, y compris, mais sans s'y limiter, les textes, logiciels, photographies et graphiques est\nprot\u00e9g\u00e9 par le droit d'auteur. Nous, ou nos conc\u00e9dants, poss\u00e9dons les droits d'auteur et\/ou de base de donn\u00e9es dans la s\u00e9lection, la coordination,\nl'arrangement et l'am\u00e9lioration de ce contenu, ainsi que dans le contenu original. Sauf indication expresse dans les pr\u00e9sentes\nConditions d'utilisation, rien dans les pr\u00e9sentes Conditions d'utilisation ne vous conf\u00e8re de droits sur la propri\u00e9t\u00e9 intellectuelle d\u00e9tenue par\nnous ou nos conc\u00e9dants de licence. Vous ne revendiquerez ni ne tenterez d'obtenir de tels droits et vous ne devrez pas utiliser, copier, reproduire,\nmodifier, publier, transmettre, participer au transfert ou \u00e0 la vente de, cr\u00e9er des \u0153uvres d\u00e9riv\u00e9es \u00e0 partir de, ou exploiter de quelque mani\u00e8re que ce soit,\nnotre nom, nos marques, logos ou autres marques exclusives, ou tout contenu de notre site, en tout ou en partie, sauf\ncomme pr\u00e9vu dans les pr\u00e9sentes conditions d'utilisation.<\/p>\n<div class=\"espace\"><\/div>\n<h2>5. Si vous fournissez du contenu pour notre Site<\/h2>\n<p><strong>5.1&nbsp;<\/strong>Si vous fournissez du mat\u00e9riel sur notre site (par exemple, en fournissant des notes et des critiques, des commentaires,\narticles ou t\u00e9l\u00e9charger tout autre contenu dans n'importe quel format (y compris la vid\u00e9o) (chaque \"<strong>Contenu utilisateur<\/strong>\"), vous acceptez\npour nous accorder l'autorisation, irr\u00e9vocable et gratuite, d'utiliser le Contenu de l'utilisateur (y compris l'adapter \u00e0 des fins op\u00e9rationnelles\nou pour des raisons \u00e9ditoriales) dans tous les m\u00e9dias du monde entier, pour nos propres activit\u00e9s de marketing, de recherche et de promotion et nos\n\u00e0 des fins commerciales internes qui peuvent inclure la fourniture du contenu utilisateur \u00e0 des partenaires tiers s\u00e9lectionn\u00e9s, le service\nfournisseurs, m\u00e9dias sociaux et sites de r\u00e9seautage.<\/p>\n\n<p><strong>5.2 <\/strong>Vous \u00eates propri\u00e9taire de votre contenu utilisateur \u00e0 tout moment et vous continuez \u00e0 avoir le droit de l'utiliser de la mani\u00e8re que vous\nchoisissez.<\/p>\n\n<p><strong>5.3&nbsp;<\/strong>En fournissant tout Contenu utilisateur sur notre Site, vous confirmez que ce Contenu utilisateur&nbsp;:<\/p>\n<ol type=\"a\">\n<li>est votre propre travail original ou vous \u00eates autoris\u00e9 \u00e0 le fournir sur notre Site et que vous avez le droit de nous donner\nl'autorisation de l'utiliser aux fins \u00e9nonc\u00e9es dans les pr\u00e9sentes conditions d'utilisation&nbsp;;<\/li>\n<li>ne contiendra ni ne promouvra quoi que ce soit d'ill\u00e9gal, de nuisible, de trompeur, d'abusif, de diffamatoire (c'est-\u00e0-dire qu'il ne\nnuire \u00e0 la bonne r\u00e9putation de quelqu'un) ou toute autre chose qui pourrait causer une offense g\u00e9n\u00e9ralis\u00e9e ou nous amener ou notre\ndiscr\u00e9diter les partenaires commerciaux&nbsp;;<\/li>\n<li>ne supprime ni n'affecte les droits \u00e0 la vie priv\u00e9e, les droits contractuels ou tout autre droit d'une autre personne&nbsp;;<\/li>\n<li>ne contient aucun virus ou autre code susceptible d'endommager, d'interf\u00e9rer avec ou d'affecter n\u00e9gativement le\nfonctionnement de notre Site&nbsp;;<\/li>\n<li>, s'il est utilis\u00e9 pour promouvoir votre propre entreprise ou vos propres services, indiquera clairement et ouvertement votre association avec le\nentreprise particuli\u00e8re express\u00e9ment; et<\/li>\n<li>ne contiendra aucune forme de publipostage ou de spam.<\/li>\n<\/ol>\n<p><strong>5.4&nbsp;<\/strong>Si vous ne souhaitez pas nous accorder les autorisations d\u00e9crites ci-dessus, veuillez ne fournir aucun \u00e9l\u00e9ment \u00e0\nnotre Site.<\/p>\n\n<p><strong>5.5&nbsp;<\/strong>Nous n'avons aucune obligation de publier votre contenu utilisateur sur notre site et nous nous r\u00e9servons le droit de supprimer\ntout Contenu utilisateur \u00e0 tout moment et pour quelque raison que ce soit.<\/p>\n\n<p><strong>5.6&nbsp;<\/strong>Nous ne modifions, ne pr\u00e9-v\u00e9rifions ni ne r\u00e9visons aucun Contenu utilisateur affich\u00e9 sur notre Site. Si vous croyez que tout\nLe contenu utilisateur ne respecte pas les exigences \u00e9nonc\u00e9es dans ce paragraphe, veuillez nous en informer imm\u00e9diatement. Nous allons ensuite\nexaminer le contenu de l'utilisateur et, si nous le jugeons appropri\u00e9, le supprimer dans un d\u00e9lai raisonnable.<\/p>\n<div class=\"space\"><\/div>\n<h2>6. Notre responsabilit\u00e9<\/h2>\n<p><strong>6.1&nbsp;<\/strong>Bien que nous esp\u00e9rons que notre site int\u00e9ressera les utilisateurs, nous d\u00e9clinons toute responsabilit\u00e9 et n'offrons aucune\ngaranties ou conditions relatives \u00e0 notre site ou \u00e0 son contenu, dans toute la mesure o\u00f9 cette responsabilit\u00e9 peut \u00eatre exclue par\nloi.<\/p>\n\n<p><strong>6.2&nbsp;<\/strong> Il n'y a aucune limite \u00e0 ce dont nous et les personnes qui fournissent nos services serons responsables si quelqu'un\nmeurt ou est bless\u00e9 \u00e0 cause de notre n\u00e9gligence ou parce que nous avons commis une fraude.<\/p>\n\n<p><strong>6.3&nbsp;<\/strong>En aucun cas nous, le propri\u00e9taire ou l'op\u00e9rateur de notre Site, ou toute autre organisation\nimpliqu\u00e9 dans la cr\u00e9ation, la production, la maintenance ou la distribution de notre Site ne pourra \u00eatre tenu responsable, que ce soit de mani\u00e8re contractuelle, d\u00e9lictuelle (y compris\nn\u00e9gligence), manquement \u00e0 une obligation l\u00e9gale, m\u00eame pr\u00e9visible, pour toute perte de&nbsp;:<\/p>\n<ol type=\"a\">\n<li>les b\u00e9n\u00e9fices, les ventes, l'activit\u00e9 ou les revenus&nbsp;;<\/li>\n<li>interruption d'activit\u00e9&nbsp;;<\/li>\n<li>\u00e9conomies anticip\u00e9es&nbsp;;<\/li>\n<li>opportunit\u00e9 commerciale, client\u00e8le ou r\u00e9putation&nbsp;;<\/li>\n<li>utilisation ou corruption d'informations&nbsp;; ou<\/li>\n<li>informations.<\/li>\n<\/ol>\n<p><strong>6.4&nbsp;<\/strong>Si nous ne respectons pas ces conditions, nous ne serons responsables que des pertes que vous avez subies en tant que\nun r\u00e9sultat direct. Nous ne sommes pas responsables envers vous de toute autre perte, que ces pertes soient dues au fait que nous n'avons pas respect\u00e9 nos\nobligations ou contrat, \u00e0 cause de quelque chose que nous avons fait ou non par n\u00e9gligence, \u00e0 cause de d\u00e9clarations diffamatoires ou\nresponsabilit\u00e9 pour un produit ou autrement \u00e0 la suite de&nbsp;:<\/p>\n<ol type=\"a\">\n<li>l'utilisation ou l'impossibilit\u00e9 d'utiliser notre Site&nbsp;;<\/li>\n<li>l'utilisation ou le recours \u00e0 tout contenu affich\u00e9 sur notre Site&nbsp;; toute erreur, faute, d\u00e9faut de faire quelque chose, manquant\ninformations, ou virus sur notre site ou s'il ne fonctionne pas correctement en raison d'incidents hors de notre contr\u00f4le\ntelles que (mais sans s'y limiter) les interruptions de communication et de r\u00e9seaux et les circonstances ind\u00e9pendantes de notre volont\u00e9&nbsp;;\n<\/li>\n<li>vol, destruction d'informations ou acc\u00e8s de quelqu'un \u00e0 nos dossiers, programmes ou services sans notre\nautorisation; ou<\/li>\n<li>biens, produits, services ou informations re\u00e7us ou annonc\u00e9s sur tout site Web auquel nous renvoyons \u00e0 partir de notre\nsite.<\/li>\n<\/ol>\n<div class=\"space\"><\/div>\n<h2><strong>7. G\u00e9n\u00e9ral<\/strong><\/h2>\n<p><strong>7.1&nbsp;<\/strong>Lorsque notre site contient des liens vers d'autres sites Web et ressources fournis par des tiers, ces\nles liens sont fournis \u00e0 titre informatif uniquement. Nous n'avons aucun contr\u00f4le sur le contenu de ces sites Web ou ressources.<\/p>\n\n<p><strong>7.2&nbsp;<\/strong>Tout avis juridique officiel doit nous \u00eatre envoy\u00e9 en utilisant les d\u00e9tails indiqu\u00e9s sur notre site.<\/p>\n\n<p><strong>7.3<\/strong>&nbsp;Le d\u00e9faut de notre part de faire valoir un droit n'entra\u00eene pas la renonciation \u00e0 ce droit. Vous ne pouvez pas c\u00e9der ou\ntransf\u00e9rer vos droits en vertu des pr\u00e9sentes conditions d'utilisation.<\/p>\n\n<p><strong>7.4<\/strong>&nbsp;Si une partie des pr\u00e9sentes Conditions d'utilisation s'av\u00e8re inapplicable au regard de la loi, toutes les autres parties\nde ces conditions d'utilisation ne seront pas affect\u00e9es3. et restera en vigueur.<\/p>\n<div class=\"espace\"><\/div>\n<h2>8. Droit applicable et juridiction<\/h2>\n<p><strong>8.1&nbsp;<\/strong>Ces conditions constituent l'int\u00e9gralit\u00e9 de l'accord entre vous et nous concernant la mani\u00e8re dont vous utilisez notre Site. Si un tribunal\nd\u00e9cide qu'une condition n'est pas valide, le reste des conditions s'appliquera toujours.<\/p>\n\n<p><strong>8.2<\/strong>&nbsp;Les lois d'Angleterre et du Pays de Galles s'appliquent \u00e0 votre utilisation de notre Site et \u00e0 ces conditions. Nous contr\u00f4lons notre\nSite depuis le Royaume-Uni. Cependant, vous pouvez acc\u00e9der \u00e0 notre site \u00e0 partir d'autres endroits dans le monde.\nBien que ces lieux puissent avoir des lois diff\u00e9rentes des lois d'Angleterre et du Pays de Galles, en utilisant notre site, vous acceptez que le\nles lois d'Angleterre et du Pays de Galles s'appliqueront \u00e0 tout ce qui concerne votre utilisation de notre site et vous acceptez de vous conformer \u00e0 ces lois.\nNous avons le droit de vous traduire en justice dans le pays dans lequel vous vivez.<\/p>\n<div class=\"espace\"><\/div>\n<h2>9. Comment nous contacter<\/h2>\n<p><strong>9.1&nbsp;<\/strong>Si vous rencontrez des probl\u00e8mes avec notre site ou si vous souhaitez le commenter, n'h\u00e9sitez pas \u00e0\ncontactez-nous en utilisant les coordonn\u00e9es indiqu\u00e9es sur notre Site.<\/p><\/div><\/div><\/div><\/div><\/div><\/div><\/div><\/div>\n","protected":false},"excerpt":{"rendered":"<p>Conditions d&#8217;utilisation 1. Pr\u00e9sentation 1.1&nbsp;Ce site Web (&#8220;notre Site&#8221;) fait la promotion de l&#8217;entreprise qui y est mentionn\u00e9e. Dans ces conditions, l&#8217;entreprise sera d\u00e9sign\u00e9e par &#8220;nous&#8221; et\/ou &#8220;notre&#8221;. 1.2&nbsp;L&#8217;utilisation de notre Site est r\u00e9gie par les conditions suivantes (les &#8220;Conditions d&#8217;utilisation&#8221;). Si tu ne le fais pas acceptez ces conditions d&#8217;utilisation, veuillez cesser imm\u00e9diatement d&#8217;utiliser [&hellip;]<\/p>\n","protected":false},"author":4,"featured_media":0,"parent":0,"menu_order":0,"comment_status":"closed","ping_status":"closed","template":"","meta":{"_acf_changed":false,"footnotes":""},"class_list":["post-5170","page","type-page","status-publish","hentry"],"acf":[],"yoast_head":"<!-- This site is optimized with the Yoast SEO plugin v22.6 - https:\/\/yoast.com\/wordpress\/plugins\/seo\/ -->\n<title>Conditions d&#039;utilisation - NHS GP<\/title>\n<meta name=\"robots\" content=\"index, follow, max-snippet:-1, max-image-preview:large, max-video-preview:-1\" \/>\n<link rel=\"canonical\" href=\"https:\/\/www.nhsgp.net\/fr\/terms-of-use\/\" \/>\n<meta property=\"og:locale\" content=\"fr_FR\" \/>\n<meta property=\"og:type\" content=\"article\" \/>\n<meta property=\"og:title\" content=\"Conditions d&#039;utilisation - NHS GP\" \/>\n<meta property=\"og:description\" content=\"Conditions d&#039;utilisation 1. Pr\u00e9sentation 1.1&nbsp;Ce site Web (&quot;notre Site&quot;) fait la promotion de l&#039;entreprise qui y est mentionn\u00e9e. Dans ces conditions, l&#039;entreprise sera d\u00e9sign\u00e9e par &quot;nous&quot; et\/ou &quot;notre&quot;. 1.2&nbsp;L&#039;utilisation de notre Site est r\u00e9gie par les conditions suivantes (les &quot;Conditions d&#039;utilisation&quot;). Si tu ne le fais pas acceptez ces conditions d&#039;utilisation, veuillez cesser imm\u00e9diatement d&#039;utiliser [&hellip;]\" \/>\n<meta property=\"og:url\" content=\"https:\/\/www.nhsgp.net\/fr\/terms-of-use\/\" \/>\n<meta property=\"og:site_name\" content=\"NHS GP\" \/>\n<meta property=\"article:modified_time\" content=\"2022-12-22T10:19:47+00:00\" \/>\n<meta name=\"twitter:card\" content=\"summary_large_image\" \/>\n<meta name=\"twitter:label1\" content=\"Dur\u00e9e de lecture estim\u00e9e\" \/>\n\t<meta name=\"twitter:data1\" content=\"11 minutes\" \/>\n<script type=\"application\/ld+json\" class=\"yoast-schema-graph\">{\"@context\":\"https:\/\/schema.org\",\"@graph\":[{\"@type\":\"WebPage\",\"@id\":\"https:\/\/www.nhsgp.net\/fr\/terms-of-use\/\",\"url\":\"https:\/\/www.nhsgp.net\/fr\/terms-of-use\/\",\"name\":\"Conditions d&#039;utilisation - NHS GP\",\"isPartOf\":{\"@id\":\"https:\/\/www.nhsgp.net\/#website\"},\"datePublished\":\"2022-12-01T08:08:06+00:00\",\"dateModified\":\"2022-12-22T10:19:47+00:00\",\"breadcrumb\":{\"@id\":\"https:\/\/www.nhsgp.net\/fr\/terms-of-use\/#breadcrumb\"},\"inLanguage\":\"fr-FR\",\"potentialAction\":[{\"@type\":\"ReadAction\",\"target\":[\"https:\/\/www.nhsgp.net\/fr\/terms-of-use\/\"]}]},{\"@type\":\"BreadcrumbList\",\"@id\":\"https:\/\/www.nhsgp.net\/fr\/terms-of-use\/#breadcrumb\",\"itemListElement\":[{\"@type\":\"ListItem\",\"position\":1,\"name\":\"Home\",\"item\":\"https:\/\/www.nhsgp.net\/\"},{\"@type\":\"ListItem\",\"position\":2,\"name\":\"Conditions d&#039;utilisation\"}]},{\"@type\":\"WebSite\",\"@id\":\"https:\/\/www.nhsgp.net\/#website\",\"url\":\"https:\/\/www.nhsgp.net\/\",\"name\":\"NHS GP\",\"description\":\"GP Pathfinder Clinics\",\"publisher\":{\"@id\":\"https:\/\/www.nhsgp.net\/#organization\"},\"potentialAction\":[{\"@type\":\"SearchAction\",\"target\":{\"@type\":\"EntryPoint\",\"urlTemplate\":\"https:\/\/www.nhsgp.net\/?s={search_term_string}\"},\"query-input\":\"required name=search_term_string\"}],\"inLanguage\":\"fr-FR\"},{\"@type\":\"Organization\",\"@id\":\"https:\/\/www.nhsgp.net\/#organization\",\"name\":\"NHS GP\",\"url\":\"https:\/\/www.nhsgp.net\/\",\"logo\":{\"@type\":\"ImageObject\",\"inLanguage\":\"fr-FR\",\"@id\":\"https:\/\/www.nhsgp.net\/#\/schema\/logo\/image\/\",\"url\":\"https:\/\/www.nhsgp.net\/wp-content\/uploads\/2025\/02\/NHS_LOGO.png\",\"contentUrl\":\"https:\/\/www.nhsgp.net\/wp-content\/uploads\/2025\/02\/NHS_LOGO.png\",\"width\":354,\"height\":143,\"caption\":\"NHS GP\"},\"image\":{\"@id\":\"https:\/\/www.nhsgp.net\/#\/schema\/logo\/image\/\"}}]}<\/script>\n<!-- \/ Yoast SEO plugin. -->","yoast_head_json":{"title":"Conditions d&#039;utilisation - NHS GP","robots":{"index":"index","follow":"follow","max-snippet":"max-snippet:-1","max-image-preview":"max-image-preview:large","max-video-preview":"max-video-preview:-1"},"canonical":"https:\/\/www.nhsgp.net\/fr\/terms-of-use\/","og_locale":"fr_FR","og_type":"article","og_title":"Conditions d&#039;utilisation - NHS GP","og_description":"Conditions d'utilisation 1. Pr\u00e9sentation 1.1&nbsp;Ce site Web (\"notre Site\") fait la promotion de l'entreprise qui y est mentionn\u00e9e. Dans ces conditions, l'entreprise sera d\u00e9sign\u00e9e par \"nous\" et\/ou \"notre\". 1.2&nbsp;L'utilisation de notre Site est r\u00e9gie par les conditions suivantes (les \"Conditions d'utilisation\"). Si tu ne le fais pas acceptez ces conditions d'utilisation, veuillez cesser imm\u00e9diatement d'utiliser [&hellip;]","og_url":"https:\/\/www.nhsgp.net\/fr\/terms-of-use\/","og_site_name":"NHS GP","article_modified_time":"2022-12-22T10:19:47+00:00","twitter_card":"summary_large_image","twitter_misc":{"Dur\u00e9e de lecture estim\u00e9e":"11 minutes"},"schema":{"@context":"https:\/\/schema.org","@graph":[{"@type":"WebPage","@id":"https:\/\/www.nhsgp.net\/fr\/terms-of-use\/","url":"https:\/\/www.nhsgp.net\/fr\/terms-of-use\/","name":"Conditions d&#039;utilisation - NHS GP","isPartOf":{"@id":"https:\/\/www.nhsgp.net\/#website"},"datePublished":"2022-12-01T08:08:06+00:00","dateModified":"2022-12-22T10:19:47+00:00","breadcrumb":{"@id":"https:\/\/www.nhsgp.net\/fr\/terms-of-use\/#breadcrumb"},"inLanguage":"fr-FR","potentialAction":[{"@type":"ReadAction","target":["https:\/\/www.nhsgp.net\/fr\/terms-of-use\/"]}]},{"@type":"BreadcrumbList","@id":"https:\/\/www.nhsgp.net\/fr\/terms-of-use\/#breadcrumb","itemListElement":[{"@type":"ListItem","position":1,"name":"Home","item":"https:\/\/www.nhsgp.net\/"},{"@type":"ListItem","position":2,"name":"Conditions d&#039;utilisation"}]},{"@type":"WebSite","@id":"https:\/\/www.nhsgp.net\/#website","url":"https:\/\/www.nhsgp.net\/","name":"NHS GP","description":"GP Pathfinder Clinics","publisher":{"@id":"https:\/\/www.nhsgp.net\/#organization"},"potentialAction":[{"@type":"SearchAction","target":{"@type":"EntryPoint","urlTemplate":"https:\/\/www.nhsgp.net\/?s={search_term_string}"},"query-input":"required name=search_term_string"}],"inLanguage":"fr-FR"},{"@type":"Organization","@id":"https:\/\/www.nhsgp.net\/#organization","name":"NHS GP","url":"https:\/\/www.nhsgp.net\/","logo":{"@type":"ImageObject","inLanguage":"fr-FR","@id":"https:\/\/www.nhsgp.net\/#\/schema\/logo\/image\/","url":"https:\/\/www.nhsgp.net\/wp-content\/uploads\/2025\/02\/NHS_LOGO.png","contentUrl":"https:\/\/www.nhsgp.net\/wp-content\/uploads\/2025\/02\/NHS_LOGO.png","width":354,"height":143,"caption":"NHS GP"},"image":{"@id":"https:\/\/www.nhsgp.net\/#\/schema\/logo\/image\/"}}]}},"jetpack_sharing_enabled":true,"_links":{"self":[{"href":"https:\/\/www.nhsgp.net\/fr\/wp-json\/wp\/v2\/pages\/5170","targetHints":{"allow":["GET"]}}],"collection":[{"href":"https:\/\/www.nhsgp.net\/fr\/wp-json\/wp\/v2\/pages"}],"about":[{"href":"https:\/\/www.nhsgp.net\/fr\/wp-json\/wp\/v2\/types\/page"}],"author":[{"embeddable":true,"href":"https:\/\/www.nhsgp.net\/fr\/wp-json\/wp\/v2\/users\/4"}],"replies":[{"embeddable":true,"href":"https:\/\/www.nhsgp.net\/fr\/wp-json\/wp\/v2\/comments?post=5170"}],"version-history":[{"count":4,"href":"https:\/\/www.nhsgp.net\/fr\/wp-json\/wp\/v2\/pages\/5170\/revisions"}],"predecessor-version":[{"id":5179,"href":"https:\/\/www.nhsgp.net\/fr\/wp-json\/wp\/v2\/pages\/5170\/revisions\/5179"}],"wp:attachment":[{"href":"https:\/\/www.nhsgp.net\/fr\/wp-json\/wp\/v2\/media?parent=5170"}],"curies":[{"name":"wp","href":"https:\/\/api.w.org\/{rel}","templated":true}]}}