{"id":5156,"date":"2022-11-16T04:04:22","date_gmt":"2022-11-16T04:04:22","guid":{"rendered":"http:\/\/1139313165.test.prositehosting.co.uk\/safe-surgery\/"},"modified":"2025-05-28T09:20:13","modified_gmt":"2025-05-28T09:20:13","slug":"safe-surgery","status":"publish","type":"page","link":"https:\/\/www.nhsgp.net\/fr\/safe-surgery\/","title":{"rendered":"Chirurgie s\u00e9curitaire"},"content":{"rendered":"<div class=\"vce-row-container\" data-vce-boxed-width=\"true\"><div class=\"vce-row vce-row--col-gap-30 page-section vce-row-equal-height vce-row-content--top\" id=\"el-9491b4fa\" data-vce-do-apply=\"all el-9491b4fa\"><div class=\"vce-content-background-container\"><\/div><div class=\"vce-row-content\" data-vce-element-content=\"true\"><div class=\"vce-col vce-col--md-auto vce-col--xs-1 vce-col--xs-last vce-col--xs-first vce-col--sm-last vce-col--sm-first vce-col--md-last vce-col--lg-last vce-col--xl-last vce-col--md-first vce-col--lg-first vce-col--xl-first\" id=\"el-fc884ac5\"><div class=\"vce-col-inner\" data-vce-do-apply=\"border margin background  el-fc884ac5\"><div class=\"vce-col-content\" data-vce-element-content=\"true\" data-vce-do-apply=\"padding el-fc884ac5\"><div class=\"vce-raw-html\"><div class=\"vce-raw-html-wrapper\" id=\"el-39a96ae0\" data-vce-do-apply=\"all el-39a96ae0\"><h2 style=\"text-align: center;\">Fier d'\u00eatre un<\/h2>\n<div class=\"space\"><\/div>\n<img decoding=\"async\" src=\"\/wp-content\/uploads\/2022\/11\/SafeSurgery.png\" alt=\"\" style=\"margin: 0 auto; display: block;max-width:100%;\">\n<div class=\"space\"><\/div>\n<div class=\"space\"><\/div>\n<div style=\"text-align: center;\"><a class=\"btn btn-lg\" href=\"https:\/\/www.nhsgp.net\/area\/\" target=\"_blank\" rel=\"noopener\">Cliquez ici pour vous inscrire<\/a><\/div>\n<\/div><\/div><\/div><\/div><\/div><\/div><\/div><\/div><div class=\"vce-row-container\"><div class=\"vce-row vce-element--has-background vce-row--col-gap-30 top-page-section vce-row-equal-height vce-row-content--top\" data-vce-full-width=\"true\" id=\"el-4fb43c38\" data-vce-do-apply=\"all el-4fb43c38\"><div class=\"vce-content-background-container\"><\/div><div class=\"vce-row-content\" data-vce-element-content=\"true\"><div class=\"vce-col vce-col--md-auto vce-col--xs-1 vce-col--xs-last vce-col--xs-first vce-col--sm-last vce-col--sm-first vce-col--md-last vce-col--lg-last vce-col--xl-last vce-col--md-first vce-col--lg-first vce-col--xl-first\" id=\"el-85f4047b\"><div class=\"vce-col-inner\" data-vce-do-apply=\"border margin background  el-85f4047b\"><div class=\"vce-col-content\" data-vce-element-content=\"true\" data-vce-do-apply=\"padding el-85f4047b\"><div class=\"vce-raw-html\"><div class=\"vce-raw-html-wrapper\" id=\"el-502e0a8e\" data-vce-do-apply=\"all el-502e0a8e\"><h2 style=\"text-align: center;\">Notre \u00e9quipe clinique<\/h2>\n<div class=\"space\"><\/div><\/div><\/div><\/div><\/div><\/div><\/div><\/div><\/div><div class=\"vce-row-container\"><div class=\"vce-row vce-element--has-background vce-row--col-gap-30  online-book-section page-section pt-0 vce-row-equal-height vce-row-content--top\" data-vce-full-width=\"true\" id=\"el-8b527857\" data-vce-do-apply=\"all el-8b527857\"><div class=\"vce-content-background-container\"><\/div><div class=\"vce-row-content\" data-vce-element-content=\"true\"><div class=\"vce-col vce-col--md-auto vce-col--xs-1 vce-col--xs-last vce-col--xs-first vce-col--sm-last vce-col--sm-first vce-col--md-first vce-col--lg-first vce-col--xl-first\" id=\"el-a61618e6\"><div class=\"vce-col-inner\" data-vce-do-apply=\"border margin background  el-a61618e6\"><div class=\"vce-col-content\" data-vce-element-content=\"true\" data-vce-do-apply=\"padding el-a61618e6\"><div class=\"vce-single-image-container vce-single-image--align-left\"><div class=\"vce vce-single-image-wrapper\" id=\"el-43676554\" data-vce-do-apply=\"all el-43676554\"><figure><div class=\"vce-single-image-figure-inner\" style=\"width: 755px;\"><div class=\"vce-single-image-inner vce-single-image--absolute\" style=\"width: 100%; padding-bottom: 135.629%;\"><img loading=\"lazy\" decoding=\"async\" class=\"vce-single-image\"  width=\"755\" height=\"1024\" srcset=\"\/wp-content\/uploads\/2022\/11\/what-we-can-do-755x1024.jpg 755w, \/wp-content\/uploads\/2022\/11\/what-we-can-do-320x434.jpg 320w, \/wp-content\/uploads\/2022\/11\/what-we-can-do-480x651.jpg 480w, \/wp-content\/uploads\/2022\/11\/what-we-can-do-800x1085.jpg 800w\" src=\"\/wp-content\/uploads\/2022\/11\/what-we-can-do-755x1024.jpg\" data-img-src=\"\/wp-content\/uploads\/2022\/11\/what-we-can-do.jpg\" data-attachment-id=\"661\"  alt=\"\" title=\"what-we-can-do\" \/><\/div><\/div><figcaption hidden=\"\"><\/figcaption><\/figure><\/div><\/div><\/div><\/div><\/div><div class=\"vce-col vce-col--md-auto vce-col--xs-1 vce-col--xs-last vce-col--xs-first vce-col--sm-last vce-col--sm-first vce-col--md-last vce-col--lg-last vce-col--xl-last\" id=\"el-d74e23ab\"><div class=\"vce-col-inner\" data-vce-do-apply=\"border margin background  el-d74e23ab\"><div class=\"vce-col-content\" data-vce-element-content=\"true\" data-vce-do-apply=\"padding el-d74e23ab\"><div class=\"vce-raw-html br-none\"><div class=\"vce-raw-html-wrapper\" id=\"el-b46c4751\" data-vce-do-apply=\"all el-b46c4751\"><p>\nEn reconnaissance des obstacles \u00e0 l'acc\u00e8s aux soins de sant\u00e9 rencontr\u00e9s par les personnes vuln\u00e9rables<br>\ncirconstances, y compris les migrants, nous nous engageons \u00e0 prot\u00e9ger le droit humain \u00e0 la sant\u00e9.<br>\nNous prendrons des mesures pour nous assurer que tous les membres de notre communaut\u00e9 peuvent remplir leur<br>\ndroit \u00e0 des soins de sant\u00e9 de qualit\u00e9.\n<\/p>\n<p>\nEn partenariat avec M\u00e9decins du Monde Royaume-Uni, nous veillerons \u00e0 ce que notre cabinet offre une<br>\nespace accueillant pour tous ceux qui cherchent \u00e0 utiliser nos services.\n<\/p>\n<p>\nConscients de nos devoirs de faire respecter le droit \u00e0 l'\u00e9galit\u00e9 et aux droits de l'homme, nous mettrons en \u0153uvre<br>\ndes politiques d'enregistrement des patients qui ne font aucune discrimination fond\u00e9e sur la race, le sexe, le sexe<br>\nl'orientation, le statut d'immigrant ou toute autre caract\u00e9ristique.\n<\/p>\n<p>\nSoutenus par l'initiative Safe Surgeries, nous veillerons \u00e0 ce que notre personnel comprenne<br>\nles obstacles sp\u00e9cifiques rencontr\u00e9s par les migrants en situation de vuln\u00e9rabilit\u00e9 et qu'ils sont<br>\nhabilit\u00e9s \u00e0 att\u00e9nuer ces obstacles, dans la mesure du possible.<br>\n<\/p>\n<p>\nNous veillerons \u00e0 ce qu'un manque d'identification ou de preuve d'adresse, de statut d'immigration ou<br>\nla langue n'emp\u00eache pas l'enregistrement des patients.\n<\/p>\n<p class=\"br-none\">\nEn tant que membre de la communaut\u00e9 Safe Surgeries, nous nous efforcerons de soutenir les autres<br>\nSafe Chirurgies et, le cas \u00e9ch\u00e9ant, fournir des commentaires \u00e0 M\u00e9decins du Monde Royaume-Uni<br>\npour accompagner le d\u00e9veloppement du r\u00e9seau.\n<\/p>\n<div class=\"md-space\"><\/div>\n<div style=\"text-align: left;\" class=\"btn-center\"><a href=\"\/wp-content\/uploads\/2022\/11\/Safe-Surgeries-Declaration.pdf\" target=\"_blank\" class=\"btn btn-lg \" rel=\"noopener\">Consultez notre d\u00e9claration sur les chirurgies s\u00e9curitaires<\/a><\/div>\n<\/div><\/div><\/div><\/div><\/div><\/div><\/div><\/div><div class=\"vce-row-container\"><div class=\"vce-row vce-element--has-background vce-row--col-gap-30 page-section vce-row-equal-height vce-row-content--top\" data-vce-full-width=\"true\" id=\"el-c50f04b3\" data-vce-do-apply=\"all el-c50f04b3\"><div class=\"vce-content-background-container\"><\/div><div class=\"vce-row-content\" data-vce-element-content=\"true\"><div class=\"vce-col vce-col--md-auto vce-col--xs-1 vce-col--xs-last vce-col--xs-first vce-col--sm-last vce-col--sm-first vce-col--md-last vce-col--lg-last vce-col--xl-last vce-col--md-first vce-col--lg-first vce-col--xl-first\" id=\"el-f9e195aa\"><div class=\"vce-col-inner\" data-vce-do-apply=\"border margin background  el-f9e195aa\"><div class=\"vce-col-content\" data-vce-element-content=\"true\" data-vce-do-apply=\"padding el-f9e195aa\"><div class=\"vce-raw-html\"><div class=\"vce-raw-html-wrapper\" id=\"el-9d474a5e\" data-vce-do-apply=\"all el-9d474a5e\"><h2 style=\"text-align: center;\">Inscrivez-vous d\u00e8s aujourd'hui pour un rendez-vous m\u00e9dical en ligne<\/h2><div class=\"space\"><\/div>\n<p class=\"blue\" style=\"text-align: center;\">L'inscription prend g\u00e9n\u00e9ralement moins de deux minutes<\/p>\n<p style=\"text-align: center;\">Notre service de renouvellement d'ordonnance et notre syst\u00e8me de rendez-vous en ligne du NHS sont rapides et faciles \u00e0 utiliser. Inscrivez-vous en ligne d\u00e8s aujourd'hui.<\/p>\n<div class=\"md-space\"><\/div>\n<div style=\"text-align: center;\"><a class=\"btn btn-lg\" href=\"https:\/\/www.nhsgp.net\/area\/\" target=\"_blank\" rel=\"noopener\">Cliquez ici pour vous inscrire<\/a><\/div>\n<\/div><\/div><\/div><\/div><\/div><\/div><\/div><\/div>\n","protected":false},"excerpt":{"rendered":"<p>Fier d&#8217;\u00eatre un Cliquez ici pour vous inscrire Notre \u00e9quipe clinique En reconnaissance des obstacles \u00e0 l&#8217;acc\u00e8s aux soins de sant\u00e9 rencontr\u00e9s par les personnes vuln\u00e9rables circonstances, y compris les migrants, nous nous engageons \u00e0 prot\u00e9ger le droit humain \u00e0 la sant\u00e9. Nous prendrons des mesures pour nous assurer que tous les membres de notre [&hellip;]<\/p>\n","protected":false},"author":4,"featured_media":0,"parent":0,"menu_order":0,"comment_status":"closed","ping_status":"closed","template":"","meta":{"_acf_changed":false,"footnotes":""},"class_list":["post-5156","page","type-page","status-publish","hentry"],"acf":[],"yoast_head":"<!-- This site is optimized with the Yoast SEO plugin v22.6 - https:\/\/yoast.com\/wordpress\/plugins\/seo\/ -->\n<title>Chirurgie s\u00e9curitaire - NHS GP<\/title>\n<meta name=\"robots\" content=\"index, follow, max-snippet:-1, max-image-preview:large, max-video-preview:-1\" \/>\n<link rel=\"canonical\" href=\"https:\/\/www.nhsgp.net\/safe-surgery\/\" \/>\n<meta property=\"og:locale\" content=\"fr_FR\" \/>\n<meta property=\"og:type\" content=\"article\" \/>\n<meta property=\"og:title\" content=\"Chirurgie s\u00e9curitaire - NHS GP\" \/>\n<meta property=\"og:description\" content=\"Fier d&#039;\u00eatre un Cliquez ici pour vous inscrire Notre \u00e9quipe clinique En reconnaissance des obstacles \u00e0 l&#039;acc\u00e8s aux soins de sant\u00e9 rencontr\u00e9s par les personnes vuln\u00e9rables circonstances, y compris les migrants, nous nous engageons \u00e0 prot\u00e9ger le droit humain \u00e0 la sant\u00e9. Nous prendrons des mesures pour nous assurer que tous les membres de notre [&hellip;]\" \/>\n<meta property=\"og:url\" content=\"https:\/\/www.nhsgp.net\/safe-surgery\/\" \/>\n<meta property=\"og:site_name\" content=\"NHS GP\" \/>\n<meta property=\"article:modified_time\" content=\"2025-05-28T09:20:13+00:00\" \/>\n<meta name=\"twitter:card\" content=\"summary_large_image\" \/>\n<meta name=\"twitter:label1\" content=\"Dur\u00e9e de lecture estim\u00e9e\" \/>\n\t<meta name=\"twitter:data1\" content=\"2 minutes\" \/>\n<script type=\"application\/ld+json\" class=\"yoast-schema-graph\">{\"@context\":\"https:\/\/schema.org\",\"@graph\":[{\"@type\":\"WebPage\",\"@id\":\"https:\/\/www.nhsgp.net\/safe-surgery\/\",\"url\":\"https:\/\/www.nhsgp.net\/safe-surgery\/\",\"name\":\"Chirurgie s\u00e9curitaire - NHS GP\",\"isPartOf\":{\"@id\":\"https:\/\/www.nhsgp.net\/#website\"},\"datePublished\":\"2022-11-16T04:04:22+00:00\",\"dateModified\":\"2025-05-28T09:20:13+00:00\",\"breadcrumb\":{\"@id\":\"https:\/\/www.nhsgp.net\/safe-surgery\/#breadcrumb\"},\"inLanguage\":\"fr-FR\",\"potentialAction\":[{\"@type\":\"ReadAction\",\"target\":[\"https:\/\/www.nhsgp.net\/safe-surgery\/\"]}]},{\"@type\":\"BreadcrumbList\",\"@id\":\"https:\/\/www.nhsgp.net\/safe-surgery\/#breadcrumb\",\"itemListElement\":[{\"@type\":\"ListItem\",\"position\":1,\"name\":\"Home\",\"item\":\"https:\/\/www.nhsgp.net\/\"},{\"@type\":\"ListItem\",\"position\":2,\"name\":\"Chirurgie s\u00e9curitaire\"}]},{\"@type\":\"WebSite\",\"@id\":\"https:\/\/www.nhsgp.net\/#website\",\"url\":\"https:\/\/www.nhsgp.net\/\",\"name\":\"NHS GP\",\"description\":\"GP Pathfinder Clinics\",\"publisher\":{\"@id\":\"https:\/\/www.nhsgp.net\/#organization\"},\"potentialAction\":[{\"@type\":\"SearchAction\",\"target\":{\"@type\":\"EntryPoint\",\"urlTemplate\":\"https:\/\/www.nhsgp.net\/?s={search_term_string}\"},\"query-input\":\"required name=search_term_string\"}],\"inLanguage\":\"fr-FR\"},{\"@type\":\"Organization\",\"@id\":\"https:\/\/www.nhsgp.net\/#organization\",\"name\":\"NHS GP\",\"url\":\"https:\/\/www.nhsgp.net\/\",\"logo\":{\"@type\":\"ImageObject\",\"inLanguage\":\"fr-FR\",\"@id\":\"https:\/\/www.nhsgp.net\/#\/schema\/logo\/image\/\",\"url\":\"https:\/\/www.nhsgp.net\/wp-content\/uploads\/2025\/02\/NHS_LOGO.png\",\"contentUrl\":\"https:\/\/www.nhsgp.net\/wp-content\/uploads\/2025\/02\/NHS_LOGO.png\",\"width\":354,\"height\":143,\"caption\":\"NHS GP\"},\"image\":{\"@id\":\"https:\/\/www.nhsgp.net\/#\/schema\/logo\/image\/\"}}]}<\/script>\n<!-- \/ Yoast SEO plugin. -->","yoast_head_json":{"title":"Chirurgie s\u00e9curitaire - NHS GP","robots":{"index":"index","follow":"follow","max-snippet":"max-snippet:-1","max-image-preview":"max-image-preview:large","max-video-preview":"max-video-preview:-1"},"canonical":"https:\/\/www.nhsgp.net\/safe-surgery\/","og_locale":"fr_FR","og_type":"article","og_title":"Chirurgie s\u00e9curitaire - NHS GP","og_description":"Fier d'\u00eatre un Cliquez ici pour vous inscrire Notre \u00e9quipe clinique En reconnaissance des obstacles \u00e0 l'acc\u00e8s aux soins de sant\u00e9 rencontr\u00e9s par les personnes vuln\u00e9rables circonstances, y compris les migrants, nous nous engageons \u00e0 prot\u00e9ger le droit humain \u00e0 la sant\u00e9. Nous prendrons des mesures pour nous assurer que tous les membres de notre [&hellip;]","og_url":"https:\/\/www.nhsgp.net\/safe-surgery\/","og_site_name":"NHS GP","article_modified_time":"2025-05-28T09:20:13+00:00","twitter_card":"summary_large_image","twitter_misc":{"Dur\u00e9e de lecture estim\u00e9e":"2 minutes"},"schema":{"@context":"https:\/\/schema.org","@graph":[{"@type":"WebPage","@id":"https:\/\/www.nhsgp.net\/safe-surgery\/","url":"https:\/\/www.nhsgp.net\/safe-surgery\/","name":"Chirurgie s\u00e9curitaire - NHS GP","isPartOf":{"@id":"https:\/\/www.nhsgp.net\/#website"},"datePublished":"2022-11-16T04:04:22+00:00","dateModified":"2025-05-28T09:20:13+00:00","breadcrumb":{"@id":"https:\/\/www.nhsgp.net\/safe-surgery\/#breadcrumb"},"inLanguage":"fr-FR","potentialAction":[{"@type":"ReadAction","target":["https:\/\/www.nhsgp.net\/safe-surgery\/"]}]},{"@type":"BreadcrumbList","@id":"https:\/\/www.nhsgp.net\/safe-surgery\/#breadcrumb","itemListElement":[{"@type":"ListItem","position":1,"name":"Home","item":"https:\/\/www.nhsgp.net\/"},{"@type":"ListItem","position":2,"name":"Chirurgie s\u00e9curitaire"}]},{"@type":"WebSite","@id":"https:\/\/www.nhsgp.net\/#website","url":"https:\/\/www.nhsgp.net\/","name":"NHS GP","description":"GP Pathfinder Clinics","publisher":{"@id":"https:\/\/www.nhsgp.net\/#organization"},"potentialAction":[{"@type":"SearchAction","target":{"@type":"EntryPoint","urlTemplate":"https:\/\/www.nhsgp.net\/?s={search_term_string}"},"query-input":"required name=search_term_string"}],"inLanguage":"fr-FR"},{"@type":"Organization","@id":"https:\/\/www.nhsgp.net\/#organization","name":"NHS GP","url":"https:\/\/www.nhsgp.net\/","logo":{"@type":"ImageObject","inLanguage":"fr-FR","@id":"https:\/\/www.nhsgp.net\/#\/schema\/logo\/image\/","url":"https:\/\/www.nhsgp.net\/wp-content\/uploads\/2025\/02\/NHS_LOGO.png","contentUrl":"https:\/\/www.nhsgp.net\/wp-content\/uploads\/2025\/02\/NHS_LOGO.png","width":354,"height":143,"caption":"NHS GP"},"image":{"@id":"https:\/\/www.nhsgp.net\/#\/schema\/logo\/image\/"}}]}},"jetpack_sharing_enabled":true,"_links":{"self":[{"href":"https:\/\/www.nhsgp.net\/fr\/wp-json\/wp\/v2\/pages\/5156","targetHints":{"allow":["GET"]}}],"collection":[{"href":"https:\/\/www.nhsgp.net\/fr\/wp-json\/wp\/v2\/pages"}],"about":[{"href":"https:\/\/www.nhsgp.net\/fr\/wp-json\/wp\/v2\/types\/page"}],"author":[{"embeddable":true,"href":"https:\/\/www.nhsgp.net\/fr\/wp-json\/wp\/v2\/users\/4"}],"replies":[{"embeddable":true,"href":"https:\/\/www.nhsgp.net\/fr\/wp-json\/wp\/v2\/comments?post=5156"}],"version-history":[{"count":4,"href":"https:\/\/www.nhsgp.net\/fr\/wp-json\/wp\/v2\/pages\/5156\/revisions"}],"predecessor-version":[{"id":7763,"href":"https:\/\/www.nhsgp.net\/fr\/wp-json\/wp\/v2\/pages\/5156\/revisions\/7763"}],"wp:attachment":[{"href":"https:\/\/www.nhsgp.net\/fr\/wp-json\/wp\/v2\/media?parent=5156"}],"curies":[{"name":"wp","href":"https:\/\/api.w.org\/{rel}","templated":true}]}}