{"id":5106,"date":"2022-10-21T06:51:48","date_gmt":"2022-10-21T06:51:48","guid":{"rendered":"http:\/\/1139313165.test.prositehosting.co.uk\/cqc-inspection\/"},"modified":"2023-01-25T13:17:56","modified_gmt":"2023-01-25T13:17:56","slug":"cqc-inspection","status":"publish","type":"page","link":"https:\/\/www.nhsgp.net\/fr\/cqc-inspection\/","title":{"rendered":"Inspection CQC"},"content":{"rendered":"<div class=\"vce-row-container\"><div class=\"vce-row vce-element--has-background vce-row--col-gap-30 page-section vce-row-equal-height vce-row-content--top\" data-vce-full-width=\"true\" id=\"el-28f25717\" data-vce-do-apply=\"all el-28f25717\"><div class=\"vce-content-background-container\"><\/div><div class=\"vce-row-content\" data-vce-element-content=\"true\"><div class=\"vce-col vce-col--md-auto vce-col--xs-1 vce-col--xs-last vce-col--xs-first vce-col--sm-last vce-col--sm-first vce-col--md-last vce-col--lg-last vce-col--xl-last vce-col--md-first vce-col--lg-first vce-col--xl-first\" id=\"el-5b537be5\"><div class=\"vce-col-inner\" data-vce-do-apply=\"border margin background  el-5b537be5\"><div class=\"vce-col-content\" data-vce-element-content=\"true\" data-vce-do-apply=\"padding el-5b537be5\"><div class=\"vce-raw-html\"><div class=\"vce-raw-html-wrapper\" id=\"el-feac4cd4\" data-vce-do-apply=\"all el-feac4cd4\"><h1 style=\"text-align: center;\">Inspection CQC<\/h1><div class=\"space\"><\/div>\n<p class=\"blue\" style=\"text-align:center;\">L'inscription prend g\u00e9n\u00e9ralement moins de deux minutes<\/p>\n<p style=\"text-align: center;\">S'il existe un besoin clinique d'organiser une consultation en face \u00e0 face, vous recevrez un rendez-vous chez l'un de nos m\u00e9decins.<\/p>\n<div class=\"md-space\"><\/div>\n<div style=\"text-align: center;\"><a class=\"btn btn-lg\" href=\"https:\/\/www.nhsgp.net\/area\/\" target=\"_blank\" rel=\"noopener\">Cliquez ici pour vous inscrire<\/a><\/div>\n<\/div><\/div><\/div><\/div><\/div><\/div><\/div><\/div>\n","protected":false},"excerpt":{"rendered":"<p>Inspection CQC L&#8217;inscription prend g\u00e9n\u00e9ralement moins de deux minutes S&#8217;il existe un besoin clinique d&#8217;organiser une consultation en face \u00e0 face, vous recevrez un rendez-vous chez l&#8217;un de nos m\u00e9decins. Cliquez ici pour vous inscrire<\/p>\n","protected":false},"author":4,"featured_media":0,"parent":0,"menu_order":0,"comment_status":"closed","ping_status":"closed","template":"","meta":{"_acf_changed":false,"footnotes":""},"class_list":["post-5106","page","type-page","status-publish","hentry"],"acf":[],"yoast_head":"<!-- This site is optimized with the Yoast SEO plugin v22.6 - https:\/\/yoast.com\/wordpress\/plugins\/seo\/ -->\n<title>CQC Inspection - Care Quality Commission | NHS GP<\/title>\n<meta name=\"description\" content=\"Check out our scores that we received as a healthcare practice from the Care Quality Commission here!\" \/>\n<meta name=\"robots\" content=\"index, follow, max-snippet:-1, max-image-preview:large, max-video-preview:-1\" \/>\n<link rel=\"canonical\" href=\"https:\/\/www.nhsgp.net\/fr\/cqc-inspection\/\" \/>\n<meta property=\"og:locale\" content=\"fr_FR\" \/>\n<meta property=\"og:type\" content=\"article\" \/>\n<meta property=\"og:title\" content=\"CQC Inspection - Care Quality Commission | NHS GP\" \/>\n<meta property=\"og:description\" content=\"Check out our scores that we received as a healthcare practice from the Care Quality Commission here!\" \/>\n<meta property=\"og:url\" content=\"https:\/\/www.nhsgp.net\/fr\/cqc-inspection\/\" \/>\n<meta property=\"og:site_name\" content=\"NHS GP\" \/>\n<meta property=\"article:modified_time\" content=\"2023-01-25T13:17:56+00:00\" \/>\n<meta name=\"twitter:card\" content=\"summary_large_image\" \/>\n<script type=\"application\/ld+json\" class=\"yoast-schema-graph\">{\"@context\":\"https:\/\/schema.org\",\"@graph\":[{\"@type\":\"WebPage\",\"@id\":\"https:\/\/www.nhsgp.net\/fr\/cqc-inspection\/\",\"url\":\"https:\/\/www.nhsgp.net\/fr\/cqc-inspection\/\",\"name\":\"CQC Inspection - Care Quality Commission | NHS GP\",\"isPartOf\":{\"@id\":\"https:\/\/www.nhsgp.net\/#website\"},\"datePublished\":\"2022-10-21T06:51:48+00:00\",\"dateModified\":\"2023-01-25T13:17:56+00:00\",\"description\":\"Check out our scores that we received as a healthcare practice from the Care Quality Commission here!\",\"breadcrumb\":{\"@id\":\"https:\/\/www.nhsgp.net\/fr\/cqc-inspection\/#breadcrumb\"},\"inLanguage\":\"fr-FR\",\"potentialAction\":[{\"@type\":\"ReadAction\",\"target\":[\"https:\/\/www.nhsgp.net\/fr\/cqc-inspection\/\"]}]},{\"@type\":\"BreadcrumbList\",\"@id\":\"https:\/\/www.nhsgp.net\/fr\/cqc-inspection\/#breadcrumb\",\"itemListElement\":[{\"@type\":\"ListItem\",\"position\":1,\"name\":\"Home\",\"item\":\"https:\/\/www.nhsgp.net\/\"},{\"@type\":\"ListItem\",\"position\":2,\"name\":\"Inspection CQC\"}]},{\"@type\":\"WebSite\",\"@id\":\"https:\/\/www.nhsgp.net\/#website\",\"url\":\"https:\/\/www.nhsgp.net\/\",\"name\":\"NHS GP\",\"description\":\"GP Pathfinder Clinics\",\"publisher\":{\"@id\":\"https:\/\/www.nhsgp.net\/#organization\"},\"potentialAction\":[{\"@type\":\"SearchAction\",\"target\":{\"@type\":\"EntryPoint\",\"urlTemplate\":\"https:\/\/www.nhsgp.net\/?s={search_term_string}\"},\"query-input\":\"required name=search_term_string\"}],\"inLanguage\":\"fr-FR\"},{\"@type\":\"Organization\",\"@id\":\"https:\/\/www.nhsgp.net\/#organization\",\"name\":\"NHS GP\",\"url\":\"https:\/\/www.nhsgp.net\/\",\"logo\":{\"@type\":\"ImageObject\",\"inLanguage\":\"fr-FR\",\"@id\":\"https:\/\/www.nhsgp.net\/#\/schema\/logo\/image\/\",\"url\":\"https:\/\/www.nhsgp.net\/wp-content\/uploads\/2025\/02\/NHS_LOGO.png\",\"contentUrl\":\"https:\/\/www.nhsgp.net\/wp-content\/uploads\/2025\/02\/NHS_LOGO.png\",\"width\":354,\"height\":143,\"caption\":\"NHS GP\"},\"image\":{\"@id\":\"https:\/\/www.nhsgp.net\/#\/schema\/logo\/image\/\"}}]}<\/script>\n<!-- \/ Yoast SEO plugin. -->","yoast_head_json":{"title":"CQC Inspection - Care Quality Commission | NHS GP","description":"Check out our scores that we received as a healthcare practice from the Care Quality Commission here!","robots":{"index":"index","follow":"follow","max-snippet":"max-snippet:-1","max-image-preview":"max-image-preview:large","max-video-preview":"max-video-preview:-1"},"canonical":"https:\/\/www.nhsgp.net\/fr\/cqc-inspection\/","og_locale":"fr_FR","og_type":"article","og_title":"CQC Inspection - Care Quality Commission | NHS GP","og_description":"Check out our scores that we received as a healthcare practice from the Care Quality Commission here!","og_url":"https:\/\/www.nhsgp.net\/fr\/cqc-inspection\/","og_site_name":"NHS GP","article_modified_time":"2023-01-25T13:17:56+00:00","twitter_card":"summary_large_image","schema":{"@context":"https:\/\/schema.org","@graph":[{"@type":"WebPage","@id":"https:\/\/www.nhsgp.net\/fr\/cqc-inspection\/","url":"https:\/\/www.nhsgp.net\/fr\/cqc-inspection\/","name":"CQC Inspection - Care Quality Commission | NHS GP","isPartOf":{"@id":"https:\/\/www.nhsgp.net\/#website"},"datePublished":"2022-10-21T06:51:48+00:00","dateModified":"2023-01-25T13:17:56+00:00","description":"Check out our scores that we received as a healthcare practice from the Care Quality Commission here!","breadcrumb":{"@id":"https:\/\/www.nhsgp.net\/fr\/cqc-inspection\/#breadcrumb"},"inLanguage":"fr-FR","potentialAction":[{"@type":"ReadAction","target":["https:\/\/www.nhsgp.net\/fr\/cqc-inspection\/"]}]},{"@type":"BreadcrumbList","@id":"https:\/\/www.nhsgp.net\/fr\/cqc-inspection\/#breadcrumb","itemListElement":[{"@type":"ListItem","position":1,"name":"Home","item":"https:\/\/www.nhsgp.net\/"},{"@type":"ListItem","position":2,"name":"Inspection CQC"}]},{"@type":"WebSite","@id":"https:\/\/www.nhsgp.net\/#website","url":"https:\/\/www.nhsgp.net\/","name":"NHS GP","description":"GP Pathfinder Clinics","publisher":{"@id":"https:\/\/www.nhsgp.net\/#organization"},"potentialAction":[{"@type":"SearchAction","target":{"@type":"EntryPoint","urlTemplate":"https:\/\/www.nhsgp.net\/?s={search_term_string}"},"query-input":"required name=search_term_string"}],"inLanguage":"fr-FR"},{"@type":"Organization","@id":"https:\/\/www.nhsgp.net\/#organization","name":"NHS GP","url":"https:\/\/www.nhsgp.net\/","logo":{"@type":"ImageObject","inLanguage":"fr-FR","@id":"https:\/\/www.nhsgp.net\/#\/schema\/logo\/image\/","url":"https:\/\/www.nhsgp.net\/wp-content\/uploads\/2025\/02\/NHS_LOGO.png","contentUrl":"https:\/\/www.nhsgp.net\/wp-content\/uploads\/2025\/02\/NHS_LOGO.png","width":354,"height":143,"caption":"NHS GP"},"image":{"@id":"https:\/\/www.nhsgp.net\/#\/schema\/logo\/image\/"}}]}},"jetpack_sharing_enabled":true,"_links":{"self":[{"href":"https:\/\/www.nhsgp.net\/fr\/wp-json\/wp\/v2\/pages\/5106","targetHints":{"allow":["GET"]}}],"collection":[{"href":"https:\/\/www.nhsgp.net\/fr\/wp-json\/wp\/v2\/pages"}],"about":[{"href":"https:\/\/www.nhsgp.net\/fr\/wp-json\/wp\/v2\/types\/page"}],"author":[{"embeddable":true,"href":"https:\/\/www.nhsgp.net\/fr\/wp-json\/wp\/v2\/users\/4"}],"replies":[{"embeddable":true,"href":"https:\/\/www.nhsgp.net\/fr\/wp-json\/wp\/v2\/comments?post=5106"}],"version-history":[{"count":4,"href":"https:\/\/www.nhsgp.net\/fr\/wp-json\/wp\/v2\/pages\/5106\/revisions"}],"predecessor-version":[{"id":7761,"href":"https:\/\/www.nhsgp.net\/fr\/wp-json\/wp\/v2\/pages\/5106\/revisions\/7761"}],"wp:attachment":[{"href":"https:\/\/www.nhsgp.net\/fr\/wp-json\/wp\/v2\/media?parent=5106"}],"curies":[{"name":"wp","href":"https:\/\/api.w.org\/{rel}","templated":true}]}}