{"id":4587,"date":"2022-10-21T06:25:46","date_gmt":"2022-10-21T06:25:46","guid":{"rendered":"https:\/\/sweet-satoshi.77-68-103-63.plesk.page\/test-de-depistage-du-coronavirus-du-nhs\/"},"modified":"2023-01-25T12:59:46","modified_gmt":"2023-01-25T12:59:46","slug":"nhs-coronavirus-test","status":"publish","type":"page","link":"https:\/\/www.nhsgp.net\/fr\/nhs-coronavirus-test\/","title":{"rendered":"Test du coronavirus du NHS"},"content":{"rendered":"<div class=\"vce-row-container\" data-vce-boxed-width=\"true\"><div class=\"vce-row vce-row--col-gap-30 vce-row-equal-height vce-row-content--top\" id=\"el-f12bfd6c\" data-vce-do-apply=\"all el-f12bfd6c\"><div class=\"vce-row-content\" data-vce-element-content=\"true\"><div class=\"vce-col vce-col--md-auto vce-col--xs-1 vce-col--xs-last vce-col--xs-first vce-col--sm-last vce-col--sm-first vce-col--md-last vce-col--lg-last vce-col--xl-last vce-col--md-first vce-col--lg-first vce-col--xl-first\" id=\"el-bdc0f93b\"><div class=\"vce-col-inner\" data-vce-do-apply=\"border margin background  el-bdc0f93b\"><div class=\"vce-col-content\" data-vce-element-content=\"true\" data-vce-do-apply=\"padding el-bdc0f93b\"><div class=\"vce-row-container\" data-vce-boxed-width=\"true\"><div class=\"vce-row vce-row--col-gap-30 page-section vce-row-equal-height vce-row-content--top\" id=\"el-1c42ae21\" data-vce-do-apply=\"all el-1c42ae21\"><div class=\"vce-row-content\" data-vce-element-content=\"true\"><div class=\"vce-col vce-col--md-auto vce-col--xs-1 vce-col--xs-last vce-col--xs-first vce-col--sm-last vce-col--sm-first vce-col--md-last vce-col--lg-last vce-col--xl-last vce-col--md-first vce-col--lg-first vce-col--xl-first\" id=\"el-517b4c91\"><div class=\"vce-col-inner\" data-vce-do-apply=\"border margin background  el-517b4c91\"><div class=\"vce-col-content\" data-vce-element-content=\"true\" data-vce-do-apply=\"padding el-517b4c91\"><div class=\"vce-raw-html\"><div class=\"vce-raw-html-wrapper\" id=\"el-a34f9a8d\" data-vce-do-apply=\"all el-a34f9a8d\"><h1 style=\"text-align: center;\">Test de coronavirus<\/h1>\n<div class=\"space\"><\/div>\n<p style=\"text-align: center;\">Minimisez la propagation du COVID-19 aujourd'hui en commandant un kit de test de coronavirus d\u00e8s que vous ressentez des sympt\u00f4mes. Une toux persistante, une augmentation de la temp\u00e9rature et des maux de t\u00eate ne sont que quelques-uns des signes que vous pourriez avoir le COVID-19 - m\u00eame pour ceux qui sont vaccin\u00e9s. Commandez un kit chez vous d\u00e8s aujourd'hui et prot\u00e9gez-vous et les autres.<\/p>\n<div class=\"md-space\"><\/div>\n<p style=\"text-align: center;\" class=\"text-light\"><small>*Pour vous inscrire, vous devrez abandonner votre pratique actuelle de m\u00e9decin g\u00e9n\u00e9raliste. Une fois la demande effectu\u00e9e, une p\u00e9riode d'inscription s'appliquera avant que vous ne puissiez acc\u00e9der au service. Disponible pour les personnes vivant ou travaillant dans la zone de chalandise de l'une de nos cliniques.<\/small><\/p>\n<div class=\"md-space\"><\/div>\n<div style=\"text-align: center;\"><a class=\"btn btn-lg\" href=\"https:\/\/www.nhsgp.net\/area\/\" target=\"_blank\" rel=\"noopener\">Cliquez ici pour vous inscrire<\/a><\/div>\n\n<\/div><\/div><\/div><\/div><\/div><\/div><\/div><\/div><\/div><\/div><\/div><\/div><\/div><\/div><div class=\"vce-row-container\" data-vce-boxed-width=\"true\"><div class=\"vce-row vce-element--has-background vce-row--col-gap-30 vce-row-equal-height vce-row-content--top\" id=\"el-16dc2c4d\" data-vce-do-apply=\"all el-16dc2c4d\"><div class=\"vce-content-background-container\"><\/div><div class=\"vce-row-content\" data-vce-element-content=\"true\"><div class=\"vce-col vce-col--md-auto vce-col--xs-1 vce-col--xs-last vce-col--xs-first vce-col--sm-last vce-col--sm-first vce-col--md-last vce-col--lg-last vce-col--xl-last vce-col--md-first vce-col--lg-first vce-col--xl-first\" id=\"el-a14afb59\"><div class=\"vce-col-inner\" data-vce-do-apply=\"border margin background  el-a14afb59\"><div class=\"vce-col-content\" data-vce-element-content=\"true\" data-vce-do-apply=\"padding el-a14afb59\"><div class=\"vce-row-container\"><div class=\"vce-row vce-element--has-background vce-row--col-gap-30 page-section mb-0 vce-row-equal-height vce-row-content--top\" data-vce-full-width=\"true\" id=\"el-08d305f7\" data-vce-do-apply=\"all el-08d305f7\"><div class=\"vce-content-background-container\"><\/div><div class=\"vce-row-content\" data-vce-element-content=\"true\"><div class=\"vce-col vce-col--md-auto vce-col--xs-1 vce-col--xs-last vce-col--xs-first vce-col--sm-last vce-col--sm-first vce-col--md-last vce-col--lg-last vce-col--xl-last vce-col--md-first vce-col--lg-first vce-col--xl-first\" id=\"el-78ef159d\"><div class=\"vce-col-inner\" data-vce-do-apply=\"border margin background  el-78ef159d\"><div class=\"vce-col-content\" data-vce-element-content=\"true\" data-vce-do-apply=\"padding el-78ef159d\"><div class=\"vce-raw-html\"><div class=\"vce-raw-html-wrapper\" id=\"el-346e0a15\" data-vce-do-apply=\"all el-346e0a15\"><h2 style=\"text-align: center;\">Obtenez l'aide en ligne du NHS sur le coronavirus\n<\/h2><div class=\"md-space\"><\/div>\n<p style=\"text-align:center;\">\nSi vous \u00eates pr\u00e9occup\u00e9 par le COVID-19 et que vous souhaitez des conseils professionnels, utilisez notre portail de test de coronavirus en ligne d\u00e8s aujourd'hui. Chez NHS GP, vous pouvez acc\u00e9der \u00e0 l'aide d'experts via nos quatre cabinets dans le nord-ouest de Londres \u00e0 Wembley, Alperton, Willesden et Queen's Park. Prenez soin de votre sant\u00e9 aujourd'hui et utilisez l'aide disponible du NHS sur le coronavirus.\n<\/p>\n<p style=\"text-align: center;\">\n\tVeuillez choisir votre service requis ci-dessous\n<\/p>\n<div class=\"space\"><\/div><\/div><\/div><div class=\"vce-raw-html\"><div class=\"vce-raw-html-wrapper\" id=\"el-3e7bfb80\" data-vce-do-apply=\"all el-3e7bfb80\"><div class=\"tabbedPanels\">  \n<ul class=\"tabs\">\n<li><a href=\"#panel1\">Consultation en ligne sur la toux<\/a><\/li>\n<li><a href=\"#panel2\">Plus d'aide sur le Covid-19<\/a><\/li>\n<\/ul>\n\n<div class=\"panelContainer\">\n<div id=\"panel1\" class=\"panel\">\n\n<ol class=\"rteBlock defaultList\">\n<li>\n<a href=\"https:\/\/hazeldenegps.webgp.com\/react-consult-coughs?codeName=BRP_CGH#EC\" target=\"_blank\" rel=\"noopener\">\nConsultez-nous pour votre toux et demandez un Test Covid\n<\/a>\n<\/li>\n<li>\n<a href=\"https:\/\/test-for-coronavirus.service.gov.uk\/register-kit\" target=\"_blank\" rel=\"noopener\">\nEnregistrez votre test de code-barres\n<\/a>\n<\/li>\n<\/ol>    \n<\/div>  <!-- end panel 1 -->\n\n\n<div id=\"panel2\" class=\"panel\">\n\n<ol class=\"rteBlock defaultList\">\n<li>\n<a href=\"\/wp-content\/uploads\/2022\/11\/23rd-September-PHE-letter-to-parents-and-guardians.pdf\" target=\"_blank\" rel=\"noopener\">\n23 septembre - Lettre PHE aux parents et tuteurs\n<\/a>\n<\/li>\n<li>\n<button type=\"button\" data-bs-toggle=\"modal\" data-bs-target=\"#myModal3\" class=\"no-btn\">\n    Cliquez ici pour les derniers tests et d'autres ressources\n  <\/button>\t\n<\/li>\n<li>\n<a href=\"https:\/\/www.yourcovidrecovery.nhs.uk\/\" target=\"_blank\" rel=\"noopener\">\nCliquez ici pour Soutenir votre r\u00e9tablissement apr\u00e8s COVID-19\n<\/a>\n<\/li>\n<\/ol>   \n<\/div> <!-- end panel 2 -->\n\n\n<\/div> <!-- end div class=\"panelContainer\" or panel wrapper -->\n\n<\/div> <!-- ends the tabbed panels \/ wrapper--><\/div><\/div><\/div><\/div><\/div><\/div><\/div><\/div><\/div><\/div><\/div><\/div><\/div><\/div><div class=\"vce-row-container\" data-vce-boxed-width=\"true\"><div class=\"vce-row vce-row--col-gap-30 vce-row-equal-height vce-row-content--top\" id=\"el-e00fce14\" data-vce-do-apply=\"all el-e00fce14\"><div class=\"vce-row-content\" data-vce-element-content=\"true\"><div class=\"vce-col vce-col--md-auto vce-col--xs-1 vce-col--xs-last vce-col--xs-first vce-col--sm-last vce-col--sm-first vce-col--md-last vce-col--lg-last vce-col--xl-last vce-col--md-first vce-col--lg-first vce-col--xl-first\" id=\"el-2f93beae\"><div class=\"vce-col-inner\" data-vce-do-apply=\"border margin background  el-2f93beae\"><div class=\"vce-col-content\" data-vce-element-content=\"true\" data-vce-do-apply=\"padding el-2f93beae\"><div class=\"vce-row-container\"><div class=\"vce-row vce-element--has-background vce-row--col-gap-30 page-section mb-0 vce-row-equal-height vce-row-content--middle\" data-vce-full-width=\"true\" id=\"el-2b6db660\" data-vce-do-apply=\"all el-2b6db660\"><div class=\"vce-content-background-container\"><\/div><div class=\"vce-row-content\" data-vce-element-content=\"true\"><div class=\"vce-col vce-col--md-auto vce-col--xs-1 vce-col--xs-last vce-col--xs-first vce-col--sm-last vce-col--sm-first vce-col--md-last vce-col--lg-last vce-col--xl-last vce-col--md-first vce-col--lg-first vce-col--xl-first\" id=\"el-892387d4\"><div class=\"vce-col-inner\" data-vce-do-apply=\"border margin background  el-892387d4\"><div class=\"vce-col-content\" data-vce-element-content=\"true\" data-vce-do-apply=\"padding el-892387d4\"><div class=\"vce-raw-html\"><div class=\"vce-raw-html-wrapper\" id=\"el-8b21ec28\" data-vce-do-apply=\"all el-8b21ec28\"><h2 style=\"text-align: center;\">Restez en s\u00e9curit\u00e9 avec l'aide du NHS Coronavirus<\/h2><div class=\"space\"><\/div>\n<div class=\"space\"><\/div><\/div><\/div><div class=\"vce-row-container\" data-vce-boxed-width=\"true\"><div class=\"vce-row vce-row--col-gap-30 vce-row-equal-height vce-row-content--middle\" id=\"el-63ddddb7\" data-vce-do-apply=\"all el-63ddddb7\"><div class=\"vce-row-content\" data-vce-element-content=\"true\"><div class=\"vce-col vce-col--md-47p vce-col--xs-1 vce-col--xs-last vce-col--xs-first vce-col--sm-last vce-col--sm-first vce-col--md-first vce-col--lg-first vce-col--xl-first\" id=\"el-3c408f06\"><div class=\"vce-col-inner\" data-vce-do-apply=\"border margin background  el-3c408f06\"><div class=\"vce-col-content\" data-vce-element-content=\"true\" data-vce-do-apply=\"padding el-3c408f06\"><div class=\"vce-yt-video-player vce-yt-video-player--align-left vce-yt-video-player--size-custom\"><div class=\"vce vce-yt-video-player-wrapper\" id=\"el-8d033064\" data-vce-do-apply=\"all el-8d033064\" style=\"width: 100%;\"><div class=\"vce-yt-video-player-inner\"><iframe loading=\"lazy\" class=\"vce-yt-video-player-iframe\" src=\"https:\/\/www.youtube.com\/embed\/7fEwvO695XE?autoplay=0&amp;mute=0&amp;color=red&amp;controls=1&amp;loop=0&amp;rel=0&amp;start=0&amp;cc_load_policy=0&amp;iv_load_policy=3&amp;enablejsapi=1\" width=\"640\" height=\"390\" allowfullscreen=\"\" title=\"YouTube video\"><\/iframe><\/div><\/div><\/div><\/div><\/div><\/div><div class=\"vce-col vce-col--md-6p vce-col--xs-1 vce-col--xs-last vce-col--xs-first vce-col--sm-last vce-col--sm-first\" id=\"el-c773289a\"><div class=\"vce-col-inner\" data-vce-do-apply=\"border margin background  el-c773289a\"><div class=\"vce-col-content\" data-vce-element-content=\"true\" data-vce-do-apply=\"padding el-c773289a\"><div><\/div><\/div><\/div><\/div><div class=\"vce-col vce-col--md-47p vce-col--xs-1 vce-col--xs-last vce-col--xs-first vce-col--sm-last vce-col--sm-first vce-col--md-last vce-col--lg-last vce-col--xl-last\" id=\"el-dd1db93d\"><div class=\"vce-col-inner\" data-vce-do-apply=\"border margin background  el-dd1db93d\"><div class=\"vce-col-content\" data-vce-element-content=\"true\" data-vce-do-apply=\"padding el-dd1db93d\"><div class=\"vce-raw-html\"><div class=\"vce-raw-html-wrapper\" id=\"el-c9d55a64\" data-vce-do-apply=\"all el-c9d55a64\"><p>Si vous \u00eates inquiet au sujet du COVID-19, pensez que vous pourriez avoir la maladie ou avez besoin de conseils sur la fa\u00e7on de vous faire tester, inscrivez-vous d\u00e8s aujourd'hui et nous pourrons vous fournir une gamme de services utiles.<\/p>\n\n<p>Ne prenez pas de risque en ce qui concerne la maladie \u00e0 coronavirus. Notre \u00e9quipe de professionnels est \u00e0 votre disposition pour vous conseiller sur le COVID-19 si vous avez \u00e9t\u00e9 en contact avec une personne test\u00e9e positive au coronavirus. Nous pouvons \u00e9galement vous fournir des kits de test \u00e0 domicile du coronavirus afin que vous puissiez \u00eatre s\u00fbr que vous avez le COVID-19 ainsi qu'une consultation en ligne contre la toux pour vous aider \u00e0 d\u00e9terminer si votre toux est une source d'inqui\u00e9tude.<\/p>\n\n<p>Lorsque vous vous inscrivez chez nous, vous avez acc\u00e8s \u00e0 quatre cabinets dans le nord-ouest de Londres \u00e0 Wembley, Alperton, Willesden et Queen's Park. Inscrivez-vous d\u00e8s aujourd'hui pour les tests de coronavirus du NHS et bien plus encore.<\/p><\/div><\/div><\/div><\/div><\/div><\/div><\/div><\/div><div class=\"vce-row-container\" data-vce-boxed-width=\"true\"><div class=\"vce-row vce-row--col-gap-30 page-section pb-0 all-btn-wrap vce-row-equal-height vce-row-content--top\" id=\"el-3a4764e7\" data-vce-do-apply=\"all el-3a4764e7\"><div class=\"vce-row-content\" data-vce-element-content=\"true\"><div class=\"vce-col vce-col--md-auto vce-col--xs-1 vce-col--xs-last vce-col--xs-first vce-col--sm-last vce-col--sm-first vce-col--md-first vce-col--lg-first vce-col--xl-first\" id=\"el-b9e1c69b\"><div class=\"vce-col-inner\" data-vce-do-apply=\"border margin background  el-b9e1c69b\"><div class=\"vce-col-content\" data-vce-element-content=\"true\" data-vce-do-apply=\"padding el-b9e1c69b\"><div class=\"vce-raw-html\"><div class=\"vce-raw-html-wrapper\" id=\"el-85922e4c\" data-vce-do-apply=\"all el-85922e4c\"><a class=\"btn btn-lg btn-full-width\" href=\"https:\/\/www.youtube.com\/watch?v=Xaw8DsF2Igc\" target=\"_blank\" rel=\"noopener\">Vid\u00e9o d'instructions de test<\/a><\/div><\/div><\/div><\/div><\/div><div class=\"vce-col vce-col--md-auto vce-col--xs-1 vce-col--xs-last vce-col--xs-first vce-col--sm-last vce-col--sm-first\" id=\"el-d8d5dfbd\"><div class=\"vce-col-inner\" data-vce-do-apply=\"border margin background  el-d8d5dfbd\"><div class=\"vce-col-content\" data-vce-element-content=\"true\" data-vce-do-apply=\"padding el-d8d5dfbd\"><div class=\"vce-raw-html\"><div class=\"vce-raw-html-wrapper\" id=\"el-53ae56da\" data-vce-do-apply=\"all el-53ae56da\"><a class=\"btn btn-lg btn-full-width\" href=\"https:\/\/www.youtube.com\/watch?v=w9NOIwzq7x0\" target=\"_blank\" rel=\"noopener\">Regardez la FAQ de BAME sur la vaccination contre le Covid-19<\/a><\/div><\/div><\/div><\/div><\/div><div class=\"vce-col vce-col--md-auto vce-col--xs-1 vce-col--xs-last vce-col--xs-first vce-col--sm-last vce-col--sm-first vce-col--md-last vce-col--lg-last vce-col--xl-last\" id=\"el-c54ffd85\"><div class=\"vce-col-inner\" data-vce-do-apply=\"border margin background  el-c54ffd85\"><div class=\"vce-col-content\" data-vce-element-content=\"true\" data-vce-do-apply=\"padding el-c54ffd85\"><div class=\"vce-raw-html\"><div class=\"vce-raw-html-wrapper\" id=\"el-9db00d6b\" data-vce-do-apply=\"all el-9db00d6b\"><a target=\"_blank\" class=\"btn btn-lg btn-full-width\" href=\"https:\/\/www.youtube.com\/watch?v=rzpZSTd48rQ&amp;feature=youtu.be\" rel=\"noopener\">Pourquoi le vaccin COVID est s\u00fbr et efficace pour tout le monde<\/a><\/div><\/div><\/div><\/div><\/div><\/div><\/div><\/div><\/div><\/div><\/div><\/div><\/div><\/div><\/div><\/div><\/div><\/div><\/div><\/div><div class=\"vce-row-container\" data-vce-boxed-width=\"true\"><div class=\"vce-row vce-row--col-gap-30 vce-row-equal-height vce-row-content--top\" id=\"el-b642f6b0\" data-vce-do-apply=\"all el-b642f6b0\"><div class=\"vce-row-content\" data-vce-element-content=\"true\"><div class=\"vce-col vce-col--md-auto vce-col--xs-1 vce-col--xs-last vce-col--xs-first vce-col--sm-last vce-col--sm-first vce-col--md-last vce-col--lg-last vce-col--xl-last vce-col--md-first vce-col--lg-first vce-col--xl-first\" id=\"el-202c4107\"><div class=\"vce-col-inner\" data-vce-do-apply=\"border margin background  el-202c4107\"><div class=\"vce-col-content\" data-vce-element-content=\"true\" data-vce-do-apply=\"padding el-202c4107\"><div class=\"vce-row-container\"><div class=\"vce-row vce-element--has-background vce-row--col-gap-30 page-section mb-0 vce-row-equal-height vce-row-content--top\" data-vce-full-width=\"true\" id=\"el-8397c9d9\" data-vce-do-apply=\"all el-8397c9d9\"><div class=\"vce-content-background-container\"><\/div><div class=\"vce-row-content\" data-vce-element-content=\"true\"><div class=\"vce-col vce-col--md-auto vce-col--xs-1 vce-col--xs-last vce-col--xs-first vce-col--sm-last vce-col--sm-first vce-col--md-last vce-col--lg-last vce-col--xl-last vce-col--md-first vce-col--lg-first vce-col--xl-first\" id=\"el-c1002d09\"><div class=\"vce-col-inner\" data-vce-do-apply=\"border margin background  el-c1002d09\"><div class=\"vce-col-content\" data-vce-element-content=\"true\" data-vce-do-apply=\"padding el-c1002d09\"><div class=\"vce-raw-html\"><div class=\"vce-raw-html-wrapper\" id=\"el-487dfebb\" data-vce-do-apply=\"all el-487dfebb\"><h2 style=\"text-align: center;\">Inscrivez-vous d\u00e8s aujourd'hui pour un rendez-vous m\u00e9dical en ligne<\/h2><div class=\"space\"><\/div>\n<p class=\"blue\" style=\"text-align: center;\">L'inscription prend g\u00e9n\u00e9ralement moins de deux minutes<\/p>\n<p style=\"text-align:center;\">Notre service de renouvellement d'ordonnance et notre syst\u00e8me de rendez-vous en ligne du NHS sont rapides et faciles \u00e0 utiliser. Inscrivez-vous en ligne d\u00e8s aujourd'hui.<\/p>\n<div class=\"md-space\"><\/div>\n<div style=\"text-align: center;\"><a class=\"btn btn-lg\" href=\"https:\/\/www.nhsgp.net\/area\/\" target=\"_blank\" rel=\"noopener\">Cliquez ici pour vous inscrire<\/a><\/div>\n<\/div><\/div><\/div><\/div><\/div><\/div><\/div><\/div><\/div><\/div><\/div><\/div><\/div><\/div>","protected":false},"excerpt":{"rendered":"<p>Test de coronavirus Minimisez la propagation du COVID-19 aujourd&#8217;hui en commandant un kit de test de coronavirus d\u00e8s que vous ressentez des sympt\u00f4mes. Une toux persistante, une augmentation de la temp\u00e9rature et des maux de t\u00eate ne sont que quelques-uns des signes que vous pourriez avoir le COVID-19 &#8211; m\u00eame pour ceux qui sont vaccin\u00e9s. [&hellip;]<\/p>\n","protected":false},"author":4,"featured_media":0,"parent":0,"menu_order":0,"comment_status":"closed","ping_status":"closed","template":"","meta":{"_acf_changed":false,"footnotes":""},"class_list":["post-4587","page","type-page","status-publish","hentry"],"acf":[],"yoast_head":"<!-- This site is optimized with the Yoast SEO plugin v22.6 - https:\/\/yoast.com\/wordpress\/plugins\/seo\/ -->\n<title>Kit de test \u00e0 domicile du coronavirus - Test Covid 19 | M\u00e9decin g\u00e9n\u00e9raliste du NHS<\/title>\n<meta name=\"description\" content=\"R\u00e9duisez d\u00e8s aujourd&#039;hui la propagation du COVID-19 en commandant un kit de d\u00e9pistage du coronavirus d\u00e8s que vous pr\u00e9sentez des sympt\u00f4mes. Obtenez votre test aujourd&#039;hui!\" \/>\n<meta name=\"robots\" content=\"index, follow, max-snippet:-1, max-image-preview:large, max-video-preview:-1\" \/>\n<link rel=\"canonical\" href=\"https:\/\/www.nhsgp.net\/fr\/nhs-coronavirus-test\/\" \/>\n<meta property=\"og:locale\" content=\"fr_FR\" \/>\n<meta property=\"og:type\" content=\"article\" \/>\n<meta property=\"og:title\" content=\"Kit de test \u00e0 domicile du coronavirus - Test Covid 19 | M\u00e9decin g\u00e9n\u00e9raliste du NHS\" \/>\n<meta property=\"og:description\" content=\"R\u00e9duisez d\u00e8s aujourd&#039;hui la propagation du COVID-19 en commandant un kit de d\u00e9pistage du coronavirus d\u00e8s que vous pr\u00e9sentez des sympt\u00f4mes. Obtenez votre test aujourd&#039;hui!\" \/>\n<meta property=\"og:url\" content=\"https:\/\/www.nhsgp.net\/fr\/nhs-coronavirus-test\/\" \/>\n<meta property=\"og:site_name\" content=\"NHS GP\" \/>\n<meta property=\"article:modified_time\" content=\"2023-01-25T12:59:46+00:00\" \/>\n<meta name=\"twitter:card\" content=\"summary_large_image\" \/>\n<meta name=\"twitter:label1\" content=\"Dur\u00e9e de lecture estim\u00e9e\" \/>\n\t<meta name=\"twitter:data1\" content=\"3 minutes\" \/>\n<script type=\"application\/ld+json\" class=\"yoast-schema-graph\">{\"@context\":\"https:\/\/schema.org\",\"@graph\":[{\"@type\":\"WebPage\",\"@id\":\"https:\/\/www.nhsgp.net\/fr\/nhs-coronavirus-test\/\",\"url\":\"https:\/\/www.nhsgp.net\/fr\/nhs-coronavirus-test\/\",\"name\":\"Kit de test \u00e0 domicile du coronavirus - Test Covid 19 | M\u00e9decin g\u00e9n\u00e9raliste du NHS\",\"isPartOf\":{\"@id\":\"https:\/\/www.nhsgp.net\/#website\"},\"datePublished\":\"2022-10-21T06:25:46+00:00\",\"dateModified\":\"2023-01-25T12:59:46+00:00\",\"description\":\"R\u00e9duisez d\u00e8s aujourd'hui la propagation du COVID-19 en commandant un kit de d\u00e9pistage du coronavirus d\u00e8s que vous pr\u00e9sentez des sympt\u00f4mes. Obtenez votre test aujourd'hui!\",\"breadcrumb\":{\"@id\":\"https:\/\/www.nhsgp.net\/fr\/nhs-coronavirus-test\/#breadcrumb\"},\"inLanguage\":\"fr-FR\",\"potentialAction\":[{\"@type\":\"ReadAction\",\"target\":[\"https:\/\/www.nhsgp.net\/fr\/nhs-coronavirus-test\/\"]}]},{\"@type\":\"BreadcrumbList\",\"@id\":\"https:\/\/www.nhsgp.net\/fr\/nhs-coronavirus-test\/#breadcrumb\",\"itemListElement\":[{\"@type\":\"ListItem\",\"position\":1,\"name\":\"Home\",\"item\":\"https:\/\/www.nhsgp.net\/\"},{\"@type\":\"ListItem\",\"position\":2,\"name\":\"Test du coronavirus du NHS\"}]},{\"@type\":\"WebSite\",\"@id\":\"https:\/\/www.nhsgp.net\/#website\",\"url\":\"https:\/\/www.nhsgp.net\/\",\"name\":\"NHS GP\",\"description\":\"GP Pathfinder Clinics\",\"publisher\":{\"@id\":\"https:\/\/www.nhsgp.net\/#organization\"},\"potentialAction\":[{\"@type\":\"SearchAction\",\"target\":{\"@type\":\"EntryPoint\",\"urlTemplate\":\"https:\/\/www.nhsgp.net\/?s={search_term_string}\"},\"query-input\":\"required name=search_term_string\"}],\"inLanguage\":\"fr-FR\"},{\"@type\":\"Organization\",\"@id\":\"https:\/\/www.nhsgp.net\/#organization\",\"name\":\"NHS GP\",\"url\":\"https:\/\/www.nhsgp.net\/\",\"logo\":{\"@type\":\"ImageObject\",\"inLanguage\":\"fr-FR\",\"@id\":\"https:\/\/www.nhsgp.net\/#\/schema\/logo\/image\/\",\"url\":\"https:\/\/www.nhsgp.net\/wp-content\/uploads\/2025\/02\/NHS_LOGO.png\",\"contentUrl\":\"https:\/\/www.nhsgp.net\/wp-content\/uploads\/2025\/02\/NHS_LOGO.png\",\"width\":354,\"height\":143,\"caption\":\"NHS GP\"},\"image\":{\"@id\":\"https:\/\/www.nhsgp.net\/#\/schema\/logo\/image\/\"}}]}<\/script>\n<!-- \/ Yoast SEO plugin. -->","yoast_head_json":{"title":"Kit de test \u00e0 domicile du coronavirus - Test Covid 19 | M\u00e9decin g\u00e9n\u00e9raliste du NHS","description":"R\u00e9duisez d\u00e8s aujourd'hui la propagation du COVID-19 en commandant un kit de d\u00e9pistage du coronavirus d\u00e8s que vous pr\u00e9sentez des sympt\u00f4mes. Obtenez votre test aujourd'hui!","robots":{"index":"index","follow":"follow","max-snippet":"max-snippet:-1","max-image-preview":"max-image-preview:large","max-video-preview":"max-video-preview:-1"},"canonical":"https:\/\/www.nhsgp.net\/fr\/nhs-coronavirus-test\/","og_locale":"fr_FR","og_type":"article","og_title":"Kit de test \u00e0 domicile du coronavirus - Test Covid 19 | M\u00e9decin g\u00e9n\u00e9raliste du NHS","og_description":"R\u00e9duisez d\u00e8s aujourd'hui la propagation du COVID-19 en commandant un kit de d\u00e9pistage du coronavirus d\u00e8s que vous pr\u00e9sentez des sympt\u00f4mes. Obtenez votre test aujourd'hui!","og_url":"https:\/\/www.nhsgp.net\/fr\/nhs-coronavirus-test\/","og_site_name":"NHS GP","article_modified_time":"2023-01-25T12:59:46+00:00","twitter_card":"summary_large_image","twitter_misc":{"Dur\u00e9e de lecture estim\u00e9e":"3 minutes"},"schema":{"@context":"https:\/\/schema.org","@graph":[{"@type":"WebPage","@id":"https:\/\/www.nhsgp.net\/fr\/nhs-coronavirus-test\/","url":"https:\/\/www.nhsgp.net\/fr\/nhs-coronavirus-test\/","name":"Kit de test \u00e0 domicile du coronavirus - Test Covid 19 | M\u00e9decin g\u00e9n\u00e9raliste du NHS","isPartOf":{"@id":"https:\/\/www.nhsgp.net\/#website"},"datePublished":"2022-10-21T06:25:46+00:00","dateModified":"2023-01-25T12:59:46+00:00","description":"R\u00e9duisez d\u00e8s aujourd'hui la propagation du COVID-19 en commandant un kit de d\u00e9pistage du coronavirus d\u00e8s que vous pr\u00e9sentez des sympt\u00f4mes. Obtenez votre test aujourd'hui!","breadcrumb":{"@id":"https:\/\/www.nhsgp.net\/fr\/nhs-coronavirus-test\/#breadcrumb"},"inLanguage":"fr-FR","potentialAction":[{"@type":"ReadAction","target":["https:\/\/www.nhsgp.net\/fr\/nhs-coronavirus-test\/"]}]},{"@type":"BreadcrumbList","@id":"https:\/\/www.nhsgp.net\/fr\/nhs-coronavirus-test\/#breadcrumb","itemListElement":[{"@type":"ListItem","position":1,"name":"Home","item":"https:\/\/www.nhsgp.net\/"},{"@type":"ListItem","position":2,"name":"Test du coronavirus du NHS"}]},{"@type":"WebSite","@id":"https:\/\/www.nhsgp.net\/#website","url":"https:\/\/www.nhsgp.net\/","name":"NHS GP","description":"GP Pathfinder Clinics","publisher":{"@id":"https:\/\/www.nhsgp.net\/#organization"},"potentialAction":[{"@type":"SearchAction","target":{"@type":"EntryPoint","urlTemplate":"https:\/\/www.nhsgp.net\/?s={search_term_string}"},"query-input":"required name=search_term_string"}],"inLanguage":"fr-FR"},{"@type":"Organization","@id":"https:\/\/www.nhsgp.net\/#organization","name":"NHS GP","url":"https:\/\/www.nhsgp.net\/","logo":{"@type":"ImageObject","inLanguage":"fr-FR","@id":"https:\/\/www.nhsgp.net\/#\/schema\/logo\/image\/","url":"https:\/\/www.nhsgp.net\/wp-content\/uploads\/2025\/02\/NHS_LOGO.png","contentUrl":"https:\/\/www.nhsgp.net\/wp-content\/uploads\/2025\/02\/NHS_LOGO.png","width":354,"height":143,"caption":"NHS GP"},"image":{"@id":"https:\/\/www.nhsgp.net\/#\/schema\/logo\/image\/"}}]}},"jetpack_sharing_enabled":true,"_links":{"self":[{"href":"https:\/\/www.nhsgp.net\/fr\/wp-json\/wp\/v2\/pages\/4587","targetHints":{"allow":["GET"]}}],"collection":[{"href":"https:\/\/www.nhsgp.net\/fr\/wp-json\/wp\/v2\/pages"}],"about":[{"href":"https:\/\/www.nhsgp.net\/fr\/wp-json\/wp\/v2\/types\/page"}],"author":[{"embeddable":true,"href":"https:\/\/www.nhsgp.net\/fr\/wp-json\/wp\/v2\/users\/4"}],"replies":[{"embeddable":true,"href":"https:\/\/www.nhsgp.net\/fr\/wp-json\/wp\/v2\/comments?post=4587"}],"version-history":[{"count":8,"href":"https:\/\/www.nhsgp.net\/fr\/wp-json\/wp\/v2\/pages\/4587\/revisions"}],"predecessor-version":[{"id":7700,"href":"https:\/\/www.nhsgp.net\/fr\/wp-json\/wp\/v2\/pages\/4587\/revisions\/7700"}],"wp:attachment":[{"href":"https:\/\/www.nhsgp.net\/fr\/wp-json\/wp\/v2\/media?parent=4587"}],"curies":[{"name":"wp","href":"https:\/\/api.w.org\/{rel}","templated":true}]}}