{"id":4583,"date":"2022-11-10T12:57:53","date_gmt":"2022-11-10T12:57:53","guid":{"rendered":"https:\/\/sweet-satoshi.77-68-103-63.plesk.page\/app-nhs\/"},"modified":"2025-05-27T11:46:08","modified_gmt":"2025-05-27T11:46:08","slug":"nhs-app","status":"publish","type":"page","link":"https:\/\/www.nhsgp.net\/fr\/nhs-app\/","title":{"rendered":"Application NHS"},"content":{"rendered":"<div class=\"vce-row-container\" data-vce-boxed-width=\"true\"><div class=\"vce-row vce-row--col-gap-30 page-section vce-row-equal-height vce-row-content--top\" id=\"el-9491b4fa\" data-vce-do-apply=\"all el-9491b4fa\"><div class=\"vce-row-content\" data-vce-element-content=\"true\"><div class=\"vce-col vce-col--md-auto vce-col--xs-1 vce-col--xs-last vce-col--xs-first vce-col--sm-last vce-col--sm-first vce-col--md-last vce-col--lg-last vce-col--xl-last vce-col--md-first vce-col--lg-first vce-col--xl-first\" id=\"el-fc884ac5\"><div class=\"vce-col-inner\" data-vce-do-apply=\"border margin background  el-fc884ac5\"><div class=\"vce-col-content\" data-vce-element-content=\"true\" data-vce-do-apply=\"padding el-fc884ac5\"><div class=\"vce-single-image-container vce-single-image--align-center\"><div class=\"vce vce-single-image-wrapper\" id=\"el-f61c485a\" data-vce-do-apply=\"all el-f61c485a\"><figure><div class=\"vce-single-image-figure-inner\" style=\"width: 73px;\"><div class=\"vce-single-image-inner vce-single-image--absolute\" style=\"width: 100%; padding-bottom: 100%;\"><img loading=\"lazy\" decoding=\"async\" class=\"vce-single-image\"  width=\"73\" height=\"73\" srcset=\"\/wp-content\/uploads\/2022\/12\/nhs-73x73.png 73w\" src=\"\/wp-content\/uploads\/2022\/12\/nhs-73x73.png\" data-img-src=\"\/wp-content\/uploads\/2022\/11\/nhs.png\" data-attachment-id=\"185\"  alt=\"\" title=\"nhs\" \/><\/div><\/div><figcaption hidden=\"\"><\/figcaption><\/figure><\/div><\/div><div class=\"vce-raw-html\"><div class=\"vce-raw-html-wrapper\" id=\"el-39a96ae0\" data-vce-do-apply=\"all el-39a96ae0\"><h1 style=\"text-align:center;\">Application NHS<\/h1>\n<div class=\"md-space\"><\/div>\n<p style=\"text-align:center;\">Les enregistrements de connexion \u00e0 l'application NHS sont trait\u00e9s d\u00e8s que possible, mais peuvent prendre plus de temps que d'habitude lorsqu'il y a un nombre \u00e9lev\u00e9 de demandes de services en ligne GP.\n<\/p>\n<\/div><\/div><\/div><\/div><\/div><\/div><\/div><\/div><div class=\"vce-row-container\"><div class=\"vce-row vce-element--has-background vce-row--col-gap-30 top-page-section vce-row-equal-height vce-row-content--top\" data-vce-full-width=\"true\" id=\"el-4fb43c38\" data-vce-do-apply=\"all el-4fb43c38\"><div class=\"vce-content-background-container\"><\/div><div class=\"vce-row-content\" data-vce-element-content=\"true\"><div class=\"vce-col vce-col--md-auto vce-col--xs-1 vce-col--xs-last vce-col--xs-first vce-col--sm-last vce-col--sm-first vce-col--md-last vce-col--lg-last vce-col--xl-last vce-col--md-first vce-col--lg-first vce-col--xl-first\" id=\"el-85f4047b\"><div class=\"vce-col-inner\" data-vce-do-apply=\"border margin background  el-85f4047b\"><div class=\"vce-col-content\" data-vce-element-content=\"true\" data-vce-do-apply=\"padding el-85f4047b\"><div class=\"vce-raw-html\"><div class=\"vce-raw-html-wrapper\" id=\"el-502e0a8e\" data-vce-do-apply=\"all el-502e0a8e\"><h2 style=\"text-align: center;\">\u00c0 quoi pouvez-vous utiliser l'application NHS&nbsp;?<\/h2>\n<div class=\"space\"><\/div><\/div><\/div><\/div><\/div><\/div><\/div><\/div><\/div><div class=\"vce-row-container\"><div class=\"vce-row vce-element--has-background vce-row--col-gap-30  online-book-section vce-row-equal-height vce-row-content--top\" data-vce-full-width=\"true\" id=\"el-8b527857\" data-vce-do-apply=\"all el-8b527857\"><div class=\"vce-content-background-container\"><\/div><div class=\"vce-row-content\" data-vce-element-content=\"true\"><div class=\"vce-col vce-col--md-auto vce-col--xs-1 vce-col--xs-last vce-col--xs-first vce-col--sm-last vce-col--sm-first vce-col--md-first vce-col--lg-first vce-col--xl-first\" id=\"el-a61618e6\"><div class=\"vce-col-inner\" data-vce-do-apply=\"border margin background  el-a61618e6\"><div class=\"vce-col-content\" data-vce-element-content=\"true\" data-vce-do-apply=\"padding el-a61618e6\"><div class=\"vce-single-image-container vce-single-image--align-left\"><div class=\"vce vce-single-image-wrapper\" id=\"el-43676554\" data-vce-do-apply=\"all el-43676554\"><figure><div class=\"vce-single-image-figure-inner\" style=\"width: 546px;\"><div class=\"vce-single-image-inner vce-single-image--absolute\" style=\"width: 100%; padding-bottom: 156.41%;\"><img decoding=\"async\" class=\"vce-single-image\" src=\"\/wp-content\/uploads\/2022\/11\/home-left-img.png\" data-img-src=\"\/wp-content\/uploads\/2022\/11\/home-left-img.png\" data-attachment-id=\"384\" alt=\"\" title=\"home-left-img\"><\/div><\/div><figcaption hidden=\"\"><\/figcaption><\/figure><\/div><\/div><\/div><\/div><\/div><div class=\"vce-col vce-col--md-auto vce-col--xs-1 vce-col--xs-last vce-col--xs-first vce-col--sm-last vce-col--sm-first vce-col--md-last vce-col--lg-last vce-col--xl-last\" id=\"el-d74e23ab\"><div class=\"vce-col-inner\" data-vce-do-apply=\"border margin background  el-d74e23ab\"><div class=\"vce-col-content\" data-vce-element-content=\"true\" data-vce-do-apply=\"padding el-d74e23ab\"><div class=\"vce-raw-html\"><div class=\"vce-raw-html-wrapper\" id=\"el-b46c4751\" data-vce-do-apply=\"all el-b46c4751\"><p>L'application NHS est un moyen pratique de g\u00e9rer vos besoins en mati\u00e8re de soins de sant\u00e9. Organisez la prise de rendez-vous chez votre m\u00e9decin g\u00e9n\u00e9raliste, consultez votre dossier m\u00e9dical et acc\u00e9dez \u00e0 votre NHS Covid Pass en appuyant simplement sur un bouton.<\/p>\n<p>\n\tYou can use the NHS App to:\n<\/p>\n<div class=\"md-space\"><\/div>\n<div class=\"mba-0\">\n\t<ul>\n    <li>Trouvez et affichez rapidement votre num\u00e9ro NHS<\/li>\n    <li>Recherchez, r\u00e9servez et annulez des rendez-vous chez votre m\u00e9decin g\u00e9n\u00e9raliste \u00e0 l'aide du syst\u00e8me de prise de rendez-vous du NHS<\/li>\n    <li>Demander une nouvelle ordonnance de renouvellement, commander \u00e0 nouveau des ordonnances de renouvellement, consulter vos m\u00e9dicaments disponibles et choisir une pharmacie \u00e0 laquelle envoyer votre ordonnance<\/li>\n    <li>Des conseils de sant\u00e9 g\u00e9n\u00e9raux sont disponibles aupr\u00e8s des experts du NHS sur des centaines de conditions. Vous pouvez \u00e9galement r\u00e9pondre \u00e0 des questions pour trouver des conseils instantan\u00e9s ou une aide m\u00e9dicale pr\u00e8s de chez vous<\/li>\n    <li>Envoyez un message directement \u00e0 votre cabinet m\u00e9dical ou \u00e0 un professionnel de la sant\u00e9<\/li>\n    <li>Afficher et g\u00e9rer les plans de soins<\/li>\n    <li>Consultez votre dossier de sant\u00e9, avec des informations sur vos allergies et tout m\u00e9dicament actuel ou pass\u00e9.<\/li>\n    <li>Si votre m\u00e9decin g\u00e9n\u00e9raliste vous a donn\u00e9 acc\u00e8s \u00e0 votre dossier m\u00e9dical d\u00e9taill\u00e9, vous pouvez afficher des informations sur les r\u00e9sultats des tests et les d\u00e9tails de vos consultations<\/li>\n    <li>Obtenez votre NHS Covid Pass et acc\u00e9dez \u00e0 des conseils sur le coronavirus tels que l'aide \u00e0 l'isolement et plus encore<\/li>\n    <li>Inscrivez-vous si vous souhaitez donner tout ou partie de vos organes<\/li>\n    <li>Protection des donn\u00e9es du NHS&nbsp;: choisissez si les donn\u00e9es de vos dossiers m\u00e9dicaux sont partag\u00e9es \u00e0 des fins de recherche et de planification<\/li>\n<\/ul>\n<\/div>\n<\/div><\/div><\/div><\/div><\/div><\/div><\/div><\/div><div class=\"vce-row-container\" data-vce-boxed-width=\"true\"><div class=\"vce-row vce-row--col-gap-30 page-section left-img-mr vce-row-equal-height vce-row-content--top\" id=\"el-80789114\" data-vce-do-apply=\"all el-80789114\"><div class=\"vce-row-content\" data-vce-element-content=\"true\"><div class=\"vce-col vce-col--md-auto vce-col--xs-1 vce-col--xs-last vce-col--xs-first vce-col--sm-last vce-col--sm-first vce-col--md-last vce-col--lg-last vce-col--xl-last vce-col--md-first vce-col--lg-first vce-col--xl-first\" id=\"el-9ba18526\"><div class=\"vce-col-inner\" data-vce-do-apply=\"border margin background  el-9ba18526\"><div class=\"vce-col-content\" data-vce-element-content=\"true\" data-vce-do-apply=\"padding el-9ba18526\"><div class=\"vce-row-container\" data-vce-boxed-width=\"true\"><div class=\"vce-row vce-row--col-gap-30 vce-row-equal-height vce-row-content--middle\" id=\"el-06e3931c\" data-vce-do-apply=\"all el-06e3931c\"><div class=\"vce-row-content\" data-vce-element-content=\"true\"><div class=\"vce-col vce-col--md-auto vce-col--xs-1 vce-col--xs-last vce-col--xs-first vce-col--sm-last vce-col--sm-first vce-col--md-first vce-col--lg-first vce-col--xl-first\" id=\"el-0e049354\"><div class=\"vce-col-inner\" data-vce-do-apply=\"border margin background  el-0e049354\"><div class=\"vce-col-content\" data-vce-element-content=\"true\" data-vce-do-apply=\"padding el-0e049354\"><div class=\"vce-single-image-container vce-single-image--align-left\"><div class=\"vce vce-single-image-wrapper\" id=\"el-d18613e6\" data-vce-do-apply=\"all el-d18613e6\"><figure><div class=\"vce-single-image-figure-inner\" style=\"width: 1024px;\"><div class=\"vce-single-image-inner vce-single-image--absolute\" style=\"width: 100%; padding-bottom: 84.9609%;\"><img loading=\"lazy\" decoding=\"async\" class=\"vce-single-image\"  width=\"1024\" height=\"870\" srcset=\"\/wp-content\/uploads\/2022\/11\/NEW-NHS-GP-Book-appointment-online-1024x871.jpg 1024w, \/wp-content\/uploads\/2022\/11\/NEW-NHS-GP-Book-appointment-online-320x272.jpg 320w, \/wp-content\/uploads\/2022\/11\/NEW-NHS-GP-Book-appointment-online-480x408.jpg 480w, \/wp-content\/uploads\/2022\/11\/NEW-NHS-GP-Book-appointment-online-800x680.jpg 800w\" src=\"\/wp-content\/uploads\/2022\/11\/NEW-NHS-GP-Book-appointment-online-1024x871.jpg\" data-img-src=\"\/wp-content\/uploads\/2022\/11\/NEW-NHS-GP-Book-appointment-online.jpg\" data-attachment-id=\"2573\"  alt=\"\" title=\"R\u00e9servation,R\u00e9union,Rendez-vous,Sur,portable,ordinateur,en ligne\" \/><\/div><\/div><figcaption hidden=\"\"><\/figcaption><\/figure><\/div><\/div><\/div><\/div><\/div><div class=\"vce-col vce-col--md-auto vce-col--xs-1 vce-col--xs-last vce-col--xs-first vce-col--sm-last vce-col--sm-first vce-col--md-last vce-col--lg-last vce-col--xl-last\" id=\"el-93bb1349\"><div class=\"vce-col-inner\" data-vce-do-apply=\"border margin background  el-93bb1349\"><div class=\"vce-col-content\" data-vce-element-content=\"true\" data-vce-do-apply=\"padding el-93bb1349\"><div class=\"vce-raw-html\"><div class=\"vce-raw-html-wrapper\" id=\"el-f4bcb491\" data-vce-do-apply=\"all el-f4bcb491\"><h2>Acc\u00e9der \u00e0 votre NHS Covid Pass\n<\/h2><div class=\"md-space\"><\/div>\n<p>\nSi vous \u00eates compl\u00e8tement vaccin\u00e9 ou si vous \u00eates en train de recevoir vos vaccins, vous pouvez acc\u00e9der \u00e0 votre NHS COVID Pass via l'application. Affichez et partagez votre pass pour les essais d'\u00e9v\u00e9nements en Angleterre et les voyages internationaux.\n<\/p>\n<div class=\"space\"><\/div>\n<h2>Prot\u00e9ger vos donn\u00e9es<\/h2>\n<div class=\"md-space\"><\/div>\n<p>\nApr\u00e8s avoir t\u00e9l\u00e9charg\u00e9 l'application, vous devrez configurer une connexion NHS et prouver qui vous \u00eates. L'application se connecte ensuite en toute s\u00e9curit\u00e9 aux informations de votre cabinet m\u00e9dical.\n<\/p>\n<p>\nSi votre appareil prend en charge la d\u00e9tection d'empreintes digitales ou la reconnaissance faciale, vous pouvez l'utiliser pour vous connecter \u00e0 l'application NHS \u00e0 chaque fois, au lieu d'utiliser un mot de passe et un code de s\u00e9curit\u00e9.\n<\/p><\/div><\/div><\/div><\/div><\/div><\/div><\/div><\/div><\/div><\/div><\/div><\/div><\/div><\/div>\n","protected":false},"excerpt":{"rendered":"<p>Application NHS Les enregistrements de connexion \u00e0 l&#8217;application NHS sont trait\u00e9s d\u00e8s que possible, mais peuvent prendre plus de temps que d&#8217;habitude lorsqu&#8217;il y a un nombre \u00e9lev\u00e9 de demandes de services en ligne GP. \u00c0 quoi pouvez-vous utiliser l&#8217;application NHS&nbsp;? L&#8217;application NHS est un moyen pratique de g\u00e9rer vos besoins en mati\u00e8re de soins [&hellip;]<\/p>\n","protected":false},"author":4,"featured_media":0,"parent":0,"menu_order":0,"comment_status":"closed","ping_status":"closed","template":"","meta":{"_acf_changed":false,"footnotes":""},"class_list":["post-4583","page","type-page","status-publish","hentry"],"acf":[],"yoast_head":"<!-- This site is optimized with the Yoast SEO plugin v22.6 - https:\/\/yoast.com\/wordpress\/plugins\/seo\/ -->\n<title>T\u00e9l\u00e9chargez la NHS App | NHS GP<\/title>\n<meta name=\"description\" content=\"L&#039;application NHS est un moyen pratique de g\u00e9rer vos besoins en mati\u00e8re de soins de sant\u00e9. Organisez la prise de rendez-vous chez le g\u00e9n\u00e9raliste, consultez votre dossier m\u00e9dical et bien plus encore !\" \/>\n<meta name=\"robots\" content=\"index, follow, max-snippet:-1, max-image-preview:large, max-video-preview:-1\" \/>\n<link rel=\"canonical\" href=\"https:\/\/www.nhsgp.net\/nhs-app\/\" \/>\n<meta property=\"og:locale\" content=\"fr_FR\" \/>\n<meta property=\"og:type\" content=\"article\" \/>\n<meta property=\"og:title\" content=\"T\u00e9l\u00e9chargez la NHS App | NHS GP\" \/>\n<meta property=\"og:description\" content=\"L&#039;application NHS est un moyen pratique de g\u00e9rer vos besoins en mati\u00e8re de soins de sant\u00e9. Organisez la prise de rendez-vous chez le g\u00e9n\u00e9raliste, consultez votre dossier m\u00e9dical et bien plus encore !\" \/>\n<meta property=\"og:url\" content=\"https:\/\/www.nhsgp.net\/nhs-app\/\" \/>\n<meta property=\"og:site_name\" content=\"NHS GP\" \/>\n<meta property=\"article:modified_time\" content=\"2025-05-27T11:46:08+00:00\" \/>\n<meta name=\"twitter:card\" content=\"summary_large_image\" \/>\n<meta name=\"twitter:label1\" content=\"Dur\u00e9e de lecture estim\u00e9e\" \/>\n\t<meta name=\"twitter:data1\" content=\"2 minutes\" \/>\n<script type=\"application\/ld+json\" class=\"yoast-schema-graph\">{\"@context\":\"https:\/\/schema.org\",\"@graph\":[{\"@type\":\"WebPage\",\"@id\":\"https:\/\/www.nhsgp.net\/nhs-app\/\",\"url\":\"https:\/\/www.nhsgp.net\/nhs-app\/\",\"name\":\"T\u00e9l\u00e9chargez la NHS App | NHS GP\",\"isPartOf\":{\"@id\":\"https:\/\/www.nhsgp.net\/#website\"},\"datePublished\":\"2022-11-10T12:57:53+00:00\",\"dateModified\":\"2025-05-27T11:46:08+00:00\",\"description\":\"L'application NHS est un moyen pratique de g\u00e9rer vos besoins en mati\u00e8re de soins de sant\u00e9. Organisez la prise de rendez-vous chez le g\u00e9n\u00e9raliste, consultez votre dossier m\u00e9dical et bien plus encore !\",\"breadcrumb\":{\"@id\":\"https:\/\/www.nhsgp.net\/nhs-app\/#breadcrumb\"},\"inLanguage\":\"fr-FR\",\"potentialAction\":[{\"@type\":\"ReadAction\",\"target\":[\"https:\/\/www.nhsgp.net\/nhs-app\/\"]}]},{\"@type\":\"BreadcrumbList\",\"@id\":\"https:\/\/www.nhsgp.net\/nhs-app\/#breadcrumb\",\"itemListElement\":[{\"@type\":\"ListItem\",\"position\":1,\"name\":\"Home\",\"item\":\"https:\/\/www.nhsgp.net\/\"},{\"@type\":\"ListItem\",\"position\":2,\"name\":\"Application NHS\"}]},{\"@type\":\"WebSite\",\"@id\":\"https:\/\/www.nhsgp.net\/#website\",\"url\":\"https:\/\/www.nhsgp.net\/\",\"name\":\"NHS GP\",\"description\":\"GP Pathfinder Clinics\",\"publisher\":{\"@id\":\"https:\/\/www.nhsgp.net\/#organization\"},\"potentialAction\":[{\"@type\":\"SearchAction\",\"target\":{\"@type\":\"EntryPoint\",\"urlTemplate\":\"https:\/\/www.nhsgp.net\/?s={search_term_string}\"},\"query-input\":\"required name=search_term_string\"}],\"inLanguage\":\"fr-FR\"},{\"@type\":\"Organization\",\"@id\":\"https:\/\/www.nhsgp.net\/#organization\",\"name\":\"NHS GP\",\"url\":\"https:\/\/www.nhsgp.net\/\",\"logo\":{\"@type\":\"ImageObject\",\"inLanguage\":\"fr-FR\",\"@id\":\"https:\/\/www.nhsgp.net\/#\/schema\/logo\/image\/\",\"url\":\"https:\/\/www.nhsgp.net\/wp-content\/uploads\/2025\/02\/NHS_LOGO.png\",\"contentUrl\":\"https:\/\/www.nhsgp.net\/wp-content\/uploads\/2025\/02\/NHS_LOGO.png\",\"width\":354,\"height\":143,\"caption\":\"NHS GP\"},\"image\":{\"@id\":\"https:\/\/www.nhsgp.net\/#\/schema\/logo\/image\/\"}}]}<\/script>\n<!-- \/ Yoast SEO plugin. -->","yoast_head_json":{"title":"T\u00e9l\u00e9chargez la NHS App | NHS GP","description":"L'application NHS est un moyen pratique de g\u00e9rer vos besoins en mati\u00e8re de soins de sant\u00e9. Organisez la prise de rendez-vous chez le g\u00e9n\u00e9raliste, consultez votre dossier m\u00e9dical et bien plus encore !","robots":{"index":"index","follow":"follow","max-snippet":"max-snippet:-1","max-image-preview":"max-image-preview:large","max-video-preview":"max-video-preview:-1"},"canonical":"https:\/\/www.nhsgp.net\/nhs-app\/","og_locale":"fr_FR","og_type":"article","og_title":"T\u00e9l\u00e9chargez la NHS App | NHS GP","og_description":"L'application NHS est un moyen pratique de g\u00e9rer vos besoins en mati\u00e8re de soins de sant\u00e9. Organisez la prise de rendez-vous chez le g\u00e9n\u00e9raliste, consultez votre dossier m\u00e9dical et bien plus encore !","og_url":"https:\/\/www.nhsgp.net\/nhs-app\/","og_site_name":"NHS GP","article_modified_time":"2025-05-27T11:46:08+00:00","twitter_card":"summary_large_image","twitter_misc":{"Dur\u00e9e de lecture estim\u00e9e":"2 minutes"},"schema":{"@context":"https:\/\/schema.org","@graph":[{"@type":"WebPage","@id":"https:\/\/www.nhsgp.net\/nhs-app\/","url":"https:\/\/www.nhsgp.net\/nhs-app\/","name":"T\u00e9l\u00e9chargez la NHS App | NHS GP","isPartOf":{"@id":"https:\/\/www.nhsgp.net\/#website"},"datePublished":"2022-11-10T12:57:53+00:00","dateModified":"2025-05-27T11:46:08+00:00","description":"L'application NHS est un moyen pratique de g\u00e9rer vos besoins en mati\u00e8re de soins de sant\u00e9. Organisez la prise de rendez-vous chez le g\u00e9n\u00e9raliste, consultez votre dossier m\u00e9dical et bien plus encore !","breadcrumb":{"@id":"https:\/\/www.nhsgp.net\/nhs-app\/#breadcrumb"},"inLanguage":"fr-FR","potentialAction":[{"@type":"ReadAction","target":["https:\/\/www.nhsgp.net\/nhs-app\/"]}]},{"@type":"BreadcrumbList","@id":"https:\/\/www.nhsgp.net\/nhs-app\/#breadcrumb","itemListElement":[{"@type":"ListItem","position":1,"name":"Home","item":"https:\/\/www.nhsgp.net\/"},{"@type":"ListItem","position":2,"name":"Application NHS"}]},{"@type":"WebSite","@id":"https:\/\/www.nhsgp.net\/#website","url":"https:\/\/www.nhsgp.net\/","name":"NHS GP","description":"GP Pathfinder Clinics","publisher":{"@id":"https:\/\/www.nhsgp.net\/#organization"},"potentialAction":[{"@type":"SearchAction","target":{"@type":"EntryPoint","urlTemplate":"https:\/\/www.nhsgp.net\/?s={search_term_string}"},"query-input":"required name=search_term_string"}],"inLanguage":"fr-FR"},{"@type":"Organization","@id":"https:\/\/www.nhsgp.net\/#organization","name":"NHS GP","url":"https:\/\/www.nhsgp.net\/","logo":{"@type":"ImageObject","inLanguage":"fr-FR","@id":"https:\/\/www.nhsgp.net\/#\/schema\/logo\/image\/","url":"https:\/\/www.nhsgp.net\/wp-content\/uploads\/2025\/02\/NHS_LOGO.png","contentUrl":"https:\/\/www.nhsgp.net\/wp-content\/uploads\/2025\/02\/NHS_LOGO.png","width":354,"height":143,"caption":"NHS GP"},"image":{"@id":"https:\/\/www.nhsgp.net\/#\/schema\/logo\/image\/"}}]}},"jetpack_sharing_enabled":true,"_links":{"self":[{"href":"https:\/\/www.nhsgp.net\/fr\/wp-json\/wp\/v2\/pages\/4583","targetHints":{"allow":["GET"]}}],"collection":[{"href":"https:\/\/www.nhsgp.net\/fr\/wp-json\/wp\/v2\/pages"}],"about":[{"href":"https:\/\/www.nhsgp.net\/fr\/wp-json\/wp\/v2\/types\/page"}],"author":[{"embeddable":true,"href":"https:\/\/www.nhsgp.net\/fr\/wp-json\/wp\/v2\/users\/4"}],"replies":[{"embeddable":true,"href":"https:\/\/www.nhsgp.net\/fr\/wp-json\/wp\/v2\/comments?post=4583"}],"version-history":[{"count":3,"href":"https:\/\/www.nhsgp.net\/fr\/wp-json\/wp\/v2\/pages\/4583\/revisions"}],"predecessor-version":[{"id":4586,"href":"https:\/\/www.nhsgp.net\/fr\/wp-json\/wp\/v2\/pages\/4583\/revisions\/4586"}],"wp:attachment":[{"href":"https:\/\/www.nhsgp.net\/fr\/wp-json\/wp\/v2\/media?parent=4583"}],"curies":[{"name":"wp","href":"https:\/\/api.w.org\/{rel}","templated":true}]}}