{"id":4497,"date":"2022-11-16T04:46:57","date_gmt":"2022-11-16T04:46:57","guid":{"rendered":"https:\/\/sweet-satoshi.77-68-103-63.plesk.page\/carrieres\/"},"modified":"2023-01-25T13:17:44","modified_gmt":"2023-01-25T13:17:44","slug":"carrieres","status":"publish","type":"page","link":"https:\/\/www.nhsgp.net\/fr\/carrieres\/","title":{"rendered":"Carri\u00e8res"},"content":{"rendered":"<div class=\"vce-row-container\" data-vce-boxed-width=\"true\"><div class=\"vce-row vce-row--col-gap-30 page-section vce-row-equal-height vce-row-content--top\" id=\"el-9491b4fa\" data-vce-do-apply=\"all el-9491b4fa\"><div class=\"vce-row-content\" data-vce-element-content=\"true\"><div class=\"vce-col vce-col--md-auto vce-col--xs-1 vce-col--xs-last vce-col--xs-first vce-col--sm-last vce-col--sm-first vce-col--md-last vce-col--lg-last vce-col--xl-last vce-col--md-first vce-col--lg-first vce-col--xl-first\" id=\"el-fc884ac5\"><div class=\"vce-col-inner\" data-vce-do-apply=\"border margin background  el-fc884ac5\"><div class=\"vce-col-content\" data-vce-element-content=\"true\" data-vce-do-apply=\"padding el-fc884ac5\"><div class=\"vce-raw-html\"><div class=\"vce-raw-html-wrapper\" id=\"el-39a96ae0\" data-vce-do-apply=\"all el-39a96ae0\"><h1 style=\"text-align: center;\">REJOINS NOTRE \u00c9QUIPE<\/h1><div class=\"space\"><\/div>\n<p style=\"text-align: center;\">Nous sommes passionn\u00e9s par l'accompagnement et le soutien de notre personnel afin d'offrir des soins de la plus haute qualit\u00e9 \u00e0 tous nos patients.<\/p>\n<div class=\"md-space\"><\/div>\n<div style=\"text-align: center;\"><a class=\"btn btn-lg\" href=\"https:\/\/www.nhsgp.net\/area\/\" target=\"_blank\" rel=\"noopener\">Cliquez ici pour vous inscrire<\/a><\/div>\n<\/div><\/div><\/div><\/div><\/div><\/div><\/div><\/div><div class=\"vce-row-container\"><div class=\"vce-row vce-element--has-background vce-row--col-gap-30 page-section vce-row-equal-height vce-row-content--top\" data-vce-full-width=\"true\" id=\"el-0e84e561\" data-vce-do-apply=\"all el-0e84e561\"><div class=\"vce-content-background-container\"><\/div><div class=\"vce-row-content\" data-vce-element-content=\"true\"><div class=\"vce-col vce-col--md-auto vce-col--xs-1 vce-col--xs-last vce-col--xs-first vce-col--sm-last vce-col--sm-first vce-col--md-last vce-col--lg-last vce-col--xl-last vce-col--md-first vce-col--lg-first vce-col--xl-first\" id=\"el-1d930998\"><div class=\"vce-col-inner\" data-vce-do-apply=\"border margin background  el-1d930998\"><div class=\"vce-col-content\" data-vce-element-content=\"true\" data-vce-do-apply=\"padding el-1d930998\"><div class=\"vce-raw-html\"><div class=\"vce-raw-html-wrapper\" id=\"el-617460bf\" data-vce-do-apply=\"all el-617460bf\"><h2 style=\"text-align: center;\">Carri\u00e8res <\/h2><div class=\"space\"><\/div>\n<div class=\"space\"><\/div><\/div><\/div><div class=\"vce-raw-html\"><div class=\"vce-raw-html-wrapper\" id=\"el-1b4f3c63\" data-vce-do-apply=\"all el-1b4f3c63\"><div class=\"tabbedPanels\">\n    <ul class=\"tabs\">\n        <li><a href=\"#panel1\">R\u00e9ceptionniste m\u00e9dicale<\/a><\/li>\n        <li><a href=\"#panel2\">M\u00e9decins<\/a><\/li>\n        <li><a href=\"#panel3\">Pharmaciens cliniciens<\/a><\/li>\n        <li><a href=\"#panel4\">Analyste de cas<\/a><\/li>\n    <\/ul>\n\n    <div class=\"panelContainer\">\n        <div id=\"panel1\" class=\"panel\">\n            <p>\n            Le centre m\u00e9dical Hazeldene est \u00e0 la recherche d'un r\u00e9ceptionniste \/ administrateur g\u00e9n\u00e9raliste pour rejoindre son \u00e9quipe, exp\u00e9rience dans le m\u00eame ou\n            un r\u00f4le similaire est souhait\u00e9 et la connaissance du SIGE Web n'est pas essentielle car une formation sera dispens\u00e9e.\n            <\/p>\n            <p>\n            Nous recherchons quelqu'un qui comprend l'importance d'\u00eatre sensible, de maintenir la confidentialit\u00e9 et d'\u00eatre un\n            d\u00e9fenseur des brevets. Qui est capable de maintenir une attitude calme et concentr\u00e9e face \u00e0 des situations difficiles et stressantes\n            situations.\n            <\/p>\n            <p>\n            La pratique a \u00e9t\u00e9 not\u00e9e BONNE par la Commission de la qualit\u00e9 des soins (CQC).\n            <\/p>\n            <p>\n            Le cabinet op\u00e8re \u00e0 partir de 4 sites Hazeldene Medical Centre, The Eagle Eye, Crest Medical Center et Chamberlayne Road\n            Op\u00e9ration.\n            <\/p>\n            <p>\n            Tous les membres du personnel sont employ\u00e9s dans l'ensemble du cabinet et peuvent \u00eatre invit\u00e9s \u00e0 travailler sur l'un ou l'autre site\n            <\/p>\n            <p class=\"text-large\"><strong> Responsabilit\u00e9s&nbsp;:<\/strong><\/p>\n            <ul>\n            <li>Services d'accueil de la r\u00e9ception.<\/li>\n            <li>R\u00e9pondez aux appels t\u00e9l\u00e9phoniques de mani\u00e8re polie et professionnelle<\/li>\n            <li>Prendre, modifier et annuler des rendez-vous \u00e0 l'aide d'EMIS Web.<\/li>\n            <li>G\u00e9rer les demandes des patients et des tiers en temps opportun.<\/li>\n            <li>Assurer la liaison avec le personnel clinique, les m\u00e9decins g\u00e9n\u00e9ralistes et la direction pour r\u00e9pondre aux besoins des patients<\/li>\n            <li>Saisir avec pr\u00e9cision les informations sur les patients \u00e0 l'aide de syst\u00e8mes internes<\/li>\n            <li>Examinez, traitez et num\u00e9risez des documents.<\/li>\n            <li>Audits internes.<\/li>\n            <li>Diverses t\u00e2ches administratives attribu\u00e9es par les cadres sup\u00e9rieurs.<\/li>\n            <li>Ma\u00eetrise de l'informatique&nbsp;: connaissance de Microsoft&nbsp;Office<\/li>\n            <\/ul>\n            <p>ID de r\u00e9f\u00e9rence&nbsp;: Hazel05<\/p>\n            <p>Types d'emploi&nbsp;: temps plein, contractuel, permanent<\/p>\n            <p>Salaire&nbsp;: 12&nbsp;566,00&nbsp;\u00a3 \u00e0 24&nbsp;132,00&nbsp;\u00a3 par an<\/p>\n            <p>Calendrier&nbsp;:<\/p>\n            <p>\nQuart de 10 heures<br>\nQuart de 8 heures<br>\nDu lundi au vendredi<br>\nHeures suppl\u00e9mentaires\n            <\/p>\n            <p>Consid\u00e9rations li\u00e9es au COVID-19&nbsp;:<\/p>\n            <p>Tout le monde est tenu de porter un masque et les surfaces communes sont r\u00e9guli\u00e8rement d\u00e9sinfect\u00e9es, etc.<\/p>\n            <p class=\"text-large\"><strong>Capacit\u00e9 \u00e0 se d\u00e9placer\/se d\u00e9placer&nbsp;:<\/strong><\/p>\n            <p>Londres HA9 6PW&nbsp;: faites la navette de mani\u00e8re fiable ou envisagez de d\u00e9m\u00e9nager avant de commencer \u00e0 travailler (de pr\u00e9f\u00e9rence)<\/p>\n            <p class=\"text-large\"><strong>Exp\u00e9rience&nbsp;:<\/strong><\/p>\n            <p>R\u00e9ceptionniste m\u00e9dicale&nbsp;: 1&nbsp;an (de pr\u00e9f\u00e9rence)<\/p>\n            <p class=\"text-large\"><strong>Disposition \u00e0 voyager&nbsp;:<\/strong><\/p>\n            <p>25&nbsp;% (pr\u00e9f\u00e9r\u00e9)<\/p>\n            <p class=\"text-large\"><strong>Pour postuler, veuillez envoyer les documents suivants \u00e0 <a href=\"mailto:khyati.bhatt@nhs.net\"> khyati.bhatt@nhs.net<\/a>:<\/strong><\/p>\n            <ol>\n                <li>Un CV \u00e0 jour<\/li>\n                <li>Une lettre de motivation<\/li>\n            <\/ol>\n        <\/div>\n        <!-- end panel 1 -->\n\n        <div id=\"panel2\" class=\"panel\">\n<p>\nNous pensons que la m\u00e9decine g\u00e9n\u00e9rale peut \u00eatre un environnement amusant et favorable pour nos m\u00e9decins g\u00e9n\u00e9ralistes, et nous y veillons gr\u00e2ce \u00e0 une syst\u00e8mes et processus d\u00e9velopp\u00e9s, le soutien de notre MDT, y compris les pharmaciens et les m\u00e9decins associ\u00e9s, et des m\u00e9thodes de travail innovantes reconnues \u00e0 l'\u00e9chelle nationale qui vous permettent :\n<\/p>\n<ul>\n            <li>L'accent est mis sur la prestation de soins de haute qualit\u00e9<\/li>\n            <li>Documents minimaux pour l'action<\/li>\n            <li>Interruptions minimales en clinique<\/li>\n            <li>Tr\u00e8s peu de scripts \u00e0 signer et tr\u00e8s peu de visites \u00e0 domicile<\/li>\n            <li>Intervenir uniquement sur les r\u00e9sultats sanguins demand\u00e9s<\/li>\n            <li>Temps r\u00e9mun\u00e9r\u00e9 et prot\u00e9g\u00e9 pour rattrapage et enseignement\/supervision<\/li>\n            <li>Soutien d'un personnel qualifi\u00e9 lors de la r\u00e9daction des rapports m\u00e9dicaux<\/li>\n            <li>Copain nomm\u00e9 pour aider \u00e0 la charge de travail administratif g\u00e9n\u00e9r\u00e9e lors des consultations t\u00e9l\u00e9phoniques<\/li>\n<\/ul>\n            <p>\n            Nous sommes passionn\u00e9s par la prestation de services de soins primaires de haute qualit\u00e9 \u00e0 travers Londres. Pour le bon m\u00e9decin g\u00e9n\u00e9raliste, c'est une opportunit\u00e9 fantastique de franchir une nouvelle \u00e9tape dans votre carri\u00e8re.\n            <\/p>\n            <p>\n            Nous sommes impatients de vous parler de la fa\u00e7on dont nous pouvons r\u00e9pondre \u00e0 vos besoins professionnels au sein de notre vaste r\u00e9seau clinique et d'enseignement. En tant qu'organisation apprenante, nous nous engageons \u00e0 d\u00e9velopper la prochaine g\u00e9n\u00e9ration de leaders des soins primaires.\n            <\/p>\n            <p>\n            Nous proposons une structure de d\u00e9veloppement de carri\u00e8re claire et sommes en mesure d'adapter le r\u00f4le et les responsabilit\u00e9s aux comp\u00e9tences du m\u00e9decin g\u00e9n\u00e9raliste qui r\u00e9ussit. Nous nous f\u00e9licitons donc de votre int\u00e9r\u00eat pour ce r\u00f4le, quel que soit votre niveau d'exp\u00e9rience.\n            <\/p>\n            <p class=\"text-large\"><strong>Pour plus d'informations sur la mani\u00e8re de nous rejoindre, veuillez envoyer un e-mail&nbsp;: <a href=\"mailto:dinisha.dhiru@nhs.net\">dinisha.dhiru@nhs.net<\/a><\/strong><\/p>\n        <\/div>\n        <!-- end panel 2 -->\n\n        <div id=\"panel3\" class=\"panel\">\n            <p class=\"rteBlock\">\n                C'est le moment id\u00e9al pour les pharmaciens prescripteurs qui souhaitent travailler en m\u00e9decine g\u00e9n\u00e9rale. Nous avons des postes disponibles dans plusieurs r\u00e9gions de Londres et vous rejoindrez une importante communaut\u00e9 de pharmaciens avec de grands niveaux de socialisation pour un apprentissage partag\u00e9. Votre travail se d\u00e9roulera pendant les heures normales de jour du m\u00e9decin g\u00e9n\u00e9raliste et vous\nne pas \u00eatre syst\u00e9matiquement oblig\u00e9 de travailler apr\u00e8s 20 h ou le week-end. Nous pouvons vous associer \u00e0 un cabinet dans la r\u00e9gion o\u00f9 vous vivez, ce qui minimise votre temps de d\u00e9placement et vos d\u00e9penses.\n            <\/p>\n            <p>\n                Nous recherchons des pharmaciens proactifs et enthousiastes pour rejoindre notre famille. Nous vous formerons pour couvrir la plupart des aspects des soins primaires, y compris l'examen clinique et la gestion des maladies mineures courantes.\n            <\/p>\n            <p class=\"text-large\"><strong>Pour plus d'informations sur l'int\u00e9gration de notre \u00e9quipe, veuillez envoyer un e-mail \u00e0&nbsp;: <a href=\"mailto:mohammed.harb@nhs.net\">mohammed.harb@nhs.net<\/a><\/strong><\/p>\n        <\/div>\n        <!-- end panel 3 -->\n\n        <div id=\"panel4\" class=\"panel\">\n            <p class=\"rteBlock\">\n                Vous souhaitez contribuer \u00e0 am\u00e9liorer la qualit\u00e9 et la s\u00e9curit\u00e9 des services de sant\u00e9, ainsi que l'exp\u00e9rience des patients et des soignants ? Au Centre m\u00e9dical Hazeldene, nous recherchons un analyste de cas exceptionnel \u00e0 temps plein pour se joindre \u00e0 notre \u00e9quipe. Le traitement des plaintes est un r\u00f4le difficile et exigeant. Nous recherchons une personne d\u00e9vou\u00e9e, amicale, fiable, travailleuse et motiv\u00e9e. Vous serez enti\u00e8rement d\u00e9vou\u00e9 aux valeurs de l'Organisation et d\u00e9montrerez que ces valeurs guident vos interactions avec les patients et les coll\u00e8gues.\n            <\/p>\n            <p>\n                Chaque r\u00e9clamation est pour nous l'occasion d'en savoir plus sur nos services et de les am\u00e9liorer. Nous voulons que tous ceux qui nous d\u00e9posent une plainte puissent dire&nbsp;: \"Je me suis senti en confiance pour parler, et d\u00e9poser ma plainte a \u00e9t\u00e9 simple.\" Je me suis senti entendu et compris, et j'avais l'impression que mes critiques avaient fait une diff\u00e9rence.\n            <\/p>\n            <p class=\"text-large\"><strong>R\u00f4les et responsabilit\u00e9s: <\/strong><\/p>\n            <ul>\n            \n            <li>Aider le plaignant tout au long du processus de plainte formel.<\/li>\n<li>En communiquant efficacement avec le plaignant par courrier, par t\u00e9l\u00e9phone ou en personne, vous fournissez un excellent service client tout en respectant nos normes de service.<\/li>\n<li>Responsable d'enqu\u00eater et de r\u00e9soudre toutes les \u00e9tapes des r\u00e9clamations de mani\u00e8re \u00e9quitable et impartiale.<\/li>\n<li>Reconna\u00eetre et r\u00e9soudre les r\u00e9clamations en g\u00e9rant des r\u00e9ponses de haute qualit\u00e9<\/li>\n<li>Responsable d'une grande vari\u00e9t\u00e9 de cas. Il est souhaitable que vous ayez une bonne compr\u00e9hension des proc\u00e9dures l\u00e9gales de traitement des plaintes relatives aux soins de sant\u00e9.<\/li>\n            <li>Assumer la responsabilit\u00e9 d'une r\u00e9clamation du d\u00e9but \u00e0 la fin et s'assurer que le plaignant est tenu inform\u00e9 de l'\u00e9tat d'avancement.<\/li>\n            <li>Analyser les r\u00e9clamations pour d\u00e9terminer leur gravit\u00e9 et leur complexit\u00e9 et suivre un processus de r\u00e9solution appropri\u00e9<\/li>\n            <li>Assurez-vous que la documentation et les preuves permettant d'enqu\u00eater sur les plaintes sont conserv\u00e9es dans un format appropri\u00e9.<\/li>\n            <li>Traitez les informations sensibles et confidentielles.<\/li>\n            <li>Travaillez bien sous pression, donnez la priorit\u00e9 \u00e0 une charge de travail vari\u00e9e et respectez des d\u00e9lais stricts.<\/li>\n            <li>G\u00e9rer les t\u00e2ches d'administration selon les besoins, assurer une documentation et une tenue des registres de haut niveau, num\u00e9riser et joindre des documents, enregistrer des documents et s'assurer que les d\u00e9lais importants sont respect\u00e9s.<\/li>\n            <li>Exp\u00e9rience dans la r\u00e9ponse aux appels de r\u00e9clamation, la r\u00e9ception d'e-mails, une bonne qualit\u00e9 r\u00e9dactionnelle et le suivi des processus administratifs.<\/li>\n            <li>\u00c9tudier et r\u00e9sumer les probl\u00e8mes complexes.<\/li>\n            <li>Traitement des lettres priv\u00e9es, traitement des formulaires d'assurance et des proc\u00e9dures d'\u00e9v\u00e9nements importants.<\/li>\n            <li>G\u00e9n\u00e9ration de factures et suivi des paiements.<\/li>\n            <li>Enregistrer, consigner et surveiller la progression des requ\u00eates.<\/li>\n            <li>Vous avez une exp\u00e9rience pr\u00e9alable dans le domaine de la sant\u00e9 et une connaissance du processus de r\u00e9clamation du NHS est souhaitable.<\/li>\n            <li>Devoir d'\u00e9crire des lettres pr\u00e9cises et compatissantes.<\/li>\n            <li>Avoir la capacit\u00e9 de s'affirmer si n\u00e9cessaire, de dire non si n\u00e9cessaire et de rester calme, d'\u00eatre professionnel et sensible \u00e0 tout moment.<\/li>\n            <li>Plus important encore, vous vous assurez que chaque plainte est entendue, comprise, prise en compte, trait\u00e9e de mani\u00e8re appropri\u00e9e et apprise.<\/li>\n            <\/ul>\n            <p class=\"text-large\"><strong>Vous devez postuler si vous :<\/strong><\/p>\n            <ul>\n            <li>Vous \u00eates un r\u00e9sident du Royaume-Uni et vous vivez actuellement au Royaume-Uni.<\/li>\n\n\n            <li>Avoir le droit de travailler au Royaume-Uni - une offre d'emploi est soumise \u00e0 une preuve satisfaisante de cela.<\/li>\n\n\n            <li>\u00catre dipl\u00f4m\u00e9 en sciences humaines, en sciences, en litt\u00e9rature anglaise, en psychologie ou avoir une exp\u00e9rience \u00e9quivalente.<\/li>\n\n\n            <li>Avoir un bon niveau de connaissances en informatique, en particulier dans l'utilisation de documents Word et Excel<\/li>\n\n\n            <li>Avoir de l'exp\u00e9rience dans un poste administratif ou clinique (souhaitable).<\/li>\n\n\n            <li>Sont dou\u00e9s pour expliquer les choses aux gens et ont un anglais \u00e9crit impeccable.<\/li>\n\n\n            <li>Avoir un excellent service client.<\/li>\n\n\n            <li>Sont bien organis\u00e9s.<\/li>\n\n\n            <li>Aptitudes efficaces \u00e0 la communication \u00e9crite, orale et interpersonnelle et \u00e0 la n\u00e9gociation<\/li>\n\n\n            <li>Avoir la capacit\u00e9 d'analyser les informations, de r\u00e9diger des rapports et de pr\u00e9senter des comp\u00e9tences<\/li>\n\n\n            <li>\u00catre capable de d\u00e9montrer des comp\u00e9tences bien d\u00e9velopp\u00e9es en mati\u00e8re de n\u00e9gociation, de r\u00e9solution de probl\u00e8mes et de r\u00e9daction<\/li>\n\n\n            <li>Ayez une bonne gestion du temps.<\/li>\n            <\/ul>\n            <p>Pour plus d'informations, n'h\u00e9sitez pas \u00e0 nous contacter.<\/p>\n            <p class=\"text-large\" style=\"color:red;\"><strong>Veuillez envoyer un CV mis \u00e0 jour et une lettre de motivation pour \u00eatre pris en consid\u00e9ration pour ce poste.<\/strong><\/p>\n            <p>\n                <a href=\"mailto:recruit.hazel@nhs.net\">recruit.hazel@nhs.net<\/a><br>\n                ID de r\u00e9f\u00e9rence&nbsp;: Caseanalyst01<br>\n                Date limite de candidature&nbsp;: 01\/11\/2021<br>\n                Types d'emploi&nbsp;: temps plein, permanent<br>\n                Salaire : 16 380,00 \u00a3 \u00e0 18 525,00 \u00a3 par an\n            <\/p>\n            <p>\n                Horaire&nbsp;:<br>\n                quart de travail de 8 heures\n            <\/p>\n            <p>\n                Consid\u00e9rations relatives au COVID-19&nbsp;:<br>\n                Tout le monde est tenu de porter un masque et les surfaces communes sont r\u00e9guli\u00e8rement d\u00e9sinfect\u00e9es, etc.\n            <\/p>\n            <p>\n                \u00c9ducation&nbsp;:<br>\n                Baccalaur\u00e9at (de pr\u00e9f\u00e9rence)\n            <\/p>\n            <p>\n                Travaillez \u00e0 distance&nbsp;:<br>\n                Non\n            <\/p>\n        <\/div>\n        <!-- end panel 4 -->\n    <\/div>\n    <!-- end div class=\"panelContainer\" or panel wrapper -->\n<\/div>\n<!-- ends the tabbed panels \/ wrapper--><\/div><\/div><\/div><\/div><\/div><\/div><\/div><\/div>\n","protected":false},"excerpt":{"rendered":"<p>REJOINS NOTRE \u00c9QUIPE Nous sommes passionn\u00e9s par l&#8217;accompagnement et le soutien de notre personnel afin d&#8217;offrir des soins de la plus haute qualit\u00e9 \u00e0 tous nos patients. Cliquez ici pour vous inscrire Carri\u00e8res R\u00e9ceptionniste m\u00e9dicale M\u00e9decins Pharmaciens cliniciens Analyste de cas Le centre m\u00e9dical Hazeldene est \u00e0 la recherche d&#8217;un r\u00e9ceptionniste \/ administrateur g\u00e9n\u00e9raliste pour [&hellip;]<\/p>\n","protected":false},"author":4,"featured_media":0,"parent":0,"menu_order":0,"comment_status":"closed","ping_status":"closed","template":"","meta":{"_acf_changed":false,"footnotes":""},"class_list":["post-4497","page","type-page","status-publish","hentry"],"acf":[],"yoast_head":"<!-- This site is optimized with the Yoast SEO plugin v22.6 - https:\/\/yoast.com\/wordpress\/plugins\/seo\/ -->\n<title>Careers With Us - NHS Careers | NHS GP<\/title>\n<meta name=\"description\" content=\"Looking for a new job in the healthcare sector? Then take a look at the roles we have available here today!\" \/>\n<meta name=\"robots\" content=\"index, follow, max-snippet:-1, max-image-preview:large, max-video-preview:-1\" \/>\n<link rel=\"canonical\" href=\"https:\/\/www.nhsgp.net\/fr\/carrieres\/\" \/>\n<meta property=\"og:locale\" content=\"fr_FR\" \/>\n<meta property=\"og:type\" content=\"article\" \/>\n<meta property=\"og:title\" content=\"Careers With Us - NHS Careers | NHS GP\" \/>\n<meta property=\"og:description\" content=\"Looking for a new job in the healthcare sector? Then take a look at the roles we have available here today!\" \/>\n<meta property=\"og:url\" content=\"https:\/\/www.nhsgp.net\/fr\/carrieres\/\" \/>\n<meta property=\"og:site_name\" content=\"NHS GP\" \/>\n<meta property=\"article:modified_time\" content=\"2023-01-25T13:17:44+00:00\" \/>\n<meta name=\"twitter:card\" content=\"summary_large_image\" \/>\n<meta name=\"twitter:label1\" content=\"Dur\u00e9e de lecture estim\u00e9e\" \/>\n\t<meta name=\"twitter:data1\" content=\"9 minutes\" \/>\n<script type=\"application\/ld+json\" class=\"yoast-schema-graph\">{\"@context\":\"https:\/\/schema.org\",\"@graph\":[{\"@type\":\"WebPage\",\"@id\":\"https:\/\/www.nhsgp.net\/fr\/carrieres\/\",\"url\":\"https:\/\/www.nhsgp.net\/fr\/carrieres\/\",\"name\":\"Careers With Us - NHS Careers | NHS GP\",\"isPartOf\":{\"@id\":\"https:\/\/www.nhsgp.net\/#website\"},\"datePublished\":\"2022-11-16T04:46:57+00:00\",\"dateModified\":\"2023-01-25T13:17:44+00:00\",\"description\":\"Looking for a new job in the healthcare sector? Then take a look at the roles we have available here today!\",\"breadcrumb\":{\"@id\":\"https:\/\/www.nhsgp.net\/fr\/carrieres\/#breadcrumb\"},\"inLanguage\":\"fr-FR\",\"potentialAction\":[{\"@type\":\"ReadAction\",\"target\":[\"https:\/\/www.nhsgp.net\/fr\/carrieres\/\"]}]},{\"@type\":\"BreadcrumbList\",\"@id\":\"https:\/\/www.nhsgp.net\/fr\/carrieres\/#breadcrumb\",\"itemListElement\":[{\"@type\":\"ListItem\",\"position\":1,\"name\":\"Home\",\"item\":\"https:\/\/www.nhsgp.net\/\"},{\"@type\":\"ListItem\",\"position\":2,\"name\":\"Carri\u00e8res\"}]},{\"@type\":\"WebSite\",\"@id\":\"https:\/\/www.nhsgp.net\/#website\",\"url\":\"https:\/\/www.nhsgp.net\/\",\"name\":\"NHS GP\",\"description\":\"GP Pathfinder Clinics\",\"publisher\":{\"@id\":\"https:\/\/www.nhsgp.net\/#organization\"},\"potentialAction\":[{\"@type\":\"SearchAction\",\"target\":{\"@type\":\"EntryPoint\",\"urlTemplate\":\"https:\/\/www.nhsgp.net\/?s={search_term_string}\"},\"query-input\":\"required name=search_term_string\"}],\"inLanguage\":\"fr-FR\"},{\"@type\":\"Organization\",\"@id\":\"https:\/\/www.nhsgp.net\/#organization\",\"name\":\"NHS GP\",\"url\":\"https:\/\/www.nhsgp.net\/\",\"logo\":{\"@type\":\"ImageObject\",\"inLanguage\":\"fr-FR\",\"@id\":\"https:\/\/www.nhsgp.net\/#\/schema\/logo\/image\/\",\"url\":\"https:\/\/www.nhsgp.net\/wp-content\/uploads\/2025\/02\/NHS_LOGO.png\",\"contentUrl\":\"https:\/\/www.nhsgp.net\/wp-content\/uploads\/2025\/02\/NHS_LOGO.png\",\"width\":354,\"height\":143,\"caption\":\"NHS GP\"},\"image\":{\"@id\":\"https:\/\/www.nhsgp.net\/#\/schema\/logo\/image\/\"}}]}<\/script>\n<!-- \/ Yoast SEO plugin. -->","yoast_head_json":{"title":"Careers With Us - NHS Careers | NHS GP","description":"Looking for a new job in the healthcare sector? Then take a look at the roles we have available here today!","robots":{"index":"index","follow":"follow","max-snippet":"max-snippet:-1","max-image-preview":"max-image-preview:large","max-video-preview":"max-video-preview:-1"},"canonical":"https:\/\/www.nhsgp.net\/fr\/carrieres\/","og_locale":"fr_FR","og_type":"article","og_title":"Careers With Us - NHS Careers | NHS GP","og_description":"Looking for a new job in the healthcare sector? Then take a look at the roles we have available here today!","og_url":"https:\/\/www.nhsgp.net\/fr\/carrieres\/","og_site_name":"NHS GP","article_modified_time":"2023-01-25T13:17:44+00:00","twitter_card":"summary_large_image","twitter_misc":{"Dur\u00e9e de lecture estim\u00e9e":"9 minutes"},"schema":{"@context":"https:\/\/schema.org","@graph":[{"@type":"WebPage","@id":"https:\/\/www.nhsgp.net\/fr\/carrieres\/","url":"https:\/\/www.nhsgp.net\/fr\/carrieres\/","name":"Careers With Us - NHS Careers | NHS GP","isPartOf":{"@id":"https:\/\/www.nhsgp.net\/#website"},"datePublished":"2022-11-16T04:46:57+00:00","dateModified":"2023-01-25T13:17:44+00:00","description":"Looking for a new job in the healthcare sector? Then take a look at the roles we have available here today!","breadcrumb":{"@id":"https:\/\/www.nhsgp.net\/fr\/carrieres\/#breadcrumb"},"inLanguage":"fr-FR","potentialAction":[{"@type":"ReadAction","target":["https:\/\/www.nhsgp.net\/fr\/carrieres\/"]}]},{"@type":"BreadcrumbList","@id":"https:\/\/www.nhsgp.net\/fr\/carrieres\/#breadcrumb","itemListElement":[{"@type":"ListItem","position":1,"name":"Home","item":"https:\/\/www.nhsgp.net\/"},{"@type":"ListItem","position":2,"name":"Carri\u00e8res"}]},{"@type":"WebSite","@id":"https:\/\/www.nhsgp.net\/#website","url":"https:\/\/www.nhsgp.net\/","name":"NHS GP","description":"GP Pathfinder Clinics","publisher":{"@id":"https:\/\/www.nhsgp.net\/#organization"},"potentialAction":[{"@type":"SearchAction","target":{"@type":"EntryPoint","urlTemplate":"https:\/\/www.nhsgp.net\/?s={search_term_string}"},"query-input":"required name=search_term_string"}],"inLanguage":"fr-FR"},{"@type":"Organization","@id":"https:\/\/www.nhsgp.net\/#organization","name":"NHS GP","url":"https:\/\/www.nhsgp.net\/","logo":{"@type":"ImageObject","inLanguage":"fr-FR","@id":"https:\/\/www.nhsgp.net\/#\/schema\/logo\/image\/","url":"https:\/\/www.nhsgp.net\/wp-content\/uploads\/2025\/02\/NHS_LOGO.png","contentUrl":"https:\/\/www.nhsgp.net\/wp-content\/uploads\/2025\/02\/NHS_LOGO.png","width":354,"height":143,"caption":"NHS GP"},"image":{"@id":"https:\/\/www.nhsgp.net\/#\/schema\/logo\/image\/"}}]}},"jetpack_sharing_enabled":true,"_links":{"self":[{"href":"https:\/\/www.nhsgp.net\/fr\/wp-json\/wp\/v2\/pages\/4497","targetHints":{"allow":["GET"]}}],"collection":[{"href":"https:\/\/www.nhsgp.net\/fr\/wp-json\/wp\/v2\/pages"}],"about":[{"href":"https:\/\/www.nhsgp.net\/fr\/wp-json\/wp\/v2\/types\/page"}],"author":[{"embeddable":true,"href":"https:\/\/www.nhsgp.net\/fr\/wp-json\/wp\/v2\/users\/4"}],"replies":[{"embeddable":true,"href":"https:\/\/www.nhsgp.net\/fr\/wp-json\/wp\/v2\/comments?post=4497"}],"version-history":[{"count":3,"href":"https:\/\/www.nhsgp.net\/fr\/wp-json\/wp\/v2\/pages\/4497\/revisions"}],"predecessor-version":[{"id":7760,"href":"https:\/\/www.nhsgp.net\/fr\/wp-json\/wp\/v2\/pages\/4497\/revisions\/7760"}],"wp:attachment":[{"href":"https:\/\/www.nhsgp.net\/fr\/wp-json\/wp\/v2\/media?parent=4497"}],"curies":[{"name":"wp","href":"https:\/\/api.w.org\/{rel}","templated":true}]}}